{"id":246651,"date":"2026-01-21T14:49:58","date_gmt":"2026-01-21T14:49:58","guid":{"rendered":"https:\/\/elvetik-dev.ddev.site\/unsere-werte\/"},"modified":"2026-01-23T05:17:03","modified_gmt":"2026-01-23T05:17:03","slug":"unsere-werte","status":"publish","type":"page","link":"http:\/\/elvetik.ch\/de\/unsere-werte\/","title":{"rendered":"Unsere Werte"},"content":{"rendered":"<p>Wir stellen unsere Gummistiefel ausschlie\u00dflich aus nat\u00fcrlichem Gummi her.<\/p>\n<p>Nat\u00fcrliches Gummi wird aus Latex gewonnen, dem Harz des Kautschukbaums, auch bekannt als Gummibaum. Nat\u00fcrliches Gummi bringt viele Vorteile, insbesondere in Bezug auf die Flexibilit\u00e4t, aber vor allem erm\u00f6glicht es eine Transformation, die nicht umweltsch\u00e4dlich ist, im Gegensatz zu PVC- oder Kunstgummi-Stiefeln, die beide auf Erd\u00f6lbasis hergestellt werden.<\/p>\n<p>Ihnen einen \u00e4sthetischen, perfekt wasserdichten, bequemen Gummistiefel mit m\u00f6glichst geringer \u00f6kologischer Auswirkung anzubieten, das ist es, was uns wichtig ist.<\/p>\n<p>Nat\u00fcrliches Gummi ist ein organisches, also lebendes Material, das auf die Launen des Wetters reagiert. Wenn nat\u00fcrliches Gummi zu lange UV-Strahlen oder Frost ausgesetzt wird, reagiert es und altert schnell.<\/p>\n<p>Damit Ihre elvetik\u00ae-Stiefel l\u00e4nger sch\u00f6n bleiben, empfehlen wir Ihnen, unseren Pflegetipps in der gleichnamigen Rubrik zu folgen, die sich unter jedem Produkt befindet.<\/p>\n<h2>Arbeitsbedingungen<\/h2>\n<p>Wir legen besonderen Wert auf die Arbeitsbedingungen in unserer Fabrik.<\/p>\n<p>Das Personal, das unsere Stiefel herstellt, arbeitet im Team, 5 Tage pro Woche, f\u00fcr 8 Stunden t\u00e4glich.<\/p>\n<p>Die Altersspanne der Mitarbeiter, die unsere Stiefel herstellen, liegt zwischen 17 Jahren und 64 Jahren f\u00fcr die \u00c4ltesten.<\/p>\n<p>Die Arbeiter arbeiten in ger\u00e4umigen, hellen und sauberen Werkst\u00e4tten.<\/p>\n<p>Die H\u00e4lfte der Herstellung erfolgt mit automatisierten Maschinen, und die andere H\u00e4lfte erfolgt von Hand.<\/p>\n<p>Nach einer ersten Transformation des Rohmaterials gelangt das Gummi in die Pressen und wird zu regelm\u00e4\u00dfigen Platten laminiert. Unser Team wendet die Drucke an und bearbeitet das gew\u00fcnschte Material (glatt, gl\u00e4nzend, texturiert usw.). Dann kommt der Zuschnitt der gew\u00fcnschten Formen.<\/p>\n<p>Schlie\u00dflich werden die Elemente (etwa 17) von Hand zusammengesetzt.<\/p>\n<p>W\u00e4hrend dieses gesamten Herstellungsprozesses f\u00fchrt ein elvetik\u00ae-Mitarbeiter pers\u00f6nlich eine strenge Qualit\u00e4tskontrolle in der Fabrik durch, unterst\u00fctzt und \u00fcberwacht die Produktionskette, und dies bis zum endg\u00fcltigen Versand des Containers. Dies ist f\u00fcr uns die Garantie, dass jedes Produkt, das wir Ihnen anbieten, unseren Qualit\u00e4tsstandards entspricht, einem weiteren unserer Schl\u00fcsselwerte.<\/p>\n<p>Von der Latexernte durch die Bauern in Vietnam, \u00fcber die Transformation und Herstellung unserer Modelle, bis zum endg\u00fcltigen Transport der Ware und ihrer Ankunft in der Schweiz durch unseren Spediteur, beteiligen sich etwa 250 Menschen eng und sorgf\u00e4ltig an der Herstellung der ELVETIK\u00ae-Gummistiefel.<\/p>\n<p><strong>Wir sind stolz darauf, diese grundlegenden Werte bei der Entwicklung unserer Produkte garantieren zu k\u00f6nnen.<\/strong><\/p>\n","protected":false},"excerpt":{"rendered":"<p>Wir stellen unsere Gummistiefel ausschlie\u00dflich aus nat\u00fcrlichem Gummi her. Nat\u00fcrliches Gummi wird aus Latex gewonnen, dem Harz des Kautschukbaums, auch bekannt als Gummibaum. Nat\u00fcrliches Gummi bringt viele Vorteile, insbesondere in Bezug auf die Flexibilit\u00e4t, aber vor allem erm\u00f6glicht es eine Transformation, die nicht umweltsch\u00e4dlich ist, im Gegensatz zu PVC- oder Kunstgummi-Stiefeln, die beide auf Erd\u00f6lbasis [&hellip;]<\/p>\n","protected":false},"author":10614,"featured_media":0,"parent":0,"menu_order":0,"comment_status":"closed","ping_status":"closed","template":"","meta":{"_elvetik_care_instructions":"","footnotes":""},"class_list":["post-246651","page","type-page","status-publish","hentry"],"yoast_head":"<!-- This site is optimized with the Yoast SEO plugin v26.8-RC7 - https:\/\/yoast.com\/product\/yoast-seo-wordpress\/ -->\n<title>Unsere Werte - Elvetik<\/title>\n<meta name=\"robots\" content=\"index, follow, max-snippet:-1, max-image-preview:large, max-video-preview:-1\" \/>\n<link rel=\"canonical\" href=\"http:\/\/elvetik.ch\/de\/unsere-werte\/\" \/>\n<meta property=\"og:locale\" content=\"de_DE\" \/>\n<meta property=\"og:type\" content=\"article\" \/>\n<meta property=\"og:title\" content=\"Unsere Werte - Elvetik\" \/>\n<meta property=\"og:description\" content=\"Wir stellen unsere Gummistiefel ausschlie\u00dflich aus nat\u00fcrlichem Gummi her. Nat\u00fcrliches Gummi wird aus Latex gewonnen, dem Harz des Kautschukbaums, auch bekannt als Gummibaum. Nat\u00fcrliches Gummi bringt viele Vorteile, insbesondere in Bezug auf die Flexibilit\u00e4t, aber vor allem erm\u00f6glicht es eine Transformation, die nicht umweltsch\u00e4dlich ist, im Gegensatz zu PVC- oder Kunstgummi-Stiefeln, die beide auf Erd\u00f6lbasis [&hellip;]\" \/>\n<meta property=\"og:url\" content=\"http:\/\/elvetik.ch\/de\/unsere-werte\/\" \/>\n<meta property=\"og:site_name\" content=\"Elvetik\" \/>\n<meta property=\"article:modified_time\" content=\"2026-01-23T05:17:03+00:00\" \/>\n<meta name=\"twitter:card\" content=\"summary_large_image\" \/>\n<meta name=\"twitter:label1\" content=\"Gesch\u00e4tzte Lesezeit\" \/>\n\t<meta name=\"twitter:data1\" content=\"2\u00a0Minuten\" \/>\n<script type=\"application\/ld+json\" class=\"yoast-schema-graph\">{\"@context\":\"https:\/\/schema.org\",\"@graph\":[{\"@type\":\"WebPage\",\"@id\":\"http:\/\/elvetik.ch\/de\/unsere-werte\/\",\"url\":\"http:\/\/elvetik.ch\/de\/unsere-werte\/\",\"name\":\"Unsere Werte - Elvetik\",\"isPartOf\":{\"@id\":\"https:\/\/elvetik.ch\/de\/#website\"},\"datePublished\":\"2026-01-21T14:49:58+00:00\",\"dateModified\":\"2026-01-23T05:17:03+00:00\",\"breadcrumb\":{\"@id\":\"http:\/\/elvetik.ch\/de\/unsere-werte\/#breadcrumb\"},\"inLanguage\":\"de\",\"potentialAction\":[{\"@type\":\"ReadAction\",\"target\":[\"http:\/\/elvetik.ch\/de\/unsere-werte\/\"]}]},{\"@type\":\"BreadcrumbList\",\"@id\":\"http:\/\/elvetik.ch\/de\/unsere-werte\/#breadcrumb\",\"itemListElement\":[{\"@type\":\"ListItem\",\"position\":1,\"name\":\"Home\",\"item\":\"https:\/\/elvetik.ch\/de\/\"},{\"@type\":\"ListItem\",\"position\":2,\"name\":\"Unsere Werte\"}]},{\"@type\":\"WebSite\",\"@id\":\"https:\/\/elvetik.ch\/de\/#website\",\"url\":\"https:\/\/elvetik.ch\/de\/\",\"name\":\"Elvetik\",\"description\":\"\",\"publisher\":{\"@id\":\"https:\/\/elvetik.ch\/de\/#organization\"},\"potentialAction\":[{\"@type\":\"SearchAction\",\"target\":{\"@type\":\"EntryPoint\",\"urlTemplate\":\"https:\/\/elvetik.ch\/de\/?s={search_term_string}\"},\"query-input\":{\"@type\":\"PropertyValueSpecification\",\"valueRequired\":true,\"valueName\":\"search_term_string\"}}],\"inLanguage\":\"de\"},{\"@type\":\"Organization\",\"@id\":\"https:\/\/elvetik.ch\/de\/#organization\",\"name\":\"Elvetik\",\"url\":\"https:\/\/elvetik.ch\/de\/\",\"logo\":{\"@type\":\"ImageObject\",\"inLanguage\":\"de\",\"@id\":\"https:\/\/elvetik.ch\/de\/#\/schema\/logo\/image\/\",\"url\":\"https:\/\/elvetik.ch\/wp-content\/uploads\/2021\/05\/LOGO-elvetik.png\",\"contentUrl\":\"https:\/\/elvetik.ch\/wp-content\/uploads\/2021\/05\/LOGO-elvetik.png\",\"width\":800,\"height\":400,\"caption\":\"Elvetik\"},\"image\":{\"@id\":\"https:\/\/elvetik.ch\/de\/#\/schema\/logo\/image\/\"}}]}<\/script>\n<!-- \/ Yoast SEO plugin. -->","yoast_head_json":{"title":"Unsere Werte - Elvetik","robots":{"index":"index","follow":"follow","max-snippet":"max-snippet:-1","max-image-preview":"max-image-preview:large","max-video-preview":"max-video-preview:-1"},"canonical":"http:\/\/elvetik.ch\/de\/unsere-werte\/","og_locale":"de_DE","og_type":"article","og_title":"Unsere Werte - Elvetik","og_description":"Wir stellen unsere Gummistiefel ausschlie\u00dflich aus nat\u00fcrlichem Gummi her. Nat\u00fcrliches Gummi wird aus Latex gewonnen, dem Harz des Kautschukbaums, auch bekannt als Gummibaum. Nat\u00fcrliches Gummi bringt viele Vorteile, insbesondere in Bezug auf die Flexibilit\u00e4t, aber vor allem erm\u00f6glicht es eine Transformation, die nicht umweltsch\u00e4dlich ist, im Gegensatz zu PVC- oder Kunstgummi-Stiefeln, die beide auf Erd\u00f6lbasis [&hellip;]","og_url":"http:\/\/elvetik.ch\/de\/unsere-werte\/","og_site_name":"Elvetik","article_modified_time":"2026-01-23T05:17:03+00:00","twitter_card":"summary_large_image","twitter_misc":{"Gesch\u00e4tzte Lesezeit":"2\u00a0Minuten"},"schema":{"@context":"https:\/\/schema.org","@graph":[{"@type":"WebPage","@id":"http:\/\/elvetik.ch\/de\/unsere-werte\/","url":"http:\/\/elvetik.ch\/de\/unsere-werte\/","name":"Unsere Werte - Elvetik","isPartOf":{"@id":"https:\/\/elvetik.ch\/de\/#website"},"datePublished":"2026-01-21T14:49:58+00:00","dateModified":"2026-01-23T05:17:03+00:00","breadcrumb":{"@id":"http:\/\/elvetik.ch\/de\/unsere-werte\/#breadcrumb"},"inLanguage":"de","potentialAction":[{"@type":"ReadAction","target":["http:\/\/elvetik.ch\/de\/unsere-werte\/"]}]},{"@type":"BreadcrumbList","@id":"http:\/\/elvetik.ch\/de\/unsere-werte\/#breadcrumb","itemListElement":[{"@type":"ListItem","position":1,"name":"Home","item":"https:\/\/elvetik.ch\/de\/"},{"@type":"ListItem","position":2,"name":"Unsere Werte"}]},{"@type":"WebSite","@id":"https:\/\/elvetik.ch\/de\/#website","url":"https:\/\/elvetik.ch\/de\/","name":"Elvetik","description":"","publisher":{"@id":"https:\/\/elvetik.ch\/de\/#organization"},"potentialAction":[{"@type":"SearchAction","target":{"@type":"EntryPoint","urlTemplate":"https:\/\/elvetik.ch\/de\/?s={search_term_string}"},"query-input":{"@type":"PropertyValueSpecification","valueRequired":true,"valueName":"search_term_string"}}],"inLanguage":"de"},{"@type":"Organization","@id":"https:\/\/elvetik.ch\/de\/#organization","name":"Elvetik","url":"https:\/\/elvetik.ch\/de\/","logo":{"@type":"ImageObject","inLanguage":"de","@id":"https:\/\/elvetik.ch\/de\/#\/schema\/logo\/image\/","url":"https:\/\/elvetik.ch\/wp-content\/uploads\/2021\/05\/LOGO-elvetik.png","contentUrl":"https:\/\/elvetik.ch\/wp-content\/uploads\/2021\/05\/LOGO-elvetik.png","width":800,"height":400,"caption":"Elvetik"},"image":{"@id":"https:\/\/elvetik.ch\/de\/#\/schema\/logo\/image\/"}}]}},"_links":{"self":[{"href":"http:\/\/elvetik.ch\/de\/wp-json\/wp\/v2\/pages\/246651","targetHints":{"allow":["GET"]}}],"collection":[{"href":"http:\/\/elvetik.ch\/de\/wp-json\/wp\/v2\/pages"}],"about":[{"href":"http:\/\/elvetik.ch\/de\/wp-json\/wp\/v2\/types\/page"}],"author":[{"embeddable":true,"href":"http:\/\/elvetik.ch\/de\/wp-json\/wp\/v2\/users\/10614"}],"replies":[{"embeddable":true,"href":"http:\/\/elvetik.ch\/de\/wp-json\/wp\/v2\/comments?post=246651"}],"version-history":[{"count":1,"href":"http:\/\/elvetik.ch\/de\/wp-json\/wp\/v2\/pages\/246651\/revisions"}],"predecessor-version":[{"id":246706,"href":"http:\/\/elvetik.ch\/de\/wp-json\/wp\/v2\/pages\/246651\/revisions\/246706"}],"wp:attachment":[{"href":"http:\/\/elvetik.ch\/de\/wp-json\/wp\/v2\/media?parent=246651"}],"curies":[{"name":"wp","href":"https:\/\/api.w.org\/{rel}","templated":true}]}}