{"id":246650,"date":"2026-01-21T14:40:18","date_gmt":"2026-01-21T14:40:18","guid":{"rendered":"https:\/\/elvetik-dev.ddev.site\/ueber-uns\/"},"modified":"2026-01-23T05:16:50","modified_gmt":"2026-01-23T05:16:50","slug":"ueber-uns","status":"publish","type":"page","link":"https:\/\/elvetik.ch\/de\/ueber-uns\/","title":{"rendered":"\u00dcber uns"},"content":{"rendered":"<p><strong>ELVETIK\u00ae SWISS DESIGN<\/strong> ist ein Schweizer Unternehmen, das 2012 gegr\u00fcndet wurde und sich auf die Konzeption und Herstellung von Design-Gummistiefeln spezialisiert hat.<\/p>\n<p>Das Startup entstand aus der Begegnung zweier gro\u00dfer Reisender, Thierry Collomb und Sabrina Maquelin, unter dem Regen und mit den F\u00fc\u00dfen im Schlamm, bei einem ber\u00fchmten Schweizer Festival im Jahr 2009.<\/p>\n<p>Wie jedes Jahr hatte Thierry dort einen Shop, und in jenem Jahr hatte es ununterbrochen geregnet. Die Festivalbesucher versanken mit ihren kleinen Sommerschuhen und anderen Turnschuhen im Schlamm, andere, kriegsm\u00fcde, entschieden sich schlie\u00dflich f\u00fcr &#8222;barfu\u00df&#8220;. Einige, schlie\u00dflich, gewissenhafter, hatten ein Paar Gummistiefel mit etwas traurigem Design in ihrem Gep\u00e4ck vorgesehen, wobei sie das Praktische dem \u00c4sthetischen vorzogen, aber der Spa\u00df fehlte.<\/p>\n<p>Die Idee, ihrer Kundschaft ein cooles Gummistiefel-Modell anzubieten, keimte auf. Der Stiefel musste nat\u00fcrlich vollst\u00e4ndig wasserdicht sein, aber auch sch\u00f6n und im Geiste der Festivals.<br \/>\n<strong>Motto: vielf\u00e4ltige Farben, vollst\u00e4ndig wasserdicht und Spa\u00df!<\/strong><\/p>\n<p>Drei Jahre Nachdenken und Recherche waren notwendig, um ein \u00e4sthetisches und farbenfrohes Design zu entwickeln und eine Fabrik zu finden, die in der Lage war, dieses Produkt herzustellen, und das Duo reiste jeden Winter nach Asien, Rucksack auf dem R\u00fccken und mit gro\u00dfen Augen, um einen Partner zu finden, der bereit war, mit kleinen Mengen am Anfang und einer strengen Qualit\u00e4tskontrolle zu arbeiten.<\/p>\n<h2>Originalit\u00e4t und Komfort.<\/h2>\n<p>F\u00fcr das Material entschieden sie sich f\u00fcr 100% nat\u00fcrliches Gummi. Drei Serien werden angeboten: ein niedriger Gummistiefel (die Originale, innovativ durch ihre niedrige Gr\u00f6\u00dfe und ihre dekorativen Schn\u00fcrsenkel), ein Kinder-Gummistiefel (mit \u00e4hnlichem Design, aber angepasst an kleine F\u00fc\u00dfchen) und ein Modell hoher Gummistiefel.<\/p>\n<p>Im Sommer 2014 wurde die Marke elvetik\u00ae wirklich bekannt und explodierte auf Festivals, vom Montreux Jazz bis Pal\u00e9o, \u00fcber Tomorrowland in Belgien, f\u00fcr die sie limitierte Editionen widmet. Im selben Jahr f\u00fchrten sie die Fleecesocke ein, ein Accessoire, das an das Design des Stiefels angepasst ist und die elvetik\u00ae-Erfahrung bei den k\u00fchlen\/kalten Abenden, die wir in der Schweiz gut kennen, noch angenehmer macht. In 16 Farben angeboten, um sie mit seinem Lieblingspaar Stiefel zu kombinieren oder den Stil nach Belieben zu wechseln, keine kalten F\u00fc\u00dfe mehr, der Komfort ist jetzt ideal.<\/p>\n<p>Parallel dazu startete die Marke elvetik\u00ae die erste Version ihres Online-Shops auf www.elvetik.ch, was es ihrer Schweizer und europ\u00e4ischen Kundschaft erm\u00f6glicht, ihnen zu folgen und sich zu verw\u00f6hnen, zu jeder Jahreszeit.<\/p>\n<p>Jedes Jahr erweitert die Marke ihr Sortiment und bietet neue Modelle an, und 2015 bietet sie eine Kollektion an, die in Zusammenarbeit mit K\u00fcnstlern, Graffiti-K\u00fcnstlern und Zeichnern realisiert wurde. Die Kreativit\u00e4t kennt keine Grenzen mehr, und der Gummistiefel war noch nie so erfinderisch.<\/p>\n<p>Um ihr Produktsortiment zu vervollst\u00e4ndigen und ihr Publikum warm zu halten, startet elvetik\u00ae auch im Winter 2016 eine Kollektion von bunten M\u00fctzen und Schals, die nicht kratzen, f\u00fcr Gro\u00df und Klein.<\/p>\n<p>F\u00fcr die Schn\u00fcrsenkel werden zwei Paare in verschiedenen und passenden Farben mit jedem gekauften Paar Stiefel geliefert, aber elvetik\u00ae bietet auch eine exponentiell wachsende Auswahl an Schn\u00fcrsenkelfarben f\u00fcr diejenigen, die &#8222;DIE&#8220; perfekte Farbe haben m\u00f6chten. Immer mit der Idee, sein Paar Stiefel personalisieren oder es zu seinem Outfit des Tages kombinieren zu k\u00f6nnen. Mehr als 20 verschiedene Farben, und jedes Jahr neue Farben, um die Kollektion zu erweitern.<\/p>\n<p>2018 startet Sabrina ein neues professionelles Projekt solo, und das elvetik\u00ae-Abenteuer geht mit Thierry an der Spitze weiter, treu auf seinem Posten, der sich mit einem neuen Team von begeisterten Menschen umgibt, um ihn zu unterst\u00fctzen. Schaffung neuer Modelle, neue Website, digitale Kommunikation, das gesamte elvetik\u00ae-Team arbeitet unerm\u00fcdlich daran, seiner Kundschaft eine immer verbesserte Erfahrung zu bieten.<\/p>\n<p>2021 wird elvetik\u00ae den &#8222;R\u00f6stigraben&#8220; sprengen, indem es einen Online-Shop und eine Pr\u00e4senz in den sozialen Medien anbietet, die f\u00fcr unsere deutschsprachigen Schweizer Freunde optimiert sind, die uns seit Beginn des Abenteuers treu sind, und dann, zus\u00e4tzlich zu den traditionellen j\u00e4hrlichen neuen Kollektionen, freuen wir uns, Ihnen ein ganz neues Stiefelmodell anbieten zu k\u00f6nnen. Oder zwei.<\/p>\n<p><strong>Aber pssst\u2026 es ist eine \u00dcberraschung!<\/strong><\/p>\n<p>Die von ELVETIK\u00ae erstellten Designs sind durch die Gesetze zum Schutz von Designs in den folgenden L\u00e4ndern gesch\u00fctzt: USA, Kanada, Brasilien, EU, CH, Russland, Ukraine.<\/p>\n","protected":false},"excerpt":{"rendered":"<p>ELVETIK\u00ae SWISS DESIGN ist ein Schweizer Unternehmen, das 2012 gegr\u00fcndet wurde und sich auf die Konzeption und Herstellung von Design-Gummistiefeln spezialisiert hat. Das Startup entstand aus der Begegnung zweier gro\u00dfer Reisender, Thierry Collomb und Sabrina Maquelin, unter dem Regen und mit den F\u00fc\u00dfen im Schlamm, bei einem ber\u00fchmten Schweizer Festival im Jahr 2009. Wie jedes [&hellip;]<\/p>\n","protected":false},"author":10614,"featured_media":0,"parent":0,"menu_order":0,"comment_status":"closed","ping_status":"closed","template":"","meta":{"_elvetik_care_instructions":"","footnotes":""},"class_list":["post-246650","page","type-page","status-publish","hentry"],"yoast_head":"<!-- This site is optimized with the Yoast SEO plugin v26.8-RC7 - https:\/\/yoast.com\/product\/yoast-seo-wordpress\/ -->\n<title>\u00dcber uns - Elvetik<\/title>\n<meta name=\"robots\" content=\"index, follow, max-snippet:-1, max-image-preview:large, max-video-preview:-1\" \/>\n<link rel=\"canonical\" href=\"https:\/\/elvetik.ch\/de\/ueber-uns\/\" \/>\n<meta property=\"og:locale\" content=\"de_DE\" \/>\n<meta property=\"og:type\" content=\"article\" \/>\n<meta property=\"og:title\" content=\"\u00dcber uns - Elvetik\" \/>\n<meta property=\"og:description\" content=\"ELVETIK\u00ae SWISS DESIGN ist ein Schweizer Unternehmen, das 2012 gegr\u00fcndet wurde und sich auf die Konzeption und Herstellung von Design-Gummistiefeln spezialisiert hat. Das Startup entstand aus der Begegnung zweier gro\u00dfer Reisender, Thierry Collomb und Sabrina Maquelin, unter dem Regen und mit den F\u00fc\u00dfen im Schlamm, bei einem ber\u00fchmten Schweizer Festival im Jahr 2009. Wie jedes [&hellip;]\" \/>\n<meta property=\"og:url\" content=\"https:\/\/elvetik.ch\/de\/ueber-uns\/\" \/>\n<meta property=\"og:site_name\" content=\"Elvetik\" \/>\n<meta property=\"article:modified_time\" content=\"2026-01-23T05:16:50+00:00\" \/>\n<meta name=\"twitter:card\" content=\"summary_large_image\" \/>\n<meta name=\"twitter:label1\" content=\"Gesch\u00e4tzte Lesezeit\" \/>\n\t<meta name=\"twitter:data1\" content=\"4\u00a0Minuten\" \/>\n<script type=\"application\/ld+json\" class=\"yoast-schema-graph\">{\"@context\":\"https:\/\/schema.org\",\"@graph\":[{\"@type\":\"WebPage\",\"@id\":\"https:\/\/elvetik.ch\/de\/ueber-uns\/\",\"url\":\"https:\/\/elvetik.ch\/de\/ueber-uns\/\",\"name\":\"\u00dcber uns - Elvetik\",\"isPartOf\":{\"@id\":\"https:\/\/elvetik.ch\/de\/#website\"},\"datePublished\":\"2026-01-21T14:40:18+00:00\",\"dateModified\":\"2026-01-23T05:16:50+00:00\",\"breadcrumb\":{\"@id\":\"https:\/\/elvetik.ch\/de\/ueber-uns\/#breadcrumb\"},\"inLanguage\":\"de\",\"potentialAction\":[{\"@type\":\"ReadAction\",\"target\":[\"https:\/\/elvetik.ch\/de\/ueber-uns\/\"]}]},{\"@type\":\"BreadcrumbList\",\"@id\":\"https:\/\/elvetik.ch\/de\/ueber-uns\/#breadcrumb\",\"itemListElement\":[{\"@type\":\"ListItem\",\"position\":1,\"name\":\"Home\",\"item\":\"https:\/\/elvetik.ch\/de\/\"},{\"@type\":\"ListItem\",\"position\":2,\"name\":\"\u00dcber uns\"}]},{\"@type\":\"WebSite\",\"@id\":\"https:\/\/elvetik.ch\/de\/#website\",\"url\":\"https:\/\/elvetik.ch\/de\/\",\"name\":\"Elvetik\",\"description\":\"\",\"publisher\":{\"@id\":\"https:\/\/elvetik.ch\/de\/#organization\"},\"potentialAction\":[{\"@type\":\"SearchAction\",\"target\":{\"@type\":\"EntryPoint\",\"urlTemplate\":\"https:\/\/elvetik.ch\/de\/?s={search_term_string}\"},\"query-input\":{\"@type\":\"PropertyValueSpecification\",\"valueRequired\":true,\"valueName\":\"search_term_string\"}}],\"inLanguage\":\"de\"},{\"@type\":\"Organization\",\"@id\":\"https:\/\/elvetik.ch\/de\/#organization\",\"name\":\"Elvetik\",\"url\":\"https:\/\/elvetik.ch\/de\/\",\"logo\":{\"@type\":\"ImageObject\",\"inLanguage\":\"de\",\"@id\":\"https:\/\/elvetik.ch\/de\/#\/schema\/logo\/image\/\",\"url\":\"https:\/\/elvetik.ch\/wp-content\/uploads\/2021\/05\/LOGO-elvetik.png\",\"contentUrl\":\"https:\/\/elvetik.ch\/wp-content\/uploads\/2021\/05\/LOGO-elvetik.png\",\"width\":800,\"height\":400,\"caption\":\"Elvetik\"},\"image\":{\"@id\":\"https:\/\/elvetik.ch\/de\/#\/schema\/logo\/image\/\"}}]}<\/script>\n<!-- \/ Yoast SEO plugin. -->","yoast_head_json":{"title":"\u00dcber uns - Elvetik","robots":{"index":"index","follow":"follow","max-snippet":"max-snippet:-1","max-image-preview":"max-image-preview:large","max-video-preview":"max-video-preview:-1"},"canonical":"https:\/\/elvetik.ch\/de\/ueber-uns\/","og_locale":"de_DE","og_type":"article","og_title":"\u00dcber uns - Elvetik","og_description":"ELVETIK\u00ae SWISS DESIGN ist ein Schweizer Unternehmen, das 2012 gegr\u00fcndet wurde und sich auf die Konzeption und Herstellung von Design-Gummistiefeln spezialisiert hat. Das Startup entstand aus der Begegnung zweier gro\u00dfer Reisender, Thierry Collomb und Sabrina Maquelin, unter dem Regen und mit den F\u00fc\u00dfen im Schlamm, bei einem ber\u00fchmten Schweizer Festival im Jahr 2009. Wie jedes [&hellip;]","og_url":"https:\/\/elvetik.ch\/de\/ueber-uns\/","og_site_name":"Elvetik","article_modified_time":"2026-01-23T05:16:50+00:00","twitter_card":"summary_large_image","twitter_misc":{"Gesch\u00e4tzte Lesezeit":"4\u00a0Minuten"},"schema":{"@context":"https:\/\/schema.org","@graph":[{"@type":"WebPage","@id":"https:\/\/elvetik.ch\/de\/ueber-uns\/","url":"https:\/\/elvetik.ch\/de\/ueber-uns\/","name":"\u00dcber uns - Elvetik","isPartOf":{"@id":"https:\/\/elvetik.ch\/de\/#website"},"datePublished":"2026-01-21T14:40:18+00:00","dateModified":"2026-01-23T05:16:50+00:00","breadcrumb":{"@id":"https:\/\/elvetik.ch\/de\/ueber-uns\/#breadcrumb"},"inLanguage":"de","potentialAction":[{"@type":"ReadAction","target":["https:\/\/elvetik.ch\/de\/ueber-uns\/"]}]},{"@type":"BreadcrumbList","@id":"https:\/\/elvetik.ch\/de\/ueber-uns\/#breadcrumb","itemListElement":[{"@type":"ListItem","position":1,"name":"Home","item":"https:\/\/elvetik.ch\/de\/"},{"@type":"ListItem","position":2,"name":"\u00dcber uns"}]},{"@type":"WebSite","@id":"https:\/\/elvetik.ch\/de\/#website","url":"https:\/\/elvetik.ch\/de\/","name":"Elvetik","description":"","publisher":{"@id":"https:\/\/elvetik.ch\/de\/#organization"},"potentialAction":[{"@type":"SearchAction","target":{"@type":"EntryPoint","urlTemplate":"https:\/\/elvetik.ch\/de\/?s={search_term_string}"},"query-input":{"@type":"PropertyValueSpecification","valueRequired":true,"valueName":"search_term_string"}}],"inLanguage":"de"},{"@type":"Organization","@id":"https:\/\/elvetik.ch\/de\/#organization","name":"Elvetik","url":"https:\/\/elvetik.ch\/de\/","logo":{"@type":"ImageObject","inLanguage":"de","@id":"https:\/\/elvetik.ch\/de\/#\/schema\/logo\/image\/","url":"https:\/\/elvetik.ch\/wp-content\/uploads\/2021\/05\/LOGO-elvetik.png","contentUrl":"https:\/\/elvetik.ch\/wp-content\/uploads\/2021\/05\/LOGO-elvetik.png","width":800,"height":400,"caption":"Elvetik"},"image":{"@id":"https:\/\/elvetik.ch\/de\/#\/schema\/logo\/image\/"}}]}},"_links":{"self":[{"href":"https:\/\/elvetik.ch\/de\/wp-json\/wp\/v2\/pages\/246650","targetHints":{"allow":["GET"]}}],"collection":[{"href":"https:\/\/elvetik.ch\/de\/wp-json\/wp\/v2\/pages"}],"about":[{"href":"https:\/\/elvetik.ch\/de\/wp-json\/wp\/v2\/types\/page"}],"author":[{"embeddable":true,"href":"https:\/\/elvetik.ch\/de\/wp-json\/wp\/v2\/users\/10614"}],"replies":[{"embeddable":true,"href":"https:\/\/elvetik.ch\/de\/wp-json\/wp\/v2\/comments?post=246650"}],"version-history":[{"count":1,"href":"https:\/\/elvetik.ch\/de\/wp-json\/wp\/v2\/pages\/246650\/revisions"}],"predecessor-version":[{"id":246705,"href":"https:\/\/elvetik.ch\/de\/wp-json\/wp\/v2\/pages\/246650\/revisions\/246705"}],"wp:attachment":[{"href":"https:\/\/elvetik.ch\/de\/wp-json\/wp\/v2\/media?parent=246650"}],"curies":[{"name":"wp","href":"https:\/\/api.w.org\/{rel}","templated":true}]}}