{"id":246652,"date":"2026-01-21T14:48:35","date_gmt":"2026-01-21T14:48:35","guid":{"rendered":"https:\/\/elvetik-dev.ddev.site\/merchandising-2\/"},"modified":"2026-01-23T05:17:13","modified_gmt":"2026-01-23T05:17:13","slug":"merchandising-2","status":"publish","type":"page","link":"https:\/\/elvetik.ch\/de\/merchandising-2\/","title":{"rendered":"Merchandising"},"content":{"rendered":"<p>Elvetik\u00ae hat sich auf die Herstellung von Gummistiefeln f\u00fcr verschiedene Unternehmen und Firmen spezialisiert.<\/p>\n<div class=\"merchandising-images\" style=\"display: grid; grid-template-columns: repeat(auto-fit, minmax(300px, 1fr)); gap: 2rem; margin: 3rem 0;\">\n<div><img decoding=\"async\" style=\"width: 100%; height: auto; border-radius: 8px;\" src=\"https:\/\/www.elvetik.ch\/wp-content\/uploads\/2021\/06\/Tomorrowland-Festival-2.jpg\" alt=\"Tomorrowland Festival\" \/><\/div>\n<div><img decoding=\"async\" style=\"width: 100%; height: auto; border-radius: 8px;\" src=\"https:\/\/www.elvetik.ch\/wp-content\/uploads\/2021\/06\/Paleo-Festival-2.jpg\" alt=\"Pal\u00e9o Festival\" \/><\/div>\n<div><img decoding=\"async\" style=\"width: 100%; height: auto; border-radius: 8px;\" src=\"https:\/\/www.elvetik.ch\/wp-content\/uploads\/2021\/06\/ST-Gallen-Openair-1.jpg\" alt=\"St-Gallen Openair\" \/><\/div>\n<\/div>\n<p>Wir haben unter anderem Projekte f\u00fcr das St. Gallen Open Air Festival, das Montreux Jazz Festival, das Pal\u00e9o Festival und Tomorrowland (Belgien) realisiert.<\/p>\n<p>Seit 2012 haben wir es geschafft, die besten Partner zu finden und uns mit ihnen zu umgeben, um einen perfekten Gummistiefel anzubieten. Die elvetik\u00ae-Erfahrung hat es uns erm\u00f6glicht, eine klare Expertise und einen Professionalismus zu erwerben, der den Schweizer Qualit\u00e4tskriterien im Bereich der Gummistiefel entspricht. Diese Expertise verpflichten wir uns, Ihnen zur Verf\u00fcgung zu stellen, damit Ihre Produkte die Qualit\u00e4t Ihres Unternehmens widerspiegeln.<\/p>\n<p>Unser dynamisches Team setzt all sein Herz und seine Erfahrung in die Realisierung Ihrer Projekte, nicht mehr und nicht weniger.<\/p>\n<p>Kontaktieren Sie uns einfach, und ein erstes Gespr\u00e4ch mit Ihnen wird vereinbart, damit Sie uns Ihr Projekt vorstellen k\u00f6nnen und wir Sie bei der Wahl des Designs, des Materials und aller Details (kleine und gro\u00dfe) f\u00fchren k\u00f6nnen, die Ihnen ein Ergebnis auf der H\u00f6he Ihrer Anforderungen garantieren.<\/p>\n<p>Diesem Gespr\u00e4ch folgt direkt die grafische Umsetzung Ihres zuk\u00fcnftigen Produkts und schlie\u00dflich die Herstellung des ersten Musters.<\/p>\n<p><strong>Personalisierte Gummistiefel f\u00fcr Kinder und Erwachsene, Verpackungskartons f\u00fcr Ihre zuk\u00fcnftigen Produkte, kontaktieren Sie uns noch heute und wir besprechen gemeinsam die Realisierung Ihres Projekts.<\/strong><\/p>\n","protected":false},"excerpt":{"rendered":"<p>Elvetik\u00ae hat sich auf die Herstellung von Gummistiefeln f\u00fcr verschiedene Unternehmen und Firmen spezialisiert. Wir haben unter anderem Projekte f\u00fcr das St. Gallen Open Air Festival, das Montreux Jazz Festival, das Pal\u00e9o Festival und Tomorrowland (Belgien) realisiert. Seit 2012 haben wir es geschafft, die besten Partner zu finden und uns mit ihnen zu umgeben, um [&hellip;]<\/p>\n","protected":false},"author":10614,"featured_media":0,"parent":0,"menu_order":0,"comment_status":"closed","ping_status":"closed","template":"","meta":{"_elvetik_care_instructions":"","footnotes":""},"class_list":["post-246652","page","type-page","status-publish","hentry"],"yoast_head":"<!-- This site is optimized with the Yoast SEO plugin v26.8-RC7 - https:\/\/yoast.com\/product\/yoast-seo-wordpress\/ -->\n<title>Merchandising - Elvetik<\/title>\n<meta name=\"robots\" content=\"index, follow, max-snippet:-1, max-image-preview:large, max-video-preview:-1\" \/>\n<link rel=\"canonical\" href=\"https:\/\/elvetik.ch\/de\/merchandising-2\/\" \/>\n<meta property=\"og:locale\" content=\"de_DE\" \/>\n<meta property=\"og:type\" content=\"article\" \/>\n<meta property=\"og:title\" content=\"Merchandising - Elvetik\" \/>\n<meta property=\"og:description\" content=\"Elvetik\u00ae hat sich auf die Herstellung von Gummistiefeln f\u00fcr verschiedene Unternehmen und Firmen spezialisiert. Wir haben unter anderem Projekte f\u00fcr das St. Gallen Open Air Festival, das Montreux Jazz Festival, das Pal\u00e9o Festival und Tomorrowland (Belgien) realisiert. Seit 2012 haben wir es geschafft, die besten Partner zu finden und uns mit ihnen zu umgeben, um [&hellip;]\" \/>\n<meta property=\"og:url\" content=\"https:\/\/elvetik.ch\/de\/merchandising-2\/\" \/>\n<meta property=\"og:site_name\" content=\"Elvetik\" \/>\n<meta property=\"article:modified_time\" content=\"2026-01-23T05:17:13+00:00\" \/>\n<meta property=\"og:image\" content=\"https:\/\/www.elvetik.ch\/wp-content\/uploads\/2021\/06\/Tomorrowland-Festival-2.jpg\" \/>\n<meta name=\"twitter:card\" content=\"summary_large_image\" \/>\n<meta name=\"twitter:label1\" content=\"Gesch\u00e4tzte Lesezeit\" \/>\n\t<meta name=\"twitter:data1\" content=\"2\u00a0Minuten\" \/>\n<script type=\"application\/ld+json\" class=\"yoast-schema-graph\">{\"@context\":\"https:\/\/schema.org\",\"@graph\":[{\"@type\":\"WebPage\",\"@id\":\"https:\/\/elvetik.ch\/de\/merchandising-2\/\",\"url\":\"https:\/\/elvetik.ch\/de\/merchandising-2\/\",\"name\":\"Merchandising - Elvetik\",\"isPartOf\":{\"@id\":\"https:\/\/elvetik.ch\/de\/#website\"},\"primaryImageOfPage\":{\"@id\":\"https:\/\/elvetik.ch\/de\/merchandising-2\/#primaryimage\"},\"image\":{\"@id\":\"https:\/\/elvetik.ch\/de\/merchandising-2\/#primaryimage\"},\"thumbnailUrl\":\"https:\/\/www.elvetik.ch\/wp-content\/uploads\/2021\/06\/Tomorrowland-Festival-2.jpg\",\"datePublished\":\"2026-01-21T14:48:35+00:00\",\"dateModified\":\"2026-01-23T05:17:13+00:00\",\"breadcrumb\":{\"@id\":\"https:\/\/elvetik.ch\/de\/merchandising-2\/#breadcrumb\"},\"inLanguage\":\"de\",\"potentialAction\":[{\"@type\":\"ReadAction\",\"target\":[\"https:\/\/elvetik.ch\/de\/merchandising-2\/\"]}]},{\"@type\":\"ImageObject\",\"inLanguage\":\"de\",\"@id\":\"https:\/\/elvetik.ch\/de\/merchandising-2\/#primaryimage\",\"url\":\"https:\/\/www.elvetik.ch\/wp-content\/uploads\/2021\/06\/Tomorrowland-Festival-2.jpg\",\"contentUrl\":\"https:\/\/www.elvetik.ch\/wp-content\/uploads\/2021\/06\/Tomorrowland-Festival-2.jpg\"},{\"@type\":\"BreadcrumbList\",\"@id\":\"https:\/\/elvetik.ch\/de\/merchandising-2\/#breadcrumb\",\"itemListElement\":[{\"@type\":\"ListItem\",\"position\":1,\"name\":\"Home\",\"item\":\"https:\/\/elvetik.ch\/de\/\"},{\"@type\":\"ListItem\",\"position\":2,\"name\":\"Merchandising\"}]},{\"@type\":\"WebSite\",\"@id\":\"https:\/\/elvetik.ch\/de\/#website\",\"url\":\"https:\/\/elvetik.ch\/de\/\",\"name\":\"Elvetik\",\"description\":\"\",\"publisher\":{\"@id\":\"https:\/\/elvetik.ch\/de\/#organization\"},\"potentialAction\":[{\"@type\":\"SearchAction\",\"target\":{\"@type\":\"EntryPoint\",\"urlTemplate\":\"https:\/\/elvetik.ch\/de\/?s={search_term_string}\"},\"query-input\":{\"@type\":\"PropertyValueSpecification\",\"valueRequired\":true,\"valueName\":\"search_term_string\"}}],\"inLanguage\":\"de\"},{\"@type\":\"Organization\",\"@id\":\"https:\/\/elvetik.ch\/de\/#organization\",\"name\":\"Elvetik\",\"url\":\"https:\/\/elvetik.ch\/de\/\",\"logo\":{\"@type\":\"ImageObject\",\"inLanguage\":\"de\",\"@id\":\"https:\/\/elvetik.ch\/de\/#\/schema\/logo\/image\/\",\"url\":\"https:\/\/elvetik.ch\/wp-content\/uploads\/2021\/05\/LOGO-elvetik.png\",\"contentUrl\":\"https:\/\/elvetik.ch\/wp-content\/uploads\/2021\/05\/LOGO-elvetik.png\",\"width\":800,\"height\":400,\"caption\":\"Elvetik\"},\"image\":{\"@id\":\"https:\/\/elvetik.ch\/de\/#\/schema\/logo\/image\/\"}}]}<\/script>\n<!-- \/ Yoast SEO plugin. -->","yoast_head_json":{"title":"Merchandising - Elvetik","robots":{"index":"index","follow":"follow","max-snippet":"max-snippet:-1","max-image-preview":"max-image-preview:large","max-video-preview":"max-video-preview:-1"},"canonical":"https:\/\/elvetik.ch\/de\/merchandising-2\/","og_locale":"de_DE","og_type":"article","og_title":"Merchandising - Elvetik","og_description":"Elvetik\u00ae hat sich auf die Herstellung von Gummistiefeln f\u00fcr verschiedene Unternehmen und Firmen spezialisiert. Wir haben unter anderem Projekte f\u00fcr das St. Gallen Open Air Festival, das Montreux Jazz Festival, das Pal\u00e9o Festival und Tomorrowland (Belgien) realisiert. Seit 2012 haben wir es geschafft, die besten Partner zu finden und uns mit ihnen zu umgeben, um [&hellip;]","og_url":"https:\/\/elvetik.ch\/de\/merchandising-2\/","og_site_name":"Elvetik","article_modified_time":"2026-01-23T05:17:13+00:00","og_image":[{"url":"https:\/\/www.elvetik.ch\/wp-content\/uploads\/2021\/06\/Tomorrowland-Festival-2.jpg","type":"","width":"","height":""}],"twitter_card":"summary_large_image","twitter_misc":{"Gesch\u00e4tzte Lesezeit":"2\u00a0Minuten"},"schema":{"@context":"https:\/\/schema.org","@graph":[{"@type":"WebPage","@id":"https:\/\/elvetik.ch\/de\/merchandising-2\/","url":"https:\/\/elvetik.ch\/de\/merchandising-2\/","name":"Merchandising - Elvetik","isPartOf":{"@id":"https:\/\/elvetik.ch\/de\/#website"},"primaryImageOfPage":{"@id":"https:\/\/elvetik.ch\/de\/merchandising-2\/#primaryimage"},"image":{"@id":"https:\/\/elvetik.ch\/de\/merchandising-2\/#primaryimage"},"thumbnailUrl":"https:\/\/www.elvetik.ch\/wp-content\/uploads\/2021\/06\/Tomorrowland-Festival-2.jpg","datePublished":"2026-01-21T14:48:35+00:00","dateModified":"2026-01-23T05:17:13+00:00","breadcrumb":{"@id":"https:\/\/elvetik.ch\/de\/merchandising-2\/#breadcrumb"},"inLanguage":"de","potentialAction":[{"@type":"ReadAction","target":["https:\/\/elvetik.ch\/de\/merchandising-2\/"]}]},{"@type":"ImageObject","inLanguage":"de","@id":"https:\/\/elvetik.ch\/de\/merchandising-2\/#primaryimage","url":"https:\/\/www.elvetik.ch\/wp-content\/uploads\/2021\/06\/Tomorrowland-Festival-2.jpg","contentUrl":"https:\/\/www.elvetik.ch\/wp-content\/uploads\/2021\/06\/Tomorrowland-Festival-2.jpg"},{"@type":"BreadcrumbList","@id":"https:\/\/elvetik.ch\/de\/merchandising-2\/#breadcrumb","itemListElement":[{"@type":"ListItem","position":1,"name":"Home","item":"https:\/\/elvetik.ch\/de\/"},{"@type":"ListItem","position":2,"name":"Merchandising"}]},{"@type":"WebSite","@id":"https:\/\/elvetik.ch\/de\/#website","url":"https:\/\/elvetik.ch\/de\/","name":"Elvetik","description":"","publisher":{"@id":"https:\/\/elvetik.ch\/de\/#organization"},"potentialAction":[{"@type":"SearchAction","target":{"@type":"EntryPoint","urlTemplate":"https:\/\/elvetik.ch\/de\/?s={search_term_string}"},"query-input":{"@type":"PropertyValueSpecification","valueRequired":true,"valueName":"search_term_string"}}],"inLanguage":"de"},{"@type":"Organization","@id":"https:\/\/elvetik.ch\/de\/#organization","name":"Elvetik","url":"https:\/\/elvetik.ch\/de\/","logo":{"@type":"ImageObject","inLanguage":"de","@id":"https:\/\/elvetik.ch\/de\/#\/schema\/logo\/image\/","url":"https:\/\/elvetik.ch\/wp-content\/uploads\/2021\/05\/LOGO-elvetik.png","contentUrl":"https:\/\/elvetik.ch\/wp-content\/uploads\/2021\/05\/LOGO-elvetik.png","width":800,"height":400,"caption":"Elvetik"},"image":{"@id":"https:\/\/elvetik.ch\/de\/#\/schema\/logo\/image\/"}}]}},"_links":{"self":[{"href":"https:\/\/elvetik.ch\/de\/wp-json\/wp\/v2\/pages\/246652","targetHints":{"allow":["GET"]}}],"collection":[{"href":"https:\/\/elvetik.ch\/de\/wp-json\/wp\/v2\/pages"}],"about":[{"href":"https:\/\/elvetik.ch\/de\/wp-json\/wp\/v2\/types\/page"}],"author":[{"embeddable":true,"href":"https:\/\/elvetik.ch\/de\/wp-json\/wp\/v2\/users\/10614"}],"replies":[{"embeddable":true,"href":"https:\/\/elvetik.ch\/de\/wp-json\/wp\/v2\/comments?post=246652"}],"version-history":[{"count":1,"href":"https:\/\/elvetik.ch\/de\/wp-json\/wp\/v2\/pages\/246652\/revisions"}],"predecessor-version":[{"id":246707,"href":"https:\/\/elvetik.ch\/de\/wp-json\/wp\/v2\/pages\/246652\/revisions\/246707"}],"wp:attachment":[{"href":"https:\/\/elvetik.ch\/de\/wp-json\/wp\/v2\/media?parent=246652"}],"curies":[{"name":"wp","href":"https:\/\/api.w.org\/{rel}","templated":true}]}}