{"id":246653,"date":"2026-01-21T14:51:48","date_gmt":"2026-01-21T14:51:48","guid":{"rendered":"https:\/\/elvetik-dev.ddev.site\/groessentabelle\/"},"modified":"2026-03-18T10:43:59","modified_gmt":"2026-03-18T10:43:59","slug":"groessentabelle","status":"publish","type":"page","link":"https:\/\/elvetik.ch\/de\/groessentabelle\/","title":{"rendered":"Gr\u00f6\u00dfentabelle"},"content":{"rendered":"<p>Sind Sie sich Ihrer Schuhgr\u00f6\u00dfe oder der Ihres Kindes nicht sicher und haben Angst, sich zu irren? Dank des elvetik\u00ae-Fu\u00dfmessger\u00e4ts, das Sie herunterladen und ausdrucken k\u00f6nnen, kennen Sie Ihre genaue Schuhgr\u00f6\u00dfe, und unsere Ratschl\u00e4ge helfen Ihnen, das am besten zu Ihrer Morphologie passende Paar Gummistiefel zu w\u00e4hlen.<\/p>\n<p>Mit Hilfe der untenstehenden Tabellen k\u00f6nnen Sie Ihre Schuhgr\u00f6\u00dfe genau bestimmen.<\/p>\n<ul>\n<li>Laden Sie das elvetik\u00ae-Fu\u00dfmessger\u00e4t f\u00fcr Erwachsenengr\u00f6\u00dfen auf einem A4-Blatt herunter und drucken Sie es aus: <a href=\"https:\/\/elvetik.ch\/wp-content\/uploads\/2021\/11\/Pedimetre-adulte-DE.pdf\">Fu\u00dfmessger\u00e4t-Vorlage f\u00fcr Erwachsenengr\u00f6\u00dfen elvetik\u00ae<\/a><\/li>\n<li>Laden Sie das elvetik\u00ae-Fu\u00dfmessger\u00e4t f\u00fcr Kindergr\u00f6\u00dfen auf einem A4-Blatt herunter und drucken Sie es aus: <a href=\"https:\/\/elvetik.ch\/wp-content\/uploads\/2026\/03\/Pedimetre-enfant-DE.pdf\">Fu\u00dfmessger\u00e4t-Vorlage f\u00fcr Kindergr\u00f6\u00dfen elvetik\u00ae<\/a><\/li>\n<\/ul>\n<div class=\"size-tables\" style=\"display: grid; grid-template-columns: repeat(auto-fit, minmax(400px, 1fr)); gap: 2rem; margin: 2rem 0;\">\n<div><img decoding=\"async\" style=\"width: 100%; height: auto; border-radius: 8px;\" src=\"https:\/\/www.elvetik.ch\/wp-content\/uploads\/2021\/11\/tableau-adulte-1.png\" alt=\"Tabelle der Erwachsenengr\u00f6\u00dfen\" \/><\/div>\n<div><img decoding=\"async\" style=\"width: 100%; height: auto; border-radius: 8px;\" src=\"https:\/\/www.elvetik.ch\/wp-content\/uploads\/2021\/11\/tableau-enfant.png\" alt=\"Tabelle der Kindergr\u00f6\u00dfen\" \/><\/div>\n<\/div>\n<p><strong>Hinweis:<\/strong> Wenn Sie zwischen 2 Gr\u00f6\u00dfen liegen, wird empfohlen, die gr\u00f6\u00dfere Gr\u00f6\u00dfe zu nehmen. Zum Beispiel: Eine Frau mit einem Fu\u00df von 24,6 cm passt zwischen Gr\u00f6\u00dfe 38 und 39, daher wird empfohlen, die 39 zu nehmen.<\/p>\n<h2>Wie w\u00e4hlt man die richtige Gr\u00f6\u00dfe mit den Fleecesocken?<\/h2>\n<p>Die elvetik\u00ae-Fleecesocken sind ein sehr praktisches Accessoire von Anfang September bis Ende April. Sie halten Ihre F\u00fc\u00dfe warm und bringen noch mehr Komfort zu Ihren F\u00fc\u00dfen. Um die richtige Gr\u00f6\u00dfe mit den elvetik\u00ae-Fleecesocken zu w\u00e4hlen, sollte man im Allgemeinen eine gr\u00f6\u00dfere Stiefelgr\u00f6\u00dfe nehmen.<\/p>\n<p>Zum Beispiel: Eine Person misst ihre F\u00fc\u00dfe und sie sind 24,3 cm. Dies entspricht Gr\u00f6\u00dfe 38. Aber diese Gr\u00f6\u00dfe wird mit den Fleecesocken zu eng sein. Die Person sollte daher Gr\u00f6\u00dfe 39 f\u00fcr die Stiefel w\u00e4hlen. Normalerweise wird Gr\u00f6\u00dfe 39 in diesem Beispiel besser f\u00fcr die F\u00fc\u00dfe dieser Person f\u00fcr die Verwendung mit den Fleecesocken geeignet sein.<\/p>\n<p>Wenn die Stiefel im Sommer etwas zu gro\u00df sind, also ohne die Fleecesocken, m\u00fcssen Sie das zweite Paar Einlegesohlen hinzuf\u00fcgen, das mit jedem Paar elvetik\u00ae-Gummistiefel geliefert wird. Dies reduziert den Platz und fixiert die F\u00fc\u00dfe in den Stiefeln. Sie k\u00f6nnen auch ein Paar dicke Socken zus\u00e4tzlich zu den zus\u00e4tzlichen Einlegesohlen anziehen.<\/p>\n<h2>Der Trick mit den Einlegesohlen!<\/h2>\n<p>Mit jedem Paar elvetik\u00ae-Gummistiefel erhalten Sie ein zus\u00e4tzliches Paar Einlegesohlen, das im Paket geliefert wird. Diese Einlegesohlen dienen dazu, die elvetik\u00ae-Gummistiefel an Ihre F\u00fc\u00dfe anzupassen.<\/p>\n<p>Wenn Ihre F\u00fc\u00dfe mit den Fleecesocken zu eng sind, k\u00f6nnen Sie die urspr\u00fcnglichen Einlegesohlen entfernen, die sich am Boden der elvetik\u00ae-Stiefel befinden. Die urspr\u00fcnglichen Einlegesohlen, die sich bereits in den elvetik\u00ae-Gummistiefeln befinden, sind nicht geklebt und Sie k\u00f6nnen sie leicht entfernen. Sie gewinnen Platz und der Komfort bleibt mit der dicken Fleecesocke gleich.<\/p>\n<p>Wenn Ihre F\u00fc\u00dfe mit den Fleecesocken perfekt angepasst sind, aber ohne die Fleecesocken ein wenig wackeln, haben Sie die M\u00f6glichkeit, das enthaltene Paar Einlegesohlen \u00fcber die urspr\u00fcnglichen Einlegesohlen zu legen. Z\u00f6gern Sie nicht, 2 Paare elvetik\u00ae-Einlegesohlen in die Gummistiefel zu legen. Sie k\u00f6nnen auch ein Paar dicke Socken zus\u00e4tzlich zu den zus\u00e4tzlichen Einlegesohlen anziehen, um Ihre F\u00fc\u00dfe gut zu fixieren.<\/p>\n<p>Es liegt an Ihnen, Ihren Komfort zu testen, indem Sie die Paare Einlegesohlen hinzuf\u00fcgen oder entfernen, mit oder ohne Fleecesocken.<\/p>\n<h2>Mehrere Paare zu bestellen ist auch eine L\u00f6sung!<\/h2>\n<p>Wenn Sie sich Ihrer Gr\u00f6\u00dfe immer noch nicht sicher sind, k\u00f6nnen Sie mehrere Paare elvetik\u00ae-Gummistiefel bestellen, um die richtige Gr\u00f6\u00dfe zu finden. W\u00e4hlen Sie also in derselben Bestellung das oder die Modelle, die Ihnen gefallen, legen Sie zwei oder drei Gr\u00f6\u00dfen in Ihren Warenkorb, bestellen Sie und fertig! Der Versand ist kostenlos zu Ihnen nach Hause und Sie zahlen nur die R\u00fccksendekosten, wenn Sie sich entscheiden, Produkte zur\u00fcckzusenden.<\/p>\n<p>Wir erstatten (innerhalb von 72 Stunden) alle zur\u00fcckgesendeten Produkte, sodass Sie nur f\u00fcr die Produkte zahlen, die Sie behalten m\u00f6chten und die Ihnen passen.<\/p>\n","protected":false},"excerpt":{"rendered":"<p>Sind Sie sich Ihrer Schuhgr\u00f6\u00dfe oder der Ihres Kindes nicht sicher und haben Angst, sich zu irren? Dank des elvetik\u00ae-Fu\u00dfmessger\u00e4ts, das Sie herunterladen und ausdrucken k\u00f6nnen, kennen Sie Ihre genaue Schuhgr\u00f6\u00dfe, und unsere Ratschl\u00e4ge helfen Ihnen, das am besten zu Ihrer Morphologie passende Paar Gummistiefel zu w\u00e4hlen. Mit Hilfe der untenstehenden Tabellen k\u00f6nnen Sie Ihre [&hellip;]<\/p>\n","protected":false},"author":10614,"featured_media":0,"parent":0,"menu_order":0,"comment_status":"closed","ping_status":"closed","template":"","meta":{"_elvetik_care_instructions":"","footnotes":""},"class_list":["post-246653","page","type-page","status-publish","hentry"],"yoast_head":"<!-- This site is optimized with the Yoast SEO plugin v26.8-RC7 - https:\/\/yoast.com\/product\/yoast-seo-wordpress\/ -->\n<title>Gr\u00f6\u00dfentabelle - Elvetik<\/title>\n<meta name=\"robots\" content=\"index, follow, max-snippet:-1, max-image-preview:large, max-video-preview:-1\" \/>\n<link rel=\"canonical\" href=\"https:\/\/elvetik.ch\/de\/groessentabelle\/\" \/>\n<meta property=\"og:locale\" content=\"de_DE\" \/>\n<meta property=\"og:type\" content=\"article\" \/>\n<meta property=\"og:title\" content=\"Gr\u00f6\u00dfentabelle - Elvetik\" \/>\n<meta property=\"og:description\" content=\"Sind Sie sich Ihrer Schuhgr\u00f6\u00dfe oder der Ihres Kindes nicht sicher und haben Angst, sich zu irren? Dank des elvetik\u00ae-Fu\u00dfmessger\u00e4ts, das Sie herunterladen und ausdrucken k\u00f6nnen, kennen Sie Ihre genaue Schuhgr\u00f6\u00dfe, und unsere Ratschl\u00e4ge helfen Ihnen, das am besten zu Ihrer Morphologie passende Paar Gummistiefel zu w\u00e4hlen. Mit Hilfe der untenstehenden Tabellen k\u00f6nnen Sie Ihre [&hellip;]\" \/>\n<meta property=\"og:url\" content=\"https:\/\/elvetik.ch\/de\/groessentabelle\/\" \/>\n<meta property=\"og:site_name\" content=\"Elvetik\" \/>\n<meta property=\"article:modified_time\" content=\"2026-03-18T10:43:59+00:00\" \/>\n<meta property=\"og:image\" content=\"https:\/\/www.elvetik.ch\/wp-content\/uploads\/2021\/11\/tableau-adulte-1.png\" \/>\n<meta name=\"twitter:card\" content=\"summary_large_image\" \/>\n<meta name=\"twitter:label1\" content=\"Gesch\u00e4tzte Lesezeit\" \/>\n\t<meta name=\"twitter:data1\" content=\"4\u00a0Minuten\" \/>\n<script type=\"application\/ld+json\" class=\"yoast-schema-graph\">{\"@context\":\"https:\/\/schema.org\",\"@graph\":[{\"@type\":\"WebPage\",\"@id\":\"https:\/\/elvetik.ch\/de\/groessentabelle\/\",\"url\":\"https:\/\/elvetik.ch\/de\/groessentabelle\/\",\"name\":\"Gr\u00f6\u00dfentabelle - Elvetik\",\"isPartOf\":{\"@id\":\"https:\/\/elvetik.ch\/de\/#website\"},\"primaryImageOfPage\":{\"@id\":\"https:\/\/elvetik.ch\/de\/groessentabelle\/#primaryimage\"},\"image\":{\"@id\":\"https:\/\/elvetik.ch\/de\/groessentabelle\/#primaryimage\"},\"thumbnailUrl\":\"https:\/\/www.elvetik.ch\/wp-content\/uploads\/2021\/11\/tableau-adulte-1.png\",\"datePublished\":\"2026-01-21T14:51:48+00:00\",\"dateModified\":\"2026-03-18T10:43:59+00:00\",\"breadcrumb\":{\"@id\":\"https:\/\/elvetik.ch\/de\/groessentabelle\/#breadcrumb\"},\"inLanguage\":\"de\",\"potentialAction\":[{\"@type\":\"ReadAction\",\"target\":[\"https:\/\/elvetik.ch\/de\/groessentabelle\/\"]}]},{\"@type\":\"ImageObject\",\"inLanguage\":\"de\",\"@id\":\"https:\/\/elvetik.ch\/de\/groessentabelle\/#primaryimage\",\"url\":\"https:\/\/www.elvetik.ch\/wp-content\/uploads\/2021\/11\/tableau-adulte-1.png\",\"contentUrl\":\"https:\/\/www.elvetik.ch\/wp-content\/uploads\/2021\/11\/tableau-adulte-1.png\"},{\"@type\":\"BreadcrumbList\",\"@id\":\"https:\/\/elvetik.ch\/de\/groessentabelle\/#breadcrumb\",\"itemListElement\":[{\"@type\":\"ListItem\",\"position\":1,\"name\":\"Home\",\"item\":\"https:\/\/elvetik.ch\/de\/\"},{\"@type\":\"ListItem\",\"position\":2,\"name\":\"Gr\u00f6\u00dfentabelle\"}]},{\"@type\":\"WebSite\",\"@id\":\"https:\/\/elvetik.ch\/de\/#website\",\"url\":\"https:\/\/elvetik.ch\/de\/\",\"name\":\"Elvetik\",\"description\":\"\",\"publisher\":{\"@id\":\"https:\/\/elvetik.ch\/de\/#organization\"},\"potentialAction\":[{\"@type\":\"SearchAction\",\"target\":{\"@type\":\"EntryPoint\",\"urlTemplate\":\"https:\/\/elvetik.ch\/de\/?s={search_term_string}\"},\"query-input\":{\"@type\":\"PropertyValueSpecification\",\"valueRequired\":true,\"valueName\":\"search_term_string\"}}],\"inLanguage\":\"de\"},{\"@type\":\"Organization\",\"@id\":\"https:\/\/elvetik.ch\/de\/#organization\",\"name\":\"Elvetik\",\"url\":\"https:\/\/elvetik.ch\/de\/\",\"logo\":{\"@type\":\"ImageObject\",\"inLanguage\":\"de\",\"@id\":\"https:\/\/elvetik.ch\/de\/#\/schema\/logo\/image\/\",\"url\":\"https:\/\/elvetik.ch\/wp-content\/uploads\/2021\/05\/LOGO-elvetik.png\",\"contentUrl\":\"https:\/\/elvetik.ch\/wp-content\/uploads\/2021\/05\/LOGO-elvetik.png\",\"width\":800,\"height\":400,\"caption\":\"Elvetik\"},\"image\":{\"@id\":\"https:\/\/elvetik.ch\/de\/#\/schema\/logo\/image\/\"}}]}<\/script>\n<!-- \/ Yoast SEO plugin. -->","yoast_head_json":{"title":"Gr\u00f6\u00dfentabelle - Elvetik","robots":{"index":"index","follow":"follow","max-snippet":"max-snippet:-1","max-image-preview":"max-image-preview:large","max-video-preview":"max-video-preview:-1"},"canonical":"https:\/\/elvetik.ch\/de\/groessentabelle\/","og_locale":"de_DE","og_type":"article","og_title":"Gr\u00f6\u00dfentabelle - Elvetik","og_description":"Sind Sie sich Ihrer Schuhgr\u00f6\u00dfe oder der Ihres Kindes nicht sicher und haben Angst, sich zu irren? Dank des elvetik\u00ae-Fu\u00dfmessger\u00e4ts, das Sie herunterladen und ausdrucken k\u00f6nnen, kennen Sie Ihre genaue Schuhgr\u00f6\u00dfe, und unsere Ratschl\u00e4ge helfen Ihnen, das am besten zu Ihrer Morphologie passende Paar Gummistiefel zu w\u00e4hlen. Mit Hilfe der untenstehenden Tabellen k\u00f6nnen Sie Ihre [&hellip;]","og_url":"https:\/\/elvetik.ch\/de\/groessentabelle\/","og_site_name":"Elvetik","article_modified_time":"2026-03-18T10:43:59+00:00","og_image":[{"url":"https:\/\/www.elvetik.ch\/wp-content\/uploads\/2021\/11\/tableau-adulte-1.png","type":"","width":"","height":""}],"twitter_card":"summary_large_image","twitter_misc":{"Gesch\u00e4tzte Lesezeit":"4\u00a0Minuten"},"schema":{"@context":"https:\/\/schema.org","@graph":[{"@type":"WebPage","@id":"https:\/\/elvetik.ch\/de\/groessentabelle\/","url":"https:\/\/elvetik.ch\/de\/groessentabelle\/","name":"Gr\u00f6\u00dfentabelle - Elvetik","isPartOf":{"@id":"https:\/\/elvetik.ch\/de\/#website"},"primaryImageOfPage":{"@id":"https:\/\/elvetik.ch\/de\/groessentabelle\/#primaryimage"},"image":{"@id":"https:\/\/elvetik.ch\/de\/groessentabelle\/#primaryimage"},"thumbnailUrl":"https:\/\/www.elvetik.ch\/wp-content\/uploads\/2021\/11\/tableau-adulte-1.png","datePublished":"2026-01-21T14:51:48+00:00","dateModified":"2026-03-18T10:43:59+00:00","breadcrumb":{"@id":"https:\/\/elvetik.ch\/de\/groessentabelle\/#breadcrumb"},"inLanguage":"de","potentialAction":[{"@type":"ReadAction","target":["https:\/\/elvetik.ch\/de\/groessentabelle\/"]}]},{"@type":"ImageObject","inLanguage":"de","@id":"https:\/\/elvetik.ch\/de\/groessentabelle\/#primaryimage","url":"https:\/\/www.elvetik.ch\/wp-content\/uploads\/2021\/11\/tableau-adulte-1.png","contentUrl":"https:\/\/www.elvetik.ch\/wp-content\/uploads\/2021\/11\/tableau-adulte-1.png"},{"@type":"BreadcrumbList","@id":"https:\/\/elvetik.ch\/de\/groessentabelle\/#breadcrumb","itemListElement":[{"@type":"ListItem","position":1,"name":"Home","item":"https:\/\/elvetik.ch\/de\/"},{"@type":"ListItem","position":2,"name":"Gr\u00f6\u00dfentabelle"}]},{"@type":"WebSite","@id":"https:\/\/elvetik.ch\/de\/#website","url":"https:\/\/elvetik.ch\/de\/","name":"Elvetik","description":"","publisher":{"@id":"https:\/\/elvetik.ch\/de\/#organization"},"potentialAction":[{"@type":"SearchAction","target":{"@type":"EntryPoint","urlTemplate":"https:\/\/elvetik.ch\/de\/?s={search_term_string}"},"query-input":{"@type":"PropertyValueSpecification","valueRequired":true,"valueName":"search_term_string"}}],"inLanguage":"de"},{"@type":"Organization","@id":"https:\/\/elvetik.ch\/de\/#organization","name":"Elvetik","url":"https:\/\/elvetik.ch\/de\/","logo":{"@type":"ImageObject","inLanguage":"de","@id":"https:\/\/elvetik.ch\/de\/#\/schema\/logo\/image\/","url":"https:\/\/elvetik.ch\/wp-content\/uploads\/2021\/05\/LOGO-elvetik.png","contentUrl":"https:\/\/elvetik.ch\/wp-content\/uploads\/2021\/05\/LOGO-elvetik.png","width":800,"height":400,"caption":"Elvetik"},"image":{"@id":"https:\/\/elvetik.ch\/de\/#\/schema\/logo\/image\/"}}]}},"_links":{"self":[{"href":"https:\/\/elvetik.ch\/de\/wp-json\/wp\/v2\/pages\/246653","targetHints":{"allow":["GET"]}}],"collection":[{"href":"https:\/\/elvetik.ch\/de\/wp-json\/wp\/v2\/pages"}],"about":[{"href":"https:\/\/elvetik.ch\/de\/wp-json\/wp\/v2\/types\/page"}],"author":[{"embeddable":true,"href":"https:\/\/elvetik.ch\/de\/wp-json\/wp\/v2\/users\/10614"}],"replies":[{"embeddable":true,"href":"https:\/\/elvetik.ch\/de\/wp-json\/wp\/v2\/comments?post=246653"}],"version-history":[{"count":6,"href":"https:\/\/elvetik.ch\/de\/wp-json\/wp\/v2\/pages\/246653\/revisions"}],"predecessor-version":[{"id":247233,"href":"https:\/\/elvetik.ch\/de\/wp-json\/wp\/v2\/pages\/246653\/revisions\/247233"}],"wp:attachment":[{"href":"https:\/\/elvetik.ch\/de\/wp-json\/wp\/v2\/media?parent=246653"}],"curies":[{"name":"wp","href":"https:\/\/api.w.org\/{rel}","templated":true}]}}