{"id":246654,"date":"2026-01-21T14:13:31","date_gmt":"2026-01-21T14:13:31","guid":{"rendered":"https:\/\/elvetik-dev.ddev.site\/haeufig-gestellte-fragen\/"},"modified":"2026-01-23T05:24:18","modified_gmt":"2026-01-23T05:24:18","slug":"haeufig-gestellte-fragen","status":"publish","type":"page","link":"https:\/\/elvetik.ch\/de\/haeufig-gestellte-fragen\/","title":{"rendered":"H\u00e4ufig gestellte Fragen"},"content":{"rendered":"<h2>Kann ich mehrere Artikel bestellen, um verschiedene Gr\u00f6\u00dfen auszuprobieren?<\/h2>\n<p>Ja, Sie k\u00f6nnen mehrere Artikel bestellen, sie anprobieren und die Artikel zur\u00fccksenden, die nicht passen.<\/p>\n<h2>Wie lange habe ich Zeit, Artikel zur\u00fcckzusenden?<\/h2>\n<p>Sie haben 7 Tage Zeit, um die Artikel auszuprobieren.<\/p>\n<h2>Muss ich etwas bezahlen, wenn ich alle Artikel zur\u00fccksende?<\/h2>\n<p>Nein, Sie zahlen nichts. Es gibt keine Geb\u00fchren und keine Provision, wenn Sie die Artikel nicht behalten m\u00f6chten. Sie m\u00fcssen jedoch die Versandkosten f\u00fcr die R\u00fccksendung der Artikel von Ihnen zu uns bezahlen.<\/p>\n<h2>Welche Stiefelgr\u00f6\u00dfe soll ich w\u00e4hlen, wenn ich ein Paar Fleecesocken tragen m\u00f6chte?<\/h2>\n<p>Im Allgemeinen sollte man eine Gr\u00f6\u00dfe gr\u00f6\u00dfer mit den Fleecesocken nehmen. Sie k\u00f6nnen immer das Paar Einlegesohlen entfernen, das sich in den Stiefeln befindet, um Platz zu gewinnen und bequem mit dem Paar Fleecesocken zu laufen.<\/p>\n<p>Die inneren Einlegesohlen sind nicht geklebt.<\/p>\n<p>Wenn Sie ohne die Fleecesocken laufen, m\u00fcssen Sie einfach das Paar Einlegesohlen wieder in die Stiefel legen. Wenn Sie feststellen, dass Ihr Fu\u00df ein wenig zu viel wackelt, k\u00f6nnen Sie das zweite Paar Einlegesohlen verwenden, das im Karton enthalten ist.<\/p>\n<h2>Ich habe mich f\u00fcr die Zahlung per Rechnung mit dem Zahlungsmittel &#8222;Swissbilling&#8220; entschieden, aber ich habe die Rechnung nicht gefunden. Ist das normal?<\/h2>\n<p>Ja, die Rechnung wird sp\u00e4ter \u00fcber Swissbilling gesendet, machen Sie sich also keine Sorgen, wenn Sie keine Rechnung in Ihrem Paket finden.<\/p>\n<p>Wir validieren Ihre Bestellung bei Swissbilling, sobald die Frist f\u00fcr Ihr Widerrufsrecht abgelaufen ist (7 Tage), und dann wird die Rechnung von Swissbilling ausgestellt und gesendet.<\/p>\n<h2>Gibt es eine Garantie auf die Artikel?<\/h2>\n<p>Ja, wir sind eine der wenigen Schuhmarken und die einzige Gummistiefelmarke, die eine Garantie auf unsere Artikel anbietet.<\/p>\n<p>Die Garantie gilt 12 Monate ab dem Kaufdatum.<\/p>\n<p>Wir ersetzen die Stiefel nur, wenn es sich um einen Fabrikationsfehler handelt. Die Garantie gilt nicht bei Abnutzung oder bei falscher Verwendung (Bremsen mit Tretroller, sportliche Aktivit\u00e4ten aller Art, Verwendung auf Baustellen\u2026).<\/p>\n","protected":false},"excerpt":{"rendered":"<p>Kann ich mehrere Artikel bestellen, um verschiedene Gr\u00f6\u00dfen auszuprobieren? Ja, Sie k\u00f6nnen mehrere Artikel bestellen, sie anprobieren und die Artikel zur\u00fccksenden, die nicht passen. Wie lange habe ich Zeit, Artikel zur\u00fcckzusenden? Sie haben 7 Tage Zeit, um die Artikel auszuprobieren. Muss ich etwas bezahlen, wenn ich alle Artikel zur\u00fccksende? Nein, Sie zahlen nichts. Es gibt [&hellip;]<\/p>\n","protected":false},"author":10614,"featured_media":0,"parent":0,"menu_order":0,"comment_status":"closed","ping_status":"closed","template":"","meta":{"_elvetik_care_instructions":"","footnotes":""},"class_list":["post-246654","page","type-page","status-publish","hentry"],"yoast_head":"<!-- This site is optimized with the Yoast SEO plugin v26.8-RC7 - https:\/\/yoast.com\/product\/yoast-seo-wordpress\/ -->\n<title>H\u00e4ufig gestellte Fragen - Elvetik<\/title>\n<meta name=\"robots\" content=\"index, follow, max-snippet:-1, max-image-preview:large, max-video-preview:-1\" \/>\n<link rel=\"canonical\" href=\"https:\/\/elvetik.ch\/de\/haeufig-gestellte-fragen\/\" \/>\n<meta property=\"og:locale\" content=\"de_DE\" \/>\n<meta property=\"og:type\" content=\"article\" \/>\n<meta property=\"og:title\" content=\"H\u00e4ufig gestellte Fragen - Elvetik\" \/>\n<meta property=\"og:description\" content=\"Kann ich mehrere Artikel bestellen, um verschiedene Gr\u00f6\u00dfen auszuprobieren? Ja, Sie k\u00f6nnen mehrere Artikel bestellen, sie anprobieren und die Artikel zur\u00fccksenden, die nicht passen. Wie lange habe ich Zeit, Artikel zur\u00fcckzusenden? Sie haben 7 Tage Zeit, um die Artikel auszuprobieren. Muss ich etwas bezahlen, wenn ich alle Artikel zur\u00fccksende? Nein, Sie zahlen nichts. Es gibt [&hellip;]\" \/>\n<meta property=\"og:url\" content=\"https:\/\/elvetik.ch\/de\/haeufig-gestellte-fragen\/\" \/>\n<meta property=\"og:site_name\" content=\"Elvetik\" \/>\n<meta property=\"article:modified_time\" content=\"2026-01-23T05:24:18+00:00\" \/>\n<meta name=\"twitter:card\" content=\"summary_large_image\" \/>\n<meta name=\"twitter:label1\" content=\"Gesch\u00e4tzte Lesezeit\" \/>\n\t<meta name=\"twitter:data1\" content=\"2\u00a0Minuten\" \/>\n<script type=\"application\/ld+json\" class=\"yoast-schema-graph\">{\"@context\":\"https:\/\/schema.org\",\"@graph\":[{\"@type\":\"WebPage\",\"@id\":\"https:\/\/elvetik.ch\/de\/haeufig-gestellte-fragen\/\",\"url\":\"https:\/\/elvetik.ch\/de\/haeufig-gestellte-fragen\/\",\"name\":\"H\u00e4ufig gestellte Fragen - Elvetik\",\"isPartOf\":{\"@id\":\"https:\/\/elvetik.ch\/de\/#website\"},\"datePublished\":\"2026-01-21T14:13:31+00:00\",\"dateModified\":\"2026-01-23T05:24:18+00:00\",\"breadcrumb\":{\"@id\":\"https:\/\/elvetik.ch\/de\/haeufig-gestellte-fragen\/#breadcrumb\"},\"inLanguage\":\"de\",\"potentialAction\":[{\"@type\":\"ReadAction\",\"target\":[\"https:\/\/elvetik.ch\/de\/haeufig-gestellte-fragen\/\"]}]},{\"@type\":\"BreadcrumbList\",\"@id\":\"https:\/\/elvetik.ch\/de\/haeufig-gestellte-fragen\/#breadcrumb\",\"itemListElement\":[{\"@type\":\"ListItem\",\"position\":1,\"name\":\"Home\",\"item\":\"https:\/\/elvetik.ch\/de\/\"},{\"@type\":\"ListItem\",\"position\":2,\"name\":\"H\u00e4ufig gestellte Fragen\"}]},{\"@type\":\"WebSite\",\"@id\":\"https:\/\/elvetik.ch\/de\/#website\",\"url\":\"https:\/\/elvetik.ch\/de\/\",\"name\":\"Elvetik\",\"description\":\"\",\"publisher\":{\"@id\":\"https:\/\/elvetik.ch\/de\/#organization\"},\"potentialAction\":[{\"@type\":\"SearchAction\",\"target\":{\"@type\":\"EntryPoint\",\"urlTemplate\":\"https:\/\/elvetik.ch\/de\/?s={search_term_string}\"},\"query-input\":{\"@type\":\"PropertyValueSpecification\",\"valueRequired\":true,\"valueName\":\"search_term_string\"}}],\"inLanguage\":\"de\"},{\"@type\":\"Organization\",\"@id\":\"https:\/\/elvetik.ch\/de\/#organization\",\"name\":\"Elvetik\",\"url\":\"https:\/\/elvetik.ch\/de\/\",\"logo\":{\"@type\":\"ImageObject\",\"inLanguage\":\"de\",\"@id\":\"https:\/\/elvetik.ch\/de\/#\/schema\/logo\/image\/\",\"url\":\"https:\/\/elvetik.ch\/wp-content\/uploads\/2021\/05\/LOGO-elvetik.png\",\"contentUrl\":\"https:\/\/elvetik.ch\/wp-content\/uploads\/2021\/05\/LOGO-elvetik.png\",\"width\":800,\"height\":400,\"caption\":\"Elvetik\"},\"image\":{\"@id\":\"https:\/\/elvetik.ch\/de\/#\/schema\/logo\/image\/\"}}]}<\/script>\n<!-- \/ Yoast SEO plugin. -->","yoast_head_json":{"title":"H\u00e4ufig gestellte Fragen - Elvetik","robots":{"index":"index","follow":"follow","max-snippet":"max-snippet:-1","max-image-preview":"max-image-preview:large","max-video-preview":"max-video-preview:-1"},"canonical":"https:\/\/elvetik.ch\/de\/haeufig-gestellte-fragen\/","og_locale":"de_DE","og_type":"article","og_title":"H\u00e4ufig gestellte Fragen - Elvetik","og_description":"Kann ich mehrere Artikel bestellen, um verschiedene Gr\u00f6\u00dfen auszuprobieren? Ja, Sie k\u00f6nnen mehrere Artikel bestellen, sie anprobieren und die Artikel zur\u00fccksenden, die nicht passen. Wie lange habe ich Zeit, Artikel zur\u00fcckzusenden? Sie haben 7 Tage Zeit, um die Artikel auszuprobieren. Muss ich etwas bezahlen, wenn ich alle Artikel zur\u00fccksende? Nein, Sie zahlen nichts. Es gibt [&hellip;]","og_url":"https:\/\/elvetik.ch\/de\/haeufig-gestellte-fragen\/","og_site_name":"Elvetik","article_modified_time":"2026-01-23T05:24:18+00:00","twitter_card":"summary_large_image","twitter_misc":{"Gesch\u00e4tzte Lesezeit":"2\u00a0Minuten"},"schema":{"@context":"https:\/\/schema.org","@graph":[{"@type":"WebPage","@id":"https:\/\/elvetik.ch\/de\/haeufig-gestellte-fragen\/","url":"https:\/\/elvetik.ch\/de\/haeufig-gestellte-fragen\/","name":"H\u00e4ufig gestellte Fragen - Elvetik","isPartOf":{"@id":"https:\/\/elvetik.ch\/de\/#website"},"datePublished":"2026-01-21T14:13:31+00:00","dateModified":"2026-01-23T05:24:18+00:00","breadcrumb":{"@id":"https:\/\/elvetik.ch\/de\/haeufig-gestellte-fragen\/#breadcrumb"},"inLanguage":"de","potentialAction":[{"@type":"ReadAction","target":["https:\/\/elvetik.ch\/de\/haeufig-gestellte-fragen\/"]}]},{"@type":"BreadcrumbList","@id":"https:\/\/elvetik.ch\/de\/haeufig-gestellte-fragen\/#breadcrumb","itemListElement":[{"@type":"ListItem","position":1,"name":"Home","item":"https:\/\/elvetik.ch\/de\/"},{"@type":"ListItem","position":2,"name":"H\u00e4ufig gestellte Fragen"}]},{"@type":"WebSite","@id":"https:\/\/elvetik.ch\/de\/#website","url":"https:\/\/elvetik.ch\/de\/","name":"Elvetik","description":"","publisher":{"@id":"https:\/\/elvetik.ch\/de\/#organization"},"potentialAction":[{"@type":"SearchAction","target":{"@type":"EntryPoint","urlTemplate":"https:\/\/elvetik.ch\/de\/?s={search_term_string}"},"query-input":{"@type":"PropertyValueSpecification","valueRequired":true,"valueName":"search_term_string"}}],"inLanguage":"de"},{"@type":"Organization","@id":"https:\/\/elvetik.ch\/de\/#organization","name":"Elvetik","url":"https:\/\/elvetik.ch\/de\/","logo":{"@type":"ImageObject","inLanguage":"de","@id":"https:\/\/elvetik.ch\/de\/#\/schema\/logo\/image\/","url":"https:\/\/elvetik.ch\/wp-content\/uploads\/2021\/05\/LOGO-elvetik.png","contentUrl":"https:\/\/elvetik.ch\/wp-content\/uploads\/2021\/05\/LOGO-elvetik.png","width":800,"height":400,"caption":"Elvetik"},"image":{"@id":"https:\/\/elvetik.ch\/de\/#\/schema\/logo\/image\/"}}]}},"_links":{"self":[{"href":"https:\/\/elvetik.ch\/de\/wp-json\/wp\/v2\/pages\/246654","targetHints":{"allow":["GET"]}}],"collection":[{"href":"https:\/\/elvetik.ch\/de\/wp-json\/wp\/v2\/pages"}],"about":[{"href":"https:\/\/elvetik.ch\/de\/wp-json\/wp\/v2\/types\/page"}],"author":[{"embeddable":true,"href":"https:\/\/elvetik.ch\/de\/wp-json\/wp\/v2\/users\/10614"}],"replies":[{"embeddable":true,"href":"https:\/\/elvetik.ch\/de\/wp-json\/wp\/v2\/comments?post=246654"}],"version-history":[{"count":1,"href":"https:\/\/elvetik.ch\/de\/wp-json\/wp\/v2\/pages\/246654\/revisions"}],"predecessor-version":[{"id":246708,"href":"https:\/\/elvetik.ch\/de\/wp-json\/wp\/v2\/pages\/246654\/revisions\/246708"}],"wp:attachment":[{"href":"https:\/\/elvetik.ch\/de\/wp-json\/wp\/v2\/media?parent=246654"}],"curies":[{"name":"wp","href":"https:\/\/api.w.org\/{rel}","templated":true}]}}