{"id":246655,"date":"2026-01-21T15:00:51","date_gmt":"2026-01-21T15:00:51","guid":{"rendered":"https:\/\/elvetik-dev.ddev.site\/allgemeine-geschaeftsbedingungen\/"},"modified":"2026-01-23T05:18:25","modified_gmt":"2026-01-23T05:18:25","slug":"allgemeine-geschaeftsbedingungen","status":"publish","type":"page","link":"https:\/\/elvetik.ch\/de\/allgemeine-geschaeftsbedingungen\/","title":{"rendered":"Allgemeine Gesch\u00e4ftsbedingungen"},"content":{"rendered":"<h2>Kaufvertrag und Newsletter-Anmeldung<\/h2>\n<p>Ein Kaufvertrag gilt als zwischen den Parteien geschlossen, wenn elvetik\u00ae official store die Bestellung dem Kunden schriftlich best\u00e4tigt hat. Ab diesem Zeitpunkt unterliegt der Kunde diesen Allgemeinen Gesch\u00e4ftsbedingungen.<\/p>\n<p>Der Kunde hat zu diesem Zeitpunkt die Wahl, sich f\u00fcr den Newsletter anzumelden oder nicht. Er kann sich f\u00fcr diesen Newsletter \u00fcber das daf\u00fcr vorgesehene Formular auf der Website https:\/\/www.elvetik.ch anmelden. Mit seiner Anmeldung akzeptiert der Kunde stillschweigend den Teil dieser Bedingungen bez\u00fcglich der Datenverarbeitung. Jederzeit, auf Anfrage oder \u00fcber den daf\u00fcr vorgesehenen Link am Ende jeder E-Mail, kann der Kunde sich von diesem Newsletter abmelden.<\/p>\n<h2>Preise<\/h2>\n<p>Die angezeigten Preise sind in Schweizer Franken, umfassen alle Steuern (inkl. 7,7% MwSt.) und gelten nur zum Zeitpunkt der Ver\u00f6ffentlichung des Angebots. elvetik\u00ae official store beh\u00e4lt sich das Recht vor, seine Preise jederzeit und ohne Vorank\u00fcndigung zu \u00e4ndern.<\/p>\n<p>elvetik\u00ae official store beh\u00e4lt sich das Recht vor, Produkte, deren angezeigte Preise fehlerhaft w\u00e4ren, nicht zu liefern, verpflichtet sich jedoch, seine Kunden \u00fcber eine Preisabweichung zu informieren und kann alternative Produkte vorschlagen.<\/p>\n<p>elvetik\u00ae official store kann Sonderverk\u00e4ufe oder Aktionen auf sein Sortiment durchf\u00fchren. Diese Angebote gelten nur w\u00e4hrend der Ver\u00f6ffentlichungsperiode auf der Website und k\u00f6nnen nicht r\u00fcckwirkend angefordert werden.<\/p>\n<h2>Qualit\u00e4t<\/h2>\n<p>Wir legen gr\u00f6\u00dften Wert auf die Auswahl der auf unserer Website zum Verkauf angebotenen Produkte, um eine einwandfreie Qualit\u00e4t zu gew\u00e4hrleisten. Sollten Sie dennoch ein Qualit\u00e4tsproblem feststellen, z\u00f6gern Sie nicht, uns unter info@elvetik.ch zu kontaktieren, um uns davon zu berichten.<\/p>\n<h2>Lieferung und Transport<\/h2>\n<p>elvetik\u00ae official store verpflichtet sich, die Artikel so schnell wie m\u00f6glich zu versenden, sp\u00e4testens am n\u00e4chsten Werktag nach dem Bestelltag. Alle Lieferungen sind in der Schweiz kostenlos. Bei einer eventuellen R\u00fccksendung von Waren sind die R\u00fccksendekosten jedoch von Ihnen zu tragen.<\/p>\n<p>elvetik\u00ae official store beh\u00e4lt sich das Recht vor, eine Bestellung in mehrere Pakete aufzuteilen oder mehrere Bestellungen mit derselben Lieferadresse in einem Paket zusammenzufassen. Grunds\u00e4tzlich erlauben wir nur die Bestellung von Produkten, die physisch in unserem Lager verf\u00fcgbar sind, um eine schnelle Lieferung zu gew\u00e4hrleisten. Sollte uns jedoch eine Inventardifferenz daran hindern, ein Produkt zu liefern, verpflichten wir uns, Sie so schnell wie m\u00f6glich zu informieren und Ihnen alternative Produkte vorzuschlagen. Selbstverst\u00e4ndlich ist in diesem Fall eine R\u00fcckerstattung immer m\u00f6glich.<\/p>\n<p>Wir liefern kostenlos nur in der Schweiz. Alle unsere Pakete sind bis zur Ankunft bei Ihnen zu Hause versichert.<\/p>\n<h2>Keine Kaufverpflichtung, R\u00fcckgaberecht<\/h2>\n<p><strong>Zufrieden oder Geld zur\u00fcck:<\/strong> elvetik\u00ae official store verpflichtet sich, alle Waren innerhalb von 7 Tagen ab dem Tag des Erhalts Ihres Pakets zur\u00fcckzunehmen und Ihnen so schnell wie m\u00f6glich, in der Regel innerhalb von 2 Werktagen nach Erhalt der R\u00fccksendung, zu erstatten, wenn Sie den f\u00e4lligen Betrag bereits bezahlt h\u00e4tten. Bei einer eventuellen R\u00fccksendung von Waren sind die R\u00fccksendekosten von Ihnen zu tragen. Es versteht sich, dass eine R\u00fcckerstattung nur erfolgen kann, wenn die zur\u00fcckgesendeten Artikel intakt sind, in ihrer Originalverpackung und sorgf\u00e4ltig in der Originalkiste verpackt sind.<\/p>\n<h2>Zahlungsmodalit\u00e4ten<\/h2>\n<p>Bei elvetik\u00ae official store bezahlen Sie Ihre Eink\u00e4ufe auf die einfachste Weise. Ob per Vorkasse per Bank oder Post, per Postcard oder per Kreditkarte VISA, Mastercard, American Express, es werden keine zus\u00e4tzlichen Geb\u00fchren erhoben.<\/p>\n<p>F\u00fcr Zahlungen per Kreditkarte werden keine Daten bez\u00fcglich Ihrer Karte direkt bei elvetik\u00ae official store verarbeitet oder gespeichert. Ihre Daten werden beim Transaktionspartner verarbeitet. Bei einer R\u00fcckerstattung k\u00f6nnen wir die Transaktion dann fast sofort auf dasselbe Zahlungsmittel gutschreiben.<\/p>\n<p>Sie k\u00f6nnen Ihre Bestellung auch per Vorkasse per Bank oder Post bezahlen. Bei der Wahl dieses Zahlungsmittels weisen wir unsere gesch\u00e4tzte Kundschaft darauf hin, die \u00dcberweisung so schnell wie m\u00f6glich auf unser Postkonto vorzunehmen und dabei nicht zu vergessen, die Bestellnummer im Feld &#8222;Verwendungszweck&#8220; anzugeben. Bei Erhalt der Zahlung senden wir das Paket noch am selben Tag. Bitte beachten Sie auch, dass wir Ihre Bestellung nicht unbegrenzt aufbewahren k\u00f6nnen und diese nur 3 Werktage reservieren. F\u00fchren Sie daher Ihre \u00dcberweisung so schnell wie m\u00f6glich durch!<\/p>\n<p><strong>Zahlung per Rechnung:<\/strong> Im Falle der Wahl der Zahlung per Rechnung auf 14 Tage m\u00fcssen jedoch bestimmte zwingende Kriterien erf\u00fcllt sein: 1) Die Lieferadresse muss der Rechnungsadresse entsprechen, 2) alle pers\u00f6nlichen Informationen m\u00fcssen korrekt ausgef\u00fcllt sein, und 3) Sie geben stillschweigend Ihre Zustimmung, indem Sie die Allgemeinen Gesch\u00e4ftsbedingungen akzeptieren, zu einer automatischen und sofortigen Bonit\u00e4tspr\u00fcfung, die positiv sein muss.<\/p>\n<p>elvetik\u00ae official store hat keinen Einfluss auf das Ergebnis dieser Bonit\u00e4tspr\u00fcfung und kann keine zus\u00e4tzlichen Ausk\u00fcnfte \u00fcber das Ergebnis dieser Pr\u00fcfung geben. Wir k\u00f6nnen Ihnen jedoch auf Anfrage erkl\u00e4ren, wie Sie dieses Ergebnis besser verstehen k\u00f6nnen und was zu tun ist, um durch diese Pr\u00fcfung genehmigt zu werden. Das Zahlungsmittel per Rechnung kann Ihnen jedoch ohne weitere Begr\u00fcndung verweigert werden.<\/p>\n<p>Die Zahlungsfrist f\u00fcr Eink\u00e4ufe per Rechnung betr\u00e4gt 14 Tage ab Best\u00e4tigung Ihrer Bestellung. Der Kunde verpflichtet sich, den gesamten f\u00e4lligen Betrag innerhalb dieser Frist zu bezahlen. Die Rechnungsverwaltung wird von der Firma Swiss Billing SA durchgef\u00fchrt. Alle Rechnungen werden daher direkt von Swiss Billing SA bearbeitet. Wir bitten Sie daher, im Falle eines Kaufs den f\u00e4lligen Betrag mit dem Einzahlungsschein direkt an die Firma Swiss Billing SA zu \u00fcberweisen. Wir k\u00f6nnen diesen Betrag nicht selbst einziehen.<\/p>\n<p>Wenn Sie die Zahlung per Rechnung w\u00e4hlen, wird automatisch eine Geb\u00fchr von 4,00 CHF f\u00fcr den Versand der Rechnung per E-Mail oder eine Geb\u00fchr von 5,30 CHF f\u00fcr den Versand der Rechnung per Post erhoben und zum Gesamtbetrag der Bestellung hinzugef\u00fcgt.<\/p>\n<h2>Eigentumsvorbehalt<\/h2>\n<p>Bis zur vollst\u00e4ndigen Zahlung der Ware bleibt diese Eigentum von elvetik\u00ae official store.<\/p>\n<h2>Risiko\u00fcbergang<\/h2>\n<p>Der Risiko\u00fcbergang erfolgt mit der Lieferung.<\/p>\n<h2>Adress- oder Namens\u00e4nderung<\/h2>\n<p>Wir danken Ihnen, uns alle Adress- oder Namens\u00e4nderungen vor der Bestellung mitzuteilen, um die ordnungsgem\u00e4\u00dfe Lieferung Ihrer Pakete zu gew\u00e4hrleisten.<\/p>\n<h2>Datenschutz und Richtigkeit der Daten<\/h2>\n<p>F\u00fcr alle Zahlungsmittel verpflichtet sich der Kunde, genaue und korrekte Daten anzugeben. Die Verwendung falscher Daten oder Identit\u00e4tsmissbrauch gilt als Betrug und ist strafbar im Sinne von Artikel 146 bzw. Artikel 147 des StGB und wird strafrechtlich verfolgt.<\/p>\n<p>Alle Kundendaten werden streng vertraulich behandelt und elvetik\u00ae official store verpflichtet sich, die von der ASVPC erlassenen ethischen Regeln sowie die geltende Gesetzgebung, insbesondere in Bezug auf den Datenschutz, einzuhalten.<\/p>\n<p>Die gesammelten Daten werden nur zum Zweck der Bearbeitung der Bestellung, f\u00fcr die Kommunikation mit dem Kunden, f\u00fcr die Planung und Bewertung der Gesch\u00e4ftst\u00e4tigkeit und zu Marketingzwecken sowie f\u00fcr die Konzeption und Entwicklung von Dienstleistungen f\u00fcr den Kunden und f\u00fcr die Erstellung ma\u00dfgeschneiderter Angebote verwendet.<\/p>\n<p>Mit der Anmeldung zum Newsletter akzeptiert der Kunde, dass ihm regelm\u00e4\u00dfig Angebote mitgeteilt werden und dass seine Daten auch zu diesem Zweck verwendet werden.<\/p>\n<p>Jederzeit kann der Kunde elvetik\u00ae official store kontaktieren, um sich von den Newslettern abzumelden.<\/p>\n<div style=\"margin: 2rem 0; padding: 1.5rem; background-color: #f8f9fa; border-left: 4px solid var(--primary, #42a0a6);\">\n<p><strong>elvetik\u00ae official store<\/strong><br \/>\nThierry Collomb<br \/>\nRoute du Pavy 2<br \/>\nCH-1786 Sugiez<br \/>\nSchweiz-Schweiz-Svizzera<\/p>\n<\/div>\n<p>elvetik\u00ae ist eine eingetragene und gesch\u00fctzte Marke durch die Gesetze zum Schutz von Marken in den folgenden L\u00e4ndern: USA, Kanada, Brasilien, EU, CH, Russland, Ukraine.<\/p>\n<p>Die von elvetik\u00ae erstellten Designs sind durch die Gesetze zum Schutz von Designs in den folgenden L\u00e4ndern gesch\u00fctzt: USA, Kanada, Brasilien, EU, CH, Russland, Ukraine.<\/p>\n<h2>Widerrufsrecht.<\/h2>\n<p>Wenn ein Produkt Ihren Erwartungen nicht entspricht, haben Sie eine Frist von 7 Tagen, um es auf Ihre Kosten und auf Ihr Risiko zur\u00fcckzusenden.<\/p>\n<p>F\u00fcr den Umtausch oder die R\u00fcckerstattung beginnt die Frist ab dem Erhalt der Ware.<\/p>\n<p>F\u00fcr einen Gr\u00f6\u00dfenwechsel werden Ihnen keine zus\u00e4tzlichen Versandkosten berechnet. Wir senden Ihnen kostenlos einen neuen Artikel zu.<\/p>\n<p>F\u00fcr die Garantie einer guten Funktionsweise und eines optimalen Service bitten wir Sie, wie folgt vorzugehen:<\/p>\n<ol>\n<li>Informieren Sie elvetik\u00ae official store \u00fcber die R\u00fccksendung der Ware an: info@elvetik.ch<\/li>\n<li>Der Artikel muss in seiner Originalverpackung sein und nie verwendet worden sein.<\/li>\n<li>Der Artikel wird Ihnen nach Erhalt und nach Durchf\u00fchrung der Warenkontrolle erstattet.<\/li>\n<\/ol>\n<p>Bitte finden Sie die R\u00fccksendeadresse unten:<\/p>\n<div style=\"margin: 2rem 0; padding: 1.5rem; background-color: #f8f9fa; border-left: 4px solid var(--primary, #42a0a6);\">\n<p><strong>elvetik\u00ae official store<\/strong><br \/>\nThierry Collomb<br \/>\nRoute du Pavy 2<br \/>\nCH-1786 Sugiez<br \/>\nSchweiz-Schweiz-Svizzera<\/p>\n<\/div>\n","protected":false},"excerpt":{"rendered":"<p>Kaufvertrag und Newsletter-Anmeldung Ein Kaufvertrag gilt als zwischen den Parteien geschlossen, wenn elvetik\u00ae official store die Bestellung dem Kunden schriftlich best\u00e4tigt hat. Ab diesem Zeitpunkt unterliegt der Kunde diesen Allgemeinen Gesch\u00e4ftsbedingungen. Der Kunde hat zu diesem Zeitpunkt die Wahl, sich f\u00fcr den Newsletter anzumelden oder nicht. Er kann sich f\u00fcr diesen Newsletter \u00fcber das daf\u00fcr [&hellip;]<\/p>\n","protected":false},"author":10614,"featured_media":0,"parent":0,"menu_order":0,"comment_status":"closed","ping_status":"closed","template":"","meta":{"_elvetik_care_instructions":"","footnotes":""},"class_list":["post-246655","page","type-page","status-publish","hentry"],"yoast_head":"<!-- This site is optimized with the Yoast SEO plugin v26.8-RC7 - https:\/\/yoast.com\/product\/yoast-seo-wordpress\/ -->\n<title>Allgemeine Gesch\u00e4ftsbedingungen - Elvetik<\/title>\n<meta name=\"robots\" content=\"index, follow, max-snippet:-1, max-image-preview:large, max-video-preview:-1\" \/>\n<link rel=\"canonical\" href=\"https:\/\/elvetik.ch\/de\/allgemeine-geschaeftsbedingungen\/\" \/>\n<meta property=\"og:locale\" content=\"de_DE\" \/>\n<meta property=\"og:type\" content=\"article\" \/>\n<meta property=\"og:title\" content=\"Allgemeine Gesch\u00e4ftsbedingungen - Elvetik\" \/>\n<meta property=\"og:description\" content=\"Kaufvertrag und Newsletter-Anmeldung Ein Kaufvertrag gilt als zwischen den Parteien geschlossen, wenn elvetik\u00ae official store die Bestellung dem Kunden schriftlich best\u00e4tigt hat. Ab diesem Zeitpunkt unterliegt der Kunde diesen Allgemeinen Gesch\u00e4ftsbedingungen. Der Kunde hat zu diesem Zeitpunkt die Wahl, sich f\u00fcr den Newsletter anzumelden oder nicht. Er kann sich f\u00fcr diesen Newsletter \u00fcber das daf\u00fcr [&hellip;]\" \/>\n<meta property=\"og:url\" content=\"https:\/\/elvetik.ch\/de\/allgemeine-geschaeftsbedingungen\/\" \/>\n<meta property=\"og:site_name\" content=\"Elvetik\" \/>\n<meta property=\"article:modified_time\" content=\"2026-01-23T05:18:25+00:00\" \/>\n<meta name=\"twitter:card\" content=\"summary_large_image\" \/>\n<meta name=\"twitter:label1\" content=\"Gesch\u00e4tzte Lesezeit\" \/>\n\t<meta name=\"twitter:data1\" content=\"7\u00a0Minuten\" \/>\n<script type=\"application\/ld+json\" class=\"yoast-schema-graph\">{\"@context\":\"https:\/\/schema.org\",\"@graph\":[{\"@type\":\"WebPage\",\"@id\":\"https:\/\/elvetik.ch\/de\/allgemeine-geschaeftsbedingungen\/\",\"url\":\"https:\/\/elvetik.ch\/de\/allgemeine-geschaeftsbedingungen\/\",\"name\":\"Allgemeine Gesch\u00e4ftsbedingungen - Elvetik\",\"isPartOf\":{\"@id\":\"https:\/\/elvetik.ch\/de\/#website\"},\"datePublished\":\"2026-01-21T15:00:51+00:00\",\"dateModified\":\"2026-01-23T05:18:25+00:00\",\"breadcrumb\":{\"@id\":\"https:\/\/elvetik.ch\/de\/allgemeine-geschaeftsbedingungen\/#breadcrumb\"},\"inLanguage\":\"de\",\"potentialAction\":[{\"@type\":\"ReadAction\",\"target\":[\"https:\/\/elvetik.ch\/de\/allgemeine-geschaeftsbedingungen\/\"]}]},{\"@type\":\"BreadcrumbList\",\"@id\":\"https:\/\/elvetik.ch\/de\/allgemeine-geschaeftsbedingungen\/#breadcrumb\",\"itemListElement\":[{\"@type\":\"ListItem\",\"position\":1,\"name\":\"Home\",\"item\":\"https:\/\/elvetik.ch\/de\/\"},{\"@type\":\"ListItem\",\"position\":2,\"name\":\"Allgemeine Gesch\u00e4ftsbedingungen\"}]},{\"@type\":\"WebSite\",\"@id\":\"https:\/\/elvetik.ch\/de\/#website\",\"url\":\"https:\/\/elvetik.ch\/de\/\",\"name\":\"Elvetik\",\"description\":\"\",\"publisher\":{\"@id\":\"https:\/\/elvetik.ch\/de\/#organization\"},\"potentialAction\":[{\"@type\":\"SearchAction\",\"target\":{\"@type\":\"EntryPoint\",\"urlTemplate\":\"https:\/\/elvetik.ch\/de\/?s={search_term_string}\"},\"query-input\":{\"@type\":\"PropertyValueSpecification\",\"valueRequired\":true,\"valueName\":\"search_term_string\"}}],\"inLanguage\":\"de\"},{\"@type\":\"Organization\",\"@id\":\"https:\/\/elvetik.ch\/de\/#organization\",\"name\":\"Elvetik\",\"url\":\"https:\/\/elvetik.ch\/de\/\",\"logo\":{\"@type\":\"ImageObject\",\"inLanguage\":\"de\",\"@id\":\"https:\/\/elvetik.ch\/de\/#\/schema\/logo\/image\/\",\"url\":\"https:\/\/elvetik.ch\/wp-content\/uploads\/2021\/05\/LOGO-elvetik.png\",\"contentUrl\":\"https:\/\/elvetik.ch\/wp-content\/uploads\/2021\/05\/LOGO-elvetik.png\",\"width\":800,\"height\":400,\"caption\":\"Elvetik\"},\"image\":{\"@id\":\"https:\/\/elvetik.ch\/de\/#\/schema\/logo\/image\/\"}}]}<\/script>\n<!-- \/ Yoast SEO plugin. -->","yoast_head_json":{"title":"Allgemeine Gesch\u00e4ftsbedingungen - Elvetik","robots":{"index":"index","follow":"follow","max-snippet":"max-snippet:-1","max-image-preview":"max-image-preview:large","max-video-preview":"max-video-preview:-1"},"canonical":"https:\/\/elvetik.ch\/de\/allgemeine-geschaeftsbedingungen\/","og_locale":"de_DE","og_type":"article","og_title":"Allgemeine Gesch\u00e4ftsbedingungen - Elvetik","og_description":"Kaufvertrag und Newsletter-Anmeldung Ein Kaufvertrag gilt als zwischen den Parteien geschlossen, wenn elvetik\u00ae official store die Bestellung dem Kunden schriftlich best\u00e4tigt hat. Ab diesem Zeitpunkt unterliegt der Kunde diesen Allgemeinen Gesch\u00e4ftsbedingungen. Der Kunde hat zu diesem Zeitpunkt die Wahl, sich f\u00fcr den Newsletter anzumelden oder nicht. Er kann sich f\u00fcr diesen Newsletter \u00fcber das daf\u00fcr [&hellip;]","og_url":"https:\/\/elvetik.ch\/de\/allgemeine-geschaeftsbedingungen\/","og_site_name":"Elvetik","article_modified_time":"2026-01-23T05:18:25+00:00","twitter_card":"summary_large_image","twitter_misc":{"Gesch\u00e4tzte Lesezeit":"7\u00a0Minuten"},"schema":{"@context":"https:\/\/schema.org","@graph":[{"@type":"WebPage","@id":"https:\/\/elvetik.ch\/de\/allgemeine-geschaeftsbedingungen\/","url":"https:\/\/elvetik.ch\/de\/allgemeine-geschaeftsbedingungen\/","name":"Allgemeine Gesch\u00e4ftsbedingungen - Elvetik","isPartOf":{"@id":"https:\/\/elvetik.ch\/de\/#website"},"datePublished":"2026-01-21T15:00:51+00:00","dateModified":"2026-01-23T05:18:25+00:00","breadcrumb":{"@id":"https:\/\/elvetik.ch\/de\/allgemeine-geschaeftsbedingungen\/#breadcrumb"},"inLanguage":"de","potentialAction":[{"@type":"ReadAction","target":["https:\/\/elvetik.ch\/de\/allgemeine-geschaeftsbedingungen\/"]}]},{"@type":"BreadcrumbList","@id":"https:\/\/elvetik.ch\/de\/allgemeine-geschaeftsbedingungen\/#breadcrumb","itemListElement":[{"@type":"ListItem","position":1,"name":"Home","item":"https:\/\/elvetik.ch\/de\/"},{"@type":"ListItem","position":2,"name":"Allgemeine Gesch\u00e4ftsbedingungen"}]},{"@type":"WebSite","@id":"https:\/\/elvetik.ch\/de\/#website","url":"https:\/\/elvetik.ch\/de\/","name":"Elvetik","description":"","publisher":{"@id":"https:\/\/elvetik.ch\/de\/#organization"},"potentialAction":[{"@type":"SearchAction","target":{"@type":"EntryPoint","urlTemplate":"https:\/\/elvetik.ch\/de\/?s={search_term_string}"},"query-input":{"@type":"PropertyValueSpecification","valueRequired":true,"valueName":"search_term_string"}}],"inLanguage":"de"},{"@type":"Organization","@id":"https:\/\/elvetik.ch\/de\/#organization","name":"Elvetik","url":"https:\/\/elvetik.ch\/de\/","logo":{"@type":"ImageObject","inLanguage":"de","@id":"https:\/\/elvetik.ch\/de\/#\/schema\/logo\/image\/","url":"https:\/\/elvetik.ch\/wp-content\/uploads\/2021\/05\/LOGO-elvetik.png","contentUrl":"https:\/\/elvetik.ch\/wp-content\/uploads\/2021\/05\/LOGO-elvetik.png","width":800,"height":400,"caption":"Elvetik"},"image":{"@id":"https:\/\/elvetik.ch\/de\/#\/schema\/logo\/image\/"}}]}},"_links":{"self":[{"href":"https:\/\/elvetik.ch\/de\/wp-json\/wp\/v2\/pages\/246655","targetHints":{"allow":["GET"]}}],"collection":[{"href":"https:\/\/elvetik.ch\/de\/wp-json\/wp\/v2\/pages"}],"about":[{"href":"https:\/\/elvetik.ch\/de\/wp-json\/wp\/v2\/types\/page"}],"author":[{"embeddable":true,"href":"https:\/\/elvetik.ch\/de\/wp-json\/wp\/v2\/users\/10614"}],"replies":[{"embeddable":true,"href":"https:\/\/elvetik.ch\/de\/wp-json\/wp\/v2\/comments?post=246655"}],"version-history":[{"count":1,"href":"https:\/\/elvetik.ch\/de\/wp-json\/wp\/v2\/pages\/246655\/revisions"}],"predecessor-version":[{"id":246710,"href":"https:\/\/elvetik.ch\/de\/wp-json\/wp\/v2\/pages\/246655\/revisions\/246710"}],"wp:attachment":[{"href":"https:\/\/elvetik.ch\/de\/wp-json\/wp\/v2\/media?parent=246655"}],"curies":[{"name":"wp","href":"https:\/\/api.w.org\/{rel}","templated":true}]}}