{"id":222550,"date":"2021-03-24T14:19:18","date_gmt":"2021-03-24T13:19:18","guid":{"rendered":"https:\/\/www.elvetik.ch\/shop\/unkategorisiert\/schwarze-spitze-spangles\/"},"modified":"2025-02-26T12:23:04","modified_gmt":"2025-02-26T11:23:04","slug":"schuhband-schwarz-mit-pailletten","status":"publish","type":"product","link":"https:\/\/elvetik.ch\/de\/shop\/damen\/schuhbaender-damen-stiefel\/schuhband-schwarz-mit-pailletten\/","title":{"rendered":"Schuhband SCHWARZ MIT PAILLETTEN"},"content":{"rendered":"<p>Schuhband &#8211;\u00a0Nylon &#8211;\u00a0150 cm<\/p>\n<p>MADE BY ELVETIK\u00ae SWISS DESIGN<\/p>\n","protected":false},"excerpt":{"rendered":"<p>&nbsp;<\/p>\n<p>Schuhband &#8211;\u00a0Nylon &#8211;\u00a0150 cm<\/p>\n<p>&nbsp;<\/p>\n<div>\n<p><span style=\"color: #008000;\"><strong>GRATISLIEFERUNG IN DER SCHWEIZ<\/strong><\/span><\/p>\n<\/div>\n","protected":false},"featured_media":212755,"template":"","meta":{"_elvetik_care_instructions":""},"product_brand":[],"product_cat":[624,701,658,660,626],"product_tag":[],"class_list":{"0":"post-222550","1":"product","2":"type-product","3":"status-publish","4":"has-post-thumbnail","6":"product_cat-kinder","7":"product_cat-damen","8":"product_cat-schuhbaender-damen-stiefel","9":"product_cat-herren","10":"product_cat-schuhbander-herren","11":"pa_lacet-eine-grosse-150cm-de","13":"first","14":"instock","15":"purchasable","16":"product-type-simple"},"yoast_head":"<!-- This site is optimized with the Yoast SEO plugin v26.8-RC7 - https:\/\/yoast.com\/product\/yoast-seo-wordpress\/ -->\n<title>Schn\u00fcrsenkel schwarz mit pailletten zum Wechseln - Bringen Sie Farbe an Ihre F\u00fc\u00dfe - elvetik.ch<\/title>\n<meta name=\"description\" content=\"Schwarz Nylonschn\u00fcrsenkel zum online bestellen. Kostenlose Lieferung in der ganzen Schweiz. Bringen Sie etwas Farbe in Ihre F\u00fc\u00dfe und wechseln Sie die Schn\u00fcrsenkel jeden Tag. Zu finden unter elvetik.ch\" \/>\n<meta name=\"robots\" content=\"index, follow, max-snippet:-1, max-image-preview:large, max-video-preview:-1\" \/>\n<link rel=\"canonical\" href=\"https:\/\/elvetik.ch\/de\/shop\/damen\/schuhbaender-damen-stiefel\/schuhband-schwarz-mit-pailletten\/\" \/>\n<meta property=\"og:locale\" content=\"de_DE\" \/>\n<meta property=\"og:type\" content=\"article\" \/>\n<meta property=\"og:title\" content=\"\u00c4ndern Sie die Farbe - Bestellen Sie Ihre Elvetik-Schn\u00fcrsenkel online und variieren Sie das Vergn\u00fcgen je nach Lust und Laune\" \/>\n<meta property=\"og:description\" content=\"Nylon-Schn\u00fcrsenkel zum online bestellen. Kostenlose Lieferung in der gesamten Schweiz. Bringen Sie etwas Farbe in Ihre F\u00fc\u00dfe und wechseln Sie die Schn\u00fcrsenkel jeden Tag. Zu finden unter elvetik.ch\" \/>\n<meta property=\"og:url\" content=\"https:\/\/elvetik.ch\/de\/shop\/damen\/schuhbaender-damen-stiefel\/schuhband-schwarz-mit-pailletten\/\" \/>\n<meta property=\"og:site_name\" content=\"Elvetik\" \/>\n<meta property=\"article:modified_time\" content=\"2025-02-26T11:23:04+00:00\" \/>\n<meta property=\"og:image\" content=\"https:\/\/elvetik.ch\/wp-content\/uploads\/2021\/03\/lacet-noir-paillette-45-scaled-e1612895082672-2.jpg\" \/>\n\t<meta property=\"og:image:width\" content=\"800\" \/>\n\t<meta property=\"og:image:height\" content=\"597\" \/>\n\t<meta property=\"og:image:type\" content=\"image\/jpeg\" \/>\n<meta name=\"twitter:card\" content=\"summary_large_image\" \/>\n<script type=\"application\/ld+json\" class=\"yoast-schema-graph\">{\"@context\":\"https:\/\/schema.org\",\"@graph\":[{\"@type\":\"WebPage\",\"@id\":\"https:\/\/elvetik.ch\/de\/shop\/damen\/schuhbaender-damen-stiefel\/schuhband-schwarz-mit-pailletten\/\",\"url\":\"https:\/\/elvetik.ch\/de\/shop\/damen\/schuhbaender-damen-stiefel\/schuhband-schwarz-mit-pailletten\/\",\"name\":\"Schn\u00fcrsenkel schwarz mit pailletten zum Wechseln - Bringen Sie Farbe an Ihre F\u00fc\u00dfe - elvetik.ch\",\"isPartOf\":{\"@id\":\"https:\/\/elvetik.ch\/de\/#website\"},\"primaryImageOfPage\":{\"@id\":\"https:\/\/elvetik.ch\/de\/shop\/damen\/schuhbaender-damen-stiefel\/schuhband-schwarz-mit-pailletten\/#primaryimage\"},\"image\":{\"@id\":\"https:\/\/elvetik.ch\/de\/shop\/damen\/schuhbaender-damen-stiefel\/schuhband-schwarz-mit-pailletten\/#primaryimage\"},\"thumbnailUrl\":\"https:\/\/elvetik.ch\/wp-content\/uploads\/2021\/03\/lacet-noir-paillette-45-scaled-e1612895082672-2.jpg\",\"datePublished\":\"2021-03-24T13:19:18+00:00\",\"dateModified\":\"2025-02-26T11:23:04+00:00\",\"description\":\"Schwarz Nylonschn\u00fcrsenkel zum online bestellen. Kostenlose Lieferung in der ganzen Schweiz. Bringen Sie etwas Farbe in Ihre F\u00fc\u00dfe und wechseln Sie die Schn\u00fcrsenkel jeden Tag. Zu finden unter elvetik.ch\",\"breadcrumb\":{\"@id\":\"https:\/\/elvetik.ch\/de\/shop\/damen\/schuhbaender-damen-stiefel\/schuhband-schwarz-mit-pailletten\/#breadcrumb\"},\"inLanguage\":\"de\",\"potentialAction\":[{\"@type\":\"ReadAction\",\"target\":[\"https:\/\/elvetik.ch\/de\/shop\/damen\/schuhbaender-damen-stiefel\/schuhband-schwarz-mit-pailletten\/\"]}]},{\"@type\":\"ImageObject\",\"inLanguage\":\"de\",\"@id\":\"https:\/\/elvetik.ch\/de\/shop\/damen\/schuhbaender-damen-stiefel\/schuhband-schwarz-mit-pailletten\/#primaryimage\",\"url\":\"https:\/\/elvetik.ch\/wp-content\/uploads\/2021\/03\/lacet-noir-paillette-45-scaled-e1612895082672-2.jpg\",\"contentUrl\":\"https:\/\/elvetik.ch\/wp-content\/uploads\/2021\/03\/lacet-noir-paillette-45-scaled-e1612895082672-2.jpg\",\"width\":800,\"height\":597,\"caption\":\"Nouvelle couleur noire \u00e0 paillettes - elvetik - Mettez de la couleur \u00e0 vos bottes de pluie\"},{\"@type\":\"BreadcrumbList\",\"@id\":\"https:\/\/elvetik.ch\/de\/shop\/damen\/schuhbaender-damen-stiefel\/schuhband-schwarz-mit-pailletten\/#breadcrumb\",\"itemListElement\":[{\"@type\":\"ListItem\",\"position\":1,\"name\":\"Home\",\"item\":\"https:\/\/elvetik.ch\/de\/\"},{\"@type\":\"ListItem\",\"position\":2,\"name\":\"Shop\",\"item\":\"https:\/\/elvetik.ch\/de\/shop-2\/\"},{\"@type\":\"ListItem\",\"position\":3,\"name\":\"Schuhband SCHWARZ MIT PAILLETTEN\"}]},{\"@type\":\"WebSite\",\"@id\":\"https:\/\/elvetik.ch\/de\/#website\",\"url\":\"https:\/\/elvetik.ch\/de\/\",\"name\":\"Elvetik\",\"description\":\"\",\"publisher\":{\"@id\":\"https:\/\/elvetik.ch\/de\/#organization\"},\"potentialAction\":[{\"@type\":\"SearchAction\",\"target\":{\"@type\":\"EntryPoint\",\"urlTemplate\":\"https:\/\/elvetik.ch\/de\/?s={search_term_string}\"},\"query-input\":{\"@type\":\"PropertyValueSpecification\",\"valueRequired\":true,\"valueName\":\"search_term_string\"}}],\"inLanguage\":\"de\"},{\"@type\":\"Organization\",\"@id\":\"https:\/\/elvetik.ch\/de\/#organization\",\"name\":\"Elvetik\",\"url\":\"https:\/\/elvetik.ch\/de\/\",\"logo\":{\"@type\":\"ImageObject\",\"inLanguage\":\"de\",\"@id\":\"https:\/\/elvetik.ch\/de\/#\/schema\/logo\/image\/\",\"url\":\"https:\/\/elvetik.ch\/wp-content\/uploads\/2021\/05\/LOGO-elvetik.png\",\"contentUrl\":\"https:\/\/elvetik.ch\/wp-content\/uploads\/2021\/05\/LOGO-elvetik.png\",\"width\":800,\"height\":400,\"caption\":\"Elvetik\"},\"image\":{\"@id\":\"https:\/\/elvetik.ch\/de\/#\/schema\/logo\/image\/\"}}]}<\/script>\n<!-- \/ Yoast SEO plugin. -->","yoast_head_json":{"title":"Schn\u00fcrsenkel schwarz mit pailletten zum Wechseln - Bringen Sie Farbe an Ihre F\u00fc\u00dfe - elvetik.ch","description":"Schwarz Nylonschn\u00fcrsenkel zum online bestellen. Kostenlose Lieferung in der ganzen Schweiz. Bringen Sie etwas Farbe in Ihre F\u00fc\u00dfe und wechseln Sie die Schn\u00fcrsenkel jeden Tag. Zu finden unter elvetik.ch","robots":{"index":"index","follow":"follow","max-snippet":"max-snippet:-1","max-image-preview":"max-image-preview:large","max-video-preview":"max-video-preview:-1"},"canonical":"https:\/\/elvetik.ch\/de\/shop\/damen\/schuhbaender-damen-stiefel\/schuhband-schwarz-mit-pailletten\/","og_locale":"de_DE","og_type":"article","og_title":"\u00c4ndern Sie die Farbe - Bestellen Sie Ihre Elvetik-Schn\u00fcrsenkel online und variieren Sie das Vergn\u00fcgen je nach Lust und Laune","og_description":"Nylon-Schn\u00fcrsenkel zum online bestellen. Kostenlose Lieferung in der gesamten Schweiz. Bringen Sie etwas Farbe in Ihre F\u00fc\u00dfe und wechseln Sie die Schn\u00fcrsenkel jeden Tag. Zu finden unter elvetik.ch","og_url":"https:\/\/elvetik.ch\/de\/shop\/damen\/schuhbaender-damen-stiefel\/schuhband-schwarz-mit-pailletten\/","og_site_name":"Elvetik","article_modified_time":"2025-02-26T11:23:04+00:00","og_image":[{"width":800,"height":597,"url":"https:\/\/elvetik.ch\/wp-content\/uploads\/2021\/03\/lacet-noir-paillette-45-scaled-e1612895082672-2.jpg","type":"image\/jpeg"}],"twitter_card":"summary_large_image","schema":{"@context":"https:\/\/schema.org","@graph":[{"@type":"WebPage","@id":"https:\/\/elvetik.ch\/de\/shop\/damen\/schuhbaender-damen-stiefel\/schuhband-schwarz-mit-pailletten\/","url":"https:\/\/elvetik.ch\/de\/shop\/damen\/schuhbaender-damen-stiefel\/schuhband-schwarz-mit-pailletten\/","name":"Schn\u00fcrsenkel schwarz mit pailletten zum Wechseln - Bringen Sie Farbe an Ihre F\u00fc\u00dfe - elvetik.ch","isPartOf":{"@id":"https:\/\/elvetik.ch\/de\/#website"},"primaryImageOfPage":{"@id":"https:\/\/elvetik.ch\/de\/shop\/damen\/schuhbaender-damen-stiefel\/schuhband-schwarz-mit-pailletten\/#primaryimage"},"image":{"@id":"https:\/\/elvetik.ch\/de\/shop\/damen\/schuhbaender-damen-stiefel\/schuhband-schwarz-mit-pailletten\/#primaryimage"},"thumbnailUrl":"https:\/\/elvetik.ch\/wp-content\/uploads\/2021\/03\/lacet-noir-paillette-45-scaled-e1612895082672-2.jpg","datePublished":"2021-03-24T13:19:18+00:00","dateModified":"2025-02-26T11:23:04+00:00","description":"Schwarz Nylonschn\u00fcrsenkel zum online bestellen. Kostenlose Lieferung in der ganzen Schweiz. Bringen Sie etwas Farbe in Ihre F\u00fc\u00dfe und wechseln Sie die Schn\u00fcrsenkel jeden Tag. Zu finden unter elvetik.ch","breadcrumb":{"@id":"https:\/\/elvetik.ch\/de\/shop\/damen\/schuhbaender-damen-stiefel\/schuhband-schwarz-mit-pailletten\/#breadcrumb"},"inLanguage":"de","potentialAction":[{"@type":"ReadAction","target":["https:\/\/elvetik.ch\/de\/shop\/damen\/schuhbaender-damen-stiefel\/schuhband-schwarz-mit-pailletten\/"]}]},{"@type":"ImageObject","inLanguage":"de","@id":"https:\/\/elvetik.ch\/de\/shop\/damen\/schuhbaender-damen-stiefel\/schuhband-schwarz-mit-pailletten\/#primaryimage","url":"https:\/\/elvetik.ch\/wp-content\/uploads\/2021\/03\/lacet-noir-paillette-45-scaled-e1612895082672-2.jpg","contentUrl":"https:\/\/elvetik.ch\/wp-content\/uploads\/2021\/03\/lacet-noir-paillette-45-scaled-e1612895082672-2.jpg","width":800,"height":597,"caption":"Nouvelle couleur noire \u00e0 paillettes - elvetik - Mettez de la couleur \u00e0 vos bottes de pluie"},{"@type":"BreadcrumbList","@id":"https:\/\/elvetik.ch\/de\/shop\/damen\/schuhbaender-damen-stiefel\/schuhband-schwarz-mit-pailletten\/#breadcrumb","itemListElement":[{"@type":"ListItem","position":1,"name":"Home","item":"https:\/\/elvetik.ch\/de\/"},{"@type":"ListItem","position":2,"name":"Shop","item":"https:\/\/elvetik.ch\/de\/shop-2\/"},{"@type":"ListItem","position":3,"name":"Schuhband SCHWARZ MIT PAILLETTEN"}]},{"@type":"WebSite","@id":"https:\/\/elvetik.ch\/de\/#website","url":"https:\/\/elvetik.ch\/de\/","name":"Elvetik","description":"","publisher":{"@id":"https:\/\/elvetik.ch\/de\/#organization"},"potentialAction":[{"@type":"SearchAction","target":{"@type":"EntryPoint","urlTemplate":"https:\/\/elvetik.ch\/de\/?s={search_term_string}"},"query-input":{"@type":"PropertyValueSpecification","valueRequired":true,"valueName":"search_term_string"}}],"inLanguage":"de"},{"@type":"Organization","@id":"https:\/\/elvetik.ch\/de\/#organization","name":"Elvetik","url":"https:\/\/elvetik.ch\/de\/","logo":{"@type":"ImageObject","inLanguage":"de","@id":"https:\/\/elvetik.ch\/de\/#\/schema\/logo\/image\/","url":"https:\/\/elvetik.ch\/wp-content\/uploads\/2021\/05\/LOGO-elvetik.png","contentUrl":"https:\/\/elvetik.ch\/wp-content\/uploads\/2021\/05\/LOGO-elvetik.png","width":800,"height":400,"caption":"Elvetik"},"image":{"@id":"https:\/\/elvetik.ch\/de\/#\/schema\/logo\/image\/"}}]}},"_links":{"self":[{"href":"https:\/\/elvetik.ch\/de\/wp-json\/wp\/v2\/product\/222550","targetHints":{"allow":["GET"]}}],"collection":[{"href":"https:\/\/elvetik.ch\/de\/wp-json\/wp\/v2\/product"}],"about":[{"href":"https:\/\/elvetik.ch\/de\/wp-json\/wp\/v2\/types\/product"}],"wp:featuredmedia":[{"embeddable":true,"href":"https:\/\/elvetik.ch\/de\/wp-json\/wp\/v2\/media\/212755"}],"wp:attachment":[{"href":"https:\/\/elvetik.ch\/de\/wp-json\/wp\/v2\/media?parent=222550"}],"wp:term":[{"taxonomy":"product_brand","embeddable":true,"href":"https:\/\/elvetik.ch\/de\/wp-json\/wp\/v2\/product_brand?post=222550"},{"taxonomy":"product_cat","embeddable":true,"href":"https:\/\/elvetik.ch\/de\/wp-json\/wp\/v2\/product_cat?post=222550"},{"taxonomy":"product_tag","embeddable":true,"href":"https:\/\/elvetik.ch\/de\/wp-json\/wp\/v2\/product_tag?post=222550"}],"curies":[{"name":"wp","href":"https:\/\/api.w.org\/{rel}","templated":true}]}}