{"id":222721,"date":"2021-03-24T14:15:54","date_gmt":"2021-03-24T13:15:54","guid":{"rendered":"https:\/\/www.elvetik.ch\/shop\/unkategorisiert\/maya\/"},"modified":"2025-09-08T12:58:18","modified_gmt":"2025-09-08T10:58:18","slug":"maya-elvetik-gummistiefel","status":"publish","type":"product","link":"https:\/\/elvetik.ch\/de\/shop\/ausverkauf-mode\/kinder-ausverkauf\/maya-elvetik-gummistiefel\/","title":{"rendered":"MAYA"},"content":{"rendered":"<div>\n<div>\n<div>\n<div>\n<p>Profilierte Sohle<\/p>\n<\/div>\n<\/div>\n<\/div>\n<p>Doppelter Verst\u00e4rkungsstreifen (r\u00fcckseitig)<\/p>\n<p>100% nat\u00fcrlicher Kautschuk<\/p>\n<\/div>\n<div>\n<p>100% wasserdicht<\/p>\n<\/div>\n<div>\n<p>Design\u00a9 USA, Canada, Brazil, EU, CH, Russia, Ukraine<\/p>\n<\/div>\n<div>\n<p>MADE BY ELVETIK\u00ae SWISS DESIGN<\/p>\n<\/div>\n","protected":false},"excerpt":{"rendered":"<p><span style=\"color: #000000;\"><strong>Neue Profilierte Sohle\u00a0<\/strong><\/span><\/p>\n<p><u>Geliefert mit:<\/u><\/p>\n<div>\n<p>2 Paar zus\u00e4tzliche Schn\u00fcrsenkel: t\u00fcrkis &amp; gelb<\/p>\n<\/div>\n<div>\n<p>1 Paar zus\u00e4tzliche Einlagen<\/p>\n<p><u>Innenausf\u00fchrung:<\/u><\/p>\n<\/div>\n<div>\n<p>100% Baumwolle, schwarz, Einlage EVA 5mm<\/p>\n<\/div>\n<div>\n<div>\n<p>100% Naturgummi, 100% wasserdicht<\/p>\n<p>H\u00f6he\u00a019 cm<\/p>\n<p><u>Empfohlenes Zubeh\u00f6r:<\/u><\/p>\n<\/div>\n<div>\n<div>\n<p><span style=\"color: #3366ff;\">Polarsocken\u00a0<\/span>(nicht bei den Stiefeln inbegriffen)<\/p>\n<p><span style=\"color: #008000;\"><strong>GRATISLIEFERUNG IN DER SCHWEIZ<\/strong><\/span><\/p>\n<\/div>\n<\/div>\n<\/div>\n","protected":false},"featured_media":1063,"template":"","meta":{"_elvetik_care_instructions":""},"product_brand":[],"product_cat":[624,628,701,824,717,660,827,673,277,716,684,674],"product_tag":[],"class_list":{"0":"post-222721","1":"product","2":"type-product","3":"status-publish","4":"has-post-thumbnail","6":"product_cat-kinder","7":"product_cat-kinder-regenstiefel","8":"product_cat-damen","9":"product_cat-damen-regenstiefel","10":"product_cat-ausverkauf-damen","11":"product_cat-herren","12":"product_cat-regenstiefel-herren","13":"product_cat-ausverkauf-herren","14":"product_cat-bottes-soldes","15":"product_cat-damen-ausverkauf","16":"product_cat-herren-ausverkauf","17":"product_cat-kinder-ausverkauf","18":"pa_taille-37-de","19":"pa_taille-38-de","20":"pa_taille-41-de","21":"pa_taille-42-de","23":"first","24":"instock","25":"sale","26":"purchasable","27":"product-type-variable"},"yoast_head":"<!-- This site is optimized with the Yoast SEO plugin v26.8-RC7 - https:\/\/yoast.com\/product\/yoast-seo-wordpress\/ -->\n<title>Gummistiefel Maya - Original Regenstiefel - elvetik.ch<\/title>\n<meta name=\"description\" content=\"Stiefel aus 100% Naturkautschuk, elvetik gummistiefel. Gratis Lieferung in der Schweiz\" \/>\n<meta name=\"robots\" content=\"index, follow, max-snippet:-1, max-image-preview:large, max-video-preview:-1\" \/>\n<link rel=\"canonical\" href=\"https:\/\/elvetik.ch\/de\/shop\/ausverkauf-mode\/kinder-ausverkauf\/maya-elvetik-gummistiefel\/\" \/>\n<meta property=\"og:locale\" content=\"de_DE\" \/>\n<meta property=\"og:type\" content=\"article\" \/>\n<meta property=\"og:title\" content=\"Gummistiefel Maya - Original Regenstiefel - elvetik.ch\" \/>\n<meta property=\"og:description\" content=\"Stiefel aus 100% Naturkautschuk, elvetik gummistiefel. Gratis Lieferung in der Schweiz\" \/>\n<meta property=\"og:url\" content=\"https:\/\/elvetik.ch\/de\/shop\/ausverkauf-mode\/kinder-ausverkauf\/maya-elvetik-gummistiefel\/\" \/>\n<meta property=\"og:site_name\" content=\"Elvetik\" \/>\n<meta property=\"article:modified_time\" content=\"2025-09-08T10:58:18+00:00\" \/>\n<meta property=\"og:image\" content=\"https:\/\/elvetik.ch\/wp-content\/uploads\/2021\/03\/p_2_0_4_7_2047-MAYA-e1609245679980.jpg\" \/>\n\t<meta property=\"og:image:width\" content=\"700\" \/>\n\t<meta property=\"og:image:height\" content=\"739\" \/>\n\t<meta property=\"og:image:type\" content=\"image\/jpeg\" \/>\n<meta name=\"twitter:card\" content=\"summary_large_image\" \/>\n<meta name=\"twitter:label1\" content=\"Gesch\u00e4tzte Lesezeit\" \/>\n\t<meta name=\"twitter:data1\" content=\"1\u00a0Minute\" \/>\n<script type=\"application\/ld+json\" class=\"yoast-schema-graph\">{\"@context\":\"https:\/\/schema.org\",\"@graph\":[{\"@type\":\"WebPage\",\"@id\":\"https:\/\/elvetik.ch\/de\/shop\/ausverkauf-mode\/kinder-ausverkauf\/maya-elvetik-gummistiefel\/\",\"url\":\"https:\/\/elvetik.ch\/de\/shop\/ausverkauf-mode\/kinder-ausverkauf\/maya-elvetik-gummistiefel\/\",\"name\":\"Gummistiefel Maya - Original Regenstiefel - elvetik.ch\",\"isPartOf\":{\"@id\":\"https:\/\/elvetik.ch\/de\/#website\"},\"primaryImageOfPage\":{\"@id\":\"https:\/\/elvetik.ch\/de\/shop\/ausverkauf-mode\/kinder-ausverkauf\/maya-elvetik-gummistiefel\/#primaryimage\"},\"image\":{\"@id\":\"https:\/\/elvetik.ch\/de\/shop\/ausverkauf-mode\/kinder-ausverkauf\/maya-elvetik-gummistiefel\/#primaryimage\"},\"thumbnailUrl\":\"https:\/\/elvetik.ch\/wp-content\/uploads\/2021\/03\/p_2_0_4_7_2047-MAYA-e1609245679980.jpg\",\"datePublished\":\"2021-03-24T13:15:54+00:00\",\"dateModified\":\"2025-09-08T10:58:18+00:00\",\"description\":\"Stiefel aus 100% Naturkautschuk, elvetik gummistiefel. Gratis Lieferung in der Schweiz\",\"breadcrumb\":{\"@id\":\"https:\/\/elvetik.ch\/de\/shop\/ausverkauf-mode\/kinder-ausverkauf\/maya-elvetik-gummistiefel\/#breadcrumb\"},\"inLanguage\":\"de\",\"potentialAction\":[{\"@type\":\"ReadAction\",\"target\":[\"https:\/\/elvetik.ch\/de\/shop\/ausverkauf-mode\/kinder-ausverkauf\/maya-elvetik-gummistiefel\/\"]}]},{\"@type\":\"ImageObject\",\"inLanguage\":\"de\",\"@id\":\"https:\/\/elvetik.ch\/de\/shop\/ausverkauf-mode\/kinder-ausverkauf\/maya-elvetik-gummistiefel\/#primaryimage\",\"url\":\"https:\/\/elvetik.ch\/wp-content\/uploads\/2021\/03\/p_2_0_4_7_2047-MAYA-e1609245679980.jpg\",\"contentUrl\":\"https:\/\/elvetik.ch\/wp-content\/uploads\/2021\/03\/p_2_0_4_7_2047-MAYA-e1609245679980.jpg\",\"width\":700,\"height\":739,\"caption\":\"MAYA elvetik gummistiefel\"},{\"@type\":\"BreadcrumbList\",\"@id\":\"https:\/\/elvetik.ch\/de\/shop\/ausverkauf-mode\/kinder-ausverkauf\/maya-elvetik-gummistiefel\/#breadcrumb\",\"itemListElement\":[{\"@type\":\"ListItem\",\"position\":1,\"name\":\"Home\",\"item\":\"https:\/\/elvetik.ch\/de\/\"},{\"@type\":\"ListItem\",\"position\":2,\"name\":\"Shop\",\"item\":\"https:\/\/elvetik.ch\/de\/shop-2\/\"},{\"@type\":\"ListItem\",\"position\":3,\"name\":\"MAYA\"}]},{\"@type\":\"WebSite\",\"@id\":\"https:\/\/elvetik.ch\/de\/#website\",\"url\":\"https:\/\/elvetik.ch\/de\/\",\"name\":\"Elvetik\",\"description\":\"\",\"publisher\":{\"@id\":\"https:\/\/elvetik.ch\/de\/#organization\"},\"potentialAction\":[{\"@type\":\"SearchAction\",\"target\":{\"@type\":\"EntryPoint\",\"urlTemplate\":\"https:\/\/elvetik.ch\/de\/?s={search_term_string}\"},\"query-input\":{\"@type\":\"PropertyValueSpecification\",\"valueRequired\":true,\"valueName\":\"search_term_string\"}}],\"inLanguage\":\"de\"},{\"@type\":\"Organization\",\"@id\":\"https:\/\/elvetik.ch\/de\/#organization\",\"name\":\"Elvetik\",\"url\":\"https:\/\/elvetik.ch\/de\/\",\"logo\":{\"@type\":\"ImageObject\",\"inLanguage\":\"de\",\"@id\":\"https:\/\/elvetik.ch\/de\/#\/schema\/logo\/image\/\",\"url\":\"https:\/\/elvetik.ch\/wp-content\/uploads\/2021\/05\/LOGO-elvetik.png\",\"contentUrl\":\"https:\/\/elvetik.ch\/wp-content\/uploads\/2021\/05\/LOGO-elvetik.png\",\"width\":800,\"height\":400,\"caption\":\"Elvetik\"},\"image\":{\"@id\":\"https:\/\/elvetik.ch\/de\/#\/schema\/logo\/image\/\"}}]}<\/script>\n<!-- \/ Yoast SEO plugin. -->","yoast_head_json":{"title":"Gummistiefel Maya - Original Regenstiefel - elvetik.ch","description":"Stiefel aus 100% Naturkautschuk, elvetik gummistiefel. Gratis Lieferung in der Schweiz","robots":{"index":"index","follow":"follow","max-snippet":"max-snippet:-1","max-image-preview":"max-image-preview:large","max-video-preview":"max-video-preview:-1"},"canonical":"https:\/\/elvetik.ch\/de\/shop\/ausverkauf-mode\/kinder-ausverkauf\/maya-elvetik-gummistiefel\/","og_locale":"de_DE","og_type":"article","og_title":"Gummistiefel Maya - Original Regenstiefel - elvetik.ch","og_description":"Stiefel aus 100% Naturkautschuk, elvetik gummistiefel. Gratis Lieferung in der Schweiz","og_url":"https:\/\/elvetik.ch\/de\/shop\/ausverkauf-mode\/kinder-ausverkauf\/maya-elvetik-gummistiefel\/","og_site_name":"Elvetik","article_modified_time":"2025-09-08T10:58:18+00:00","og_image":[{"width":700,"height":739,"url":"https:\/\/elvetik.ch\/wp-content\/uploads\/2021\/03\/p_2_0_4_7_2047-MAYA-e1609245679980.jpg","type":"image\/jpeg"}],"twitter_card":"summary_large_image","twitter_misc":{"Gesch\u00e4tzte Lesezeit":"1\u00a0Minute"},"schema":{"@context":"https:\/\/schema.org","@graph":[{"@type":"WebPage","@id":"https:\/\/elvetik.ch\/de\/shop\/ausverkauf-mode\/kinder-ausverkauf\/maya-elvetik-gummistiefel\/","url":"https:\/\/elvetik.ch\/de\/shop\/ausverkauf-mode\/kinder-ausverkauf\/maya-elvetik-gummistiefel\/","name":"Gummistiefel Maya - Original Regenstiefel - elvetik.ch","isPartOf":{"@id":"https:\/\/elvetik.ch\/de\/#website"},"primaryImageOfPage":{"@id":"https:\/\/elvetik.ch\/de\/shop\/ausverkauf-mode\/kinder-ausverkauf\/maya-elvetik-gummistiefel\/#primaryimage"},"image":{"@id":"https:\/\/elvetik.ch\/de\/shop\/ausverkauf-mode\/kinder-ausverkauf\/maya-elvetik-gummistiefel\/#primaryimage"},"thumbnailUrl":"https:\/\/elvetik.ch\/wp-content\/uploads\/2021\/03\/p_2_0_4_7_2047-MAYA-e1609245679980.jpg","datePublished":"2021-03-24T13:15:54+00:00","dateModified":"2025-09-08T10:58:18+00:00","description":"Stiefel aus 100% Naturkautschuk, elvetik gummistiefel. Gratis Lieferung in der Schweiz","breadcrumb":{"@id":"https:\/\/elvetik.ch\/de\/shop\/ausverkauf-mode\/kinder-ausverkauf\/maya-elvetik-gummistiefel\/#breadcrumb"},"inLanguage":"de","potentialAction":[{"@type":"ReadAction","target":["https:\/\/elvetik.ch\/de\/shop\/ausverkauf-mode\/kinder-ausverkauf\/maya-elvetik-gummistiefel\/"]}]},{"@type":"ImageObject","inLanguage":"de","@id":"https:\/\/elvetik.ch\/de\/shop\/ausverkauf-mode\/kinder-ausverkauf\/maya-elvetik-gummistiefel\/#primaryimage","url":"https:\/\/elvetik.ch\/wp-content\/uploads\/2021\/03\/p_2_0_4_7_2047-MAYA-e1609245679980.jpg","contentUrl":"https:\/\/elvetik.ch\/wp-content\/uploads\/2021\/03\/p_2_0_4_7_2047-MAYA-e1609245679980.jpg","width":700,"height":739,"caption":"MAYA elvetik gummistiefel"},{"@type":"BreadcrumbList","@id":"https:\/\/elvetik.ch\/de\/shop\/ausverkauf-mode\/kinder-ausverkauf\/maya-elvetik-gummistiefel\/#breadcrumb","itemListElement":[{"@type":"ListItem","position":1,"name":"Home","item":"https:\/\/elvetik.ch\/de\/"},{"@type":"ListItem","position":2,"name":"Shop","item":"https:\/\/elvetik.ch\/de\/shop-2\/"},{"@type":"ListItem","position":3,"name":"MAYA"}]},{"@type":"WebSite","@id":"https:\/\/elvetik.ch\/de\/#website","url":"https:\/\/elvetik.ch\/de\/","name":"Elvetik","description":"","publisher":{"@id":"https:\/\/elvetik.ch\/de\/#organization"},"potentialAction":[{"@type":"SearchAction","target":{"@type":"EntryPoint","urlTemplate":"https:\/\/elvetik.ch\/de\/?s={search_term_string}"},"query-input":{"@type":"PropertyValueSpecification","valueRequired":true,"valueName":"search_term_string"}}],"inLanguage":"de"},{"@type":"Organization","@id":"https:\/\/elvetik.ch\/de\/#organization","name":"Elvetik","url":"https:\/\/elvetik.ch\/de\/","logo":{"@type":"ImageObject","inLanguage":"de","@id":"https:\/\/elvetik.ch\/de\/#\/schema\/logo\/image\/","url":"https:\/\/elvetik.ch\/wp-content\/uploads\/2021\/05\/LOGO-elvetik.png","contentUrl":"https:\/\/elvetik.ch\/wp-content\/uploads\/2021\/05\/LOGO-elvetik.png","width":800,"height":400,"caption":"Elvetik"},"image":{"@id":"https:\/\/elvetik.ch\/de\/#\/schema\/logo\/image\/"}}]}},"_links":{"self":[{"href":"https:\/\/elvetik.ch\/de\/wp-json\/wp\/v2\/product\/222721","targetHints":{"allow":["GET"]}}],"collection":[{"href":"https:\/\/elvetik.ch\/de\/wp-json\/wp\/v2\/product"}],"about":[{"href":"https:\/\/elvetik.ch\/de\/wp-json\/wp\/v2\/types\/product"}],"wp:featuredmedia":[{"embeddable":true,"href":"https:\/\/elvetik.ch\/de\/wp-json\/wp\/v2\/media\/1063"}],"wp:attachment":[{"href":"https:\/\/elvetik.ch\/de\/wp-json\/wp\/v2\/media?parent=222721"}],"wp:term":[{"taxonomy":"product_brand","embeddable":true,"href":"https:\/\/elvetik.ch\/de\/wp-json\/wp\/v2\/product_brand?post=222721"},{"taxonomy":"product_cat","embeddable":true,"href":"https:\/\/elvetik.ch\/de\/wp-json\/wp\/v2\/product_cat?post=222721"},{"taxonomy":"product_tag","embeddable":true,"href":"https:\/\/elvetik.ch\/de\/wp-json\/wp\/v2\/product_tag?post=222721"}],"curies":[{"name":"wp","href":"https:\/\/api.w.org\/{rel}","templated":true}]}}