{"id":222744,"date":"2021-03-24T14:15:31","date_gmt":"2021-03-24T13:15:31","guid":{"rendered":"https:\/\/www.elvetik.ch\/shop\/unkategorisiert\/kinder-polarsocken-orange\/"},"modified":"2021-05-18T12:13:21","modified_gmt":"2021-05-18T10:13:21","slug":"thermosocken-orange","status":"publish","type":"product","link":"https:\/\/elvetik.ch\/de\/shop\/kinder\/kinder-fleece-socken\/thermosocken-orange\/","title":{"rendered":"Thermosocken ORANGE"},"content":{"rendered":"<div>\n<p>Gr\u00f6sse\u00a0<strong>S<\/strong>\u00a0f\u00fcr die Schuhgr\u00f6ssen\u00a0<strong>24\u00a0\u2013 25 \u2013 26<\/strong><\/p>\n<\/div>\n<div>\n<p>Gr\u00f6sse\u00a0<strong>M<\/strong>\u00a0f\u00fcr die Schuhgr\u00f6ssen\u00a0<strong>27\u00a0\u2013 28 \u2013 29 &#8211; 30<\/strong><\/p>\n<\/div>\n<div>\n<p>Gr\u00f6sse<strong>\u00a0L<\/strong>\u00a0f\u00fcr die Schuhgr\u00f6ssen\u00a0<strong>31 \u2013 32 \u2013 33 \u2013 34<\/strong><\/p>\n<div>\n<p>Innen: schwarz &#8211; 100% Polarstoff<\/p>\n<\/div>\n<div>\n<p>Aussen: orange &#8211; 100% Acryl<\/p>\n<\/div>\n<div>\n<p>MADE BY ELVETIK\u00ae SWISS DESIGN<\/p>\n<\/div>\n<\/div>\n","protected":false},"excerpt":{"rendered":"<div>\n<p>Kinder Fleece Gummistiefel-Socken<\/p>\n<p><span lang=\"DE-CH\">Es gibt 3 Gr\u00f6ssen, die sich verschiedenen Schuhgr\u00f6ssen anpassen:<\/span><\/p>\n<p>Gr\u00f6sse\u00a0<strong>S<\/strong>\u00a0f\u00fcr die Schuhgr\u00f6ssen\u00a0<strong>24\u00a0\u2013 25 \u2013 26<\/strong><\/p>\n<\/div>\n<div>\n<p>Gr\u00f6sse\u00a0<strong>M<\/strong>\u00a0f\u00fcr die Schuhgr\u00f6ssen\u00a0<strong>27\u00a0\u2013 28 \u2013 29 &#8211; 30<\/strong><\/p>\n<\/div>\n<div>\n<p>Gr\u00f6sse<strong>\u00a0L<\/strong>\u00a0f\u00fcr die Schuhgr\u00f6ssen\u00a0<strong>31 \u2013 32 \u2013 33 \u2013 34<\/strong><\/p>\n<p><u>Zusammensetzung:<\/u><\/p>\n<\/div>\n<div>\n<p>Innen: schwarz &#8211; 100% Polarstoff<\/p>\n<\/div>\n<div>\n<p>Aussen: orange &#8211; 100% Acryl<\/p>\n<p>Die Stiefeln sind nicht inbegriffen.<\/p>\n<p><strong style=\"color: #008000;\">GRATISLIEFERUNG IN DER SCHWEIZ<\/strong><\/p>\n<\/div>\n","protected":false},"featured_media":224380,"template":"","meta":{"_elvetik_care_instructions":""},"product_brand":[],"product_cat":[624,705],"product_tag":[],"class_list":{"0":"post-222744","1":"product","2":"type-product","3":"status-publish","4":"has-post-thumbnail","6":"product_cat-kinder","7":"product_cat-kinder-fleece-socken","8":"pa_taille-chaussettes-enfant-l-31-32-33-34-de-2","9":"pa_taille-chaussettes-enfant-m-27-28-29-30-de-2","10":"pa_taille-chaussettes-enfant-s-24-25-26-de-2","12":"first","13":"instock","14":"purchasable","15":"product-type-variable"},"yoast_head":"<!-- This site is optimized with the Yoast SEO plugin v26.8-RC7 - https:\/\/yoast.com\/product\/yoast-seo-wordpress\/ -->\n<title>Thermosocken - halten Sie Ihre F\u00fc\u00dfe warm - elvetik.ch<\/title>\n<meta name=\"description\" content=\"Thermosocken zum Hinzuf\u00fcgen zu Gummistiefeln, um trocken und besonders warm zu bleiben. Gratis Lieferung in der Schweiz\" \/>\n<meta name=\"robots\" content=\"index, follow, max-snippet:-1, max-image-preview:large, max-video-preview:-1\" \/>\n<link rel=\"canonical\" href=\"https:\/\/elvetik.ch\/de\/shop\/kinder\/kinder-fleece-socken\/thermosocken-orange\/\" \/>\n<meta property=\"og:locale\" content=\"de_DE\" \/>\n<meta property=\"og:type\" content=\"article\" \/>\n<meta property=\"og:title\" content=\"Thermosocken - halten Sie Ihre F\u00fc\u00dfe warm - elvetik.ch\" \/>\n<meta property=\"og:description\" content=\"Thermosocken zum Hinzuf\u00fcgen zu Gummistiefeln, um trocken und besonders warm zu bleiben. Gratis Lieferung in der Schweiz\" \/>\n<meta property=\"og:url\" content=\"https:\/\/elvetik.ch\/de\/shop\/kinder\/kinder-fleece-socken\/thermosocken-orange\/\" \/>\n<meta property=\"og:site_name\" content=\"Elvetik\" \/>\n<meta property=\"article:modified_time\" content=\"2021-05-18T10:13:21+00:00\" \/>\n<meta property=\"og:image\" content=\"http:\/\/elvetik.ch\/wp-content\/uploads\/2021\/05\/botte-Fantasy-World-chaussette.jpg\" \/>\n\t<meta property=\"og:image:width\" content=\"1024\" \/>\n\t<meta property=\"og:image:height\" content=\"1125\" \/>\n\t<meta property=\"og:image:type\" content=\"image\/jpeg\" \/>\n<meta name=\"twitter:card\" content=\"summary_large_image\" \/>\n<script type=\"application\/ld+json\" class=\"yoast-schema-graph\">{\"@context\":\"https:\/\/schema.org\",\"@graph\":[{\"@type\":\"WebPage\",\"@id\":\"https:\/\/elvetik.ch\/de\/shop\/kinder\/kinder-fleece-socken\/thermosocken-orange\/\",\"url\":\"https:\/\/elvetik.ch\/de\/shop\/kinder\/kinder-fleece-socken\/thermosocken-orange\/\",\"name\":\"Thermosocken - halten Sie Ihre F\u00fc\u00dfe warm - elvetik.ch\",\"isPartOf\":{\"@id\":\"https:\/\/elvetik.ch\/de\/#website\"},\"primaryImageOfPage\":{\"@id\":\"https:\/\/elvetik.ch\/de\/shop\/kinder\/kinder-fleece-socken\/thermosocken-orange\/#primaryimage\"},\"image\":{\"@id\":\"https:\/\/elvetik.ch\/de\/shop\/kinder\/kinder-fleece-socken\/thermosocken-orange\/#primaryimage\"},\"thumbnailUrl\":\"https:\/\/elvetik.ch\/wp-content\/uploads\/2021\/05\/botte-Fantasy-World-chaussette.jpg\",\"datePublished\":\"2021-03-24T13:15:31+00:00\",\"dateModified\":\"2021-05-18T10:13:21+00:00\",\"description\":\"Thermosocken zum Hinzuf\u00fcgen zu Gummistiefeln, um trocken und besonders warm zu bleiben. Gratis Lieferung in der Schweiz\",\"breadcrumb\":{\"@id\":\"https:\/\/elvetik.ch\/de\/shop\/kinder\/kinder-fleece-socken\/thermosocken-orange\/#breadcrumb\"},\"inLanguage\":\"de\",\"potentialAction\":[{\"@type\":\"ReadAction\",\"target\":[\"https:\/\/elvetik.ch\/de\/shop\/kinder\/kinder-fleece-socken\/thermosocken-orange\/\"]}]},{\"@type\":\"ImageObject\",\"inLanguage\":\"de\",\"@id\":\"https:\/\/elvetik.ch\/de\/shop\/kinder\/kinder-fleece-socken\/thermosocken-orange\/#primaryimage\",\"url\":\"https:\/\/elvetik.ch\/wp-content\/uploads\/2021\/05\/botte-Fantasy-World-chaussette.jpg\",\"contentUrl\":\"https:\/\/elvetik.ch\/wp-content\/uploads\/2021\/05\/botte-Fantasy-World-chaussette.jpg\",\"width\":1024,\"height\":1125,\"caption\":\"botte de pluie enfant avec chaussette polaire - elvetik - Fantasy World & chaussettes polaire oranges\"},{\"@type\":\"BreadcrumbList\",\"@id\":\"https:\/\/elvetik.ch\/de\/shop\/kinder\/kinder-fleece-socken\/thermosocken-orange\/#breadcrumb\",\"itemListElement\":[{\"@type\":\"ListItem\",\"position\":1,\"name\":\"Home\",\"item\":\"https:\/\/elvetik.ch\/de\/\"},{\"@type\":\"ListItem\",\"position\":2,\"name\":\"Shop\",\"item\":\"https:\/\/elvetik.ch\/de\/shop-2\/\"},{\"@type\":\"ListItem\",\"position\":3,\"name\":\"Thermosocken ORANGE\"}]},{\"@type\":\"WebSite\",\"@id\":\"https:\/\/elvetik.ch\/de\/#website\",\"url\":\"https:\/\/elvetik.ch\/de\/\",\"name\":\"Elvetik\",\"description\":\"\",\"publisher\":{\"@id\":\"https:\/\/elvetik.ch\/de\/#organization\"},\"potentialAction\":[{\"@type\":\"SearchAction\",\"target\":{\"@type\":\"EntryPoint\",\"urlTemplate\":\"https:\/\/elvetik.ch\/de\/?s={search_term_string}\"},\"query-input\":{\"@type\":\"PropertyValueSpecification\",\"valueRequired\":true,\"valueName\":\"search_term_string\"}}],\"inLanguage\":\"de\"},{\"@type\":\"Organization\",\"@id\":\"https:\/\/elvetik.ch\/de\/#organization\",\"name\":\"Elvetik\",\"url\":\"https:\/\/elvetik.ch\/de\/\",\"logo\":{\"@type\":\"ImageObject\",\"inLanguage\":\"de\",\"@id\":\"https:\/\/elvetik.ch\/de\/#\/schema\/logo\/image\/\",\"url\":\"https:\/\/elvetik.ch\/wp-content\/uploads\/2021\/05\/LOGO-elvetik.png\",\"contentUrl\":\"https:\/\/elvetik.ch\/wp-content\/uploads\/2021\/05\/LOGO-elvetik.png\",\"width\":800,\"height\":400,\"caption\":\"Elvetik\"},\"image\":{\"@id\":\"https:\/\/elvetik.ch\/de\/#\/schema\/logo\/image\/\"}}]}<\/script>\n<!-- \/ Yoast SEO plugin. -->","yoast_head_json":{"title":"Thermosocken - halten Sie Ihre F\u00fc\u00dfe warm - elvetik.ch","description":"Thermosocken zum Hinzuf\u00fcgen zu Gummistiefeln, um trocken und besonders warm zu bleiben. Gratis Lieferung in der Schweiz","robots":{"index":"index","follow":"follow","max-snippet":"max-snippet:-1","max-image-preview":"max-image-preview:large","max-video-preview":"max-video-preview:-1"},"canonical":"https:\/\/elvetik.ch\/de\/shop\/kinder\/kinder-fleece-socken\/thermosocken-orange\/","og_locale":"de_DE","og_type":"article","og_title":"Thermosocken - halten Sie Ihre F\u00fc\u00dfe warm - elvetik.ch","og_description":"Thermosocken zum Hinzuf\u00fcgen zu Gummistiefeln, um trocken und besonders warm zu bleiben. Gratis Lieferung in der Schweiz","og_url":"https:\/\/elvetik.ch\/de\/shop\/kinder\/kinder-fleece-socken\/thermosocken-orange\/","og_site_name":"Elvetik","article_modified_time":"2021-05-18T10:13:21+00:00","og_image":[{"width":1024,"height":1125,"url":"http:\/\/elvetik.ch\/wp-content\/uploads\/2021\/05\/botte-Fantasy-World-chaussette.jpg","type":"image\/jpeg"}],"twitter_card":"summary_large_image","schema":{"@context":"https:\/\/schema.org","@graph":[{"@type":"WebPage","@id":"https:\/\/elvetik.ch\/de\/shop\/kinder\/kinder-fleece-socken\/thermosocken-orange\/","url":"https:\/\/elvetik.ch\/de\/shop\/kinder\/kinder-fleece-socken\/thermosocken-orange\/","name":"Thermosocken - halten Sie Ihre F\u00fc\u00dfe warm - elvetik.ch","isPartOf":{"@id":"https:\/\/elvetik.ch\/de\/#website"},"primaryImageOfPage":{"@id":"https:\/\/elvetik.ch\/de\/shop\/kinder\/kinder-fleece-socken\/thermosocken-orange\/#primaryimage"},"image":{"@id":"https:\/\/elvetik.ch\/de\/shop\/kinder\/kinder-fleece-socken\/thermosocken-orange\/#primaryimage"},"thumbnailUrl":"https:\/\/elvetik.ch\/wp-content\/uploads\/2021\/05\/botte-Fantasy-World-chaussette.jpg","datePublished":"2021-03-24T13:15:31+00:00","dateModified":"2021-05-18T10:13:21+00:00","description":"Thermosocken zum Hinzuf\u00fcgen zu Gummistiefeln, um trocken und besonders warm zu bleiben. Gratis Lieferung in der Schweiz","breadcrumb":{"@id":"https:\/\/elvetik.ch\/de\/shop\/kinder\/kinder-fleece-socken\/thermosocken-orange\/#breadcrumb"},"inLanguage":"de","potentialAction":[{"@type":"ReadAction","target":["https:\/\/elvetik.ch\/de\/shop\/kinder\/kinder-fleece-socken\/thermosocken-orange\/"]}]},{"@type":"ImageObject","inLanguage":"de","@id":"https:\/\/elvetik.ch\/de\/shop\/kinder\/kinder-fleece-socken\/thermosocken-orange\/#primaryimage","url":"https:\/\/elvetik.ch\/wp-content\/uploads\/2021\/05\/botte-Fantasy-World-chaussette.jpg","contentUrl":"https:\/\/elvetik.ch\/wp-content\/uploads\/2021\/05\/botte-Fantasy-World-chaussette.jpg","width":1024,"height":1125,"caption":"botte de pluie enfant avec chaussette polaire - elvetik - Fantasy World & chaussettes polaire oranges"},{"@type":"BreadcrumbList","@id":"https:\/\/elvetik.ch\/de\/shop\/kinder\/kinder-fleece-socken\/thermosocken-orange\/#breadcrumb","itemListElement":[{"@type":"ListItem","position":1,"name":"Home","item":"https:\/\/elvetik.ch\/de\/"},{"@type":"ListItem","position":2,"name":"Shop","item":"https:\/\/elvetik.ch\/de\/shop-2\/"},{"@type":"ListItem","position":3,"name":"Thermosocken ORANGE"}]},{"@type":"WebSite","@id":"https:\/\/elvetik.ch\/de\/#website","url":"https:\/\/elvetik.ch\/de\/","name":"Elvetik","description":"","publisher":{"@id":"https:\/\/elvetik.ch\/de\/#organization"},"potentialAction":[{"@type":"SearchAction","target":{"@type":"EntryPoint","urlTemplate":"https:\/\/elvetik.ch\/de\/?s={search_term_string}"},"query-input":{"@type":"PropertyValueSpecification","valueRequired":true,"valueName":"search_term_string"}}],"inLanguage":"de"},{"@type":"Organization","@id":"https:\/\/elvetik.ch\/de\/#organization","name":"Elvetik","url":"https:\/\/elvetik.ch\/de\/","logo":{"@type":"ImageObject","inLanguage":"de","@id":"https:\/\/elvetik.ch\/de\/#\/schema\/logo\/image\/","url":"https:\/\/elvetik.ch\/wp-content\/uploads\/2021\/05\/LOGO-elvetik.png","contentUrl":"https:\/\/elvetik.ch\/wp-content\/uploads\/2021\/05\/LOGO-elvetik.png","width":800,"height":400,"caption":"Elvetik"},"image":{"@id":"https:\/\/elvetik.ch\/de\/#\/schema\/logo\/image\/"}}]}},"_links":{"self":[{"href":"https:\/\/elvetik.ch\/de\/wp-json\/wp\/v2\/product\/222744","targetHints":{"allow":["GET"]}}],"collection":[{"href":"https:\/\/elvetik.ch\/de\/wp-json\/wp\/v2\/product"}],"about":[{"href":"https:\/\/elvetik.ch\/de\/wp-json\/wp\/v2\/types\/product"}],"wp:featuredmedia":[{"embeddable":true,"href":"https:\/\/elvetik.ch\/de\/wp-json\/wp\/v2\/media\/224380"}],"wp:attachment":[{"href":"https:\/\/elvetik.ch\/de\/wp-json\/wp\/v2\/media?parent=222744"}],"wp:term":[{"taxonomy":"product_brand","embeddable":true,"href":"https:\/\/elvetik.ch\/de\/wp-json\/wp\/v2\/product_brand?post=222744"},{"taxonomy":"product_cat","embeddable":true,"href":"https:\/\/elvetik.ch\/de\/wp-json\/wp\/v2\/product_cat?post=222744"},{"taxonomy":"product_tag","embeddable":true,"href":"https:\/\/elvetik.ch\/de\/wp-json\/wp\/v2\/product_tag?post=222744"}],"curies":[{"name":"wp","href":"https:\/\/api.w.org\/{rel}","templated":true}]}}