{"id":222758,"date":"2021-03-24T14:15:31","date_gmt":"2021-03-24T14:15:31","guid":{"rendered":"https:\/\/www.elvetik.ch\/shop\/unkategorisiert\/denim-junior\/"},"modified":"2025-10-05T15:18:10","modified_gmt":"2025-10-05T13:18:10","slug":"denim-junior","status":"publish","type":"product","link":"https:\/\/elvetik.ch\/de\/shop\/ausverkauf-mode\/kinder-ausverkauf\/denim-junior\/","title":{"rendered":"Denim Junior"},"content":{"rendered":"<div>\n<p>100% nat\u00fcrlicher Kautschuk \u00a0<\/p>\n<\/div>\n<div>\n<p>100% wasserdicht<\/p>\n<\/div>\n<div>\n<p>Design\u00a9 USA, Canada, Brazil, EU, CH, Russia, Ukraine<\/p>\n<\/div>\n<div>\n<p>MADE BY ELVETIK\u00ae SWISS DESIGN<\/p>\n<\/div>\n","protected":false},"excerpt":{"rendered":"<p><strong>Neue Stollensohle<\/strong><\/p>\n<p><u>Geliefert mit:<\/u><\/p>\n<div>\n<p>2 Paar zus\u00e4tzliche Schn\u00fcrsenkel: rosa &amp; neon gr\u00fcn<\/p>\n<\/div>\n<div>\n<p>1 Paar zus\u00e4tzliche Einlagen<\/p>\n<p><u>Innenausf\u00fchrung:<\/u><\/p>\n<\/div>\n<div>\n<p>100% Baumwolle, schwarz, Einlage EVA 5mm\u00a0<\/p>\n<\/div>\n<div>\n<p>100% Naturgummi, 100% wasserdicht<\/p>\n<p>Gr\u00f6sse: 24 &#8211; 25 &#8211; 27<\/p>\n<\/div>\n<div>\n<p>H\u00f6he 18 cm<\/p>\n<p><strong style=\"color: #008000;\">GRATISLIEFERUNG IN DER SCHWEIZ<\/strong><\/p>\n<\/div>\n","protected":false},"featured_media":1015,"template":"","meta":{"_elvetik_care_instructions":""},"product_brand":[],"product_cat":[624,628,674],"product_tag":[722,723],"class_list":{"0":"post-222758","1":"product","2":"type-product","3":"status-publish","4":"has-post-thumbnail","6":"product_cat-kinder","7":"product_cat-kinder-regenstiefel","8":"product_cat-kinder-ausverkauf","9":"product_tag-kinder-regenstiefel","10":"product_tag-wasserdichte-kinderstiefel","11":"pa_taille-24-de","12":"pa_taille-25-de","14":"first","15":"instock","16":"sale","17":"purchasable","18":"product-type-variable"},"yoast_head":"<!-- This site is optimized with the Yoast SEO plugin v26.8-RC7 - https:\/\/yoast.com\/product\/yoast-seo-wordpress\/ -->\n<title>Gummistiefel fur Kinder - Bring Farbe in dein Leben - elvetik.ch<\/title>\n<meta name=\"description\" content=\"Stiefel aus 100% Naturkautschuk, elvetik gummistiefel. Gratis Lieferung in der Schweiz\" \/>\n<meta name=\"robots\" content=\"index, follow, max-snippet:-1, max-image-preview:large, max-video-preview:-1\" \/>\n<link rel=\"canonical\" href=\"https:\/\/elvetik.ch\/de\/shop\/ausverkauf-mode\/kinder-ausverkauf\/denim-junior\/\" \/>\n<meta property=\"og:locale\" content=\"de_DE\" \/>\n<meta property=\"og:type\" content=\"article\" \/>\n<meta property=\"og:title\" content=\"Gummistiefel fur Kinder - Bring Farbe in dein Leben - elvetik.ch\" \/>\n<meta property=\"og:description\" content=\"Stiefel aus 100% Naturkautschuk, elvetik gummistiefel. Gratis Lieferung in der Schweiz\" \/>\n<meta property=\"og:url\" content=\"https:\/\/elvetik.ch\/de\/shop\/ausverkauf-mode\/kinder-ausverkauf\/denim-junior\/\" \/>\n<meta property=\"og:site_name\" content=\"Elvetik\" \/>\n<meta property=\"article:modified_time\" content=\"2025-10-05T13:18:10+00:00\" \/>\n<meta property=\"og:image\" content=\"https:\/\/elvetik.ch\/wp-content\/uploads\/2021\/03\/botte-denim-junior-2-e1610462847741.jpg\" \/>\n\t<meta property=\"og:image:width\" content=\"800\" \/>\n\t<meta property=\"og:image:height\" content=\"732\" \/>\n\t<meta property=\"og:image:type\" content=\"image\/jpeg\" \/>\n<meta name=\"twitter:card\" content=\"summary_large_image\" \/>\n<script type=\"application\/ld+json\" class=\"yoast-schema-graph\">{\"@context\":\"https:\/\/schema.org\",\"@graph\":[{\"@type\":\"WebPage\",\"@id\":\"https:\/\/elvetik.ch\/de\/shop\/ausverkauf-mode\/kinder-ausverkauf\/denim-junior\/\",\"url\":\"https:\/\/elvetik.ch\/de\/shop\/ausverkauf-mode\/kinder-ausverkauf\/denim-junior\/\",\"name\":\"Gummistiefel fur Kinder - Bring Farbe in dein Leben - elvetik.ch\",\"isPartOf\":{\"@id\":\"https:\/\/elvetik.ch\/de\/#website\"},\"primaryImageOfPage\":{\"@id\":\"https:\/\/elvetik.ch\/de\/shop\/ausverkauf-mode\/kinder-ausverkauf\/denim-junior\/#primaryimage\"},\"image\":{\"@id\":\"https:\/\/elvetik.ch\/de\/shop\/ausverkauf-mode\/kinder-ausverkauf\/denim-junior\/#primaryimage\"},\"thumbnailUrl\":\"https:\/\/elvetik.ch\/wp-content\/uploads\/2021\/03\/botte-denim-junior-2-e1610462847741.jpg\",\"datePublished\":\"2021-03-24T14:15:31+00:00\",\"dateModified\":\"2025-10-05T13:18:10+00:00\",\"description\":\"Stiefel aus 100% Naturkautschuk, elvetik gummistiefel. Gratis Lieferung in der Schweiz\",\"breadcrumb\":{\"@id\":\"https:\/\/elvetik.ch\/de\/shop\/ausverkauf-mode\/kinder-ausverkauf\/denim-junior\/#breadcrumb\"},\"inLanguage\":\"de\",\"potentialAction\":[{\"@type\":\"ReadAction\",\"target\":[\"https:\/\/elvetik.ch\/de\/shop\/ausverkauf-mode\/kinder-ausverkauf\/denim-junior\/\"]}]},{\"@type\":\"ImageObject\",\"inLanguage\":\"de\",\"@id\":\"https:\/\/elvetik.ch\/de\/shop\/ausverkauf-mode\/kinder-ausverkauf\/denim-junior\/#primaryimage\",\"url\":\"https:\/\/elvetik.ch\/wp-content\/uploads\/2021\/03\/botte-denim-junior-2-e1610462847741.jpg\",\"contentUrl\":\"https:\/\/elvetik.ch\/wp-content\/uploads\/2021\/03\/botte-denim-junior-2-e1610462847741.jpg\",\"width\":800,\"height\":732},{\"@type\":\"BreadcrumbList\",\"@id\":\"https:\/\/elvetik.ch\/de\/shop\/ausverkauf-mode\/kinder-ausverkauf\/denim-junior\/#breadcrumb\",\"itemListElement\":[{\"@type\":\"ListItem\",\"position\":1,\"name\":\"Home\",\"item\":\"https:\/\/elvetik.ch\/de\/\"},{\"@type\":\"ListItem\",\"position\":2,\"name\":\"Shop\",\"item\":\"https:\/\/elvetik.ch\/de\/shop-2\/\"},{\"@type\":\"ListItem\",\"position\":3,\"name\":\"Denim Junior\"}]},{\"@type\":\"WebSite\",\"@id\":\"https:\/\/elvetik.ch\/de\/#website\",\"url\":\"https:\/\/elvetik.ch\/de\/\",\"name\":\"Elvetik\",\"description\":\"\",\"publisher\":{\"@id\":\"https:\/\/elvetik.ch\/de\/#organization\"},\"potentialAction\":[{\"@type\":\"SearchAction\",\"target\":{\"@type\":\"EntryPoint\",\"urlTemplate\":\"https:\/\/elvetik.ch\/de\/?s={search_term_string}\"},\"query-input\":{\"@type\":\"PropertyValueSpecification\",\"valueRequired\":true,\"valueName\":\"search_term_string\"}}],\"inLanguage\":\"de\"},{\"@type\":\"Organization\",\"@id\":\"https:\/\/elvetik.ch\/de\/#organization\",\"name\":\"Elvetik\",\"url\":\"https:\/\/elvetik.ch\/de\/\",\"logo\":{\"@type\":\"ImageObject\",\"inLanguage\":\"de\",\"@id\":\"https:\/\/elvetik.ch\/de\/#\/schema\/logo\/image\/\",\"url\":\"https:\/\/elvetik.ch\/wp-content\/uploads\/2021\/05\/LOGO-elvetik.png\",\"contentUrl\":\"https:\/\/elvetik.ch\/wp-content\/uploads\/2021\/05\/LOGO-elvetik.png\",\"width\":800,\"height\":400,\"caption\":\"Elvetik\"},\"image\":{\"@id\":\"https:\/\/elvetik.ch\/de\/#\/schema\/logo\/image\/\"}}]}<\/script>\n<!-- \/ Yoast SEO plugin. -->","yoast_head_json":{"title":"Gummistiefel fur Kinder - Bring Farbe in dein Leben - elvetik.ch","description":"Stiefel aus 100% Naturkautschuk, elvetik gummistiefel. Gratis Lieferung in der Schweiz","robots":{"index":"index","follow":"follow","max-snippet":"max-snippet:-1","max-image-preview":"max-image-preview:large","max-video-preview":"max-video-preview:-1"},"canonical":"https:\/\/elvetik.ch\/de\/shop\/ausverkauf-mode\/kinder-ausverkauf\/denim-junior\/","og_locale":"de_DE","og_type":"article","og_title":"Gummistiefel fur Kinder - Bring Farbe in dein Leben - elvetik.ch","og_description":"Stiefel aus 100% Naturkautschuk, elvetik gummistiefel. Gratis Lieferung in der Schweiz","og_url":"https:\/\/elvetik.ch\/de\/shop\/ausverkauf-mode\/kinder-ausverkauf\/denim-junior\/","og_site_name":"Elvetik","article_modified_time":"2025-10-05T13:18:10+00:00","og_image":[{"width":800,"height":732,"url":"https:\/\/elvetik.ch\/wp-content\/uploads\/2021\/03\/botte-denim-junior-2-e1610462847741.jpg","type":"image\/jpeg"}],"twitter_card":"summary_large_image","schema":{"@context":"https:\/\/schema.org","@graph":[{"@type":"WebPage","@id":"https:\/\/elvetik.ch\/de\/shop\/ausverkauf-mode\/kinder-ausverkauf\/denim-junior\/","url":"https:\/\/elvetik.ch\/de\/shop\/ausverkauf-mode\/kinder-ausverkauf\/denim-junior\/","name":"Gummistiefel fur Kinder - Bring Farbe in dein Leben - elvetik.ch","isPartOf":{"@id":"https:\/\/elvetik.ch\/de\/#website"},"primaryImageOfPage":{"@id":"https:\/\/elvetik.ch\/de\/shop\/ausverkauf-mode\/kinder-ausverkauf\/denim-junior\/#primaryimage"},"image":{"@id":"https:\/\/elvetik.ch\/de\/shop\/ausverkauf-mode\/kinder-ausverkauf\/denim-junior\/#primaryimage"},"thumbnailUrl":"https:\/\/elvetik.ch\/wp-content\/uploads\/2021\/03\/botte-denim-junior-2-e1610462847741.jpg","datePublished":"2021-03-24T14:15:31+00:00","dateModified":"2025-10-05T13:18:10+00:00","description":"Stiefel aus 100% Naturkautschuk, elvetik gummistiefel. Gratis Lieferung in der Schweiz","breadcrumb":{"@id":"https:\/\/elvetik.ch\/de\/shop\/ausverkauf-mode\/kinder-ausverkauf\/denim-junior\/#breadcrumb"},"inLanguage":"de","potentialAction":[{"@type":"ReadAction","target":["https:\/\/elvetik.ch\/de\/shop\/ausverkauf-mode\/kinder-ausverkauf\/denim-junior\/"]}]},{"@type":"ImageObject","inLanguage":"de","@id":"https:\/\/elvetik.ch\/de\/shop\/ausverkauf-mode\/kinder-ausverkauf\/denim-junior\/#primaryimage","url":"https:\/\/elvetik.ch\/wp-content\/uploads\/2021\/03\/botte-denim-junior-2-e1610462847741.jpg","contentUrl":"https:\/\/elvetik.ch\/wp-content\/uploads\/2021\/03\/botte-denim-junior-2-e1610462847741.jpg","width":800,"height":732},{"@type":"BreadcrumbList","@id":"https:\/\/elvetik.ch\/de\/shop\/ausverkauf-mode\/kinder-ausverkauf\/denim-junior\/#breadcrumb","itemListElement":[{"@type":"ListItem","position":1,"name":"Home","item":"https:\/\/elvetik.ch\/de\/"},{"@type":"ListItem","position":2,"name":"Shop","item":"https:\/\/elvetik.ch\/de\/shop-2\/"},{"@type":"ListItem","position":3,"name":"Denim Junior"}]},{"@type":"WebSite","@id":"https:\/\/elvetik.ch\/de\/#website","url":"https:\/\/elvetik.ch\/de\/","name":"Elvetik","description":"","publisher":{"@id":"https:\/\/elvetik.ch\/de\/#organization"},"potentialAction":[{"@type":"SearchAction","target":{"@type":"EntryPoint","urlTemplate":"https:\/\/elvetik.ch\/de\/?s={search_term_string}"},"query-input":{"@type":"PropertyValueSpecification","valueRequired":true,"valueName":"search_term_string"}}],"inLanguage":"de"},{"@type":"Organization","@id":"https:\/\/elvetik.ch\/de\/#organization","name":"Elvetik","url":"https:\/\/elvetik.ch\/de\/","logo":{"@type":"ImageObject","inLanguage":"de","@id":"https:\/\/elvetik.ch\/de\/#\/schema\/logo\/image\/","url":"https:\/\/elvetik.ch\/wp-content\/uploads\/2021\/05\/LOGO-elvetik.png","contentUrl":"https:\/\/elvetik.ch\/wp-content\/uploads\/2021\/05\/LOGO-elvetik.png","width":800,"height":400,"caption":"Elvetik"},"image":{"@id":"https:\/\/elvetik.ch\/de\/#\/schema\/logo\/image\/"}}]}},"_links":{"self":[{"href":"https:\/\/elvetik.ch\/de\/wp-json\/wp\/v2\/product\/222758","targetHints":{"allow":["GET"]}}],"collection":[{"href":"https:\/\/elvetik.ch\/de\/wp-json\/wp\/v2\/product"}],"about":[{"href":"https:\/\/elvetik.ch\/de\/wp-json\/wp\/v2\/types\/product"}],"wp:featuredmedia":[{"embeddable":true,"href":"https:\/\/elvetik.ch\/de\/wp-json\/wp\/v2\/media\/1015"}],"wp:attachment":[{"href":"https:\/\/elvetik.ch\/de\/wp-json\/wp\/v2\/media?parent=222758"}],"wp:term":[{"taxonomy":"product_brand","embeddable":true,"href":"https:\/\/elvetik.ch\/de\/wp-json\/wp\/v2\/product_brand?post=222758"},{"taxonomy":"product_cat","embeddable":true,"href":"https:\/\/elvetik.ch\/de\/wp-json\/wp\/v2\/product_cat?post=222758"},{"taxonomy":"product_tag","embeddable":true,"href":"https:\/\/elvetik.ch\/de\/wp-json\/wp\/v2\/product_tag?post=222758"}],"curies":[{"name":"wp","href":"https:\/\/api.w.org\/{rel}","templated":true}]}}