{"id":225277,"date":"2021-08-03T15:15:06","date_gmt":"2021-08-03T13:15:06","guid":{"rendered":"https:\/\/www.elvetik.ch\/shop\/unkategorisiert\/pinky\/"},"modified":"2025-09-25T21:32:27","modified_gmt":"2025-09-25T19:32:27","slug":"pinky","status":"publish","type":"product","link":"https:\/\/elvetik.ch\/de\/shop\/damen\/damen-regenstiefel\/pinky\/","title":{"rendered":"PINKY"},"content":{"rendered":"<p><span style=\"color: #ff0000;\"><strong>NEUE ENTWICKLUNG<\/strong><\/span><\/p>\n<div>\n<p>Profilierte Sohle<\/p>\n<\/div>\n<div>\n<div>\n<p>Neue Lasche zum festziehen<\/p>\n<\/div>\n<div>\n<p>Verst\u00e4rkte \u00d6sen<\/p>\n<\/div>\n<div>\n<div>\n<p>Doppelter Verst\u00e4rkungsstreifen (r\u00fcckseitig)<\/p>\n<\/div>\n<div>\n<p>100% nat\u00fcrlicher Kautschuk<\/p>\n<\/div>\n<div>\n<p>100% wasserdicht<\/p>\n<\/div>\n<div>\n<p>Design\u00a9 USA, Canada, Brazil, EU, CH, Russia, Ukraine<\/p>\n<\/div>\n<div>\n<p>MADE BY ELVETIK\u00ae SWISS DESIGN<\/p>\n<\/div>\n<\/div>\n<\/div>\n","protected":false},"excerpt":{"rendered":"<p><strong><span style=\"color: #ff0000;\">NEUE ENTWICKLUNG<\/span>\u00a0<\/strong><\/p>\n<p><strong>Profilierte Sohle &amp; neue Lasche zum festziehen<\/strong><\/p>\n<p><u>Geliefert mit:<\/u><\/p>\n<div>\n<p>2 Paar zus\u00e4tzliche Schn\u00fcrsenkel: rosa mit Pailletten &amp; grau<\/p>\n<\/div>\n<div>\n<p>1 Paar zus\u00e4tzliche Einlagen<\/p>\n<p><u>Innenausf\u00fchrung:<\/u><\/p>\n<\/div>\n<div>\n<p>100% Baumwolle, schwarz, Einlage EVA 5mm<\/p>\n<\/div>\n<div>\n<div>\n<p>100% Naturgummi, 100% wasserdicht<\/p>\n<p>H\u00f6he\u00a019 cm<\/p>\n<p><u>Empfohlenes Zubeh\u00f6r:<\/u><\/p>\n<\/div>\n<div>\n<div>\n<p><span style=\"color: #0000ff;\">Polarsocken<\/span>\u00a0(nicht bei den Stiefeln inbegriffen)<\/p>\n<p><span style=\"color: #008000;\"><strong>GRATISLIEFERUNG IN DER SCHWEIZ<\/strong><\/span><\/p>\n<\/div>\n<\/div>\n<\/div>\n","protected":false},"featured_media":225228,"template":"","meta":{"_elvetik_care_instructions":""},"product_brand":[],"product_cat":[701,824,660,827,834],"product_tag":[],"class_list":{"0":"post-225277","1":"product","2":"type-product","3":"status-publish","4":"has-post-thumbnail","6":"product_cat-damen","7":"product_cat-damen-regenstiefel","8":"product_cat-herren","9":"product_cat-regenstiefel-herren","10":"product_cat-neuheiten","11":"pa_taille-38-de","12":"pa_taille-39-de","13":"pa_taille-40-de","14":"pa_taille-41-de","15":"pa_taille-42-de","17":"first","18":"instock","19":"taxable","20":"shipping-taxable","21":"purchasable","22":"product-type-variable"},"yoast_head":"<!-- This site is optimized with the Yoast SEO plugin v26.8-RC7 - https:\/\/yoast.com\/product\/yoast-seo-wordpress\/ -->\n<title>PINKY - Elvetik - Mettez de la couleur \u00e0 vos pieds - elvetik.ch<\/title>\n<meta name=\"description\" content=\"Bottes de pluie confortables en caoutchouc 100% naturel, Swiss Design. Nouvelle \u00e9volution ! Semelles \u00e0 crampons &amp; languette de serrage. Livraison gratuite en Suisse.\" \/>\n<meta name=\"robots\" content=\"index, follow, max-snippet:-1, max-image-preview:large, max-video-preview:-1\" \/>\n<link rel=\"canonical\" href=\"https:\/\/elvetik.ch\/de\/shop\/damen\/damen-regenstiefel\/pinky\/\" \/>\n<meta property=\"og:locale\" content=\"de_DE\" \/>\n<meta property=\"og:type\" content=\"article\" \/>\n<meta property=\"og:title\" content=\"PINKY - Elvetik - Mettez de la couleur \u00e0 vos pieds - elvetik.ch\" \/>\n<meta property=\"og:description\" content=\"Bottes de pluie confortables en caoutchouc 100% naturel, Swiss Design. Nouvelle \u00e9volution ! Semelles \u00e0 crampons &amp; languette de serrage. Livraison gratuite en Suisse.\" \/>\n<meta property=\"og:url\" content=\"https:\/\/elvetik.ch\/de\/shop\/damen\/damen-regenstiefel\/pinky\/\" \/>\n<meta property=\"og:site_name\" content=\"Elvetik\" \/>\n<meta property=\"article:modified_time\" content=\"2025-09-25T19:32:27+00:00\" \/>\n<meta property=\"og:image\" content=\"https:\/\/elvetik.ch\/wp-content\/uploads\/2021\/08\/botte-de-pluie-pinky-1.jpg\" \/>\n\t<meta property=\"og:image:width\" content=\"966\" \/>\n\t<meta property=\"og:image:height\" content=\"935\" \/>\n\t<meta property=\"og:image:type\" content=\"image\/jpeg\" \/>\n<meta name=\"twitter:card\" content=\"summary_large_image\" \/>\n<script type=\"application\/ld+json\" class=\"yoast-schema-graph\">{\"@context\":\"https:\/\/schema.org\",\"@graph\":[{\"@type\":\"WebPage\",\"@id\":\"https:\/\/elvetik.ch\/de\/shop\/damen\/damen-regenstiefel\/pinky\/\",\"url\":\"https:\/\/elvetik.ch\/de\/shop\/damen\/damen-regenstiefel\/pinky\/\",\"name\":\"PINKY - Elvetik - Mettez de la couleur \u00e0 vos pieds - elvetik.ch\",\"isPartOf\":{\"@id\":\"https:\/\/elvetik.ch\/de\/#website\"},\"primaryImageOfPage\":{\"@id\":\"https:\/\/elvetik.ch\/de\/shop\/damen\/damen-regenstiefel\/pinky\/#primaryimage\"},\"image\":{\"@id\":\"https:\/\/elvetik.ch\/de\/shop\/damen\/damen-regenstiefel\/pinky\/#primaryimage\"},\"thumbnailUrl\":\"https:\/\/elvetik.ch\/wp-content\/uploads\/2021\/08\/botte-de-pluie-pinky-1.jpg\",\"datePublished\":\"2021-08-03T13:15:06+00:00\",\"dateModified\":\"2025-09-25T19:32:27+00:00\",\"description\":\"Bottes de pluie confortables en caoutchouc 100% naturel, Swiss Design. Nouvelle \u00e9volution ! Semelles \u00e0 crampons & languette de serrage. Livraison gratuite en Suisse.\",\"breadcrumb\":{\"@id\":\"https:\/\/elvetik.ch\/de\/shop\/damen\/damen-regenstiefel\/pinky\/#breadcrumb\"},\"inLanguage\":\"de\",\"potentialAction\":[{\"@type\":\"ReadAction\",\"target\":[\"https:\/\/elvetik.ch\/de\/shop\/damen\/damen-regenstiefel\/pinky\/\"]}]},{\"@type\":\"ImageObject\",\"inLanguage\":\"de\",\"@id\":\"https:\/\/elvetik.ch\/de\/shop\/damen\/damen-regenstiefel\/pinky\/#primaryimage\",\"url\":\"https:\/\/elvetik.ch\/wp-content\/uploads\/2021\/08\/botte-de-pluie-pinky-1.jpg\",\"contentUrl\":\"https:\/\/elvetik.ch\/wp-content\/uploads\/2021\/08\/botte-de-pluie-pinky-1.jpg\",\"width\":966,\"height\":935,\"caption\":\"Pinky - elvetik Regenstiefel\"},{\"@type\":\"BreadcrumbList\",\"@id\":\"https:\/\/elvetik.ch\/de\/shop\/damen\/damen-regenstiefel\/pinky\/#breadcrumb\",\"itemListElement\":[{\"@type\":\"ListItem\",\"position\":1,\"name\":\"Home\",\"item\":\"https:\/\/elvetik.ch\/de\/\"},{\"@type\":\"ListItem\",\"position\":2,\"name\":\"Shop\",\"item\":\"https:\/\/elvetik.ch\/de\/shop-2\/\"},{\"@type\":\"ListItem\",\"position\":3,\"name\":\"PINKY\"}]},{\"@type\":\"WebSite\",\"@id\":\"https:\/\/elvetik.ch\/de\/#website\",\"url\":\"https:\/\/elvetik.ch\/de\/\",\"name\":\"Elvetik\",\"description\":\"\",\"publisher\":{\"@id\":\"https:\/\/elvetik.ch\/de\/#organization\"},\"potentialAction\":[{\"@type\":\"SearchAction\",\"target\":{\"@type\":\"EntryPoint\",\"urlTemplate\":\"https:\/\/elvetik.ch\/de\/?s={search_term_string}\"},\"query-input\":{\"@type\":\"PropertyValueSpecification\",\"valueRequired\":true,\"valueName\":\"search_term_string\"}}],\"inLanguage\":\"de\"},{\"@type\":\"Organization\",\"@id\":\"https:\/\/elvetik.ch\/de\/#organization\",\"name\":\"Elvetik\",\"url\":\"https:\/\/elvetik.ch\/de\/\",\"logo\":{\"@type\":\"ImageObject\",\"inLanguage\":\"de\",\"@id\":\"https:\/\/elvetik.ch\/de\/#\/schema\/logo\/image\/\",\"url\":\"https:\/\/elvetik.ch\/wp-content\/uploads\/2021\/05\/LOGO-elvetik.png\",\"contentUrl\":\"https:\/\/elvetik.ch\/wp-content\/uploads\/2021\/05\/LOGO-elvetik.png\",\"width\":800,\"height\":400,\"caption\":\"Elvetik\"},\"image\":{\"@id\":\"https:\/\/elvetik.ch\/de\/#\/schema\/logo\/image\/\"}}]}<\/script>\n<!-- \/ Yoast SEO plugin. -->","yoast_head_json":{"title":"PINKY - Elvetik - Mettez de la couleur \u00e0 vos pieds - elvetik.ch","description":"Bottes de pluie confortables en caoutchouc 100% naturel, Swiss Design. Nouvelle \u00e9volution ! Semelles \u00e0 crampons & languette de serrage. Livraison gratuite en Suisse.","robots":{"index":"index","follow":"follow","max-snippet":"max-snippet:-1","max-image-preview":"max-image-preview:large","max-video-preview":"max-video-preview:-1"},"canonical":"https:\/\/elvetik.ch\/de\/shop\/damen\/damen-regenstiefel\/pinky\/","og_locale":"de_DE","og_type":"article","og_title":"PINKY - Elvetik - Mettez de la couleur \u00e0 vos pieds - elvetik.ch","og_description":"Bottes de pluie confortables en caoutchouc 100% naturel, Swiss Design. Nouvelle \u00e9volution ! Semelles \u00e0 crampons & languette de serrage. Livraison gratuite en Suisse.","og_url":"https:\/\/elvetik.ch\/de\/shop\/damen\/damen-regenstiefel\/pinky\/","og_site_name":"Elvetik","article_modified_time":"2025-09-25T19:32:27+00:00","og_image":[{"width":966,"height":935,"url":"https:\/\/elvetik.ch\/wp-content\/uploads\/2021\/08\/botte-de-pluie-pinky-1.jpg","type":"image\/jpeg"}],"twitter_card":"summary_large_image","schema":{"@context":"https:\/\/schema.org","@graph":[{"@type":"WebPage","@id":"https:\/\/elvetik.ch\/de\/shop\/damen\/damen-regenstiefel\/pinky\/","url":"https:\/\/elvetik.ch\/de\/shop\/damen\/damen-regenstiefel\/pinky\/","name":"PINKY - Elvetik - Mettez de la couleur \u00e0 vos pieds - elvetik.ch","isPartOf":{"@id":"https:\/\/elvetik.ch\/de\/#website"},"primaryImageOfPage":{"@id":"https:\/\/elvetik.ch\/de\/shop\/damen\/damen-regenstiefel\/pinky\/#primaryimage"},"image":{"@id":"https:\/\/elvetik.ch\/de\/shop\/damen\/damen-regenstiefel\/pinky\/#primaryimage"},"thumbnailUrl":"https:\/\/elvetik.ch\/wp-content\/uploads\/2021\/08\/botte-de-pluie-pinky-1.jpg","datePublished":"2021-08-03T13:15:06+00:00","dateModified":"2025-09-25T19:32:27+00:00","description":"Bottes de pluie confortables en caoutchouc 100% naturel, Swiss Design. Nouvelle \u00e9volution ! Semelles \u00e0 crampons & languette de serrage. Livraison gratuite en Suisse.","breadcrumb":{"@id":"https:\/\/elvetik.ch\/de\/shop\/damen\/damen-regenstiefel\/pinky\/#breadcrumb"},"inLanguage":"de","potentialAction":[{"@type":"ReadAction","target":["https:\/\/elvetik.ch\/de\/shop\/damen\/damen-regenstiefel\/pinky\/"]}]},{"@type":"ImageObject","inLanguage":"de","@id":"https:\/\/elvetik.ch\/de\/shop\/damen\/damen-regenstiefel\/pinky\/#primaryimage","url":"https:\/\/elvetik.ch\/wp-content\/uploads\/2021\/08\/botte-de-pluie-pinky-1.jpg","contentUrl":"https:\/\/elvetik.ch\/wp-content\/uploads\/2021\/08\/botte-de-pluie-pinky-1.jpg","width":966,"height":935,"caption":"Pinky - elvetik Regenstiefel"},{"@type":"BreadcrumbList","@id":"https:\/\/elvetik.ch\/de\/shop\/damen\/damen-regenstiefel\/pinky\/#breadcrumb","itemListElement":[{"@type":"ListItem","position":1,"name":"Home","item":"https:\/\/elvetik.ch\/de\/"},{"@type":"ListItem","position":2,"name":"Shop","item":"https:\/\/elvetik.ch\/de\/shop-2\/"},{"@type":"ListItem","position":3,"name":"PINKY"}]},{"@type":"WebSite","@id":"https:\/\/elvetik.ch\/de\/#website","url":"https:\/\/elvetik.ch\/de\/","name":"Elvetik","description":"","publisher":{"@id":"https:\/\/elvetik.ch\/de\/#organization"},"potentialAction":[{"@type":"SearchAction","target":{"@type":"EntryPoint","urlTemplate":"https:\/\/elvetik.ch\/de\/?s={search_term_string}"},"query-input":{"@type":"PropertyValueSpecification","valueRequired":true,"valueName":"search_term_string"}}],"inLanguage":"de"},{"@type":"Organization","@id":"https:\/\/elvetik.ch\/de\/#organization","name":"Elvetik","url":"https:\/\/elvetik.ch\/de\/","logo":{"@type":"ImageObject","inLanguage":"de","@id":"https:\/\/elvetik.ch\/de\/#\/schema\/logo\/image\/","url":"https:\/\/elvetik.ch\/wp-content\/uploads\/2021\/05\/LOGO-elvetik.png","contentUrl":"https:\/\/elvetik.ch\/wp-content\/uploads\/2021\/05\/LOGO-elvetik.png","width":800,"height":400,"caption":"Elvetik"},"image":{"@id":"https:\/\/elvetik.ch\/de\/#\/schema\/logo\/image\/"}}]}},"_links":{"self":[{"href":"https:\/\/elvetik.ch\/de\/wp-json\/wp\/v2\/product\/225277","targetHints":{"allow":["GET"]}}],"collection":[{"href":"https:\/\/elvetik.ch\/de\/wp-json\/wp\/v2\/product"}],"about":[{"href":"https:\/\/elvetik.ch\/de\/wp-json\/wp\/v2\/types\/product"}],"wp:featuredmedia":[{"embeddable":true,"href":"https:\/\/elvetik.ch\/de\/wp-json\/wp\/v2\/media\/225228"}],"wp:attachment":[{"href":"https:\/\/elvetik.ch\/de\/wp-json\/wp\/v2\/media?parent=225277"}],"wp:term":[{"taxonomy":"product_brand","embeddable":true,"href":"https:\/\/elvetik.ch\/de\/wp-json\/wp\/v2\/product_brand?post=225277"},{"taxonomy":"product_cat","embeddable":true,"href":"https:\/\/elvetik.ch\/de\/wp-json\/wp\/v2\/product_cat?post=225277"},{"taxonomy":"product_tag","embeddable":true,"href":"https:\/\/elvetik.ch\/de\/wp-json\/wp\/v2\/product_tag?post=225277"}],"curies":[{"name":"wp","href":"https:\/\/api.w.org\/{rel}","templated":true}]}}