{"id":225286,"date":"2021-08-03T16:09:01","date_gmt":"2021-08-03T16:09:01","guid":{"rendered":"https:\/\/www.elvetik.ch\/shop\/unkategorisiert\/flower\/"},"modified":"2025-10-21T09:46:44","modified_gmt":"2025-10-21T07:46:44","slug":"flower","status":"publish","type":"product","link":"https:\/\/elvetik.ch\/de\/shop\/ausverkauf-mode\/herren-ausverkauf\/flower\/","title":{"rendered":"FLOWER"},"content":{"rendered":"<p><span style=\"color: #ff0000;\"><strong>NEUE ENTWICKLUNG<\/strong><\/span><\/p>\n<div>\n<p>Profilierte Sohle<\/p>\n<\/div>\n<div>\n<div>\n<p>Neue Lasche zum festziehen<\/p>\n<\/div>\n<div>\n<p>Verst\u00e4rkte \u00d6sen<\/p>\n<\/div>\n<div>\n<div>\n<p>Doppelter Verst\u00e4rkungsstreifen (r\u00fcckseitig)<\/p>\n<\/div>\n<div>\n<p>100% nat\u00fcrlicher Kautschuk\u00a0<\/p>\n<\/div>\n<div>\n<p>100% wasserdicht<\/p>\n<\/div>\n<div>\n<p>Design\u00a9 USA, Canada, Brazil, EU, CH, Russia, Ukraine<\/p>\n<\/div>\n<div>\n<p>MADE BY ELVETIK\u00ae SWISS DESIGN<\/p>\n<\/div>\n<\/div>\n<\/div>\n","protected":false},"excerpt":{"rendered":"<p><span style=\"color: #ff0000;\"><strong>NEUE ENTWICKLUNG\u00a0<\/strong><\/span><\/p>\n<p><strong>Profilierte Sohle &amp; neue Lasche zum festziehen<\/strong><\/p>\n<p><u>Geliefert mit:<\/u><\/p>\n<div>\n<p>2 Paar zus\u00e4tzliche Schn\u00fcrsenkel: schwarz mit Pailletten &amp; lila<\/p>\n<\/div>\n<div>\n<p>1 Paar zus\u00e4tzliche Einlagen<\/p>\n<p><u>Innenausf\u00fchrung:<\/u><\/p>\n<\/div>\n<div>\n<p>100% Baumwolle, schwarz, Einlage EVA 5mm\u00a0<\/p>\n<\/div>\n<div>\n<div>\n<p>100% Naturgummi, 100% wasserdicht<\/p>\n<p>H\u00f6he\u00a019 cm<\/p>\n<p><u>Empfohlenes Zubeh\u00f6r:<\/u><\/p>\n<\/div>\n<div>\n<div>\n<p><span style=\"color: #0000ff;\">Polarsocken<\/span>\u00a0(nicht bei den Stiefeln inbegriffen)<\/p>\n<p><span style=\"color: #008000;\"><strong>GRATISLIEFERUNG IN DER SCHWEIZ<\/strong><\/span><\/p>\n<\/div>\n<\/div>\n<\/div>\n","protected":false},"featured_media":225243,"template":"","meta":{"_elvetik_care_instructions":""},"product_brand":[],"product_cat":[701,824,660,827,673,716,684],"product_tag":[],"class_list":{"0":"post-225286","1":"product","2":"type-product","3":"status-publish","4":"has-post-thumbnail","6":"product_cat-damen","7":"product_cat-damen-regenstiefel","8":"product_cat-herren","9":"product_cat-regenstiefel-herren","10":"product_cat-ausverkauf-herren","11":"product_cat-damen-ausverkauf","12":"product_cat-herren-ausverkauf","13":"pa_taille-41-de","14":"pa_taille-42-de","16":"first","17":"instock","18":"sale","19":"taxable","20":"shipping-taxable","21":"purchasable","22":"product-type-variable"},"yoast_head":"<!-- This site is optimized with the Yoast SEO plugin v26.8-RC7 - https:\/\/yoast.com\/product\/yoast-seo-wordpress\/ -->\n<title>FLOWER - Elvetik<\/title>\n<meta name=\"robots\" content=\"index, follow, max-snippet:-1, max-image-preview:large, max-video-preview:-1\" \/>\n<link rel=\"canonical\" href=\"https:\/\/elvetik.ch\/de\/shop\/ausverkauf-mode\/herren-ausverkauf\/flower\/\" \/>\n<meta property=\"og:locale\" content=\"de_DE\" \/>\n<meta property=\"og:type\" content=\"article\" \/>\n<meta property=\"og:title\" content=\"FLOWER - Elvetik\" \/>\n<meta property=\"og:description\" content=\"NEUE ENTWICKLUNG\u00a0 Profilierte Sohle &amp; neue Lasche zum festziehen Geliefert mit:  2 Paar zus\u00e4tzliche Schn\u00fcrsenkel: schwarz mit Pailletten &amp; lila   1 Paar zus\u00e4tzliche Einlagen Innenausf\u00fchrung:   100% Baumwolle, schwarz, Einlage EVA 5mm\u00a0    100% Naturgummi, 100% wasserdicht H\u00f6he\u00a019 cm Empfohlenes Zubeh\u00f6r:    Polarsocken\u00a0(nicht bei den Stiefeln inbegriffen) GRATISLIEFERUNG IN DER SCHWEIZ\" \/>\n<meta property=\"og:url\" content=\"https:\/\/elvetik.ch\/de\/shop\/ausverkauf-mode\/herren-ausverkauf\/flower\/\" \/>\n<meta property=\"og:site_name\" content=\"Elvetik\" \/>\n<meta property=\"article:modified_time\" content=\"2025-10-21T07:46:44+00:00\" \/>\n<meta property=\"og:image\" content=\"https:\/\/elvetik.ch\/wp-content\/uploads\/2021\/08\/botte-flower-1.jpg\" \/>\n\t<meta property=\"og:image:width\" content=\"966\" \/>\n\t<meta property=\"og:image:height\" content=\"935\" \/>\n\t<meta property=\"og:image:type\" content=\"image\/jpeg\" \/>\n<meta name=\"twitter:card\" content=\"summary_large_image\" \/>\n<script type=\"application\/ld+json\" class=\"yoast-schema-graph\">{\"@context\":\"https:\/\/schema.org\",\"@graph\":[{\"@type\":\"WebPage\",\"@id\":\"https:\/\/elvetik.ch\/de\/shop\/ausverkauf-mode\/herren-ausverkauf\/flower\/\",\"url\":\"https:\/\/elvetik.ch\/de\/shop\/ausverkauf-mode\/herren-ausverkauf\/flower\/\",\"name\":\"FLOWER - Elvetik\",\"isPartOf\":{\"@id\":\"https:\/\/elvetik.ch\/de\/#website\"},\"primaryImageOfPage\":{\"@id\":\"https:\/\/elvetik.ch\/de\/shop\/ausverkauf-mode\/herren-ausverkauf\/flower\/#primaryimage\"},\"image\":{\"@id\":\"https:\/\/elvetik.ch\/de\/shop\/ausverkauf-mode\/herren-ausverkauf\/flower\/#primaryimage\"},\"thumbnailUrl\":\"https:\/\/elvetik.ch\/wp-content\/uploads\/2021\/08\/botte-flower-1.jpg\",\"datePublished\":\"2021-08-03T16:09:01+00:00\",\"dateModified\":\"2025-10-21T07:46:44+00:00\",\"breadcrumb\":{\"@id\":\"https:\/\/elvetik.ch\/de\/shop\/ausverkauf-mode\/herren-ausverkauf\/flower\/#breadcrumb\"},\"inLanguage\":\"de\",\"potentialAction\":[{\"@type\":\"ReadAction\",\"target\":[\"https:\/\/elvetik.ch\/de\/shop\/ausverkauf-mode\/herren-ausverkauf\/flower\/\"]}]},{\"@type\":\"ImageObject\",\"inLanguage\":\"de\",\"@id\":\"https:\/\/elvetik.ch\/de\/shop\/ausverkauf-mode\/herren-ausverkauf\/flower\/#primaryimage\",\"url\":\"https:\/\/elvetik.ch\/wp-content\/uploads\/2021\/08\/botte-flower-1.jpg\",\"contentUrl\":\"https:\/\/elvetik.ch\/wp-content\/uploads\/2021\/08\/botte-flower-1.jpg\",\"width\":966,\"height\":935,\"caption\":\"elvetik \\\"Flower\\\" Regenstiefel - Probieren Sie dieses einzigartige Modell von Elvetik Swiss Design\"},{\"@type\":\"BreadcrumbList\",\"@id\":\"https:\/\/elvetik.ch\/de\/shop\/ausverkauf-mode\/herren-ausverkauf\/flower\/#breadcrumb\",\"itemListElement\":[{\"@type\":\"ListItem\",\"position\":1,\"name\":\"Home\",\"item\":\"https:\/\/elvetik.ch\/de\/\"},{\"@type\":\"ListItem\",\"position\":2,\"name\":\"Shop\",\"item\":\"https:\/\/elvetik.ch\/de\/shop-2\/\"},{\"@type\":\"ListItem\",\"position\":3,\"name\":\"FLOWER\"}]},{\"@type\":\"WebSite\",\"@id\":\"https:\/\/elvetik.ch\/de\/#website\",\"url\":\"https:\/\/elvetik.ch\/de\/\",\"name\":\"Elvetik\",\"description\":\"\",\"publisher\":{\"@id\":\"https:\/\/elvetik.ch\/de\/#organization\"},\"potentialAction\":[{\"@type\":\"SearchAction\",\"target\":{\"@type\":\"EntryPoint\",\"urlTemplate\":\"https:\/\/elvetik.ch\/de\/?s={search_term_string}\"},\"query-input\":{\"@type\":\"PropertyValueSpecification\",\"valueRequired\":true,\"valueName\":\"search_term_string\"}}],\"inLanguage\":\"de\"},{\"@type\":\"Organization\",\"@id\":\"https:\/\/elvetik.ch\/de\/#organization\",\"name\":\"Elvetik\",\"url\":\"https:\/\/elvetik.ch\/de\/\",\"logo\":{\"@type\":\"ImageObject\",\"inLanguage\":\"de\",\"@id\":\"https:\/\/elvetik.ch\/de\/#\/schema\/logo\/image\/\",\"url\":\"https:\/\/elvetik.ch\/wp-content\/uploads\/2021\/05\/LOGO-elvetik.png\",\"contentUrl\":\"https:\/\/elvetik.ch\/wp-content\/uploads\/2021\/05\/LOGO-elvetik.png\",\"width\":800,\"height\":400,\"caption\":\"Elvetik\"},\"image\":{\"@id\":\"https:\/\/elvetik.ch\/de\/#\/schema\/logo\/image\/\"}}]}<\/script>\n<!-- \/ Yoast SEO plugin. -->","yoast_head_json":{"title":"FLOWER - Elvetik","robots":{"index":"index","follow":"follow","max-snippet":"max-snippet:-1","max-image-preview":"max-image-preview:large","max-video-preview":"max-video-preview:-1"},"canonical":"https:\/\/elvetik.ch\/de\/shop\/ausverkauf-mode\/herren-ausverkauf\/flower\/","og_locale":"de_DE","og_type":"article","og_title":"FLOWER - Elvetik","og_description":"NEUE ENTWICKLUNG\u00a0 Profilierte Sohle &amp; neue Lasche zum festziehen Geliefert mit:  2 Paar zus\u00e4tzliche Schn\u00fcrsenkel: schwarz mit Pailletten &amp; lila   1 Paar zus\u00e4tzliche Einlagen Innenausf\u00fchrung:   100% Baumwolle, schwarz, Einlage EVA 5mm\u00a0    100% Naturgummi, 100% wasserdicht H\u00f6he\u00a019 cm Empfohlenes Zubeh\u00f6r:    Polarsocken\u00a0(nicht bei den Stiefeln inbegriffen) GRATISLIEFERUNG IN DER SCHWEIZ","og_url":"https:\/\/elvetik.ch\/de\/shop\/ausverkauf-mode\/herren-ausverkauf\/flower\/","og_site_name":"Elvetik","article_modified_time":"2025-10-21T07:46:44+00:00","og_image":[{"width":966,"height":935,"url":"https:\/\/elvetik.ch\/wp-content\/uploads\/2021\/08\/botte-flower-1.jpg","type":"image\/jpeg"}],"twitter_card":"summary_large_image","schema":{"@context":"https:\/\/schema.org","@graph":[{"@type":"WebPage","@id":"https:\/\/elvetik.ch\/de\/shop\/ausverkauf-mode\/herren-ausverkauf\/flower\/","url":"https:\/\/elvetik.ch\/de\/shop\/ausverkauf-mode\/herren-ausverkauf\/flower\/","name":"FLOWER - Elvetik","isPartOf":{"@id":"https:\/\/elvetik.ch\/de\/#website"},"primaryImageOfPage":{"@id":"https:\/\/elvetik.ch\/de\/shop\/ausverkauf-mode\/herren-ausverkauf\/flower\/#primaryimage"},"image":{"@id":"https:\/\/elvetik.ch\/de\/shop\/ausverkauf-mode\/herren-ausverkauf\/flower\/#primaryimage"},"thumbnailUrl":"https:\/\/elvetik.ch\/wp-content\/uploads\/2021\/08\/botte-flower-1.jpg","datePublished":"2021-08-03T16:09:01+00:00","dateModified":"2025-10-21T07:46:44+00:00","breadcrumb":{"@id":"https:\/\/elvetik.ch\/de\/shop\/ausverkauf-mode\/herren-ausverkauf\/flower\/#breadcrumb"},"inLanguage":"de","potentialAction":[{"@type":"ReadAction","target":["https:\/\/elvetik.ch\/de\/shop\/ausverkauf-mode\/herren-ausverkauf\/flower\/"]}]},{"@type":"ImageObject","inLanguage":"de","@id":"https:\/\/elvetik.ch\/de\/shop\/ausverkauf-mode\/herren-ausverkauf\/flower\/#primaryimage","url":"https:\/\/elvetik.ch\/wp-content\/uploads\/2021\/08\/botte-flower-1.jpg","contentUrl":"https:\/\/elvetik.ch\/wp-content\/uploads\/2021\/08\/botte-flower-1.jpg","width":966,"height":935,"caption":"elvetik \"Flower\" Regenstiefel - Probieren Sie dieses einzigartige Modell von Elvetik Swiss Design"},{"@type":"BreadcrumbList","@id":"https:\/\/elvetik.ch\/de\/shop\/ausverkauf-mode\/herren-ausverkauf\/flower\/#breadcrumb","itemListElement":[{"@type":"ListItem","position":1,"name":"Home","item":"https:\/\/elvetik.ch\/de\/"},{"@type":"ListItem","position":2,"name":"Shop","item":"https:\/\/elvetik.ch\/de\/shop-2\/"},{"@type":"ListItem","position":3,"name":"FLOWER"}]},{"@type":"WebSite","@id":"https:\/\/elvetik.ch\/de\/#website","url":"https:\/\/elvetik.ch\/de\/","name":"Elvetik","description":"","publisher":{"@id":"https:\/\/elvetik.ch\/de\/#organization"},"potentialAction":[{"@type":"SearchAction","target":{"@type":"EntryPoint","urlTemplate":"https:\/\/elvetik.ch\/de\/?s={search_term_string}"},"query-input":{"@type":"PropertyValueSpecification","valueRequired":true,"valueName":"search_term_string"}}],"inLanguage":"de"},{"@type":"Organization","@id":"https:\/\/elvetik.ch\/de\/#organization","name":"Elvetik","url":"https:\/\/elvetik.ch\/de\/","logo":{"@type":"ImageObject","inLanguage":"de","@id":"https:\/\/elvetik.ch\/de\/#\/schema\/logo\/image\/","url":"https:\/\/elvetik.ch\/wp-content\/uploads\/2021\/05\/LOGO-elvetik.png","contentUrl":"https:\/\/elvetik.ch\/wp-content\/uploads\/2021\/05\/LOGO-elvetik.png","width":800,"height":400,"caption":"Elvetik"},"image":{"@id":"https:\/\/elvetik.ch\/de\/#\/schema\/logo\/image\/"}}]}},"_links":{"self":[{"href":"https:\/\/elvetik.ch\/de\/wp-json\/wp\/v2\/product\/225286","targetHints":{"allow":["GET"]}}],"collection":[{"href":"https:\/\/elvetik.ch\/de\/wp-json\/wp\/v2\/product"}],"about":[{"href":"https:\/\/elvetik.ch\/de\/wp-json\/wp\/v2\/types\/product"}],"wp:featuredmedia":[{"embeddable":true,"href":"https:\/\/elvetik.ch\/de\/wp-json\/wp\/v2\/media\/225243"}],"wp:attachment":[{"href":"https:\/\/elvetik.ch\/de\/wp-json\/wp\/v2\/media?parent=225286"}],"wp:term":[{"taxonomy":"product_brand","embeddable":true,"href":"https:\/\/elvetik.ch\/de\/wp-json\/wp\/v2\/product_brand?post=225286"},{"taxonomy":"product_cat","embeddable":true,"href":"https:\/\/elvetik.ch\/de\/wp-json\/wp\/v2\/product_cat?post=225286"},{"taxonomy":"product_tag","embeddable":true,"href":"https:\/\/elvetik.ch\/de\/wp-json\/wp\/v2\/product_tag?post=225286"}],"curies":[{"name":"wp","href":"https:\/\/api.w.org\/{rel}","templated":true}]}}