{"id":225308,"date":"2021-08-03T14:14:14","date_gmt":"2021-08-03T12:14:14","guid":{"rendered":"https:\/\/www.elvetik.ch\/shop\/unkategorisiert\/adventure\/"},"modified":"2025-08-29T11:50:26","modified_gmt":"2025-08-29T09:50:26","slug":"adventure","status":"publish","type":"product","link":"https:\/\/elvetik.ch\/de\/shop\/kinder\/kinder-regenstiefel\/adventure\/","title":{"rendered":"ADVENTURE"},"content":{"rendered":"<p><span style=\"color: #ff0000;\"><strong>Neu! F\u00fcr mehr Sicherheit<\/strong><\/span><br \/>\nSohlen mit Stollen und reflektierendem Streifen an der Ferse<br \/>\n100% nat\u00fcrlicher Kautschuk<br \/>\n100% wasserdicht<br \/>\nDesign\u00a9 USA, Kanada, Brasilien, EU, CH, Russland, Ukraine<br \/>\nMADE BY ELVETIK\u00ae SWISS DESIGN<\/p>\n","protected":false},"excerpt":{"rendered":"<p><span style=\"color: #ff0000;\"><strong>Neu! F\u00fcr mehr Sicherheit<\/strong><\/span><\/p>\n<p><strong>Sohlen mit Stollen und reflektierendem Streifen an der Ferse<\/strong><\/p>\n<p><u>Geliefert mit:<\/u><\/p>\n<div>\n<p>2 Paar zus\u00e4tzliche Schn\u00fcrsenkel: rosa &amp; gelb<\/p>\n<\/div>\n<div>\n<p>1 Paar zus\u00e4tzliche Einlagen<\/p>\n<p><u>Innenausf\u00fchrung:<\/u><\/p>\n<\/div>\n<div>\n<p>100% Baumwolle, schwarz, Einlage EVA 5mm<\/p>\n<\/div>\n<div>\n<p>100% Naturgummi, 100% wasserdicht<\/p>\n<p>Gr\u00f6sse von 24 bis 34<\/p>\n<\/div>\n<div>\n<p>H\u00f6he 18 cm<\/p>\n<p><span style=\"color: #008000;\"><strong>GRATISLIEFERUNG IN DER SCHWEIZ<\/strong><\/span><\/p>\n<\/div>\n","protected":false},"featured_media":225226,"template":"","meta":{"_elvetik_care_instructions":""},"product_brand":[],"product_cat":[624,628],"product_tag":[],"class_list":{"0":"post-225308","1":"product","2":"type-product","3":"status-publish","4":"has-post-thumbnail","6":"product_cat-kinder","7":"product_cat-kinder-regenstiefel","8":"pa_taille-24-de","9":"pa_taille-25-de","10":"pa_taille-26-de","11":"pa_taille-27-de","12":"pa_taille-28-de","13":"pa_taille-29-de","14":"pa_taille-30-de","15":"pa_taille-31-de","16":"pa_taille-32-de","17":"pa_taille-33-de","18":"pa_taille-34-de","20":"first","21":"instock","22":"taxable","23":"shipping-taxable","24":"purchasable","25":"product-type-variable"},"yoast_head":"<!-- This site is optimized with the Yoast SEO plugin v26.8-RC7 - https:\/\/yoast.com\/product\/yoast-seo-wordpress\/ -->\n<title>ADVENTURE - Elvetik - Bottes de pluie enfant &quot;Nouvelle \u00e9volution&quot;<\/title>\n<meta name=\"description\" content=\"Des bottes de pluie 100% caoutchouc naturel pour braver la pluie en restant au sec. Semelles \u00e0 crampons &amp; ruban r\u00e9fl\u00e9chissant sur le talon arri\u00e8re pour plus de s\u00e9curit\u00e9. Livraison gratuite en Suisse\" \/>\n<meta name=\"robots\" content=\"index, follow, max-snippet:-1, max-image-preview:large, max-video-preview:-1\" \/>\n<link rel=\"canonical\" href=\"https:\/\/elvetik.ch\/de\/shop\/kinder\/kinder-regenstiefel\/adventure\/\" \/>\n<meta property=\"og:locale\" content=\"de_DE\" \/>\n<meta property=\"og:type\" content=\"article\" \/>\n<meta property=\"og:title\" content=\"ADVENTURE - Elvetik - Bottes de pluie enfant &quot;Nouvelle \u00e9volution&quot;\" \/>\n<meta property=\"og:description\" content=\"Des bottes de pluie 100% caoutchouc naturel pour braver la pluie en restant au sec. Semelles \u00e0 crampons &amp; ruban r\u00e9fl\u00e9chissant sur le talon arri\u00e8re pour plus de s\u00e9curit\u00e9. Livraison gratuite en Suisse\" \/>\n<meta property=\"og:url\" content=\"https:\/\/elvetik.ch\/de\/shop\/kinder\/kinder-regenstiefel\/adventure\/\" \/>\n<meta property=\"og:site_name\" content=\"Elvetik\" \/>\n<meta property=\"article:modified_time\" content=\"2025-08-29T09:50:26+00:00\" \/>\n<meta property=\"og:image\" content=\"http:\/\/elvetik.ch\/wp-content\/uploads\/2021\/08\/botte-de-pluie-adventure-double.jpg\" \/>\n\t<meta property=\"og:image:width\" content=\"966\" \/>\n\t<meta property=\"og:image:height\" content=\"935\" \/>\n\t<meta property=\"og:image:type\" content=\"image\/jpeg\" \/>\n<meta name=\"twitter:card\" content=\"summary_large_image\" \/>\n<script type=\"application\/ld+json\" class=\"yoast-schema-graph\">{\"@context\":\"https:\/\/schema.org\",\"@graph\":[{\"@type\":\"WebPage\",\"@id\":\"https:\/\/elvetik.ch\/de\/shop\/kinder\/kinder-regenstiefel\/adventure\/\",\"url\":\"https:\/\/elvetik.ch\/de\/shop\/kinder\/kinder-regenstiefel\/adventure\/\",\"name\":\"ADVENTURE - Elvetik - Bottes de pluie enfant \\\"Nouvelle \u00e9volution\\\"\",\"isPartOf\":{\"@id\":\"https:\/\/elvetik.ch\/de\/#website\"},\"primaryImageOfPage\":{\"@id\":\"https:\/\/elvetik.ch\/de\/shop\/kinder\/kinder-regenstiefel\/adventure\/#primaryimage\"},\"image\":{\"@id\":\"https:\/\/elvetik.ch\/de\/shop\/kinder\/kinder-regenstiefel\/adventure\/#primaryimage\"},\"thumbnailUrl\":\"https:\/\/elvetik.ch\/wp-content\/uploads\/2021\/08\/botte-de-pluie-adventure-double.jpg\",\"datePublished\":\"2021-08-03T12:14:14+00:00\",\"dateModified\":\"2025-08-29T09:50:26+00:00\",\"description\":\"Des bottes de pluie 100% caoutchouc naturel pour braver la pluie en restant au sec. Semelles \u00e0 crampons & ruban r\u00e9fl\u00e9chissant sur le talon arri\u00e8re pour plus de s\u00e9curit\u00e9. Livraison gratuite en Suisse\",\"breadcrumb\":{\"@id\":\"https:\/\/elvetik.ch\/de\/shop\/kinder\/kinder-regenstiefel\/adventure\/#breadcrumb\"},\"inLanguage\":\"de\",\"potentialAction\":[{\"@type\":\"ReadAction\",\"target\":[\"https:\/\/elvetik.ch\/de\/shop\/kinder\/kinder-regenstiefel\/adventure\/\"]}]},{\"@type\":\"ImageObject\",\"inLanguage\":\"de\",\"@id\":\"https:\/\/elvetik.ch\/de\/shop\/kinder\/kinder-regenstiefel\/adventure\/#primaryimage\",\"url\":\"https:\/\/elvetik.ch\/wp-content\/uploads\/2021\/08\/botte-de-pluie-adventure-double.jpg\",\"contentUrl\":\"https:\/\/elvetik.ch\/wp-content\/uploads\/2021\/08\/botte-de-pluie-adventure-double.jpg\",\"width\":966,\"height\":935,\"caption\":\"elvetik \\\"Adventure\\\" Regenstiefel f\u00fcr Jungen und M\u00e4dchen. Kommt mit 2 Paar extra Schn\u00fcrsenkel gelb & rosa\"},{\"@type\":\"BreadcrumbList\",\"@id\":\"https:\/\/elvetik.ch\/de\/shop\/kinder\/kinder-regenstiefel\/adventure\/#breadcrumb\",\"itemListElement\":[{\"@type\":\"ListItem\",\"position\":1,\"name\":\"Home\",\"item\":\"https:\/\/elvetik.ch\/de\/\"},{\"@type\":\"ListItem\",\"position\":2,\"name\":\"Shop\",\"item\":\"https:\/\/elvetik.ch\/de\/shop-2\/\"},{\"@type\":\"ListItem\",\"position\":3,\"name\":\"ADVENTURE\"}]},{\"@type\":\"WebSite\",\"@id\":\"https:\/\/elvetik.ch\/de\/#website\",\"url\":\"https:\/\/elvetik.ch\/de\/\",\"name\":\"Elvetik\",\"description\":\"\",\"publisher\":{\"@id\":\"https:\/\/elvetik.ch\/de\/#organization\"},\"potentialAction\":[{\"@type\":\"SearchAction\",\"target\":{\"@type\":\"EntryPoint\",\"urlTemplate\":\"https:\/\/elvetik.ch\/de\/?s={search_term_string}\"},\"query-input\":{\"@type\":\"PropertyValueSpecification\",\"valueRequired\":true,\"valueName\":\"search_term_string\"}}],\"inLanguage\":\"de\"},{\"@type\":\"Organization\",\"@id\":\"https:\/\/elvetik.ch\/de\/#organization\",\"name\":\"Elvetik\",\"url\":\"https:\/\/elvetik.ch\/de\/\",\"logo\":{\"@type\":\"ImageObject\",\"inLanguage\":\"de\",\"@id\":\"https:\/\/elvetik.ch\/de\/#\/schema\/logo\/image\/\",\"url\":\"https:\/\/elvetik.ch\/wp-content\/uploads\/2021\/05\/LOGO-elvetik.png\",\"contentUrl\":\"https:\/\/elvetik.ch\/wp-content\/uploads\/2021\/05\/LOGO-elvetik.png\",\"width\":800,\"height\":400,\"caption\":\"Elvetik\"},\"image\":{\"@id\":\"https:\/\/elvetik.ch\/de\/#\/schema\/logo\/image\/\"}}]}<\/script>\n<!-- \/ Yoast SEO plugin. -->","yoast_head_json":{"title":"ADVENTURE - Elvetik - Bottes de pluie enfant \"Nouvelle \u00e9volution\"","description":"Des bottes de pluie 100% caoutchouc naturel pour braver la pluie en restant au sec. Semelles \u00e0 crampons & ruban r\u00e9fl\u00e9chissant sur le talon arri\u00e8re pour plus de s\u00e9curit\u00e9. Livraison gratuite en Suisse","robots":{"index":"index","follow":"follow","max-snippet":"max-snippet:-1","max-image-preview":"max-image-preview:large","max-video-preview":"max-video-preview:-1"},"canonical":"https:\/\/elvetik.ch\/de\/shop\/kinder\/kinder-regenstiefel\/adventure\/","og_locale":"de_DE","og_type":"article","og_title":"ADVENTURE - Elvetik - Bottes de pluie enfant \"Nouvelle \u00e9volution\"","og_description":"Des bottes de pluie 100% caoutchouc naturel pour braver la pluie en restant au sec. Semelles \u00e0 crampons & ruban r\u00e9fl\u00e9chissant sur le talon arri\u00e8re pour plus de s\u00e9curit\u00e9. Livraison gratuite en Suisse","og_url":"https:\/\/elvetik.ch\/de\/shop\/kinder\/kinder-regenstiefel\/adventure\/","og_site_name":"Elvetik","article_modified_time":"2025-08-29T09:50:26+00:00","og_image":[{"width":966,"height":935,"url":"http:\/\/elvetik.ch\/wp-content\/uploads\/2021\/08\/botte-de-pluie-adventure-double.jpg","type":"image\/jpeg"}],"twitter_card":"summary_large_image","schema":{"@context":"https:\/\/schema.org","@graph":[{"@type":"WebPage","@id":"https:\/\/elvetik.ch\/de\/shop\/kinder\/kinder-regenstiefel\/adventure\/","url":"https:\/\/elvetik.ch\/de\/shop\/kinder\/kinder-regenstiefel\/adventure\/","name":"ADVENTURE - Elvetik - Bottes de pluie enfant \"Nouvelle \u00e9volution\"","isPartOf":{"@id":"https:\/\/elvetik.ch\/de\/#website"},"primaryImageOfPage":{"@id":"https:\/\/elvetik.ch\/de\/shop\/kinder\/kinder-regenstiefel\/adventure\/#primaryimage"},"image":{"@id":"https:\/\/elvetik.ch\/de\/shop\/kinder\/kinder-regenstiefel\/adventure\/#primaryimage"},"thumbnailUrl":"https:\/\/elvetik.ch\/wp-content\/uploads\/2021\/08\/botte-de-pluie-adventure-double.jpg","datePublished":"2021-08-03T12:14:14+00:00","dateModified":"2025-08-29T09:50:26+00:00","description":"Des bottes de pluie 100% caoutchouc naturel pour braver la pluie en restant au sec. Semelles \u00e0 crampons & ruban r\u00e9fl\u00e9chissant sur le talon arri\u00e8re pour plus de s\u00e9curit\u00e9. Livraison gratuite en Suisse","breadcrumb":{"@id":"https:\/\/elvetik.ch\/de\/shop\/kinder\/kinder-regenstiefel\/adventure\/#breadcrumb"},"inLanguage":"de","potentialAction":[{"@type":"ReadAction","target":["https:\/\/elvetik.ch\/de\/shop\/kinder\/kinder-regenstiefel\/adventure\/"]}]},{"@type":"ImageObject","inLanguage":"de","@id":"https:\/\/elvetik.ch\/de\/shop\/kinder\/kinder-regenstiefel\/adventure\/#primaryimage","url":"https:\/\/elvetik.ch\/wp-content\/uploads\/2021\/08\/botte-de-pluie-adventure-double.jpg","contentUrl":"https:\/\/elvetik.ch\/wp-content\/uploads\/2021\/08\/botte-de-pluie-adventure-double.jpg","width":966,"height":935,"caption":"elvetik \"Adventure\" Regenstiefel f\u00fcr Jungen und M\u00e4dchen. Kommt mit 2 Paar extra Schn\u00fcrsenkel gelb & rosa"},{"@type":"BreadcrumbList","@id":"https:\/\/elvetik.ch\/de\/shop\/kinder\/kinder-regenstiefel\/adventure\/#breadcrumb","itemListElement":[{"@type":"ListItem","position":1,"name":"Home","item":"https:\/\/elvetik.ch\/de\/"},{"@type":"ListItem","position":2,"name":"Shop","item":"https:\/\/elvetik.ch\/de\/shop-2\/"},{"@type":"ListItem","position":3,"name":"ADVENTURE"}]},{"@type":"WebSite","@id":"https:\/\/elvetik.ch\/de\/#website","url":"https:\/\/elvetik.ch\/de\/","name":"Elvetik","description":"","publisher":{"@id":"https:\/\/elvetik.ch\/de\/#organization"},"potentialAction":[{"@type":"SearchAction","target":{"@type":"EntryPoint","urlTemplate":"https:\/\/elvetik.ch\/de\/?s={search_term_string}"},"query-input":{"@type":"PropertyValueSpecification","valueRequired":true,"valueName":"search_term_string"}}],"inLanguage":"de"},{"@type":"Organization","@id":"https:\/\/elvetik.ch\/de\/#organization","name":"Elvetik","url":"https:\/\/elvetik.ch\/de\/","logo":{"@type":"ImageObject","inLanguage":"de","@id":"https:\/\/elvetik.ch\/de\/#\/schema\/logo\/image\/","url":"https:\/\/elvetik.ch\/wp-content\/uploads\/2021\/05\/LOGO-elvetik.png","contentUrl":"https:\/\/elvetik.ch\/wp-content\/uploads\/2021\/05\/LOGO-elvetik.png","width":800,"height":400,"caption":"Elvetik"},"image":{"@id":"https:\/\/elvetik.ch\/de\/#\/schema\/logo\/image\/"}}]}},"_links":{"self":[{"href":"https:\/\/elvetik.ch\/de\/wp-json\/wp\/v2\/product\/225308","targetHints":{"allow":["GET"]}}],"collection":[{"href":"https:\/\/elvetik.ch\/de\/wp-json\/wp\/v2\/product"}],"about":[{"href":"https:\/\/elvetik.ch\/de\/wp-json\/wp\/v2\/types\/product"}],"wp:featuredmedia":[{"embeddable":true,"href":"https:\/\/elvetik.ch\/de\/wp-json\/wp\/v2\/media\/225226"}],"wp:attachment":[{"href":"https:\/\/elvetik.ch\/de\/wp-json\/wp\/v2\/media?parent=225308"}],"wp:term":[{"taxonomy":"product_brand","embeddable":true,"href":"https:\/\/elvetik.ch\/de\/wp-json\/wp\/v2\/product_brand?post=225308"},{"taxonomy":"product_cat","embeddable":true,"href":"https:\/\/elvetik.ch\/de\/wp-json\/wp\/v2\/product_cat?post=225308"},{"taxonomy":"product_tag","embeddable":true,"href":"https:\/\/elvetik.ch\/de\/wp-json\/wp\/v2\/product_tag?post=225308"}],"curies":[{"name":"wp","href":"https:\/\/api.w.org\/{rel}","templated":true}]}}