{"id":227677,"date":"2021-10-28T13:38:46","date_gmt":"2021-10-28T11:38:46","guid":{"rendered":"https:\/\/www.elvetik.ch\/shop\/unkategorisiert\/platinium-card\/"},"modified":"2021-11-29T09:41:11","modified_gmt":"2021-11-29T08:41:11","slug":"platinium-card","status":"publish","type":"product","link":"https:\/\/elvetik.ch\/de\/shop\/geschenkkarte\/platinium-card\/","title":{"rendered":"PLATINIUM CARD"},"content":{"rendered":"<p>Geschenkkarte im Wert von CHF 100.\u2014<\/p>\n<p>Die Geschenkkarte ist in der offiziellen Boutique <a href=\"https:\/\/www.elvetik.ch\/de\/\">www.elvetik.ch<\/a> einl\u00f6sbar.<\/p>\n<p>Sie wird an Ihre Adresse oder direkt an die Adresse einer Person, die Sie im Voraus bestimmen mit einem Text ist in Deutsch, Franz\u00f6sisch und Italienisch, geliefert.<\/p>\n<p>Um Ihre Geschenkkarte an die Person Ihrer Wahl zu schicken, gen\u00fcgt es, das entsprechende Feld \u00a0\u201ean eine andere Lieferadresse senden\u201c anzuklicken und die Angaben \u00fcber den Empf\u00e4nger zu erg\u00e4nzen.<\/p>\n<p>Die Geschenkkarte hat eine G\u00fcltigkeit von 12 Monaten ab Kaufdatum.<\/p>\n<p>Bei einem Kauf unter dem offerierten Betrag steht die Differenz weiterhin zur Verf\u00fcgung und kann von der Person Ihrer Wahl zu einem sp\u00e4teren Zeitpunkt gen\u00fctzt werden.<\/p>\n<p>&nbsp;<\/p>\n","protected":false},"excerpt":{"rendered":"<p>Sie suchen nach einer originellen Geschenkidee und wissen nicht, was Sie offerieren k\u00f6nnen.<\/p>\n<p>Wenn Sie aus romantischen Gr\u00fcnden oder f\u00fcr die kommenden Weihnachten oder einfach f\u00fcr ein kleines Dankesch\u00f6n ein ausgefallenes Geschenk suchen, eine Geschenkkarte ist immer eine gute Wahl.<\/p>\n<p>Sie brauchen sich wegen der Gr\u00f6\u00dfe keine Gedanken mehr machen\u2026<\/p>\n<p>Sie m\u00fcssen sich nicht mehr den Kopf zerbrechen, ob Sie auch das richtige Modell gew\u00e4hlt haben\u2026<\/p>\n<p>Und f\u00fcr diejenigen, die immer sp\u00e4t dran sind, k\u00f6nnten die Geschenkkarten zu Ihrem besten Freund werden, indem Sie sie direkt an die Person Ihrer Wahl verschicken lassen.<\/p>\n<p>Geschenkkarte im Wert von CHF 100.\u2014<\/p>\n<p>Mehr Informationen untenstehend indem Sie das rote Feld \u201eBeschreibung\u201c anklicken.<\/p>\n","protected":false},"featured_media":246873,"template":"","meta":{"_elvetik_care_instructions":""},"product_brand":[],"product_cat":[821,834],"product_tag":[],"class_list":{"0":"post-227677","1":"product","2":"type-product","3":"status-publish","4":"has-post-thumbnail","6":"product_cat-geschenkkarte","7":"product_cat-neuheiten","9":"first","10":"instock","11":"taxable","12":"shipping-taxable","13":"purchasable","14":"product-type-simple"},"yoast_head":"<!-- This site is optimized with the Yoast SEO plugin v26.8-RC7 - https:\/\/yoast.com\/product\/yoast-seo-wordpress\/ -->\n<title>PLATINIUM CARD - Elvetik<\/title>\n<meta name=\"description\" content=\"Vous cherchez une id\u00e9e cadeau originale et vous ne savez pas quoi offrir\u00a0? Les cartes cadeaux elvetik sont arriv\u00e9es. Cartes cadeaux de 30, 50 ou 100 francs, disponibles d\u00e8s maintenant.\" \/>\n<meta name=\"robots\" content=\"index, follow, max-snippet:-1, max-image-preview:large, max-video-preview:-1\" \/>\n<link rel=\"canonical\" href=\"https:\/\/elvetik.ch\/de\/shop\/geschenkkarte\/platinium-card\/\" \/>\n<meta property=\"og:locale\" content=\"de_DE\" \/>\n<meta property=\"og:type\" content=\"article\" \/>\n<meta property=\"og:title\" content=\"PLATINIUM CARD - Elvetik\" \/>\n<meta property=\"og:description\" content=\"Vous cherchez une id\u00e9e cadeau originale et vous ne savez pas quoi offrir\u00a0? Les cartes cadeaux elvetik sont arriv\u00e9es. Cartes cadeaux de 30, 50 ou 100 francs, disponibles d\u00e8s maintenant.\" \/>\n<meta property=\"og:url\" content=\"https:\/\/elvetik.ch\/de\/shop\/geschenkkarte\/platinium-card\/\" \/>\n<meta property=\"og:site_name\" content=\"Elvetik\" \/>\n<meta property=\"article:modified_time\" content=\"2021-11-29T08:41:11+00:00\" \/>\n<meta property=\"og:image\" content=\"http:\/\/elvetik.ch\/wp-content\/uploads\/2026\/02\/carte-cadeau-100.-2.jpeg\" \/>\n\t<meta property=\"og:image:width\" content=\"1534\" \/>\n\t<meta property=\"og:image:height\" content=\"1092\" \/>\n\t<meta property=\"og:image:type\" content=\"image\/jpeg\" \/>\n<meta name=\"twitter:card\" content=\"summary_large_image\" \/>\n<meta name=\"twitter:label1\" content=\"Gesch\u00e4tzte Lesezeit\" \/>\n\t<meta name=\"twitter:data1\" content=\"1\u00a0Minute\" \/>\n<script type=\"application\/ld+json\" class=\"yoast-schema-graph\">{\"@context\":\"https:\/\/schema.org\",\"@graph\":[{\"@type\":\"WebPage\",\"@id\":\"https:\/\/elvetik.ch\/de\/shop\/geschenkkarte\/platinium-card\/\",\"url\":\"https:\/\/elvetik.ch\/de\/shop\/geschenkkarte\/platinium-card\/\",\"name\":\"PLATINIUM CARD - Elvetik\",\"isPartOf\":{\"@id\":\"https:\/\/elvetik.ch\/de\/#website\"},\"primaryImageOfPage\":{\"@id\":\"https:\/\/elvetik.ch\/de\/shop\/geschenkkarte\/platinium-card\/#primaryimage\"},\"image\":{\"@id\":\"https:\/\/elvetik.ch\/de\/shop\/geschenkkarte\/platinium-card\/#primaryimage\"},\"thumbnailUrl\":\"https:\/\/elvetik.ch\/wp-content\/uploads\/2026\/02\/carte-cadeau-100.-2.jpeg\",\"datePublished\":\"2021-10-28T11:38:46+00:00\",\"dateModified\":\"2021-11-29T08:41:11+00:00\",\"description\":\"Vous cherchez une id\u00e9e cadeau originale et vous ne savez pas quoi offrir\u00a0? Les cartes cadeaux elvetik sont arriv\u00e9es. Cartes cadeaux de 30, 50 ou 100 francs, disponibles d\u00e8s maintenant.\",\"breadcrumb\":{\"@id\":\"https:\/\/elvetik.ch\/de\/shop\/geschenkkarte\/platinium-card\/#breadcrumb\"},\"inLanguage\":\"de\",\"potentialAction\":[{\"@type\":\"ReadAction\",\"target\":[\"https:\/\/elvetik.ch\/de\/shop\/geschenkkarte\/platinium-card\/\"]}]},{\"@type\":\"ImageObject\",\"inLanguage\":\"de\",\"@id\":\"https:\/\/elvetik.ch\/de\/shop\/geschenkkarte\/platinium-card\/#primaryimage\",\"url\":\"https:\/\/elvetik.ch\/wp-content\/uploads\/2026\/02\/carte-cadeau-100.-2.jpeg\",\"contentUrl\":\"https:\/\/elvetik.ch\/wp-content\/uploads\/2026\/02\/carte-cadeau-100.-2.jpeg\",\"width\":1534,\"height\":1092,\"caption\":\"Screenshot\"},{\"@type\":\"BreadcrumbList\",\"@id\":\"https:\/\/elvetik.ch\/de\/shop\/geschenkkarte\/platinium-card\/#breadcrumb\",\"itemListElement\":[{\"@type\":\"ListItem\",\"position\":1,\"name\":\"Home\",\"item\":\"https:\/\/elvetik.ch\/de\/\"},{\"@type\":\"ListItem\",\"position\":2,\"name\":\"Shop\",\"item\":\"https:\/\/elvetik.ch\/de\/shop-2\/\"},{\"@type\":\"ListItem\",\"position\":3,\"name\":\"PLATINIUM CARD\"}]},{\"@type\":\"WebSite\",\"@id\":\"https:\/\/elvetik.ch\/de\/#website\",\"url\":\"https:\/\/elvetik.ch\/de\/\",\"name\":\"Elvetik\",\"description\":\"\",\"publisher\":{\"@id\":\"https:\/\/elvetik.ch\/de\/#organization\"},\"potentialAction\":[{\"@type\":\"SearchAction\",\"target\":{\"@type\":\"EntryPoint\",\"urlTemplate\":\"https:\/\/elvetik.ch\/de\/?s={search_term_string}\"},\"query-input\":{\"@type\":\"PropertyValueSpecification\",\"valueRequired\":true,\"valueName\":\"search_term_string\"}}],\"inLanguage\":\"de\"},{\"@type\":\"Organization\",\"@id\":\"https:\/\/elvetik.ch\/de\/#organization\",\"name\":\"Elvetik\",\"url\":\"https:\/\/elvetik.ch\/de\/\",\"logo\":{\"@type\":\"ImageObject\",\"inLanguage\":\"de\",\"@id\":\"https:\/\/elvetik.ch\/de\/#\/schema\/logo\/image\/\",\"url\":\"https:\/\/elvetik.ch\/wp-content\/uploads\/2021\/05\/LOGO-elvetik.png\",\"contentUrl\":\"https:\/\/elvetik.ch\/wp-content\/uploads\/2021\/05\/LOGO-elvetik.png\",\"width\":800,\"height\":400,\"caption\":\"Elvetik\"},\"image\":{\"@id\":\"https:\/\/elvetik.ch\/de\/#\/schema\/logo\/image\/\"}}]}<\/script>\n<!-- \/ Yoast SEO plugin. -->","yoast_head_json":{"title":"PLATINIUM CARD - Elvetik","description":"Vous cherchez une id\u00e9e cadeau originale et vous ne savez pas quoi offrir\u00a0? Les cartes cadeaux elvetik sont arriv\u00e9es. Cartes cadeaux de 30, 50 ou 100 francs, disponibles d\u00e8s maintenant.","robots":{"index":"index","follow":"follow","max-snippet":"max-snippet:-1","max-image-preview":"max-image-preview:large","max-video-preview":"max-video-preview:-1"},"canonical":"https:\/\/elvetik.ch\/de\/shop\/geschenkkarte\/platinium-card\/","og_locale":"de_DE","og_type":"article","og_title":"PLATINIUM CARD - Elvetik","og_description":"Vous cherchez une id\u00e9e cadeau originale et vous ne savez pas quoi offrir\u00a0? Les cartes cadeaux elvetik sont arriv\u00e9es. Cartes cadeaux de 30, 50 ou 100 francs, disponibles d\u00e8s maintenant.","og_url":"https:\/\/elvetik.ch\/de\/shop\/geschenkkarte\/platinium-card\/","og_site_name":"Elvetik","article_modified_time":"2021-11-29T08:41:11+00:00","og_image":[{"width":1534,"height":1092,"url":"http:\/\/elvetik.ch\/wp-content\/uploads\/2026\/02\/carte-cadeau-100.-2.jpeg","type":"image\/jpeg"}],"twitter_card":"summary_large_image","twitter_misc":{"Gesch\u00e4tzte Lesezeit":"1\u00a0Minute"},"schema":{"@context":"https:\/\/schema.org","@graph":[{"@type":"WebPage","@id":"https:\/\/elvetik.ch\/de\/shop\/geschenkkarte\/platinium-card\/","url":"https:\/\/elvetik.ch\/de\/shop\/geschenkkarte\/platinium-card\/","name":"PLATINIUM CARD - Elvetik","isPartOf":{"@id":"https:\/\/elvetik.ch\/de\/#website"},"primaryImageOfPage":{"@id":"https:\/\/elvetik.ch\/de\/shop\/geschenkkarte\/platinium-card\/#primaryimage"},"image":{"@id":"https:\/\/elvetik.ch\/de\/shop\/geschenkkarte\/platinium-card\/#primaryimage"},"thumbnailUrl":"https:\/\/elvetik.ch\/wp-content\/uploads\/2026\/02\/carte-cadeau-100.-2.jpeg","datePublished":"2021-10-28T11:38:46+00:00","dateModified":"2021-11-29T08:41:11+00:00","description":"Vous cherchez une id\u00e9e cadeau originale et vous ne savez pas quoi offrir\u00a0? Les cartes cadeaux elvetik sont arriv\u00e9es. Cartes cadeaux de 30, 50 ou 100 francs, disponibles d\u00e8s maintenant.","breadcrumb":{"@id":"https:\/\/elvetik.ch\/de\/shop\/geschenkkarte\/platinium-card\/#breadcrumb"},"inLanguage":"de","potentialAction":[{"@type":"ReadAction","target":["https:\/\/elvetik.ch\/de\/shop\/geschenkkarte\/platinium-card\/"]}]},{"@type":"ImageObject","inLanguage":"de","@id":"https:\/\/elvetik.ch\/de\/shop\/geschenkkarte\/platinium-card\/#primaryimage","url":"https:\/\/elvetik.ch\/wp-content\/uploads\/2026\/02\/carte-cadeau-100.-2.jpeg","contentUrl":"https:\/\/elvetik.ch\/wp-content\/uploads\/2026\/02\/carte-cadeau-100.-2.jpeg","width":1534,"height":1092,"caption":"Screenshot"},{"@type":"BreadcrumbList","@id":"https:\/\/elvetik.ch\/de\/shop\/geschenkkarte\/platinium-card\/#breadcrumb","itemListElement":[{"@type":"ListItem","position":1,"name":"Home","item":"https:\/\/elvetik.ch\/de\/"},{"@type":"ListItem","position":2,"name":"Shop","item":"https:\/\/elvetik.ch\/de\/shop-2\/"},{"@type":"ListItem","position":3,"name":"PLATINIUM CARD"}]},{"@type":"WebSite","@id":"https:\/\/elvetik.ch\/de\/#website","url":"https:\/\/elvetik.ch\/de\/","name":"Elvetik","description":"","publisher":{"@id":"https:\/\/elvetik.ch\/de\/#organization"},"potentialAction":[{"@type":"SearchAction","target":{"@type":"EntryPoint","urlTemplate":"https:\/\/elvetik.ch\/de\/?s={search_term_string}"},"query-input":{"@type":"PropertyValueSpecification","valueRequired":true,"valueName":"search_term_string"}}],"inLanguage":"de"},{"@type":"Organization","@id":"https:\/\/elvetik.ch\/de\/#organization","name":"Elvetik","url":"https:\/\/elvetik.ch\/de\/","logo":{"@type":"ImageObject","inLanguage":"de","@id":"https:\/\/elvetik.ch\/de\/#\/schema\/logo\/image\/","url":"https:\/\/elvetik.ch\/wp-content\/uploads\/2021\/05\/LOGO-elvetik.png","contentUrl":"https:\/\/elvetik.ch\/wp-content\/uploads\/2021\/05\/LOGO-elvetik.png","width":800,"height":400,"caption":"Elvetik"},"image":{"@id":"https:\/\/elvetik.ch\/de\/#\/schema\/logo\/image\/"}}]}},"_links":{"self":[{"href":"https:\/\/elvetik.ch\/de\/wp-json\/wp\/v2\/product\/227677","targetHints":{"allow":["GET"]}}],"collection":[{"href":"https:\/\/elvetik.ch\/de\/wp-json\/wp\/v2\/product"}],"about":[{"href":"https:\/\/elvetik.ch\/de\/wp-json\/wp\/v2\/types\/product"}],"wp:featuredmedia":[{"embeddable":true,"href":"https:\/\/elvetik.ch\/de\/wp-json\/wp\/v2\/media\/246873"}],"wp:attachment":[{"href":"https:\/\/elvetik.ch\/de\/wp-json\/wp\/v2\/media?parent=227677"}],"wp:term":[{"taxonomy":"product_brand","embeddable":true,"href":"https:\/\/elvetik.ch\/de\/wp-json\/wp\/v2\/product_brand?post=227677"},{"taxonomy":"product_cat","embeddable":true,"href":"https:\/\/elvetik.ch\/de\/wp-json\/wp\/v2\/product_cat?post=227677"},{"taxonomy":"product_tag","embeddable":true,"href":"https:\/\/elvetik.ch\/de\/wp-json\/wp\/v2\/product_tag?post=227677"}],"curies":[{"name":"wp","href":"https:\/\/api.w.org\/{rel}","templated":true}]}}