{"id":229178,"date":"2021-12-07T22:40:25","date_gmt":"2021-12-07T22:40:25","guid":{"rendered":"https:\/\/www.elvetik.ch\/?post_type=product&#038;p=229178"},"modified":"2025-10-21T09:46:44","modified_gmt":"2025-10-21T07:46:44","slug":"polarsocken-weiss-mit-pailletten","status":"publish","type":"product","link":"https:\/\/elvetik.ch\/de\/shop\/damen\/fleece-socken-damen\/polarsocken-weiss-mit-pailletten\/","title":{"rendered":"Polarsocken WEISS MIT PAILLETTEN"},"content":{"rendered":"<div class=\"et_pb_tab clearfix et_pb_active_content et-pb-active-slide\">\n<div class=\"et_pb_tab_content\">\n<div>\n<div>\n<p>Gr\u00f6sse\u00a0<strong>S<\/strong>\u00a0f\u00fcr die Schuhgr\u00f6ssen\u00a0<strong>35 \u2013 36 \u2013 37<\/strong><\/p>\n<\/div>\n<div>\n<p>Gr\u00f6sse\u00a0<strong>M<\/strong>\u00a0f\u00fcr die Schuhgr\u00f6ssen\u00a0<strong>38 \u2013 39 \u2013 40<\/strong><\/p>\n<\/div>\n<div>\n<p>Gr\u00f6sse<strong>\u00a0L<\/strong>\u00a0f\u00fcr die Schuhgr\u00f6ssen\u00a0<strong>41 \u2013 42 \u2013 43 \u2013 44 \u2013 45 \u2013 46<\/strong><\/p>\n<\/div>\n<\/div>\n<div>\n<div>\n<div>\n<p>Innen: schwarz \u2013 100% Polarstoff<\/p>\n<\/div>\n<\/div>\n<div>\n<p>Aussen: weiss mit pailletten \u2013 100 % Acryl<\/p>\n<\/div>\n<\/div>\n<p>MADE BY ELVETIK\u00ae SWISS DESIGN<\/p>\n<\/div>\n<\/div>\n","protected":false},"excerpt":{"rendered":"<div class=\"et_pb_module et_pb_wc_description et_pb_wc_description_0_tb_body et_pb_bg_layout_light  et_pb_text_align_left\">\n<div class=\"et_pb_module_inner\">\n<div>\n<div>\n<p><strong>Erwachsene Polarsocken<\/strong><\/p>\n<p><span lang=\"DE-CH\">Es gibt 3 Gr\u00f6ssen, die sich verschiedenen Schuhgr\u00f6ssen anpassen:<\/span><\/p>\n<p>Gr\u00f6sse\u00a0<strong>S<\/strong>\u00a0f\u00fcr die Schuhgr\u00f6ssen\u00a0<strong>35 \u2013 36 \u2013 37<\/strong><\/p>\n<\/div>\n<div>\n<p>Gr\u00f6sse\u00a0<strong>M<\/strong>\u00a0f\u00fcr die Schuhgr\u00f6ssen\u00a0<strong>38 \u2013 39 \u2013 40<\/strong><\/p>\n<\/div>\n<div>\n<p>Gr\u00f6sse<strong>\u00a0L<\/strong>\u00a0f\u00fcr die Schuhgr\u00f6ssen\u00a0<strong>41 \u2013 42 \u2013 43 \u2013 44<\/strong><strong> \u2013 45 \u2013 46<\/strong><\/p>\n<\/div>\n<\/div>\n<div>\n<p>&nbsp;<\/p>\n<\/div>\n<div>\n<p><u>Zusammensetzung:<\/u><\/p>\n<\/div>\n<div>\n<div>\n<p>Innen: schwarz \u2013 100% Polarstoff<\/p>\n<\/div>\n<\/div>\n<div>\n<p>Aussen: weiss mit pailletten \u2013 100 % Acryl<\/p>\n<\/div>\n<div>\n<p>&nbsp;<\/p>\n<\/div>\n<div>\n<p>Die Stiefeln sind nicht inbegriffen.<\/p>\n<p><span style=\"color: #008000;\"><strong>GRATISLIEFERUNG IN DER SCHWEIZ<\/strong><\/span><\/p>\n<\/div>\n<\/div>\n<\/div>\n","protected":false},"featured_media":229189,"template":"","meta":{"_elvetik_care_instructions":""},"product_brand":[],"product_cat":[715,714],"product_tag":[],"class_list":{"0":"post-229178","1":"product","2":"type-product","3":"status-publish","4":"has-post-thumbnail","6":"product_cat-fleece-socken-damen","7":"product_cat-fleece-socken-herren","8":"pa_taille-chaussettes-l-41-42-43-44-45-46-de-2","9":"pa_taille-chaussettes-m-38-39-40-de-2","10":"pa_taille-chaussettes-s-35-36-37-de-2","12":"first","13":"instock","14":"taxable","15":"shipping-taxable","16":"purchasable","17":"product-type-variable"},"yoast_head":"<!-- This site is optimized with the Yoast SEO plugin v26.8-RC7 - https:\/\/yoast.com\/product\/yoast-seo-wordpress\/ -->\n<title>Polarsocken WEISS MIT PAILLETTEN - Elvetik<\/title>\n<meta name=\"robots\" content=\"index, follow, max-snippet:-1, max-image-preview:large, max-video-preview:-1\" \/>\n<link rel=\"canonical\" href=\"https:\/\/elvetik.ch\/de\/shop\/damen\/fleece-socken-damen\/polarsocken-weiss-mit-pailletten\/\" \/>\n<meta property=\"og:locale\" content=\"de_DE\" \/>\n<meta property=\"og:type\" content=\"article\" \/>\n<meta property=\"og:title\" content=\"Polarsocken WEISS MIT PAILLETTEN - Elvetik\" \/>\n<meta property=\"og:description\" content=\"Erwachsene Polarsocken Es gibt 3 Gr\u00f6ssen, die sich verschiedenen Schuhgr\u00f6ssen anpassen: Gr\u00f6sse\u00a0S\u00a0f\u00fcr die Schuhgr\u00f6ssen\u00a035 \u2013 36 \u2013 37   Gr\u00f6sse\u00a0M\u00a0f\u00fcr die Schuhgr\u00f6ssen\u00a038 \u2013 39 \u2013 40   Gr\u00f6sse\u00a0L\u00a0f\u00fcr die Schuhgr\u00f6ssen\u00a041 \u2013 42 \u2013 43 \u2013 44 \u2013 45 \u2013 46    &nbsp;   Zusammensetzung:    Innen: schwarz \u2013 100% Polarstoff    Aussen: weiss mit pailletten \u2013 100 % Acryl   &nbsp;   Die Stiefeln sind nicht inbegriffen. GRATISLIEFERUNG IN DER SCHWEIZ\" \/>\n<meta property=\"og:url\" content=\"https:\/\/elvetik.ch\/de\/shop\/damen\/fleece-socken-damen\/polarsocken-weiss-mit-pailletten\/\" \/>\n<meta property=\"og:site_name\" content=\"Elvetik\" \/>\n<meta property=\"article:modified_time\" content=\"2025-10-21T07:46:44+00:00\" \/>\n<meta property=\"og:image\" content=\"https:\/\/elvetik.ch\/wp-content\/uploads\/2021\/12\/botte-de-pluie-pinky-chaussette-blanche-1.jpg\" \/>\n\t<meta property=\"og:image:width\" content=\"1014\" \/>\n\t<meta property=\"og:image:height\" content=\"1025\" \/>\n\t<meta property=\"og:image:type\" content=\"image\/jpeg\" \/>\n<meta name=\"twitter:card\" content=\"summary_large_image\" \/>\n<script type=\"application\/ld+json\" class=\"yoast-schema-graph\">{\"@context\":\"https:\/\/schema.org\",\"@graph\":[{\"@type\":\"WebPage\",\"@id\":\"https:\/\/elvetik.ch\/de\/shop\/damen\/fleece-socken-damen\/polarsocken-weiss-mit-pailletten\/\",\"url\":\"https:\/\/elvetik.ch\/de\/shop\/damen\/fleece-socken-damen\/polarsocken-weiss-mit-pailletten\/\",\"name\":\"Polarsocken WEISS MIT PAILLETTEN - Elvetik\",\"isPartOf\":{\"@id\":\"https:\/\/elvetik.ch\/de\/#website\"},\"primaryImageOfPage\":{\"@id\":\"https:\/\/elvetik.ch\/de\/shop\/damen\/fleece-socken-damen\/polarsocken-weiss-mit-pailletten\/#primaryimage\"},\"image\":{\"@id\":\"https:\/\/elvetik.ch\/de\/shop\/damen\/fleece-socken-damen\/polarsocken-weiss-mit-pailletten\/#primaryimage\"},\"thumbnailUrl\":\"https:\/\/elvetik.ch\/wp-content\/uploads\/2021\/12\/botte-de-pluie-pinky-chaussette-blanche-1.jpg\",\"datePublished\":\"2021-12-07T22:40:25+00:00\",\"dateModified\":\"2025-10-21T07:46:44+00:00\",\"breadcrumb\":{\"@id\":\"https:\/\/elvetik.ch\/de\/shop\/damen\/fleece-socken-damen\/polarsocken-weiss-mit-pailletten\/#breadcrumb\"},\"inLanguage\":\"de\",\"potentialAction\":[{\"@type\":\"ReadAction\",\"target\":[\"https:\/\/elvetik.ch\/de\/shop\/damen\/fleece-socken-damen\/polarsocken-weiss-mit-pailletten\/\"]}]},{\"@type\":\"ImageObject\",\"inLanguage\":\"de\",\"@id\":\"https:\/\/elvetik.ch\/de\/shop\/damen\/fleece-socken-damen\/polarsocken-weiss-mit-pailletten\/#primaryimage\",\"url\":\"https:\/\/elvetik.ch\/wp-content\/uploads\/2021\/12\/botte-de-pluie-pinky-chaussette-blanche-1.jpg\",\"contentUrl\":\"https:\/\/elvetik.ch\/wp-content\/uploads\/2021\/12\/botte-de-pluie-pinky-chaussette-blanche-1.jpg\",\"width\":1014,\"height\":1025},{\"@type\":\"BreadcrumbList\",\"@id\":\"https:\/\/elvetik.ch\/de\/shop\/damen\/fleece-socken-damen\/polarsocken-weiss-mit-pailletten\/#breadcrumb\",\"itemListElement\":[{\"@type\":\"ListItem\",\"position\":1,\"name\":\"Home\",\"item\":\"https:\/\/elvetik.ch\/de\/\"},{\"@type\":\"ListItem\",\"position\":2,\"name\":\"Shop\",\"item\":\"https:\/\/elvetik.ch\/de\/shop-2\/\"},{\"@type\":\"ListItem\",\"position\":3,\"name\":\"Polarsocken WEISS MIT PAILLETTEN\"}]},{\"@type\":\"WebSite\",\"@id\":\"https:\/\/elvetik.ch\/de\/#website\",\"url\":\"https:\/\/elvetik.ch\/de\/\",\"name\":\"Elvetik\",\"description\":\"\",\"publisher\":{\"@id\":\"https:\/\/elvetik.ch\/de\/#organization\"},\"potentialAction\":[{\"@type\":\"SearchAction\",\"target\":{\"@type\":\"EntryPoint\",\"urlTemplate\":\"https:\/\/elvetik.ch\/de\/?s={search_term_string}\"},\"query-input\":{\"@type\":\"PropertyValueSpecification\",\"valueRequired\":true,\"valueName\":\"search_term_string\"}}],\"inLanguage\":\"de\"},{\"@type\":\"Organization\",\"@id\":\"https:\/\/elvetik.ch\/de\/#organization\",\"name\":\"Elvetik\",\"url\":\"https:\/\/elvetik.ch\/de\/\",\"logo\":{\"@type\":\"ImageObject\",\"inLanguage\":\"de\",\"@id\":\"https:\/\/elvetik.ch\/de\/#\/schema\/logo\/image\/\",\"url\":\"https:\/\/elvetik.ch\/wp-content\/uploads\/2021\/05\/LOGO-elvetik.png\",\"contentUrl\":\"https:\/\/elvetik.ch\/wp-content\/uploads\/2021\/05\/LOGO-elvetik.png\",\"width\":800,\"height\":400,\"caption\":\"Elvetik\"},\"image\":{\"@id\":\"https:\/\/elvetik.ch\/de\/#\/schema\/logo\/image\/\"}}]}<\/script>\n<!-- \/ Yoast SEO plugin. -->","yoast_head_json":{"title":"Polarsocken WEISS MIT PAILLETTEN - Elvetik","robots":{"index":"index","follow":"follow","max-snippet":"max-snippet:-1","max-image-preview":"max-image-preview:large","max-video-preview":"max-video-preview:-1"},"canonical":"https:\/\/elvetik.ch\/de\/shop\/damen\/fleece-socken-damen\/polarsocken-weiss-mit-pailletten\/","og_locale":"de_DE","og_type":"article","og_title":"Polarsocken WEISS MIT PAILLETTEN - Elvetik","og_description":"Erwachsene Polarsocken Es gibt 3 Gr\u00f6ssen, die sich verschiedenen Schuhgr\u00f6ssen anpassen: Gr\u00f6sse\u00a0S\u00a0f\u00fcr die Schuhgr\u00f6ssen\u00a035 \u2013 36 \u2013 37   Gr\u00f6sse\u00a0M\u00a0f\u00fcr die Schuhgr\u00f6ssen\u00a038 \u2013 39 \u2013 40   Gr\u00f6sse\u00a0L\u00a0f\u00fcr die Schuhgr\u00f6ssen\u00a041 \u2013 42 \u2013 43 \u2013 44 \u2013 45 \u2013 46    &nbsp;   Zusammensetzung:    Innen: schwarz \u2013 100% Polarstoff    Aussen: weiss mit pailletten \u2013 100 % Acryl   &nbsp;   Die Stiefeln sind nicht inbegriffen. GRATISLIEFERUNG IN DER SCHWEIZ","og_url":"https:\/\/elvetik.ch\/de\/shop\/damen\/fleece-socken-damen\/polarsocken-weiss-mit-pailletten\/","og_site_name":"Elvetik","article_modified_time":"2025-10-21T07:46:44+00:00","og_image":[{"width":1014,"height":1025,"url":"https:\/\/elvetik.ch\/wp-content\/uploads\/2021\/12\/botte-de-pluie-pinky-chaussette-blanche-1.jpg","type":"image\/jpeg"}],"twitter_card":"summary_large_image","schema":{"@context":"https:\/\/schema.org","@graph":[{"@type":"WebPage","@id":"https:\/\/elvetik.ch\/de\/shop\/damen\/fleece-socken-damen\/polarsocken-weiss-mit-pailletten\/","url":"https:\/\/elvetik.ch\/de\/shop\/damen\/fleece-socken-damen\/polarsocken-weiss-mit-pailletten\/","name":"Polarsocken WEISS MIT PAILLETTEN - Elvetik","isPartOf":{"@id":"https:\/\/elvetik.ch\/de\/#website"},"primaryImageOfPage":{"@id":"https:\/\/elvetik.ch\/de\/shop\/damen\/fleece-socken-damen\/polarsocken-weiss-mit-pailletten\/#primaryimage"},"image":{"@id":"https:\/\/elvetik.ch\/de\/shop\/damen\/fleece-socken-damen\/polarsocken-weiss-mit-pailletten\/#primaryimage"},"thumbnailUrl":"https:\/\/elvetik.ch\/wp-content\/uploads\/2021\/12\/botte-de-pluie-pinky-chaussette-blanche-1.jpg","datePublished":"2021-12-07T22:40:25+00:00","dateModified":"2025-10-21T07:46:44+00:00","breadcrumb":{"@id":"https:\/\/elvetik.ch\/de\/shop\/damen\/fleece-socken-damen\/polarsocken-weiss-mit-pailletten\/#breadcrumb"},"inLanguage":"de","potentialAction":[{"@type":"ReadAction","target":["https:\/\/elvetik.ch\/de\/shop\/damen\/fleece-socken-damen\/polarsocken-weiss-mit-pailletten\/"]}]},{"@type":"ImageObject","inLanguage":"de","@id":"https:\/\/elvetik.ch\/de\/shop\/damen\/fleece-socken-damen\/polarsocken-weiss-mit-pailletten\/#primaryimage","url":"https:\/\/elvetik.ch\/wp-content\/uploads\/2021\/12\/botte-de-pluie-pinky-chaussette-blanche-1.jpg","contentUrl":"https:\/\/elvetik.ch\/wp-content\/uploads\/2021\/12\/botte-de-pluie-pinky-chaussette-blanche-1.jpg","width":1014,"height":1025},{"@type":"BreadcrumbList","@id":"https:\/\/elvetik.ch\/de\/shop\/damen\/fleece-socken-damen\/polarsocken-weiss-mit-pailletten\/#breadcrumb","itemListElement":[{"@type":"ListItem","position":1,"name":"Home","item":"https:\/\/elvetik.ch\/de\/"},{"@type":"ListItem","position":2,"name":"Shop","item":"https:\/\/elvetik.ch\/de\/shop-2\/"},{"@type":"ListItem","position":3,"name":"Polarsocken WEISS MIT PAILLETTEN"}]},{"@type":"WebSite","@id":"https:\/\/elvetik.ch\/de\/#website","url":"https:\/\/elvetik.ch\/de\/","name":"Elvetik","description":"","publisher":{"@id":"https:\/\/elvetik.ch\/de\/#organization"},"potentialAction":[{"@type":"SearchAction","target":{"@type":"EntryPoint","urlTemplate":"https:\/\/elvetik.ch\/de\/?s={search_term_string}"},"query-input":{"@type":"PropertyValueSpecification","valueRequired":true,"valueName":"search_term_string"}}],"inLanguage":"de"},{"@type":"Organization","@id":"https:\/\/elvetik.ch\/de\/#organization","name":"Elvetik","url":"https:\/\/elvetik.ch\/de\/","logo":{"@type":"ImageObject","inLanguage":"de","@id":"https:\/\/elvetik.ch\/de\/#\/schema\/logo\/image\/","url":"https:\/\/elvetik.ch\/wp-content\/uploads\/2021\/05\/LOGO-elvetik.png","contentUrl":"https:\/\/elvetik.ch\/wp-content\/uploads\/2021\/05\/LOGO-elvetik.png","width":800,"height":400,"caption":"Elvetik"},"image":{"@id":"https:\/\/elvetik.ch\/de\/#\/schema\/logo\/image\/"}}]}},"_links":{"self":[{"href":"https:\/\/elvetik.ch\/de\/wp-json\/wp\/v2\/product\/229178","targetHints":{"allow":["GET"]}}],"collection":[{"href":"https:\/\/elvetik.ch\/de\/wp-json\/wp\/v2\/product"}],"about":[{"href":"https:\/\/elvetik.ch\/de\/wp-json\/wp\/v2\/types\/product"}],"wp:featuredmedia":[{"embeddable":true,"href":"https:\/\/elvetik.ch\/de\/wp-json\/wp\/v2\/media\/229189"}],"wp:attachment":[{"href":"https:\/\/elvetik.ch\/de\/wp-json\/wp\/v2\/media?parent=229178"}],"wp:term":[{"taxonomy":"product_brand","embeddable":true,"href":"https:\/\/elvetik.ch\/de\/wp-json\/wp\/v2\/product_brand?post=229178"},{"taxonomy":"product_cat","embeddable":true,"href":"https:\/\/elvetik.ch\/de\/wp-json\/wp\/v2\/product_cat?post=229178"},{"taxonomy":"product_tag","embeddable":true,"href":"https:\/\/elvetik.ch\/de\/wp-json\/wp\/v2\/product_tag?post=229178"}],"curies":[{"name":"wp","href":"https:\/\/api.w.org\/{rel}","templated":true}]}}