{"id":231533,"date":"2022-07-11T22:28:11","date_gmt":"2022-07-11T20:28:11","guid":{"rendered":"https:\/\/www.elvetik.ch\/shop\/unkategorisiert\/regenstiefel-boots-aubergine\/"},"modified":"2025-07-26T22:49:03","modified_gmt":"2025-07-26T20:49:03","slug":"regenstiefel-boots-aubergine","status":"publish","type":"product","link":"https:\/\/elvetik.ch\/de\/shop\/damen\/damen-regenstiefel\/regenstiefel-boots-aubergine\/","title":{"rendered":"REGENSTIEFEL &#8222;BOOTS AUBERGINE&#8220;"},"content":{"rendered":"<p>Elvetik gibt ein neues Design f\u00fcr seine Regenstiefel heraus, in urbaner \u00c4sthetik und doch f\u00fcr jedes Gel\u00e4nde (mit seiner Stollensohle) geeignet.<\/p>\n<p>The Boots haben im Kn\u00f6chel und in der Wade eine engere Passform und sind hiermit perfekt f\u00fcr alle, die einen engen Sitz der Regenstiefel bevorzugen. Assortiert zu Ihren Lieblingsjeans, zu einem Kleid, einer Short f\u00fcr Damen und Herren, passen sich diese Stiefel jedem Stil, jedem Wetter und jeder Umgebung an.<\/p>\n<p>Aus Naturkautschuk hergestellt, mit einem 100% Baumwollfutter und einer Einlage aus recycled Polyester, wird jeder Stiefel handgefertigt (jedes einzelne Teil aus dem der Stiefel besteht wird von Hand auf einer Aluminiumform zusammengesetzt). Diese Form ist ein exklusives Design und im Besitz von elvetik.<\/p>\n","protected":false},"excerpt":{"rendered":"<p>AUBERGINE MATT<\/p>\n<ul>\n<li>Vegan zertifiziert<\/li>\n<li>Wasserdicht<\/li>\n<li>Handgefertigt<\/li>\n<li>Einlage aus recycled Polyester\u200b<\/li>\n<li>Sohle aus Kautschuk<\/li>\n<li>Aus vulkanisiertem Naturkautschuk hergestellt<\/li>\n<li>Schn\u00fcrstiefelzunge<\/li>\n<li>Runder schwarzer Schn\u00fcrsenkel aus 100% Baumwolle<\/li>\n<\/ul>\n<p><span style=\"color: #008000;\"><strong>GRATISLIEFERUNG IN DER SCHWEIZ<\/strong><\/span><\/p>\n","protected":false},"featured_media":231111,"template":"","meta":{"_elvetik_care_instructions":""},"product_brand":[],"product_cat":[701,824,660,827,834],"product_tag":[],"class_list":{"0":"post-231533","1":"product","2":"type-product","3":"status-publish","4":"has-post-thumbnail","6":"product_cat-damen","7":"product_cat-damen-regenstiefel","8":"product_cat-herren","9":"product_cat-regenstiefel-herren","10":"product_cat-neuheiten","11":"pa_taille-36-de","12":"pa_taille-37-de","13":"pa_taille-38-de","14":"pa_taille-39-de","15":"pa_taille-40-de","16":"pa_taille-41-de","17":"pa_taille-42-de","19":"first","20":"instock","21":"purchasable","22":"product-type-variable"},"yoast_head":"<!-- This site is optimized with the Yoast SEO plugin v26.8-RC7 - https:\/\/yoast.com\/product\/yoast-seo-wordpress\/ -->\n<title>REGENSTIEFEL &quot;BOOTS AUBERGINE&quot; - Elvetik<\/title>\n<meta name=\"robots\" content=\"index, follow, max-snippet:-1, max-image-preview:large, max-video-preview:-1\" \/>\n<link rel=\"canonical\" href=\"https:\/\/elvetik.ch\/de\/shop\/damen\/damen-regenstiefel\/regenstiefel-boots-aubergine\/\" \/>\n<meta property=\"og:locale\" content=\"de_DE\" \/>\n<meta property=\"og:type\" content=\"article\" \/>\n<meta property=\"og:title\" content=\"REGENSTIEFEL &quot;BOOTS AUBERGINE&quot; - Elvetik\" \/>\n<meta property=\"og:description\" content=\"AUBERGINE MATT   Vegan zertifiziert  Wasserdicht  Handgefertigt  Einlage aus recycled Polyester\u200b  Sohle aus Kautschuk  Aus vulkanisiertem Naturkautschuk hergestellt  Schn\u00fcrstiefelzunge  Runder schwarzer Schn\u00fcrsenkel aus 100% Baumwolle  GRATISLIEFERUNG IN DER SCHWEIZ\" \/>\n<meta property=\"og:url\" content=\"https:\/\/elvetik.ch\/de\/shop\/damen\/damen-regenstiefel\/regenstiefel-boots-aubergine\/\" \/>\n<meta property=\"og:site_name\" content=\"Elvetik\" \/>\n<meta property=\"article:modified_time\" content=\"2025-07-26T20:49:03+00:00\" \/>\n<meta property=\"og:image\" content=\"https:\/\/elvetik.ch\/wp-content\/uploads\/2022\/07\/1-boots-purple.png\" \/>\n\t<meta property=\"og:image:width\" content=\"1200\" \/>\n\t<meta property=\"og:image:height\" content=\"1200\" \/>\n\t<meta property=\"og:image:type\" content=\"image\/png\" \/>\n<meta name=\"twitter:card\" content=\"summary_large_image\" \/>\n<meta name=\"twitter:label1\" content=\"Gesch\u00e4tzte Lesezeit\" \/>\n\t<meta name=\"twitter:data1\" content=\"1\u00a0Minute\" \/>\n<script type=\"application\/ld+json\" class=\"yoast-schema-graph\">{\"@context\":\"https:\/\/schema.org\",\"@graph\":[{\"@type\":\"WebPage\",\"@id\":\"https:\/\/elvetik.ch\/de\/shop\/damen\/damen-regenstiefel\/regenstiefel-boots-aubergine\/\",\"url\":\"https:\/\/elvetik.ch\/de\/shop\/damen\/damen-regenstiefel\/regenstiefel-boots-aubergine\/\",\"name\":\"REGENSTIEFEL \\\"BOOTS AUBERGINE\\\" - Elvetik\",\"isPartOf\":{\"@id\":\"https:\/\/elvetik.ch\/de\/#website\"},\"primaryImageOfPage\":{\"@id\":\"https:\/\/elvetik.ch\/de\/shop\/damen\/damen-regenstiefel\/regenstiefel-boots-aubergine\/#primaryimage\"},\"image\":{\"@id\":\"https:\/\/elvetik.ch\/de\/shop\/damen\/damen-regenstiefel\/regenstiefel-boots-aubergine\/#primaryimage\"},\"thumbnailUrl\":\"https:\/\/elvetik.ch\/wp-content\/uploads\/2022\/07\/1-boots-purple.png\",\"datePublished\":\"2022-07-11T20:28:11+00:00\",\"dateModified\":\"2025-07-26T20:49:03+00:00\",\"breadcrumb\":{\"@id\":\"https:\/\/elvetik.ch\/de\/shop\/damen\/damen-regenstiefel\/regenstiefel-boots-aubergine\/#breadcrumb\"},\"inLanguage\":\"de\",\"potentialAction\":[{\"@type\":\"ReadAction\",\"target\":[\"https:\/\/elvetik.ch\/de\/shop\/damen\/damen-regenstiefel\/regenstiefel-boots-aubergine\/\"]}]},{\"@type\":\"ImageObject\",\"inLanguage\":\"de\",\"@id\":\"https:\/\/elvetik.ch\/de\/shop\/damen\/damen-regenstiefel\/regenstiefel-boots-aubergine\/#primaryimage\",\"url\":\"https:\/\/elvetik.ch\/wp-content\/uploads\/2022\/07\/1-boots-purple.png\",\"contentUrl\":\"https:\/\/elvetik.ch\/wp-content\/uploads\/2022\/07\/1-boots-purple.png\",\"width\":1200,\"height\":1200},{\"@type\":\"BreadcrumbList\",\"@id\":\"https:\/\/elvetik.ch\/de\/shop\/damen\/damen-regenstiefel\/regenstiefel-boots-aubergine\/#breadcrumb\",\"itemListElement\":[{\"@type\":\"ListItem\",\"position\":1,\"name\":\"Home\",\"item\":\"https:\/\/elvetik.ch\/de\/\"},{\"@type\":\"ListItem\",\"position\":2,\"name\":\"Shop\",\"item\":\"https:\/\/elvetik.ch\/de\/shop-2\/\"},{\"@type\":\"ListItem\",\"position\":3,\"name\":\"REGENSTIEFEL &#8222;BOOTS AUBERGINE&#8220;\"}]},{\"@type\":\"WebSite\",\"@id\":\"https:\/\/elvetik.ch\/de\/#website\",\"url\":\"https:\/\/elvetik.ch\/de\/\",\"name\":\"Elvetik\",\"description\":\"\",\"publisher\":{\"@id\":\"https:\/\/elvetik.ch\/de\/#organization\"},\"potentialAction\":[{\"@type\":\"SearchAction\",\"target\":{\"@type\":\"EntryPoint\",\"urlTemplate\":\"https:\/\/elvetik.ch\/de\/?s={search_term_string}\"},\"query-input\":{\"@type\":\"PropertyValueSpecification\",\"valueRequired\":true,\"valueName\":\"search_term_string\"}}],\"inLanguage\":\"de\"},{\"@type\":\"Organization\",\"@id\":\"https:\/\/elvetik.ch\/de\/#organization\",\"name\":\"Elvetik\",\"url\":\"https:\/\/elvetik.ch\/de\/\",\"logo\":{\"@type\":\"ImageObject\",\"inLanguage\":\"de\",\"@id\":\"https:\/\/elvetik.ch\/de\/#\/schema\/logo\/image\/\",\"url\":\"https:\/\/elvetik.ch\/wp-content\/uploads\/2021\/05\/LOGO-elvetik.png\",\"contentUrl\":\"https:\/\/elvetik.ch\/wp-content\/uploads\/2021\/05\/LOGO-elvetik.png\",\"width\":800,\"height\":400,\"caption\":\"Elvetik\"},\"image\":{\"@id\":\"https:\/\/elvetik.ch\/de\/#\/schema\/logo\/image\/\"}}]}<\/script>\n<!-- \/ Yoast SEO plugin. -->","yoast_head_json":{"title":"REGENSTIEFEL \"BOOTS AUBERGINE\" - Elvetik","robots":{"index":"index","follow":"follow","max-snippet":"max-snippet:-1","max-image-preview":"max-image-preview:large","max-video-preview":"max-video-preview:-1"},"canonical":"https:\/\/elvetik.ch\/de\/shop\/damen\/damen-regenstiefel\/regenstiefel-boots-aubergine\/","og_locale":"de_DE","og_type":"article","og_title":"REGENSTIEFEL \"BOOTS AUBERGINE\" - Elvetik","og_description":"AUBERGINE MATT   Vegan zertifiziert  Wasserdicht  Handgefertigt  Einlage aus recycled Polyester\u200b  Sohle aus Kautschuk  Aus vulkanisiertem Naturkautschuk hergestellt  Schn\u00fcrstiefelzunge  Runder schwarzer Schn\u00fcrsenkel aus 100% Baumwolle  GRATISLIEFERUNG IN DER SCHWEIZ","og_url":"https:\/\/elvetik.ch\/de\/shop\/damen\/damen-regenstiefel\/regenstiefel-boots-aubergine\/","og_site_name":"Elvetik","article_modified_time":"2025-07-26T20:49:03+00:00","og_image":[{"width":1200,"height":1200,"url":"https:\/\/elvetik.ch\/wp-content\/uploads\/2022\/07\/1-boots-purple.png","type":"image\/png"}],"twitter_card":"summary_large_image","twitter_misc":{"Gesch\u00e4tzte Lesezeit":"1\u00a0Minute"},"schema":{"@context":"https:\/\/schema.org","@graph":[{"@type":"WebPage","@id":"https:\/\/elvetik.ch\/de\/shop\/damen\/damen-regenstiefel\/regenstiefel-boots-aubergine\/","url":"https:\/\/elvetik.ch\/de\/shop\/damen\/damen-regenstiefel\/regenstiefel-boots-aubergine\/","name":"REGENSTIEFEL \"BOOTS AUBERGINE\" - Elvetik","isPartOf":{"@id":"https:\/\/elvetik.ch\/de\/#website"},"primaryImageOfPage":{"@id":"https:\/\/elvetik.ch\/de\/shop\/damen\/damen-regenstiefel\/regenstiefel-boots-aubergine\/#primaryimage"},"image":{"@id":"https:\/\/elvetik.ch\/de\/shop\/damen\/damen-regenstiefel\/regenstiefel-boots-aubergine\/#primaryimage"},"thumbnailUrl":"https:\/\/elvetik.ch\/wp-content\/uploads\/2022\/07\/1-boots-purple.png","datePublished":"2022-07-11T20:28:11+00:00","dateModified":"2025-07-26T20:49:03+00:00","breadcrumb":{"@id":"https:\/\/elvetik.ch\/de\/shop\/damen\/damen-regenstiefel\/regenstiefel-boots-aubergine\/#breadcrumb"},"inLanguage":"de","potentialAction":[{"@type":"ReadAction","target":["https:\/\/elvetik.ch\/de\/shop\/damen\/damen-regenstiefel\/regenstiefel-boots-aubergine\/"]}]},{"@type":"ImageObject","inLanguage":"de","@id":"https:\/\/elvetik.ch\/de\/shop\/damen\/damen-regenstiefel\/regenstiefel-boots-aubergine\/#primaryimage","url":"https:\/\/elvetik.ch\/wp-content\/uploads\/2022\/07\/1-boots-purple.png","contentUrl":"https:\/\/elvetik.ch\/wp-content\/uploads\/2022\/07\/1-boots-purple.png","width":1200,"height":1200},{"@type":"BreadcrumbList","@id":"https:\/\/elvetik.ch\/de\/shop\/damen\/damen-regenstiefel\/regenstiefel-boots-aubergine\/#breadcrumb","itemListElement":[{"@type":"ListItem","position":1,"name":"Home","item":"https:\/\/elvetik.ch\/de\/"},{"@type":"ListItem","position":2,"name":"Shop","item":"https:\/\/elvetik.ch\/de\/shop-2\/"},{"@type":"ListItem","position":3,"name":"REGENSTIEFEL &#8222;BOOTS AUBERGINE&#8220;"}]},{"@type":"WebSite","@id":"https:\/\/elvetik.ch\/de\/#website","url":"https:\/\/elvetik.ch\/de\/","name":"Elvetik","description":"","publisher":{"@id":"https:\/\/elvetik.ch\/de\/#organization"},"potentialAction":[{"@type":"SearchAction","target":{"@type":"EntryPoint","urlTemplate":"https:\/\/elvetik.ch\/de\/?s={search_term_string}"},"query-input":{"@type":"PropertyValueSpecification","valueRequired":true,"valueName":"search_term_string"}}],"inLanguage":"de"},{"@type":"Organization","@id":"https:\/\/elvetik.ch\/de\/#organization","name":"Elvetik","url":"https:\/\/elvetik.ch\/de\/","logo":{"@type":"ImageObject","inLanguage":"de","@id":"https:\/\/elvetik.ch\/de\/#\/schema\/logo\/image\/","url":"https:\/\/elvetik.ch\/wp-content\/uploads\/2021\/05\/LOGO-elvetik.png","contentUrl":"https:\/\/elvetik.ch\/wp-content\/uploads\/2021\/05\/LOGO-elvetik.png","width":800,"height":400,"caption":"Elvetik"},"image":{"@id":"https:\/\/elvetik.ch\/de\/#\/schema\/logo\/image\/"}}]}},"_links":{"self":[{"href":"https:\/\/elvetik.ch\/de\/wp-json\/wp\/v2\/product\/231533","targetHints":{"allow":["GET"]}}],"collection":[{"href":"https:\/\/elvetik.ch\/de\/wp-json\/wp\/v2\/product"}],"about":[{"href":"https:\/\/elvetik.ch\/de\/wp-json\/wp\/v2\/types\/product"}],"wp:featuredmedia":[{"embeddable":true,"href":"https:\/\/elvetik.ch\/de\/wp-json\/wp\/v2\/media\/231111"}],"wp:attachment":[{"href":"https:\/\/elvetik.ch\/de\/wp-json\/wp\/v2\/media?parent=231533"}],"wp:term":[{"taxonomy":"product_brand","embeddable":true,"href":"https:\/\/elvetik.ch\/de\/wp-json\/wp\/v2\/product_brand?post=231533"},{"taxonomy":"product_cat","embeddable":true,"href":"https:\/\/elvetik.ch\/de\/wp-json\/wp\/v2\/product_cat?post=231533"},{"taxonomy":"product_tag","embeddable":true,"href":"https:\/\/elvetik.ch\/de\/wp-json\/wp\/v2\/product_tag?post=231533"}],"curies":[{"name":"wp","href":"https:\/\/api.w.org\/{rel}","templated":true}]}}