{"id":233117,"date":"2022-11-07T23:05:07","date_gmt":"2022-11-07T22:05:07","guid":{"rendered":"https:\/\/www.elvetik.ch\/shop\/unkategorisiert\/socken-spiegeleier\/"},"modified":"2026-04-13T17:12:25","modified_gmt":"2026-04-13T17:12:25","slug":"socken-spiegeleier","status":"publish","type":"product","link":"https:\/\/elvetik.ch\/de\/shop\/ausverkauf-mode\/herren-ausverkauf\/socken-spiegeleier\/","title":{"rendered":"Socken Spiegeleier (L)"},"content":{"rendered":"<h6>Socken: Schwarz, gelb und wei\u00df.<\/h6>\n<h6>Motiv: Spiegeleier&#8230;<\/h6>\n<h6>Gr\u00f6\u00dfe: 39-45<\/h6>\n<h6>73% Baumwolle, 25% Nylon, 2% Elasthan.<\/h6>\n<h6>Maschinenwaschbar bei 40 Grad.<\/h6>\n<h6><span style=\"color: #008000;\">KOSTENLOSER VERSAND IN DER SCHWEIZ<\/span><\/h6>\n","protected":false},"excerpt":{"rendered":"<h6>Socken: Schwarz, gelb und wei\u00df.<\/h6>\n<h6>Motiv: Spiegeleier&#8230;<\/h6>\n<h6>Gr\u00f6\u00dfe: 39-45<\/h6>\n<h6>73% Baumwolle, 25% Nylon, 2% Elasthan.<\/h6>\n<h6>Maschinenwaschbar bei 40 Grad.<\/h6>\n<div>\n<div>\n<hr \/>\n<\/div>\n<div>\n<ul>\n<li><b>3 <\/b><b>Paar<\/b> Socken nach Wahl f\u00fcr <span style=\"color: #008080;\"><strong>35.-<\/strong><\/span> (<del><span style=\"color: #ff0000;\">39.00<\/span><\/del>): Code <strong>S3<\/strong><\/li>\n<li><b>5 <\/b><b>Paar<\/b> Socken nach Wahl f\u00fcr <strong><span style=\"color: #008080;\">55.-<\/span><\/strong> (<del><span style=\"color: #ff0000;\">65.00<\/span><\/del>): Code <strong>S5<\/strong><\/li>\n<li><b>10 <\/b><b>Paar<\/b> Socken nach Wahl f\u00fcr <span style=\"color: #008080;\"><strong>99.-<\/strong><\/span> (<span style=\"color: #ff0000;\"><del>130.00<\/del><\/span>): Code <strong>S10<\/strong><\/li>\n<\/ul>\n<\/div>\n<\/div>\n<div>\n<p>Rabattcode auf der Zahlungsseite unter \u201eGutscheine hinzuf\u00fcgen\u201c eingeben<\/p>\n<p>\u26a0\ufe0f Der Rabattcode gilt nicht f\u00fcr Socken im Sonderangebot<\/p>\n<hr \/>\n<\/div>\n<div><span style=\"color: #008000;\"><strong>GRATISLIEFERUNG IN DER SCHWEIZ<\/strong><\/span><\/div>\n","protected":false},"featured_media":232868,"template":"","meta":{"_elvetik_care_instructions":""},"product_brand":[],"product_cat":[916,917,717,920,921,673,924,716,684],"product_tag":[],"class_list":{"0":"post-233117","1":"product","2":"type-product","3":"status-publish","4":"has-post-thumbnail","6":"product_cat-ausgefallene-socken-damen","7":"product_cat-groesse-l","8":"product_cat-ausverkauf-damen","9":"product_cat-ausgefallene-herrensocken","10":"product_cat-groesse-l-2","11":"product_cat-ausverkauf-herren","12":"product_cat-ausverkauf-mode","13":"product_cat-damen-ausverkauf","14":"product_cat-herren-ausverkauf","16":"first","17":"instock","18":"sale","19":"purchasable","20":"product-type-simple"},"yoast_head":"<!-- This site is optimized with the Yoast SEO plugin v26.8-RC7 - https:\/\/yoast.com\/product\/yoast-seo-wordpress\/ -->\n<title>Socken Spiegeleier (L) - Elvetik<\/title>\n<meta name=\"description\" content=\"Fantasiesocken &quot;Spiegeleier&quot;, Farben: schwarz, gelb und wei\u00df. Einheitsgr\u00f6\u00dfe, kostenlose Lieferung in der Schweiz! 73% Baumwolle.\" \/>\n<meta name=\"robots\" content=\"index, follow, max-snippet:-1, max-image-preview:large, max-video-preview:-1\" \/>\n<link rel=\"canonical\" href=\"https:\/\/elvetik.ch\/de\/shop\/ausverkauf-mode\/herren-ausverkauf\/socken-spiegeleier\/\" \/>\n<meta property=\"og:locale\" content=\"de_DE\" \/>\n<meta property=\"og:type\" content=\"article\" \/>\n<meta property=\"og:title\" content=\"Socken Spiegeleier (L) - Elvetik\" \/>\n<meta property=\"og:description\" content=\"Fantasiesocken &quot;Spiegeleier&quot;, Farben: schwarz, gelb und wei\u00df. Einheitsgr\u00f6\u00dfe, kostenlose Lieferung in der Schweiz! 73% Baumwolle.\" \/>\n<meta property=\"og:url\" content=\"https:\/\/elvetik.ch\/de\/shop\/ausverkauf-mode\/herren-ausverkauf\/socken-spiegeleier\/\" \/>\n<meta property=\"og:site_name\" content=\"Elvetik\" \/>\n<meta property=\"article:modified_time\" content=\"2026-04-13T17:12:25+00:00\" \/>\n<meta property=\"og:image\" content=\"https:\/\/elvetik.ch\/wp-content\/uploads\/2022\/11\/eggs.jpg\" \/>\n\t<meta property=\"og:image:width\" content=\"1140\" \/>\n\t<meta property=\"og:image:height\" content=\"1710\" \/>\n\t<meta property=\"og:image:type\" content=\"image\/jpeg\" \/>\n<meta name=\"twitter:card\" content=\"summary_large_image\" \/>\n<meta name=\"twitter:label1\" content=\"Gesch\u00e4tzte Lesezeit\" \/>\n\t<meta name=\"twitter:data1\" content=\"1\u00a0Minute\" \/>\n<script type=\"application\/ld+json\" class=\"yoast-schema-graph\">{\"@context\":\"https:\/\/schema.org\",\"@graph\":[{\"@type\":\"WebPage\",\"@id\":\"https:\/\/elvetik.ch\/de\/shop\/ausverkauf-mode\/herren-ausverkauf\/socken-spiegeleier\/\",\"url\":\"https:\/\/elvetik.ch\/de\/shop\/ausverkauf-mode\/herren-ausverkauf\/socken-spiegeleier\/\",\"name\":\"Socken Spiegeleier (L) - Elvetik\",\"isPartOf\":{\"@id\":\"http:\/\/elvetik.ch\/de\/#website\"},\"primaryImageOfPage\":{\"@id\":\"https:\/\/elvetik.ch\/de\/shop\/ausverkauf-mode\/herren-ausverkauf\/socken-spiegeleier\/#primaryimage\"},\"image\":{\"@id\":\"https:\/\/elvetik.ch\/de\/shop\/ausverkauf-mode\/herren-ausverkauf\/socken-spiegeleier\/#primaryimage\"},\"thumbnailUrl\":\"https:\/\/elvetik.ch\/wp-content\/uploads\/2022\/11\/eggs.jpg\",\"datePublished\":\"2022-11-07T22:05:07+00:00\",\"dateModified\":\"2026-04-13T17:12:25+00:00\",\"description\":\"Fantasiesocken \\\"Spiegeleier\\\", Farben: schwarz, gelb und wei\u00df. Einheitsgr\u00f6\u00dfe, kostenlose Lieferung in der Schweiz! 73% Baumwolle.\",\"breadcrumb\":{\"@id\":\"https:\/\/elvetik.ch\/de\/shop\/ausverkauf-mode\/herren-ausverkauf\/socken-spiegeleier\/#breadcrumb\"},\"inLanguage\":\"de\",\"potentialAction\":[{\"@type\":\"ReadAction\",\"target\":[\"https:\/\/elvetik.ch\/de\/shop\/ausverkauf-mode\/herren-ausverkauf\/socken-spiegeleier\/\"]}]},{\"@type\":\"ImageObject\",\"inLanguage\":\"de\",\"@id\":\"https:\/\/elvetik.ch\/de\/shop\/ausverkauf-mode\/herren-ausverkauf\/socken-spiegeleier\/#primaryimage\",\"url\":\"https:\/\/elvetik.ch\/wp-content\/uploads\/2022\/11\/eggs.jpg\",\"contentUrl\":\"https:\/\/elvetik.ch\/wp-content\/uploads\/2022\/11\/eggs.jpg\",\"width\":1140,\"height\":1710,\"caption\":\"Schwarze und gelbe Phantasiesocken mit Spiegeleiern\"},{\"@type\":\"BreadcrumbList\",\"@id\":\"https:\/\/elvetik.ch\/de\/shop\/ausverkauf-mode\/herren-ausverkauf\/socken-spiegeleier\/#breadcrumb\",\"itemListElement\":[{\"@type\":\"ListItem\",\"position\":1,\"name\":\"Home\",\"item\":\"http:\/\/elvetik.ch\/de\/\"},{\"@type\":\"ListItem\",\"position\":2,\"name\":\"Shop\",\"item\":\"http:\/\/elvetik.ch\/de\/shop-2\/\"},{\"@type\":\"ListItem\",\"position\":3,\"name\":\"Socken Spiegeleier (L)\"}]},{\"@type\":\"WebSite\",\"@id\":\"http:\/\/elvetik.ch\/de\/#website\",\"url\":\"http:\/\/elvetik.ch\/de\/\",\"name\":\"Elvetik\",\"description\":\"\",\"publisher\":{\"@id\":\"http:\/\/elvetik.ch\/de\/#organization\"},\"potentialAction\":[{\"@type\":\"SearchAction\",\"target\":{\"@type\":\"EntryPoint\",\"urlTemplate\":\"http:\/\/elvetik.ch\/de\/?s={search_term_string}\"},\"query-input\":{\"@type\":\"PropertyValueSpecification\",\"valueRequired\":true,\"valueName\":\"search_term_string\"}}],\"inLanguage\":\"de\"},{\"@type\":\"Organization\",\"@id\":\"http:\/\/elvetik.ch\/de\/#organization\",\"name\":\"Elvetik\",\"url\":\"http:\/\/elvetik.ch\/de\/\",\"logo\":{\"@type\":\"ImageObject\",\"inLanguage\":\"de\",\"@id\":\"http:\/\/elvetik.ch\/de\/#\/schema\/logo\/image\/\",\"url\":\"https:\/\/elvetik.ch\/wp-content\/uploads\/2021\/05\/LOGO-elvetik.png\",\"contentUrl\":\"https:\/\/elvetik.ch\/wp-content\/uploads\/2021\/05\/LOGO-elvetik.png\",\"width\":800,\"height\":400,\"caption\":\"Elvetik\"},\"image\":{\"@id\":\"http:\/\/elvetik.ch\/de\/#\/schema\/logo\/image\/\"}}]}<\/script>\n<!-- \/ Yoast SEO plugin. -->","yoast_head_json":{"title":"Socken Spiegeleier (L) - Elvetik","description":"Fantasiesocken \"Spiegeleier\", Farben: schwarz, gelb und wei\u00df. Einheitsgr\u00f6\u00dfe, kostenlose Lieferung in der Schweiz! 73% Baumwolle.","robots":{"index":"index","follow":"follow","max-snippet":"max-snippet:-1","max-image-preview":"max-image-preview:large","max-video-preview":"max-video-preview:-1"},"canonical":"https:\/\/elvetik.ch\/de\/shop\/ausverkauf-mode\/herren-ausverkauf\/socken-spiegeleier\/","og_locale":"de_DE","og_type":"article","og_title":"Socken Spiegeleier (L) - Elvetik","og_description":"Fantasiesocken \"Spiegeleier\", Farben: schwarz, gelb und wei\u00df. Einheitsgr\u00f6\u00dfe, kostenlose Lieferung in der Schweiz! 73% Baumwolle.","og_url":"https:\/\/elvetik.ch\/de\/shop\/ausverkauf-mode\/herren-ausverkauf\/socken-spiegeleier\/","og_site_name":"Elvetik","article_modified_time":"2026-04-13T17:12:25+00:00","og_image":[{"width":1140,"height":1710,"url":"https:\/\/elvetik.ch\/wp-content\/uploads\/2022\/11\/eggs.jpg","type":"image\/jpeg"}],"twitter_card":"summary_large_image","twitter_misc":{"Gesch\u00e4tzte Lesezeit":"1\u00a0Minute"},"schema":{"@context":"https:\/\/schema.org","@graph":[{"@type":"WebPage","@id":"https:\/\/elvetik.ch\/de\/shop\/ausverkauf-mode\/herren-ausverkauf\/socken-spiegeleier\/","url":"https:\/\/elvetik.ch\/de\/shop\/ausverkauf-mode\/herren-ausverkauf\/socken-spiegeleier\/","name":"Socken Spiegeleier (L) - Elvetik","isPartOf":{"@id":"http:\/\/elvetik.ch\/de\/#website"},"primaryImageOfPage":{"@id":"https:\/\/elvetik.ch\/de\/shop\/ausverkauf-mode\/herren-ausverkauf\/socken-spiegeleier\/#primaryimage"},"image":{"@id":"https:\/\/elvetik.ch\/de\/shop\/ausverkauf-mode\/herren-ausverkauf\/socken-spiegeleier\/#primaryimage"},"thumbnailUrl":"https:\/\/elvetik.ch\/wp-content\/uploads\/2022\/11\/eggs.jpg","datePublished":"2022-11-07T22:05:07+00:00","dateModified":"2026-04-13T17:12:25+00:00","description":"Fantasiesocken \"Spiegeleier\", Farben: schwarz, gelb und wei\u00df. Einheitsgr\u00f6\u00dfe, kostenlose Lieferung in der Schweiz! 73% Baumwolle.","breadcrumb":{"@id":"https:\/\/elvetik.ch\/de\/shop\/ausverkauf-mode\/herren-ausverkauf\/socken-spiegeleier\/#breadcrumb"},"inLanguage":"de","potentialAction":[{"@type":"ReadAction","target":["https:\/\/elvetik.ch\/de\/shop\/ausverkauf-mode\/herren-ausverkauf\/socken-spiegeleier\/"]}]},{"@type":"ImageObject","inLanguage":"de","@id":"https:\/\/elvetik.ch\/de\/shop\/ausverkauf-mode\/herren-ausverkauf\/socken-spiegeleier\/#primaryimage","url":"https:\/\/elvetik.ch\/wp-content\/uploads\/2022\/11\/eggs.jpg","contentUrl":"https:\/\/elvetik.ch\/wp-content\/uploads\/2022\/11\/eggs.jpg","width":1140,"height":1710,"caption":"Schwarze und gelbe Phantasiesocken mit Spiegeleiern"},{"@type":"BreadcrumbList","@id":"https:\/\/elvetik.ch\/de\/shop\/ausverkauf-mode\/herren-ausverkauf\/socken-spiegeleier\/#breadcrumb","itemListElement":[{"@type":"ListItem","position":1,"name":"Home","item":"http:\/\/elvetik.ch\/de\/"},{"@type":"ListItem","position":2,"name":"Shop","item":"http:\/\/elvetik.ch\/de\/shop-2\/"},{"@type":"ListItem","position":3,"name":"Socken Spiegeleier (L)"}]},{"@type":"WebSite","@id":"http:\/\/elvetik.ch\/de\/#website","url":"http:\/\/elvetik.ch\/de\/","name":"Elvetik","description":"","publisher":{"@id":"http:\/\/elvetik.ch\/de\/#organization"},"potentialAction":[{"@type":"SearchAction","target":{"@type":"EntryPoint","urlTemplate":"http:\/\/elvetik.ch\/de\/?s={search_term_string}"},"query-input":{"@type":"PropertyValueSpecification","valueRequired":true,"valueName":"search_term_string"}}],"inLanguage":"de"},{"@type":"Organization","@id":"http:\/\/elvetik.ch\/de\/#organization","name":"Elvetik","url":"http:\/\/elvetik.ch\/de\/","logo":{"@type":"ImageObject","inLanguage":"de","@id":"http:\/\/elvetik.ch\/de\/#\/schema\/logo\/image\/","url":"https:\/\/elvetik.ch\/wp-content\/uploads\/2021\/05\/LOGO-elvetik.png","contentUrl":"https:\/\/elvetik.ch\/wp-content\/uploads\/2021\/05\/LOGO-elvetik.png","width":800,"height":400,"caption":"Elvetik"},"image":{"@id":"http:\/\/elvetik.ch\/de\/#\/schema\/logo\/image\/"}}]}},"_links":{"self":[{"href":"https:\/\/elvetik.ch\/de\/wp-json\/wp\/v2\/product\/233117","targetHints":{"allow":["GET"]}}],"collection":[{"href":"https:\/\/elvetik.ch\/de\/wp-json\/wp\/v2\/product"}],"about":[{"href":"https:\/\/elvetik.ch\/de\/wp-json\/wp\/v2\/types\/product"}],"wp:featuredmedia":[{"embeddable":true,"href":"https:\/\/elvetik.ch\/de\/wp-json\/wp\/v2\/media\/232868"}],"wp:attachment":[{"href":"https:\/\/elvetik.ch\/de\/wp-json\/wp\/v2\/media?parent=233117"}],"wp:term":[{"taxonomy":"product_brand","embeddable":true,"href":"https:\/\/elvetik.ch\/de\/wp-json\/wp\/v2\/product_brand?post=233117"},{"taxonomy":"product_cat","embeddable":true,"href":"https:\/\/elvetik.ch\/de\/wp-json\/wp\/v2\/product_cat?post=233117"},{"taxonomy":"product_tag","embeddable":true,"href":"https:\/\/elvetik.ch\/de\/wp-json\/wp\/v2\/product_tag?post=233117"}],"curies":[{"name":"wp","href":"https:\/\/api.w.org\/{rel}","templated":true}]}}