{"id":233146,"date":"2022-11-07T22:44:23","date_gmt":"2022-11-07T21:44:23","guid":{"rendered":"https:\/\/www.elvetik.ch\/shop\/unkategorisiert\/socken-katze-mit-brillen\/"},"modified":"2025-11-30T19:54:02","modified_gmt":"2025-11-30T18:54:02","slug":"socken-katze-mit-brillen","status":"publish","type":"product","link":"https:\/\/elvetik.ch\/de\/shop\/herren\/ausgefallene-herrensocken\/groesse-l-2\/socken-katze-mit-brillen\/","title":{"rendered":"Socken Katze mit Brillen (L)"},"content":{"rendered":"<p>Diese Socken &#8222;Katze mit Brille&#8220; haben einen Hauch von Pop-Art! Wir lieben ihre lebhaften Farben und ihre schr\u00e4ge Seite.<br \/>\nSocken: Schwarz, blau, rosa und gelb.<\/p>\n<p>Motiv: Katzen und Brille.<\/p>\n<p>Gr\u00f6\u00dfe: 39-46<\/p>\n<p>73% Baumwolle, 25% Nylon, 2% Elasthan.<\/p>\n<p>Maschinenwaschbar bei 40 Grad.<\/p>\n<p><span style=\"color: #008000;\">KOSTENLOSER VERSAND INNERHALB DER SCHWEIZ<\/span><\/p>\n","protected":false},"excerpt":{"rendered":"<p>Motiv: Katzen und Brille.<\/p>\n<p>Gr\u00f6\u00dfe: 39-46<\/p>\n<p>73% Baumwolle, 25% Nylon, 2% Elasthan.<\/p>\n<p>Maschinenwaschbar bei 40 Grad.<\/p>\n<p><span style=\"color: #008000;\">KOSTENLOSER VERSAND INNERHALB DER SCHWEIZ<\/span><\/p>\n","protected":false},"featured_media":232812,"template":"","meta":{"_elvetik_care_instructions":""},"product_brand":[],"product_cat":[916,917,920,921],"product_tag":[],"class_list":{"0":"post-233146","1":"product","2":"type-product","3":"status-publish","4":"has-post-thumbnail","6":"product_cat-ausgefallene-socken-damen","7":"product_cat-groesse-l","8":"product_cat-ausgefallene-herrensocken","9":"product_cat-groesse-l-2","11":"first","12":"instock","13":"purchasable","14":"product-type-simple"},"yoast_head":"<!-- This site is optimized with the Yoast SEO plugin v26.8-RC7 - https:\/\/yoast.com\/product\/yoast-seo-wordpress\/ -->\n<title>Socken Katze mit Brillen (L) - Elvetik<\/title>\n<meta name=\"description\" content=\"Socken &quot;Katze mit Brille&quot;, f\u00fcr einen Hauch von Pop Art! Einheitsgr\u00f6sse, 73% Baumwolle, kostenlose Lieferung in der ganzen Schweiz!\" \/>\n<meta name=\"robots\" content=\"index, follow, max-snippet:-1, max-image-preview:large, max-video-preview:-1\" \/>\n<link rel=\"canonical\" href=\"https:\/\/elvetik.ch\/de\/shop\/herren\/ausgefallene-herrensocken\/groesse-l-2\/socken-katze-mit-brillen\/\" \/>\n<meta property=\"og:locale\" content=\"de_DE\" \/>\n<meta property=\"og:type\" content=\"article\" \/>\n<meta property=\"og:title\" content=\"Socken Katze mit Brillen (L) - Elvetik\" \/>\n<meta property=\"og:description\" content=\"Socken &quot;Katze mit Brille&quot;, f\u00fcr einen Hauch von Pop Art! Einheitsgr\u00f6sse, 73% Baumwolle, kostenlose Lieferung in der ganzen Schweiz!\" \/>\n<meta property=\"og:url\" content=\"https:\/\/elvetik.ch\/de\/shop\/herren\/ausgefallene-herrensocken\/groesse-l-2\/socken-katze-mit-brillen\/\" \/>\n<meta property=\"og:site_name\" content=\"Elvetik\" \/>\n<meta property=\"article:modified_time\" content=\"2025-11-30T18:54:02+00:00\" \/>\n<meta property=\"og:image\" content=\"https:\/\/elvetik.ch\/wp-content\/uploads\/2022\/11\/chaussette-chats-a-lunettes.jpg\" \/>\n\t<meta property=\"og:image:width\" content=\"1140\" \/>\n\t<meta property=\"og:image:height\" content=\"1710\" \/>\n\t<meta property=\"og:image:type\" content=\"image\/jpeg\" \/>\n<meta name=\"twitter:card\" content=\"summary_large_image\" \/>\n<meta name=\"twitter:label1\" content=\"Gesch\u00e4tzte Lesezeit\" \/>\n\t<meta name=\"twitter:data1\" content=\"1\u00a0Minute\" \/>\n<script type=\"application\/ld+json\" class=\"yoast-schema-graph\">{\"@context\":\"https:\/\/schema.org\",\"@graph\":[{\"@type\":\"WebPage\",\"@id\":\"https:\/\/elvetik.ch\/de\/shop\/herren\/ausgefallene-herrensocken\/groesse-l-2\/socken-katze-mit-brillen\/\",\"url\":\"https:\/\/elvetik.ch\/de\/shop\/herren\/ausgefallene-herrensocken\/groesse-l-2\/socken-katze-mit-brillen\/\",\"name\":\"Socken Katze mit Brillen (L) - Elvetik\",\"isPartOf\":{\"@id\":\"https:\/\/elvetik.ch\/de\/#website\"},\"primaryImageOfPage\":{\"@id\":\"https:\/\/elvetik.ch\/de\/shop\/herren\/ausgefallene-herrensocken\/groesse-l-2\/socken-katze-mit-brillen\/#primaryimage\"},\"image\":{\"@id\":\"https:\/\/elvetik.ch\/de\/shop\/herren\/ausgefallene-herrensocken\/groesse-l-2\/socken-katze-mit-brillen\/#primaryimage\"},\"thumbnailUrl\":\"https:\/\/elvetik.ch\/wp-content\/uploads\/2022\/11\/chaussette-chats-a-lunettes.jpg\",\"datePublished\":\"2022-11-07T21:44:23+00:00\",\"dateModified\":\"2025-11-30T18:54:02+00:00\",\"description\":\"Socken \\\"Katze mit Brille\\\", f\u00fcr einen Hauch von Pop Art! Einheitsgr\u00f6sse, 73% Baumwolle, kostenlose Lieferung in der ganzen Schweiz!\",\"breadcrumb\":{\"@id\":\"https:\/\/elvetik.ch\/de\/shop\/herren\/ausgefallene-herrensocken\/groesse-l-2\/socken-katze-mit-brillen\/#breadcrumb\"},\"inLanguage\":\"de\",\"potentialAction\":[{\"@type\":\"ReadAction\",\"target\":[\"https:\/\/elvetik.ch\/de\/shop\/herren\/ausgefallene-herrensocken\/groesse-l-2\/socken-katze-mit-brillen\/\"]}]},{\"@type\":\"ImageObject\",\"inLanguage\":\"de\",\"@id\":\"https:\/\/elvetik.ch\/de\/shop\/herren\/ausgefallene-herrensocken\/groesse-l-2\/socken-katze-mit-brillen\/#primaryimage\",\"url\":\"https:\/\/elvetik.ch\/wp-content\/uploads\/2022\/11\/chaussette-chats-a-lunettes.jpg\",\"contentUrl\":\"https:\/\/elvetik.ch\/wp-content\/uploads\/2022\/11\/chaussette-chats-a-lunettes.jpg\",\"width\":1140,\"height\":1710,\"caption\":\"Schwarze, blaue, rosa und gelbe Phantasiesocken. Katzenk\u00f6pfe mit Brille. Einheitsgr\u00f6\u00dfe\"},{\"@type\":\"BreadcrumbList\",\"@id\":\"https:\/\/elvetik.ch\/de\/shop\/herren\/ausgefallene-herrensocken\/groesse-l-2\/socken-katze-mit-brillen\/#breadcrumb\",\"itemListElement\":[{\"@type\":\"ListItem\",\"position\":1,\"name\":\"Home\",\"item\":\"https:\/\/elvetik.ch\/de\/\"},{\"@type\":\"ListItem\",\"position\":2,\"name\":\"Shop\",\"item\":\"https:\/\/elvetik.ch\/de\/shop-2\/\"},{\"@type\":\"ListItem\",\"position\":3,\"name\":\"Socken Katze mit Brillen (L)\"}]},{\"@type\":\"WebSite\",\"@id\":\"https:\/\/elvetik.ch\/de\/#website\",\"url\":\"https:\/\/elvetik.ch\/de\/\",\"name\":\"Elvetik\",\"description\":\"\",\"publisher\":{\"@id\":\"https:\/\/elvetik.ch\/de\/#organization\"},\"potentialAction\":[{\"@type\":\"SearchAction\",\"target\":{\"@type\":\"EntryPoint\",\"urlTemplate\":\"https:\/\/elvetik.ch\/de\/?s={search_term_string}\"},\"query-input\":{\"@type\":\"PropertyValueSpecification\",\"valueRequired\":true,\"valueName\":\"search_term_string\"}}],\"inLanguage\":\"de\"},{\"@type\":\"Organization\",\"@id\":\"https:\/\/elvetik.ch\/de\/#organization\",\"name\":\"Elvetik\",\"url\":\"https:\/\/elvetik.ch\/de\/\",\"logo\":{\"@type\":\"ImageObject\",\"inLanguage\":\"de\",\"@id\":\"https:\/\/elvetik.ch\/de\/#\/schema\/logo\/image\/\",\"url\":\"https:\/\/elvetik.ch\/wp-content\/uploads\/2021\/05\/LOGO-elvetik.png\",\"contentUrl\":\"https:\/\/elvetik.ch\/wp-content\/uploads\/2021\/05\/LOGO-elvetik.png\",\"width\":800,\"height\":400,\"caption\":\"Elvetik\"},\"image\":{\"@id\":\"https:\/\/elvetik.ch\/de\/#\/schema\/logo\/image\/\"}}]}<\/script>\n<!-- \/ Yoast SEO plugin. -->","yoast_head_json":{"title":"Socken Katze mit Brillen (L) - Elvetik","description":"Socken \"Katze mit Brille\", f\u00fcr einen Hauch von Pop Art! Einheitsgr\u00f6sse, 73% Baumwolle, kostenlose Lieferung in der ganzen Schweiz!","robots":{"index":"index","follow":"follow","max-snippet":"max-snippet:-1","max-image-preview":"max-image-preview:large","max-video-preview":"max-video-preview:-1"},"canonical":"https:\/\/elvetik.ch\/de\/shop\/herren\/ausgefallene-herrensocken\/groesse-l-2\/socken-katze-mit-brillen\/","og_locale":"de_DE","og_type":"article","og_title":"Socken Katze mit Brillen (L) - Elvetik","og_description":"Socken \"Katze mit Brille\", f\u00fcr einen Hauch von Pop Art! Einheitsgr\u00f6sse, 73% Baumwolle, kostenlose Lieferung in der ganzen Schweiz!","og_url":"https:\/\/elvetik.ch\/de\/shop\/herren\/ausgefallene-herrensocken\/groesse-l-2\/socken-katze-mit-brillen\/","og_site_name":"Elvetik","article_modified_time":"2025-11-30T18:54:02+00:00","og_image":[{"width":1140,"height":1710,"url":"https:\/\/elvetik.ch\/wp-content\/uploads\/2022\/11\/chaussette-chats-a-lunettes.jpg","type":"image\/jpeg"}],"twitter_card":"summary_large_image","twitter_misc":{"Gesch\u00e4tzte Lesezeit":"1\u00a0Minute"},"schema":{"@context":"https:\/\/schema.org","@graph":[{"@type":"WebPage","@id":"https:\/\/elvetik.ch\/de\/shop\/herren\/ausgefallene-herrensocken\/groesse-l-2\/socken-katze-mit-brillen\/","url":"https:\/\/elvetik.ch\/de\/shop\/herren\/ausgefallene-herrensocken\/groesse-l-2\/socken-katze-mit-brillen\/","name":"Socken Katze mit Brillen (L) - Elvetik","isPartOf":{"@id":"https:\/\/elvetik.ch\/de\/#website"},"primaryImageOfPage":{"@id":"https:\/\/elvetik.ch\/de\/shop\/herren\/ausgefallene-herrensocken\/groesse-l-2\/socken-katze-mit-brillen\/#primaryimage"},"image":{"@id":"https:\/\/elvetik.ch\/de\/shop\/herren\/ausgefallene-herrensocken\/groesse-l-2\/socken-katze-mit-brillen\/#primaryimage"},"thumbnailUrl":"https:\/\/elvetik.ch\/wp-content\/uploads\/2022\/11\/chaussette-chats-a-lunettes.jpg","datePublished":"2022-11-07T21:44:23+00:00","dateModified":"2025-11-30T18:54:02+00:00","description":"Socken \"Katze mit Brille\", f\u00fcr einen Hauch von Pop Art! Einheitsgr\u00f6sse, 73% Baumwolle, kostenlose Lieferung in der ganzen Schweiz!","breadcrumb":{"@id":"https:\/\/elvetik.ch\/de\/shop\/herren\/ausgefallene-herrensocken\/groesse-l-2\/socken-katze-mit-brillen\/#breadcrumb"},"inLanguage":"de","potentialAction":[{"@type":"ReadAction","target":["https:\/\/elvetik.ch\/de\/shop\/herren\/ausgefallene-herrensocken\/groesse-l-2\/socken-katze-mit-brillen\/"]}]},{"@type":"ImageObject","inLanguage":"de","@id":"https:\/\/elvetik.ch\/de\/shop\/herren\/ausgefallene-herrensocken\/groesse-l-2\/socken-katze-mit-brillen\/#primaryimage","url":"https:\/\/elvetik.ch\/wp-content\/uploads\/2022\/11\/chaussette-chats-a-lunettes.jpg","contentUrl":"https:\/\/elvetik.ch\/wp-content\/uploads\/2022\/11\/chaussette-chats-a-lunettes.jpg","width":1140,"height":1710,"caption":"Schwarze, blaue, rosa und gelbe Phantasiesocken. Katzenk\u00f6pfe mit Brille. Einheitsgr\u00f6\u00dfe"},{"@type":"BreadcrumbList","@id":"https:\/\/elvetik.ch\/de\/shop\/herren\/ausgefallene-herrensocken\/groesse-l-2\/socken-katze-mit-brillen\/#breadcrumb","itemListElement":[{"@type":"ListItem","position":1,"name":"Home","item":"https:\/\/elvetik.ch\/de\/"},{"@type":"ListItem","position":2,"name":"Shop","item":"https:\/\/elvetik.ch\/de\/shop-2\/"},{"@type":"ListItem","position":3,"name":"Socken Katze mit Brillen (L)"}]},{"@type":"WebSite","@id":"https:\/\/elvetik.ch\/de\/#website","url":"https:\/\/elvetik.ch\/de\/","name":"Elvetik","description":"","publisher":{"@id":"https:\/\/elvetik.ch\/de\/#organization"},"potentialAction":[{"@type":"SearchAction","target":{"@type":"EntryPoint","urlTemplate":"https:\/\/elvetik.ch\/de\/?s={search_term_string}"},"query-input":{"@type":"PropertyValueSpecification","valueRequired":true,"valueName":"search_term_string"}}],"inLanguage":"de"},{"@type":"Organization","@id":"https:\/\/elvetik.ch\/de\/#organization","name":"Elvetik","url":"https:\/\/elvetik.ch\/de\/","logo":{"@type":"ImageObject","inLanguage":"de","@id":"https:\/\/elvetik.ch\/de\/#\/schema\/logo\/image\/","url":"https:\/\/elvetik.ch\/wp-content\/uploads\/2021\/05\/LOGO-elvetik.png","contentUrl":"https:\/\/elvetik.ch\/wp-content\/uploads\/2021\/05\/LOGO-elvetik.png","width":800,"height":400,"caption":"Elvetik"},"image":{"@id":"https:\/\/elvetik.ch\/de\/#\/schema\/logo\/image\/"}}]}},"_links":{"self":[{"href":"https:\/\/elvetik.ch\/de\/wp-json\/wp\/v2\/product\/233146","targetHints":{"allow":["GET"]}}],"collection":[{"href":"https:\/\/elvetik.ch\/de\/wp-json\/wp\/v2\/product"}],"about":[{"href":"https:\/\/elvetik.ch\/de\/wp-json\/wp\/v2\/types\/product"}],"wp:featuredmedia":[{"embeddable":true,"href":"https:\/\/elvetik.ch\/de\/wp-json\/wp\/v2\/media\/232812"}],"wp:attachment":[{"href":"https:\/\/elvetik.ch\/de\/wp-json\/wp\/v2\/media?parent=233146"}],"wp:term":[{"taxonomy":"product_brand","embeddable":true,"href":"https:\/\/elvetik.ch\/de\/wp-json\/wp\/v2\/product_brand?post=233146"},{"taxonomy":"product_cat","embeddable":true,"href":"https:\/\/elvetik.ch\/de\/wp-json\/wp\/v2\/product_cat?post=233146"},{"taxonomy":"product_tag","embeddable":true,"href":"https:\/\/elvetik.ch\/de\/wp-json\/wp\/v2\/product_tag?post=233146"}],"curies":[{"name":"wp","href":"https:\/\/api.w.org\/{rel}","templated":true}]}}