{"id":233605,"date":"2022-12-03T12:34:57","date_gmt":"2022-12-03T11:34:57","guid":{"rendered":"https:\/\/www.elvetik.ch\/shop\/unkategorisiert\/sohlen-aus-schafwolle\/"},"modified":"2025-09-19T15:29:08","modified_gmt":"2025-09-19T13:29:08","slug":"sohlen-aus-schafwolle","status":"publish","type":"product","link":"https:\/\/elvetik.ch\/de\/shop\/damen\/thermosohlen-2\/sohlen-aus-schafwolle\/","title":{"rendered":"SOHLEN AUS SCHAFWOLLE"},"content":{"rendered":"<p>Filz und 100% Schafschurwolle<\/p>\n<p>Handgen\u00e4ht, 10 mm dick<\/p>\n<p>Thermisch +++ und antibakteriell<\/p>\n","protected":false},"excerpt":{"rendered":"<p>Filz und Schurwolle<\/p>\n<p>Handgen\u00e4ht (Hitze +++), Dicke 10 mm.<\/p>\n<p>Die Wahl f\u00fcr alle, die fr\u00f6steln oder kuschelige und nat\u00fcrliche Materialien bevorzugen.<\/p>\n<p>Diese handgeschnittenen und handgen\u00e4hten Einlagen aus reiner Wolle isolieren, verst\u00e4rken und speichern die W\u00e4rme auf nat\u00fcrliche Weise.<\/p>\n<p>Das Schaffell ist ebenfalls atmungsaktiv, w\u00e4rmeregulierend und antibakteriell.<\/p>\n<p>Erh\u00e4ltlich in den Gr\u00f6\u00dfen: 36 bis 43.<\/p>\n<p><span style=\"color: #008000;\"><strong>GRATISLIEFERUNG IN DER SCHWEIZ<\/strong><\/span><\/p>\n","protected":false},"featured_media":246807,"template":"","meta":{"_elvetik_care_instructions":""},"product_brand":[],"product_cat":[919,923],"product_tag":[],"class_list":{"0":"post-233605","1":"product","2":"type-product","3":"status-publish","4":"has-post-thumbnail","6":"product_cat-thermosohlen-2","7":"product_cat-thermosohlen-3","8":"pa_taille-40-de","9":"pa_taille-41-de","10":"pa_taille-42-de","11":"pa_taille-43-de","12":"pa_taille-44-de","13":"pa_taille-45-de","15":"first","16":"instock","17":"taxable","18":"shipping-taxable","19":"purchasable","20":"product-type-variable"},"yoast_head":"<!-- This site is optimized with the Yoast SEO plugin v26.8-RC7 - https:\/\/yoast.com\/product\/yoast-seo-wordpress\/ -->\n<title>SOHLEN AUS SCHAFWOLLE - Elvetik<\/title>\n<meta name=\"description\" content=\"Die elvetik-Sohlen aus reiner Wolle, die von Hand zugeschnitten und gen\u00e4ht werden, isolieren, verst\u00e4rken und speichern die W\u00e4rme auf nat\u00fcrliche Weise. Antibakteriell, Gr\u00f6\u00dfen von 36 bis 43.\" \/>\n<meta name=\"robots\" content=\"index, follow, max-snippet:-1, max-image-preview:large, max-video-preview:-1\" \/>\n<link rel=\"canonical\" href=\"https:\/\/elvetik.ch\/de\/shop\/damen\/thermosohlen-2\/sohlen-aus-schafwolle\/\" \/>\n<meta property=\"og:locale\" content=\"de_DE\" \/>\n<meta property=\"og:type\" content=\"article\" \/>\n<meta property=\"og:title\" content=\"SOHLEN AUS SCHAFWOLLE - Elvetik\" \/>\n<meta property=\"og:description\" content=\"Die elvetik-Sohlen aus reiner Wolle, die von Hand zugeschnitten und gen\u00e4ht werden, isolieren, verst\u00e4rken und speichern die W\u00e4rme auf nat\u00fcrliche Weise. Antibakteriell, Gr\u00f6\u00dfen von 36 bis 43.\" \/>\n<meta property=\"og:url\" content=\"https:\/\/elvetik.ch\/de\/shop\/damen\/thermosohlen-2\/sohlen-aus-schafwolle\/\" \/>\n<meta property=\"og:site_name\" content=\"Elvetik\" \/>\n<meta property=\"article:modified_time\" content=\"2025-09-19T13:29:08+00:00\" \/>\n<meta property=\"og:image\" content=\"http:\/\/elvetik.ch\/wp-content\/uploads\/2026\/01\/semelles-mouton.png\" \/>\n\t<meta property=\"og:image:width\" content=\"1274\" \/>\n\t<meta property=\"og:image:height\" content=\"1268\" \/>\n\t<meta property=\"og:image:type\" content=\"image\/png\" \/>\n<meta name=\"twitter:card\" content=\"summary_large_image\" \/>\n<meta name=\"twitter:label1\" content=\"Gesch\u00e4tzte Lesezeit\" \/>\n\t<meta name=\"twitter:data1\" content=\"1\u00a0Minute\" \/>\n<script type=\"application\/ld+json\" class=\"yoast-schema-graph\">{\"@context\":\"https:\/\/schema.org\",\"@graph\":[{\"@type\":\"WebPage\",\"@id\":\"https:\/\/elvetik.ch\/de\/shop\/damen\/thermosohlen-2\/sohlen-aus-schafwolle\/\",\"url\":\"https:\/\/elvetik.ch\/de\/shop\/damen\/thermosohlen-2\/sohlen-aus-schafwolle\/\",\"name\":\"SOHLEN AUS SCHAFWOLLE - Elvetik\",\"isPartOf\":{\"@id\":\"https:\/\/elvetik.ch\/de\/#website\"},\"primaryImageOfPage\":{\"@id\":\"https:\/\/elvetik.ch\/de\/shop\/damen\/thermosohlen-2\/sohlen-aus-schafwolle\/#primaryimage\"},\"image\":{\"@id\":\"https:\/\/elvetik.ch\/de\/shop\/damen\/thermosohlen-2\/sohlen-aus-schafwolle\/#primaryimage\"},\"thumbnailUrl\":\"https:\/\/elvetik.ch\/wp-content\/uploads\/2026\/01\/semelles-mouton.png\",\"datePublished\":\"2022-12-03T11:34:57+00:00\",\"dateModified\":\"2025-09-19T13:29:08+00:00\",\"description\":\"Die elvetik-Sohlen aus reiner Wolle, die von Hand zugeschnitten und gen\u00e4ht werden, isolieren, verst\u00e4rken und speichern die W\u00e4rme auf nat\u00fcrliche Weise. Antibakteriell, Gr\u00f6\u00dfen von 36 bis 43.\",\"breadcrumb\":{\"@id\":\"https:\/\/elvetik.ch\/de\/shop\/damen\/thermosohlen-2\/sohlen-aus-schafwolle\/#breadcrumb\"},\"inLanguage\":\"de\",\"potentialAction\":[{\"@type\":\"ReadAction\",\"target\":[\"https:\/\/elvetik.ch\/de\/shop\/damen\/thermosohlen-2\/sohlen-aus-schafwolle\/\"]}]},{\"@type\":\"ImageObject\",\"inLanguage\":\"de\",\"@id\":\"https:\/\/elvetik.ch\/de\/shop\/damen\/thermosohlen-2\/sohlen-aus-schafwolle\/#primaryimage\",\"url\":\"https:\/\/elvetik.ch\/wp-content\/uploads\/2026\/01\/semelles-mouton.png\",\"contentUrl\":\"https:\/\/elvetik.ch\/wp-content\/uploads\/2026\/01\/semelles-mouton.png\",\"width\":1274,\"height\":1268,\"caption\":\"Semelle thermo en laine\"},{\"@type\":\"BreadcrumbList\",\"@id\":\"https:\/\/elvetik.ch\/de\/shop\/damen\/thermosohlen-2\/sohlen-aus-schafwolle\/#breadcrumb\",\"itemListElement\":[{\"@type\":\"ListItem\",\"position\":1,\"name\":\"Home\",\"item\":\"https:\/\/elvetik.ch\/de\/\"},{\"@type\":\"ListItem\",\"position\":2,\"name\":\"Shop\",\"item\":\"https:\/\/elvetik.ch\/de\/shop-2\/\"},{\"@type\":\"ListItem\",\"position\":3,\"name\":\"SOHLEN AUS SCHAFWOLLE\"}]},{\"@type\":\"WebSite\",\"@id\":\"https:\/\/elvetik.ch\/de\/#website\",\"url\":\"https:\/\/elvetik.ch\/de\/\",\"name\":\"Elvetik\",\"description\":\"\",\"publisher\":{\"@id\":\"https:\/\/elvetik.ch\/de\/#organization\"},\"potentialAction\":[{\"@type\":\"SearchAction\",\"target\":{\"@type\":\"EntryPoint\",\"urlTemplate\":\"https:\/\/elvetik.ch\/de\/?s={search_term_string}\"},\"query-input\":{\"@type\":\"PropertyValueSpecification\",\"valueRequired\":true,\"valueName\":\"search_term_string\"}}],\"inLanguage\":\"de\"},{\"@type\":\"Organization\",\"@id\":\"https:\/\/elvetik.ch\/de\/#organization\",\"name\":\"Elvetik\",\"url\":\"https:\/\/elvetik.ch\/de\/\",\"logo\":{\"@type\":\"ImageObject\",\"inLanguage\":\"de\",\"@id\":\"https:\/\/elvetik.ch\/de\/#\/schema\/logo\/image\/\",\"url\":\"https:\/\/elvetik.ch\/wp-content\/uploads\/2021\/05\/LOGO-elvetik.png\",\"contentUrl\":\"https:\/\/elvetik.ch\/wp-content\/uploads\/2021\/05\/LOGO-elvetik.png\",\"width\":800,\"height\":400,\"caption\":\"Elvetik\"},\"image\":{\"@id\":\"https:\/\/elvetik.ch\/de\/#\/schema\/logo\/image\/\"}}]}<\/script>\n<!-- \/ Yoast SEO plugin. -->","yoast_head_json":{"title":"SOHLEN AUS SCHAFWOLLE - Elvetik","description":"Die elvetik-Sohlen aus reiner Wolle, die von Hand zugeschnitten und gen\u00e4ht werden, isolieren, verst\u00e4rken und speichern die W\u00e4rme auf nat\u00fcrliche Weise. Antibakteriell, Gr\u00f6\u00dfen von 36 bis 43.","robots":{"index":"index","follow":"follow","max-snippet":"max-snippet:-1","max-image-preview":"max-image-preview:large","max-video-preview":"max-video-preview:-1"},"canonical":"https:\/\/elvetik.ch\/de\/shop\/damen\/thermosohlen-2\/sohlen-aus-schafwolle\/","og_locale":"de_DE","og_type":"article","og_title":"SOHLEN AUS SCHAFWOLLE - Elvetik","og_description":"Die elvetik-Sohlen aus reiner Wolle, die von Hand zugeschnitten und gen\u00e4ht werden, isolieren, verst\u00e4rken und speichern die W\u00e4rme auf nat\u00fcrliche Weise. Antibakteriell, Gr\u00f6\u00dfen von 36 bis 43.","og_url":"https:\/\/elvetik.ch\/de\/shop\/damen\/thermosohlen-2\/sohlen-aus-schafwolle\/","og_site_name":"Elvetik","article_modified_time":"2025-09-19T13:29:08+00:00","og_image":[{"width":1274,"height":1268,"url":"http:\/\/elvetik.ch\/wp-content\/uploads\/2026\/01\/semelles-mouton.png","type":"image\/png"}],"twitter_card":"summary_large_image","twitter_misc":{"Gesch\u00e4tzte Lesezeit":"1\u00a0Minute"},"schema":{"@context":"https:\/\/schema.org","@graph":[{"@type":"WebPage","@id":"https:\/\/elvetik.ch\/de\/shop\/damen\/thermosohlen-2\/sohlen-aus-schafwolle\/","url":"https:\/\/elvetik.ch\/de\/shop\/damen\/thermosohlen-2\/sohlen-aus-schafwolle\/","name":"SOHLEN AUS SCHAFWOLLE - Elvetik","isPartOf":{"@id":"https:\/\/elvetik.ch\/de\/#website"},"primaryImageOfPage":{"@id":"https:\/\/elvetik.ch\/de\/shop\/damen\/thermosohlen-2\/sohlen-aus-schafwolle\/#primaryimage"},"image":{"@id":"https:\/\/elvetik.ch\/de\/shop\/damen\/thermosohlen-2\/sohlen-aus-schafwolle\/#primaryimage"},"thumbnailUrl":"https:\/\/elvetik.ch\/wp-content\/uploads\/2026\/01\/semelles-mouton.png","datePublished":"2022-12-03T11:34:57+00:00","dateModified":"2025-09-19T13:29:08+00:00","description":"Die elvetik-Sohlen aus reiner Wolle, die von Hand zugeschnitten und gen\u00e4ht werden, isolieren, verst\u00e4rken und speichern die W\u00e4rme auf nat\u00fcrliche Weise. Antibakteriell, Gr\u00f6\u00dfen von 36 bis 43.","breadcrumb":{"@id":"https:\/\/elvetik.ch\/de\/shop\/damen\/thermosohlen-2\/sohlen-aus-schafwolle\/#breadcrumb"},"inLanguage":"de","potentialAction":[{"@type":"ReadAction","target":["https:\/\/elvetik.ch\/de\/shop\/damen\/thermosohlen-2\/sohlen-aus-schafwolle\/"]}]},{"@type":"ImageObject","inLanguage":"de","@id":"https:\/\/elvetik.ch\/de\/shop\/damen\/thermosohlen-2\/sohlen-aus-schafwolle\/#primaryimage","url":"https:\/\/elvetik.ch\/wp-content\/uploads\/2026\/01\/semelles-mouton.png","contentUrl":"https:\/\/elvetik.ch\/wp-content\/uploads\/2026\/01\/semelles-mouton.png","width":1274,"height":1268,"caption":"Semelle thermo en laine"},{"@type":"BreadcrumbList","@id":"https:\/\/elvetik.ch\/de\/shop\/damen\/thermosohlen-2\/sohlen-aus-schafwolle\/#breadcrumb","itemListElement":[{"@type":"ListItem","position":1,"name":"Home","item":"https:\/\/elvetik.ch\/de\/"},{"@type":"ListItem","position":2,"name":"Shop","item":"https:\/\/elvetik.ch\/de\/shop-2\/"},{"@type":"ListItem","position":3,"name":"SOHLEN AUS SCHAFWOLLE"}]},{"@type":"WebSite","@id":"https:\/\/elvetik.ch\/de\/#website","url":"https:\/\/elvetik.ch\/de\/","name":"Elvetik","description":"","publisher":{"@id":"https:\/\/elvetik.ch\/de\/#organization"},"potentialAction":[{"@type":"SearchAction","target":{"@type":"EntryPoint","urlTemplate":"https:\/\/elvetik.ch\/de\/?s={search_term_string}"},"query-input":{"@type":"PropertyValueSpecification","valueRequired":true,"valueName":"search_term_string"}}],"inLanguage":"de"},{"@type":"Organization","@id":"https:\/\/elvetik.ch\/de\/#organization","name":"Elvetik","url":"https:\/\/elvetik.ch\/de\/","logo":{"@type":"ImageObject","inLanguage":"de","@id":"https:\/\/elvetik.ch\/de\/#\/schema\/logo\/image\/","url":"https:\/\/elvetik.ch\/wp-content\/uploads\/2021\/05\/LOGO-elvetik.png","contentUrl":"https:\/\/elvetik.ch\/wp-content\/uploads\/2021\/05\/LOGO-elvetik.png","width":800,"height":400,"caption":"Elvetik"},"image":{"@id":"https:\/\/elvetik.ch\/de\/#\/schema\/logo\/image\/"}}]}},"_links":{"self":[{"href":"https:\/\/elvetik.ch\/de\/wp-json\/wp\/v2\/product\/233605","targetHints":{"allow":["GET"]}}],"collection":[{"href":"https:\/\/elvetik.ch\/de\/wp-json\/wp\/v2\/product"}],"about":[{"href":"https:\/\/elvetik.ch\/de\/wp-json\/wp\/v2\/types\/product"}],"wp:featuredmedia":[{"embeddable":true,"href":"https:\/\/elvetik.ch\/de\/wp-json\/wp\/v2\/media\/246807"}],"wp:attachment":[{"href":"https:\/\/elvetik.ch\/de\/wp-json\/wp\/v2\/media?parent=233605"}],"wp:term":[{"taxonomy":"product_brand","embeddable":true,"href":"https:\/\/elvetik.ch\/de\/wp-json\/wp\/v2\/product_brand?post=233605"},{"taxonomy":"product_cat","embeddable":true,"href":"https:\/\/elvetik.ch\/de\/wp-json\/wp\/v2\/product_cat?post=233605"},{"taxonomy":"product_tag","embeddable":true,"href":"https:\/\/elvetik.ch\/de\/wp-json\/wp\/v2\/product_tag?post=233605"}],"curies":[{"name":"wp","href":"https:\/\/api.w.org\/{rel}","templated":true}]}}