{"id":233616,"date":"2022-12-03T13:03:15","date_gmt":"2022-12-03T12:03:15","guid":{"rendered":"https:\/\/www.elvetik.ch\/shop\/unkategorisiert\/aluminiumsohlen\/"},"modified":"2025-01-20T19:26:28","modified_gmt":"2025-01-20T18:26:28","slug":"aluminiumsohlen","status":"publish","type":"product","link":"https:\/\/elvetik.ch\/de\/shop\/damen\/thermosohlen-2\/aluminiumsohlen\/","title":{"rendered":"ALUMINIUM-SOHLEN"},"content":{"rendered":"<p>Filz und Aluminium<\/p>\n<p>Polyurethanschaum mit w\u00e4rmeisolierender Beschichtung aus weichem Aluminium.<\/p>\n<p>Dicke 5 mm<\/p>\n<p>Isolierend\u00a0<\/p>\n<p>Einheitsgr\u00f6\u00dfe von 34 bis 46 (mit der Schere auf die eigene Gr\u00f6\u00dfe zuschneiden)<\/p>\n","protected":false},"excerpt":{"rendered":"<p>Filz und Aluminium<\/p>\n<p>Dicke 5 mm. Schicht<\/p>\n<p>Zwischenschicht, um ihre F\u00fc\u00dfe von kalten B\u00f6den zu isolieren.<\/p>\n<p>Einheitsgr\u00f6\u00dfe von 34 bis 46.<\/p>\n<p>Schneiden Sie die Sohle gem\u00e4\u00df der mit dem Paar Sohlen gelieferten Schablone auf die gew\u00fcnschte Gr\u00f6\u00dfe zu.<\/p>\n<p><span style=\"color: #008000;\"><strong>GRATISLIEFERUNG IN DER SCHWEIZ<\/strong><\/span><\/p>\n","protected":false},"featured_media":246914,"template":"","meta":{"_elvetik_care_instructions":""},"product_brand":[],"product_cat":[919,923],"product_tag":[],"class_list":{"0":"post-233616","1":"product","2":"type-product","3":"status-publish","4":"has-post-thumbnail","6":"product_cat-thermosohlen-2","7":"product_cat-thermosohlen-3","9":"first","10":"instock","11":"taxable","12":"shipping-taxable","13":"purchasable","14":"product-type-simple"},"yoast_head":"<!-- This site is optimized with the Yoast SEO plugin v26.8-RC7 - https:\/\/yoast.com\/product\/yoast-seo-wordpress\/ -->\n<title>ALUMINIUM-SOHLEN - Elvetik<\/title>\n<meta name=\"description\" content=\"Filz und Aluminium, 5 mm dick. Zwischenschicht, um seine F\u00fc\u00dfe von kalten B\u00f6den zu isolieren. Einheitsgr\u00f6\u00dfe von 34 bis 46 zum selbst Zuschneiden.\" \/>\n<meta name=\"robots\" content=\"index, follow, max-snippet:-1, max-image-preview:large, max-video-preview:-1\" \/>\n<link rel=\"canonical\" href=\"https:\/\/elvetik.ch\/de\/shop\/damen\/thermosohlen-2\/aluminiumsohlen\/\" \/>\n<meta property=\"og:locale\" content=\"de_DE\" \/>\n<meta property=\"og:type\" content=\"article\" \/>\n<meta property=\"og:title\" content=\"ALUMINIUM-SOHLEN - Elvetik\" \/>\n<meta property=\"og:description\" content=\"Filz und Aluminium, 5 mm dick. Zwischenschicht, um seine F\u00fc\u00dfe von kalten B\u00f6den zu isolieren. Einheitsgr\u00f6\u00dfe von 34 bis 46 zum selbst Zuschneiden.\" \/>\n<meta property=\"og:url\" content=\"https:\/\/elvetik.ch\/de\/shop\/damen\/thermosohlen-2\/aluminiumsohlen\/\" \/>\n<meta property=\"og:site_name\" content=\"Elvetik\" \/>\n<meta property=\"article:modified_time\" content=\"2025-01-20T18:26:28+00:00\" \/>\n<meta property=\"og:image\" content=\"http:\/\/elvetik.ch\/wp-content\/uploads\/2026\/03\/semelle-alu.png\" \/>\n\t<meta property=\"og:image:width\" content=\"980\" \/>\n\t<meta property=\"og:image:height\" content=\"1048\" \/>\n\t<meta property=\"og:image:type\" content=\"image\/png\" \/>\n<meta name=\"twitter:card\" content=\"summary_large_image\" \/>\n<script type=\"application\/ld+json\" class=\"yoast-schema-graph\">{\"@context\":\"https:\/\/schema.org\",\"@graph\":[{\"@type\":\"WebPage\",\"@id\":\"https:\/\/elvetik.ch\/de\/shop\/damen\/thermosohlen-2\/aluminiumsohlen\/\",\"url\":\"https:\/\/elvetik.ch\/de\/shop\/damen\/thermosohlen-2\/aluminiumsohlen\/\",\"name\":\"ALUMINIUM-SOHLEN - Elvetik\",\"isPartOf\":{\"@id\":\"https:\/\/elvetik.ch\/de\/#website\"},\"primaryImageOfPage\":{\"@id\":\"https:\/\/elvetik.ch\/de\/shop\/damen\/thermosohlen-2\/aluminiumsohlen\/#primaryimage\"},\"image\":{\"@id\":\"https:\/\/elvetik.ch\/de\/shop\/damen\/thermosohlen-2\/aluminiumsohlen\/#primaryimage\"},\"thumbnailUrl\":\"https:\/\/elvetik.ch\/wp-content\/uploads\/2026\/03\/semelle-alu.png\",\"datePublished\":\"2022-12-03T12:03:15+00:00\",\"dateModified\":\"2025-01-20T18:26:28+00:00\",\"description\":\"Filz und Aluminium, 5 mm dick. Zwischenschicht, um seine F\u00fc\u00dfe von kalten B\u00f6den zu isolieren. Einheitsgr\u00f6\u00dfe von 34 bis 46 zum selbst Zuschneiden.\",\"breadcrumb\":{\"@id\":\"https:\/\/elvetik.ch\/de\/shop\/damen\/thermosohlen-2\/aluminiumsohlen\/#breadcrumb\"},\"inLanguage\":\"de\",\"potentialAction\":[{\"@type\":\"ReadAction\",\"target\":[\"https:\/\/elvetik.ch\/de\/shop\/damen\/thermosohlen-2\/aluminiumsohlen\/\"]}]},{\"@type\":\"ImageObject\",\"inLanguage\":\"de\",\"@id\":\"https:\/\/elvetik.ch\/de\/shop\/damen\/thermosohlen-2\/aluminiumsohlen\/#primaryimage\",\"url\":\"https:\/\/elvetik.ch\/wp-content\/uploads\/2026\/03\/semelle-alu.png\",\"contentUrl\":\"https:\/\/elvetik.ch\/wp-content\/uploads\/2026\/03\/semelle-alu.png\",\"width\":980,\"height\":1048,\"caption\":\"semelle alu elvetik\"},{\"@type\":\"BreadcrumbList\",\"@id\":\"https:\/\/elvetik.ch\/de\/shop\/damen\/thermosohlen-2\/aluminiumsohlen\/#breadcrumb\",\"itemListElement\":[{\"@type\":\"ListItem\",\"position\":1,\"name\":\"Home\",\"item\":\"https:\/\/elvetik.ch\/de\/\"},{\"@type\":\"ListItem\",\"position\":2,\"name\":\"Shop\",\"item\":\"https:\/\/elvetik.ch\/de\/shop-2\/\"},{\"@type\":\"ListItem\",\"position\":3,\"name\":\"ALUMINIUM-SOHLEN\"}]},{\"@type\":\"WebSite\",\"@id\":\"https:\/\/elvetik.ch\/de\/#website\",\"url\":\"https:\/\/elvetik.ch\/de\/\",\"name\":\"Elvetik\",\"description\":\"\",\"publisher\":{\"@id\":\"https:\/\/elvetik.ch\/de\/#organization\"},\"potentialAction\":[{\"@type\":\"SearchAction\",\"target\":{\"@type\":\"EntryPoint\",\"urlTemplate\":\"https:\/\/elvetik.ch\/de\/?s={search_term_string}\"},\"query-input\":{\"@type\":\"PropertyValueSpecification\",\"valueRequired\":true,\"valueName\":\"search_term_string\"}}],\"inLanguage\":\"de\"},{\"@type\":\"Organization\",\"@id\":\"https:\/\/elvetik.ch\/de\/#organization\",\"name\":\"Elvetik\",\"url\":\"https:\/\/elvetik.ch\/de\/\",\"logo\":{\"@type\":\"ImageObject\",\"inLanguage\":\"de\",\"@id\":\"https:\/\/elvetik.ch\/de\/#\/schema\/logo\/image\/\",\"url\":\"https:\/\/elvetik.ch\/wp-content\/uploads\/2021\/05\/LOGO-elvetik.png\",\"contentUrl\":\"https:\/\/elvetik.ch\/wp-content\/uploads\/2021\/05\/LOGO-elvetik.png\",\"width\":800,\"height\":400,\"caption\":\"Elvetik\"},\"image\":{\"@id\":\"https:\/\/elvetik.ch\/de\/#\/schema\/logo\/image\/\"}}]}<\/script>\n<!-- \/ Yoast SEO plugin. -->","yoast_head_json":{"title":"ALUMINIUM-SOHLEN - Elvetik","description":"Filz und Aluminium, 5 mm dick. Zwischenschicht, um seine F\u00fc\u00dfe von kalten B\u00f6den zu isolieren. Einheitsgr\u00f6\u00dfe von 34 bis 46 zum selbst Zuschneiden.","robots":{"index":"index","follow":"follow","max-snippet":"max-snippet:-1","max-image-preview":"max-image-preview:large","max-video-preview":"max-video-preview:-1"},"canonical":"https:\/\/elvetik.ch\/de\/shop\/damen\/thermosohlen-2\/aluminiumsohlen\/","og_locale":"de_DE","og_type":"article","og_title":"ALUMINIUM-SOHLEN - Elvetik","og_description":"Filz und Aluminium, 5 mm dick. Zwischenschicht, um seine F\u00fc\u00dfe von kalten B\u00f6den zu isolieren. Einheitsgr\u00f6\u00dfe von 34 bis 46 zum selbst Zuschneiden.","og_url":"https:\/\/elvetik.ch\/de\/shop\/damen\/thermosohlen-2\/aluminiumsohlen\/","og_site_name":"Elvetik","article_modified_time":"2025-01-20T18:26:28+00:00","og_image":[{"width":980,"height":1048,"url":"http:\/\/elvetik.ch\/wp-content\/uploads\/2026\/03\/semelle-alu.png","type":"image\/png"}],"twitter_card":"summary_large_image","schema":{"@context":"https:\/\/schema.org","@graph":[{"@type":"WebPage","@id":"https:\/\/elvetik.ch\/de\/shop\/damen\/thermosohlen-2\/aluminiumsohlen\/","url":"https:\/\/elvetik.ch\/de\/shop\/damen\/thermosohlen-2\/aluminiumsohlen\/","name":"ALUMINIUM-SOHLEN - Elvetik","isPartOf":{"@id":"https:\/\/elvetik.ch\/de\/#website"},"primaryImageOfPage":{"@id":"https:\/\/elvetik.ch\/de\/shop\/damen\/thermosohlen-2\/aluminiumsohlen\/#primaryimage"},"image":{"@id":"https:\/\/elvetik.ch\/de\/shop\/damen\/thermosohlen-2\/aluminiumsohlen\/#primaryimage"},"thumbnailUrl":"https:\/\/elvetik.ch\/wp-content\/uploads\/2026\/03\/semelle-alu.png","datePublished":"2022-12-03T12:03:15+00:00","dateModified":"2025-01-20T18:26:28+00:00","description":"Filz und Aluminium, 5 mm dick. Zwischenschicht, um seine F\u00fc\u00dfe von kalten B\u00f6den zu isolieren. Einheitsgr\u00f6\u00dfe von 34 bis 46 zum selbst Zuschneiden.","breadcrumb":{"@id":"https:\/\/elvetik.ch\/de\/shop\/damen\/thermosohlen-2\/aluminiumsohlen\/#breadcrumb"},"inLanguage":"de","potentialAction":[{"@type":"ReadAction","target":["https:\/\/elvetik.ch\/de\/shop\/damen\/thermosohlen-2\/aluminiumsohlen\/"]}]},{"@type":"ImageObject","inLanguage":"de","@id":"https:\/\/elvetik.ch\/de\/shop\/damen\/thermosohlen-2\/aluminiumsohlen\/#primaryimage","url":"https:\/\/elvetik.ch\/wp-content\/uploads\/2026\/03\/semelle-alu.png","contentUrl":"https:\/\/elvetik.ch\/wp-content\/uploads\/2026\/03\/semelle-alu.png","width":980,"height":1048,"caption":"semelle alu elvetik"},{"@type":"BreadcrumbList","@id":"https:\/\/elvetik.ch\/de\/shop\/damen\/thermosohlen-2\/aluminiumsohlen\/#breadcrumb","itemListElement":[{"@type":"ListItem","position":1,"name":"Home","item":"https:\/\/elvetik.ch\/de\/"},{"@type":"ListItem","position":2,"name":"Shop","item":"https:\/\/elvetik.ch\/de\/shop-2\/"},{"@type":"ListItem","position":3,"name":"ALUMINIUM-SOHLEN"}]},{"@type":"WebSite","@id":"https:\/\/elvetik.ch\/de\/#website","url":"https:\/\/elvetik.ch\/de\/","name":"Elvetik","description":"","publisher":{"@id":"https:\/\/elvetik.ch\/de\/#organization"},"potentialAction":[{"@type":"SearchAction","target":{"@type":"EntryPoint","urlTemplate":"https:\/\/elvetik.ch\/de\/?s={search_term_string}"},"query-input":{"@type":"PropertyValueSpecification","valueRequired":true,"valueName":"search_term_string"}}],"inLanguage":"de"},{"@type":"Organization","@id":"https:\/\/elvetik.ch\/de\/#organization","name":"Elvetik","url":"https:\/\/elvetik.ch\/de\/","logo":{"@type":"ImageObject","inLanguage":"de","@id":"https:\/\/elvetik.ch\/de\/#\/schema\/logo\/image\/","url":"https:\/\/elvetik.ch\/wp-content\/uploads\/2021\/05\/LOGO-elvetik.png","contentUrl":"https:\/\/elvetik.ch\/wp-content\/uploads\/2021\/05\/LOGO-elvetik.png","width":800,"height":400,"caption":"Elvetik"},"image":{"@id":"https:\/\/elvetik.ch\/de\/#\/schema\/logo\/image\/"}}]}},"_links":{"self":[{"href":"https:\/\/elvetik.ch\/de\/wp-json\/wp\/v2\/product\/233616","targetHints":{"allow":["GET"]}}],"collection":[{"href":"https:\/\/elvetik.ch\/de\/wp-json\/wp\/v2\/product"}],"about":[{"href":"https:\/\/elvetik.ch\/de\/wp-json\/wp\/v2\/types\/product"}],"wp:featuredmedia":[{"embeddable":true,"href":"https:\/\/elvetik.ch\/de\/wp-json\/wp\/v2\/media\/246914"}],"wp:attachment":[{"href":"https:\/\/elvetik.ch\/de\/wp-json\/wp\/v2\/media?parent=233616"}],"wp:term":[{"taxonomy":"product_brand","embeddable":true,"href":"https:\/\/elvetik.ch\/de\/wp-json\/wp\/v2\/product_brand?post=233616"},{"taxonomy":"product_cat","embeddable":true,"href":"https:\/\/elvetik.ch\/de\/wp-json\/wp\/v2\/product_cat?post=233616"},{"taxonomy":"product_tag","embeddable":true,"href":"https:\/\/elvetik.ch\/de\/wp-json\/wp\/v2\/product_tag?post=233616"}],"curies":[{"name":"wp","href":"https:\/\/api.w.org\/{rel}","templated":true}]}}