{"id":235677,"date":"2023-05-26T11:07:50","date_gmt":"2023-05-26T09:07:50","guid":{"rendered":"https:\/\/www.elvetik.ch\/shop\/unkategorisiert\/socken-alien\/"},"modified":"2024-12-28T21:25:28","modified_gmt":"2024-12-28T20:25:28","slug":"socken-alien","status":"publish","type":"product","link":"https:\/\/elvetik.ch\/de\/shop\/herren\/ausgefallene-herrensocken\/groesse-m-2\/socken-alien\/","title":{"rendered":"Socken Alien (M)"},"content":{"rendered":"<p>Alien-Socken: schwarz, gr\u00fcn, gelb und blau<\/p>\n<p>Motiv: Alien, fliegende Untertasse<\/p>\n<p>Einheitsgr\u00f6\u00dfe M: 35-40<\/p>\n<p>73% Baumwolle, 25% Nylon, 2% Elasthan.<\/p>\n<p>Maschinenwaschbar bei 40 Grad.<\/p>\n<p>GRATISVERSAND IN DER SCHWEIZ<\/p>\n","protected":false},"excerpt":{"rendered":"<p>Alien-Socken: schwarz, gr\u00fcn, gelb und blau<\/p>\n<p>Motiv: Alien, fliegende Untertasse<\/p>\n<p>Einheitsgr\u00f6\u00dfe M: 35-40<\/p>\n<p>73% Baumwolle, 25% Nylon, 2% Elasthan.<\/p>\n<p>Maschinenwaschbar bei 40 Grad.<\/p>\n<p><span style=\"color: #008000;\">GRATISVERSAND IN DER SCHWEIZ<\/span><\/p>\n","protected":false},"featured_media":235095,"template":"","meta":{"_elvetik_care_instructions":""},"product_brand":[],"product_cat":[916,918,920,922],"product_tag":[],"class_list":{"0":"post-235677","1":"product","2":"type-product","3":"status-publish","4":"has-post-thumbnail","6":"product_cat-ausgefallene-socken-damen","7":"product_cat-groesse-m","8":"product_cat-ausgefallene-herrensocken","9":"product_cat-groesse-m-2","11":"first","12":"instock","13":"purchasable","14":"product-type-simple"},"yoast_head":"<!-- This site is optimized with the Yoast SEO plugin v26.8-RC7 - https:\/\/yoast.com\/product\/yoast-seo-wordpress\/ -->\n<title>Socken Alien (M) - Elvetik<\/title>\n<meta name=\"description\" content=\"F\u00fcr Fans des \u00dcbernat\u00fcrlichen sind diese schr\u00e4gen Alien-Socken genau das Richtige! Einheitsgr\u00f6\u00dfe M (35-40), 73% Baumwolle. Kostenlose Lieferung in der Schweiz!\" \/>\n<meta name=\"robots\" content=\"index, follow, max-snippet:-1, max-image-preview:large, max-video-preview:-1\" \/>\n<link rel=\"canonical\" href=\"https:\/\/elvetik.ch\/de\/shop\/herren\/ausgefallene-herrensocken\/groesse-m-2\/socken-alien\/\" \/>\n<meta property=\"og:locale\" content=\"de_DE\" \/>\n<meta property=\"og:type\" content=\"article\" \/>\n<meta property=\"og:title\" content=\"Socken Alien (M) - Elvetik\" \/>\n<meta property=\"og:description\" content=\"F\u00fcr Fans des \u00dcbernat\u00fcrlichen sind diese schr\u00e4gen Alien-Socken genau das Richtige! Einheitsgr\u00f6\u00dfe M (35-40), 73% Baumwolle. Kostenlose Lieferung in der Schweiz!\" \/>\n<meta property=\"og:url\" content=\"https:\/\/elvetik.ch\/de\/shop\/herren\/ausgefallene-herrensocken\/groesse-m-2\/socken-alien\/\" \/>\n<meta property=\"og:site_name\" content=\"Elvetik\" \/>\n<meta property=\"article:modified_time\" content=\"2024-12-28T20:25:28+00:00\" \/>\n<meta property=\"og:image\" content=\"http:\/\/elvetik.ch\/wp-content\/uploads\/2023\/05\/chaussettes-alien.jpg\" \/>\n\t<meta property=\"og:image:width\" content=\"1371\" \/>\n\t<meta property=\"og:image:height\" content=\"1920\" \/>\n\t<meta property=\"og:image:type\" content=\"image\/jpeg\" \/>\n<meta name=\"twitter:card\" content=\"summary_large_image\" \/>\n<meta name=\"twitter:label1\" content=\"Gesch\u00e4tzte Lesezeit\" \/>\n\t<meta name=\"twitter:data1\" content=\"1\u00a0Minute\" \/>\n<script type=\"application\/ld+json\" class=\"yoast-schema-graph\">{\"@context\":\"https:\/\/schema.org\",\"@graph\":[{\"@type\":\"WebPage\",\"@id\":\"https:\/\/elvetik.ch\/de\/shop\/herren\/ausgefallene-herrensocken\/groesse-m-2\/socken-alien\/\",\"url\":\"https:\/\/elvetik.ch\/de\/shop\/herren\/ausgefallene-herrensocken\/groesse-m-2\/socken-alien\/\",\"name\":\"Socken Alien (M) - Elvetik\",\"isPartOf\":{\"@id\":\"https:\/\/elvetik.ch\/de\/#website\"},\"primaryImageOfPage\":{\"@id\":\"https:\/\/elvetik.ch\/de\/shop\/herren\/ausgefallene-herrensocken\/groesse-m-2\/socken-alien\/#primaryimage\"},\"image\":{\"@id\":\"https:\/\/elvetik.ch\/de\/shop\/herren\/ausgefallene-herrensocken\/groesse-m-2\/socken-alien\/#primaryimage\"},\"thumbnailUrl\":\"https:\/\/elvetik.ch\/wp-content\/uploads\/2023\/05\/chaussettes-alien.jpg\",\"datePublished\":\"2023-05-26T09:07:50+00:00\",\"dateModified\":\"2024-12-28T20:25:28+00:00\",\"description\":\"F\u00fcr Fans des \u00dcbernat\u00fcrlichen sind diese schr\u00e4gen Alien-Socken genau das Richtige! Einheitsgr\u00f6\u00dfe M (35-40), 73% Baumwolle. Kostenlose Lieferung in der Schweiz!\",\"breadcrumb\":{\"@id\":\"https:\/\/elvetik.ch\/de\/shop\/herren\/ausgefallene-herrensocken\/groesse-m-2\/socken-alien\/#breadcrumb\"},\"inLanguage\":\"de\",\"potentialAction\":[{\"@type\":\"ReadAction\",\"target\":[\"https:\/\/elvetik.ch\/de\/shop\/herren\/ausgefallene-herrensocken\/groesse-m-2\/socken-alien\/\"]}]},{\"@type\":\"ImageObject\",\"inLanguage\":\"de\",\"@id\":\"https:\/\/elvetik.ch\/de\/shop\/herren\/ausgefallene-herrensocken\/groesse-m-2\/socken-alien\/#primaryimage\",\"url\":\"https:\/\/elvetik.ch\/wp-content\/uploads\/2023\/05\/chaussettes-alien.jpg\",\"contentUrl\":\"https:\/\/elvetik.ch\/wp-content\/uploads\/2023\/05\/chaussettes-alien.jpg\",\"width\":1371,\"height\":1920,\"caption\":\"Alien Fantasiesocken\"},{\"@type\":\"BreadcrumbList\",\"@id\":\"https:\/\/elvetik.ch\/de\/shop\/herren\/ausgefallene-herrensocken\/groesse-m-2\/socken-alien\/#breadcrumb\",\"itemListElement\":[{\"@type\":\"ListItem\",\"position\":1,\"name\":\"Home\",\"item\":\"https:\/\/elvetik.ch\/de\/\"},{\"@type\":\"ListItem\",\"position\":2,\"name\":\"Shop\",\"item\":\"https:\/\/elvetik.ch\/de\/shop-2\/\"},{\"@type\":\"ListItem\",\"position\":3,\"name\":\"Socken Alien (M)\"}]},{\"@type\":\"WebSite\",\"@id\":\"https:\/\/elvetik.ch\/de\/#website\",\"url\":\"https:\/\/elvetik.ch\/de\/\",\"name\":\"Elvetik\",\"description\":\"\",\"publisher\":{\"@id\":\"https:\/\/elvetik.ch\/de\/#organization\"},\"potentialAction\":[{\"@type\":\"SearchAction\",\"target\":{\"@type\":\"EntryPoint\",\"urlTemplate\":\"https:\/\/elvetik.ch\/de\/?s={search_term_string}\"},\"query-input\":{\"@type\":\"PropertyValueSpecification\",\"valueRequired\":true,\"valueName\":\"search_term_string\"}}],\"inLanguage\":\"de\"},{\"@type\":\"Organization\",\"@id\":\"https:\/\/elvetik.ch\/de\/#organization\",\"name\":\"Elvetik\",\"url\":\"https:\/\/elvetik.ch\/de\/\",\"logo\":{\"@type\":\"ImageObject\",\"inLanguage\":\"de\",\"@id\":\"https:\/\/elvetik.ch\/de\/#\/schema\/logo\/image\/\",\"url\":\"https:\/\/elvetik.ch\/wp-content\/uploads\/2021\/05\/LOGO-elvetik.png\",\"contentUrl\":\"https:\/\/elvetik.ch\/wp-content\/uploads\/2021\/05\/LOGO-elvetik.png\",\"width\":800,\"height\":400,\"caption\":\"Elvetik\"},\"image\":{\"@id\":\"https:\/\/elvetik.ch\/de\/#\/schema\/logo\/image\/\"}}]}<\/script>\n<!-- \/ Yoast SEO plugin. -->","yoast_head_json":{"title":"Socken Alien (M) - Elvetik","description":"F\u00fcr Fans des \u00dcbernat\u00fcrlichen sind diese schr\u00e4gen Alien-Socken genau das Richtige! Einheitsgr\u00f6\u00dfe M (35-40), 73% Baumwolle. Kostenlose Lieferung in der Schweiz!","robots":{"index":"index","follow":"follow","max-snippet":"max-snippet:-1","max-image-preview":"max-image-preview:large","max-video-preview":"max-video-preview:-1"},"canonical":"https:\/\/elvetik.ch\/de\/shop\/herren\/ausgefallene-herrensocken\/groesse-m-2\/socken-alien\/","og_locale":"de_DE","og_type":"article","og_title":"Socken Alien (M) - Elvetik","og_description":"F\u00fcr Fans des \u00dcbernat\u00fcrlichen sind diese schr\u00e4gen Alien-Socken genau das Richtige! Einheitsgr\u00f6\u00dfe M (35-40), 73% Baumwolle. Kostenlose Lieferung in der Schweiz!","og_url":"https:\/\/elvetik.ch\/de\/shop\/herren\/ausgefallene-herrensocken\/groesse-m-2\/socken-alien\/","og_site_name":"Elvetik","article_modified_time":"2024-12-28T20:25:28+00:00","og_image":[{"width":1371,"height":1920,"url":"http:\/\/elvetik.ch\/wp-content\/uploads\/2023\/05\/chaussettes-alien.jpg","type":"image\/jpeg"}],"twitter_card":"summary_large_image","twitter_misc":{"Gesch\u00e4tzte Lesezeit":"1\u00a0Minute"},"schema":{"@context":"https:\/\/schema.org","@graph":[{"@type":"WebPage","@id":"https:\/\/elvetik.ch\/de\/shop\/herren\/ausgefallene-herrensocken\/groesse-m-2\/socken-alien\/","url":"https:\/\/elvetik.ch\/de\/shop\/herren\/ausgefallene-herrensocken\/groesse-m-2\/socken-alien\/","name":"Socken Alien (M) - Elvetik","isPartOf":{"@id":"https:\/\/elvetik.ch\/de\/#website"},"primaryImageOfPage":{"@id":"https:\/\/elvetik.ch\/de\/shop\/herren\/ausgefallene-herrensocken\/groesse-m-2\/socken-alien\/#primaryimage"},"image":{"@id":"https:\/\/elvetik.ch\/de\/shop\/herren\/ausgefallene-herrensocken\/groesse-m-2\/socken-alien\/#primaryimage"},"thumbnailUrl":"https:\/\/elvetik.ch\/wp-content\/uploads\/2023\/05\/chaussettes-alien.jpg","datePublished":"2023-05-26T09:07:50+00:00","dateModified":"2024-12-28T20:25:28+00:00","description":"F\u00fcr Fans des \u00dcbernat\u00fcrlichen sind diese schr\u00e4gen Alien-Socken genau das Richtige! Einheitsgr\u00f6\u00dfe M (35-40), 73% Baumwolle. Kostenlose Lieferung in der Schweiz!","breadcrumb":{"@id":"https:\/\/elvetik.ch\/de\/shop\/herren\/ausgefallene-herrensocken\/groesse-m-2\/socken-alien\/#breadcrumb"},"inLanguage":"de","potentialAction":[{"@type":"ReadAction","target":["https:\/\/elvetik.ch\/de\/shop\/herren\/ausgefallene-herrensocken\/groesse-m-2\/socken-alien\/"]}]},{"@type":"ImageObject","inLanguage":"de","@id":"https:\/\/elvetik.ch\/de\/shop\/herren\/ausgefallene-herrensocken\/groesse-m-2\/socken-alien\/#primaryimage","url":"https:\/\/elvetik.ch\/wp-content\/uploads\/2023\/05\/chaussettes-alien.jpg","contentUrl":"https:\/\/elvetik.ch\/wp-content\/uploads\/2023\/05\/chaussettes-alien.jpg","width":1371,"height":1920,"caption":"Alien Fantasiesocken"},{"@type":"BreadcrumbList","@id":"https:\/\/elvetik.ch\/de\/shop\/herren\/ausgefallene-herrensocken\/groesse-m-2\/socken-alien\/#breadcrumb","itemListElement":[{"@type":"ListItem","position":1,"name":"Home","item":"https:\/\/elvetik.ch\/de\/"},{"@type":"ListItem","position":2,"name":"Shop","item":"https:\/\/elvetik.ch\/de\/shop-2\/"},{"@type":"ListItem","position":3,"name":"Socken Alien (M)"}]},{"@type":"WebSite","@id":"https:\/\/elvetik.ch\/de\/#website","url":"https:\/\/elvetik.ch\/de\/","name":"Elvetik","description":"","publisher":{"@id":"https:\/\/elvetik.ch\/de\/#organization"},"potentialAction":[{"@type":"SearchAction","target":{"@type":"EntryPoint","urlTemplate":"https:\/\/elvetik.ch\/de\/?s={search_term_string}"},"query-input":{"@type":"PropertyValueSpecification","valueRequired":true,"valueName":"search_term_string"}}],"inLanguage":"de"},{"@type":"Organization","@id":"https:\/\/elvetik.ch\/de\/#organization","name":"Elvetik","url":"https:\/\/elvetik.ch\/de\/","logo":{"@type":"ImageObject","inLanguage":"de","@id":"https:\/\/elvetik.ch\/de\/#\/schema\/logo\/image\/","url":"https:\/\/elvetik.ch\/wp-content\/uploads\/2021\/05\/LOGO-elvetik.png","contentUrl":"https:\/\/elvetik.ch\/wp-content\/uploads\/2021\/05\/LOGO-elvetik.png","width":800,"height":400,"caption":"Elvetik"},"image":{"@id":"https:\/\/elvetik.ch\/de\/#\/schema\/logo\/image\/"}}]}},"_links":{"self":[{"href":"https:\/\/elvetik.ch\/de\/wp-json\/wp\/v2\/product\/235677","targetHints":{"allow":["GET"]}}],"collection":[{"href":"https:\/\/elvetik.ch\/de\/wp-json\/wp\/v2\/product"}],"about":[{"href":"https:\/\/elvetik.ch\/de\/wp-json\/wp\/v2\/types\/product"}],"wp:featuredmedia":[{"embeddable":true,"href":"https:\/\/elvetik.ch\/de\/wp-json\/wp\/v2\/media\/235095"}],"wp:attachment":[{"href":"https:\/\/elvetik.ch\/de\/wp-json\/wp\/v2\/media?parent=235677"}],"wp:term":[{"taxonomy":"product_brand","embeddable":true,"href":"https:\/\/elvetik.ch\/de\/wp-json\/wp\/v2\/product_brand?post=235677"},{"taxonomy":"product_cat","embeddable":true,"href":"https:\/\/elvetik.ch\/de\/wp-json\/wp\/v2\/product_cat?post=235677"},{"taxonomy":"product_tag","embeddable":true,"href":"https:\/\/elvetik.ch\/de\/wp-json\/wp\/v2\/product_tag?post=235677"}],"curies":[{"name":"wp","href":"https:\/\/api.w.org\/{rel}","templated":true}]}}