{"id":241707,"date":"2022-12-07T22:24:41","date_gmt":"2022-12-07T21:24:41","guid":{"rendered":"https:\/\/www.elvetik.ch\/shop\/unkategorisiert\/thermo-synthetische-einlegesohlen\/"},"modified":"2025-10-23T12:59:35","modified_gmt":"2025-10-23T10:59:35","slug":"thermo-synthetische-einlegesohlen","status":"publish","type":"product","link":"https:\/\/elvetik.ch\/de\/shop\/damen\/thermosohlen-2\/thermo-synthetische-einlegesohlen\/","title":{"rendered":"THERMO-SYNTHETISCHE EINLEGESOHLEN"},"content":{"rendered":"<p id=\"tw-target-text\" class=\"tw-data-text tw-text-large tw-ta\" dir=\"ltr\" data-placeholder=\"Traduction\" data-ved=\"2ahUKEwjAvZqfzeuIAxVX9bsIHYqfG0MQ3ewLegQICBAU\" aria-label=\"Texte traduit\u00a0: Filz und Kunstwolle (vegan)\n\nDicke 4 mm \n\nthermisch +\"><span class=\"Y2IQFc\" lang=\"de\">Filz und Kunstwolle (vegan) <\/span><\/p>\n<p class=\"tw-data-text tw-text-large tw-ta\" dir=\"ltr\" data-placeholder=\"Traduction\" data-ved=\"2ahUKEwjAvZqfzeuIAxVX9bsIHYqfG0MQ3ewLegQICBAU\" aria-label=\"Texte traduit\u00a0: Filz und Kunstwolle (vegan)\n\nDicke 4 mm \n\nthermisch +\"><span class=\"Y2IQFc\" lang=\"de\">Dicke 4 mm <\/span><\/p>\n<p class=\"tw-data-text tw-text-large tw-ta\" dir=\"ltr\" data-placeholder=\"Traduction\" data-ved=\"2ahUKEwjAvZqfzeuIAxVX9bsIHYqfG0MQ3ewLegQICBAU\" aria-label=\"Texte traduit\u00a0: Filz und Kunstwolle (vegan)\n\nDicke 4 mm \n\nthermisch +\"><span class=\"Y2IQFc\" lang=\"de\">thermisch +<\/span><\/p>\n","protected":false},"excerpt":{"rendered":"<p id=\"tw-target-text\" class=\"tw-data-text tw-text-large tw-ta\" dir=\"ltr\" data-placeholder=\"Traduction\" data-ved=\"2ahUKEwjAvZqfzeuIAxVX9bsIHYqfG0MQ3ewLegQICBAU\" aria-label=\"Texte traduit\u00a0: Filz und synthetische Wolle \n\nHandgen\u00e4ht (W\u00e4rme +), Dicke 4 mm\n\nEine isolierende Sohle aus synthetischer Wolle, um Ihre F\u00fc\u00dfe warm zu halten, wenn Sie keine tierischen Produkte m\u00f6chten.\n\nErh\u00e4ltlich in 5 Gr\u00f6\u00dfen: 35-36 \/ 37-38 \/ 39-40 \/ 41-42 \/ 43-44\n\nKOSTENLOSER VERSAND IN DIE SCHWEIZ\"><strong><span class=\"Y2IQFc\" lang=\"de\">Filz und synthetische Wolle <\/span><\/strong><\/p>\n<p class=\"tw-data-text tw-text-large tw-ta\" dir=\"ltr\" data-placeholder=\"Traduction\" data-ved=\"2ahUKEwjAvZqfzeuIAxVX9bsIHYqfG0MQ3ewLegQICBAU\" aria-label=\"Texte traduit\u00a0: Filz und synthetische Wolle \n\nHandgen\u00e4ht (W\u00e4rme +), Dicke 4 mm\n\nEine isolierende Sohle aus synthetischer Wolle, um Ihre F\u00fc\u00dfe warm zu halten, wenn Sie keine tierischen Produkte m\u00f6chten.\n\nErh\u00e4ltlich in 5 Gr\u00f6\u00dfen: 35-36 \/ 37-38 \/ 39-40 \/ 41-42 \/ 43-44\n\nKOSTENLOSER VERSAND IN DIE SCHWEIZ\"><span class=\"Y2IQFc\" lang=\"de\">Handgen\u00e4ht (W\u00e4rme +), Dicke 4 mm <\/span><\/p>\n<p class=\"tw-data-text tw-text-large tw-ta\" dir=\"ltr\" data-placeholder=\"Traduction\" data-ved=\"2ahUKEwjAvZqfzeuIAxVX9bsIHYqfG0MQ3ewLegQICBAU\" aria-label=\"Texte traduit\u00a0: Filz und synthetische Wolle \n\nHandgen\u00e4ht (W\u00e4rme +), Dicke 4 mm\n\nEine isolierende Sohle aus synthetischer Wolle, um Ihre F\u00fc\u00dfe warm zu halten, wenn Sie keine tierischen Produkte m\u00f6chten.\n\nErh\u00e4ltlich in 5 Gr\u00f6\u00dfen: 35-36 \/ 37-38 \/ 39-40 \/ 41-42 \/ 43-44\n\nKOSTENLOSER VERSAND IN DIE SCHWEIZ\"><span class=\"Y2IQFc\" lang=\"de\">Eine isolierende Sohle aus synthetischer Wolle, um Ihre F\u00fc\u00dfe warm zu halten, wenn Sie keine tierischen Produkte m\u00f6chten. <\/span><\/p>\n<p class=\"tw-data-text tw-text-large tw-ta\" dir=\"ltr\" data-placeholder=\"Traduction\" data-ved=\"2ahUKEwjAvZqfzeuIAxVX9bsIHYqfG0MQ3ewLegQICBAU\" aria-label=\"Texte traduit\u00a0: Filz und synthetische Wolle \n\nHandgen\u00e4ht (W\u00e4rme +), Dicke 4 mm\n\nEine isolierende Sohle aus synthetischer Wolle, um Ihre F\u00fc\u00dfe warm zu halten, wenn Sie keine tierischen Produkte m\u00f6chten.\n\nErh\u00e4ltlich in 5 Gr\u00f6\u00dfen: 35-36 \/ 37-38 \/ 39-40 \/ 41-42 \/ 43-44\n\nKOSTENLOSER VERSAND IN DIE SCHWEIZ\"><span class=\"Y2IQFc\" lang=\"de\">Erh\u00e4ltlich in 5 Gr\u00f6\u00dfen: 35-36 \/ 37-38 \/ 39-40 \/ 41-42 \/ 43-44 <\/span><\/p>\n<p class=\"tw-data-text tw-text-large tw-ta\" dir=\"ltr\" data-placeholder=\"Traduction\" data-ved=\"2ahUKEwjAvZqfzeuIAxVX9bsIHYqfG0MQ3ewLegQICBAU\" aria-label=\"Texte traduit\u00a0: Filz und synthetische Wolle \n\nHandgen\u00e4ht (W\u00e4rme +), Dicke 4 mm\n\nEine isolierende Sohle aus synthetischer Wolle, um Ihre F\u00fc\u00dfe warm zu halten, wenn Sie keine tierischen Produkte m\u00f6chten.\n\nErh\u00e4ltlich in 5 Gr\u00f6\u00dfen: 35-36 \/ 37-38 \/ 39-40 \/ 41-42 \/ 43-44\n\nKOSTENLOSER VERSAND IN DIE SCHWEIZ\"><span style=\"color: #008000;\"><strong>GRATISLIEFERUNG IN DER SCHWEIZ<\/strong><\/span><\/p>\n","protected":false},"featured_media":233662,"template":"","meta":{"_elvetik_care_instructions":""},"product_brand":[],"product_cat":[701,919,660,923],"product_tag":[],"class_list":{"0":"post-241707","1":"product","2":"type-product","3":"status-publish","4":"has-post-thumbnail","6":"product_cat-damen","7":"product_cat-thermosohlen-2","8":"product_cat-herren","9":"product_cat-thermosohlen-3","10":"pa_taille-35-36-de","11":"pa_taille-37-38-de","12":"pa_taille-39-40-de","13":"pa_taille-41-42-de","14":"pa_taille-43-44-de","16":"first","17":"instock","18":"taxable","19":"shipping-taxable","20":"purchasable","21":"product-type-variable"},"yoast_head":"<!-- This site is optimized with the Yoast SEO plugin v26.8-RC7 - https:\/\/yoast.com\/product\/yoast-seo-wordpress\/ -->\n<title>THERMO-SYNTHETISCHE EINLEGESOHLEN - Elvetik<\/title>\n<meta name=\"description\" content=\"Eine isolierende Sohle aus synthetischer Wolle, um Ihre F\u00fc\u00dfe warm zu halten, wenn Sie keine tierischen Produkte m\u00f6chten. Erh\u00e4ltlich in 5 Gr\u00f6\u00dfen.\" \/>\n<meta name=\"robots\" content=\"index, follow, max-snippet:-1, max-image-preview:large, max-video-preview:-1\" \/>\n<link rel=\"canonical\" href=\"https:\/\/elvetik.ch\/de\/shop\/damen\/thermosohlen-2\/thermo-synthetische-einlegesohlen\/\" \/>\n<meta property=\"og:locale\" content=\"de_DE\" \/>\n<meta property=\"og:type\" content=\"article\" \/>\n<meta property=\"og:title\" content=\"THERMO-SYNTHETISCHE EINLEGESOHLEN - Elvetik\" \/>\n<meta property=\"og:description\" content=\"Eine isolierende Sohle aus synthetischer Wolle, um Ihre F\u00fc\u00dfe warm zu halten, wenn Sie keine tierischen Produkte m\u00f6chten. Erh\u00e4ltlich in 5 Gr\u00f6\u00dfen.\" \/>\n<meta property=\"og:url\" content=\"https:\/\/elvetik.ch\/de\/shop\/damen\/thermosohlen-2\/thermo-synthetische-einlegesohlen\/\" \/>\n<meta property=\"og:site_name\" content=\"Elvetik\" \/>\n<meta property=\"article:modified_time\" content=\"2025-10-23T10:59:35+00:00\" \/>\n<meta property=\"og:image\" content=\"http:\/\/elvetik.ch\/wp-content\/uploads\/2022\/12\/semelles-synthetique-elvetik.png\" \/>\n\t<meta property=\"og:image:width\" content=\"868\" \/>\n\t<meta property=\"og:image:height\" content=\"972\" \/>\n\t<meta property=\"og:image:type\" content=\"image\/png\" \/>\n<meta name=\"twitter:card\" content=\"summary_large_image\" \/>\n<script type=\"application\/ld+json\" class=\"yoast-schema-graph\">{\"@context\":\"https:\/\/schema.org\",\"@graph\":[{\"@type\":\"WebPage\",\"@id\":\"https:\/\/elvetik.ch\/de\/shop\/damen\/thermosohlen-2\/thermo-synthetische-einlegesohlen\/\",\"url\":\"https:\/\/elvetik.ch\/de\/shop\/damen\/thermosohlen-2\/thermo-synthetische-einlegesohlen\/\",\"name\":\"THERMO-SYNTHETISCHE EINLEGESOHLEN - Elvetik\",\"isPartOf\":{\"@id\":\"https:\/\/elvetik.ch\/de\/#website\"},\"primaryImageOfPage\":{\"@id\":\"https:\/\/elvetik.ch\/de\/shop\/damen\/thermosohlen-2\/thermo-synthetische-einlegesohlen\/#primaryimage\"},\"image\":{\"@id\":\"https:\/\/elvetik.ch\/de\/shop\/damen\/thermosohlen-2\/thermo-synthetische-einlegesohlen\/#primaryimage\"},\"thumbnailUrl\":\"https:\/\/elvetik.ch\/wp-content\/uploads\/2022\/12\/semelles-synthetique-elvetik.png\",\"datePublished\":\"2022-12-07T21:24:41+00:00\",\"dateModified\":\"2025-10-23T10:59:35+00:00\",\"description\":\"Eine isolierende Sohle aus synthetischer Wolle, um Ihre F\u00fc\u00dfe warm zu halten, wenn Sie keine tierischen Produkte m\u00f6chten. Erh\u00e4ltlich in 5 Gr\u00f6\u00dfen.\",\"breadcrumb\":{\"@id\":\"https:\/\/elvetik.ch\/de\/shop\/damen\/thermosohlen-2\/thermo-synthetische-einlegesohlen\/#breadcrumb\"},\"inLanguage\":\"de\",\"potentialAction\":[{\"@type\":\"ReadAction\",\"target\":[\"https:\/\/elvetik.ch\/de\/shop\/damen\/thermosohlen-2\/thermo-synthetische-einlegesohlen\/\"]}]},{\"@type\":\"ImageObject\",\"inLanguage\":\"de\",\"@id\":\"https:\/\/elvetik.ch\/de\/shop\/damen\/thermosohlen-2\/thermo-synthetische-einlegesohlen\/#primaryimage\",\"url\":\"https:\/\/elvetik.ch\/wp-content\/uploads\/2022\/12\/semelles-synthetique-elvetik.png\",\"contentUrl\":\"https:\/\/elvetik.ch\/wp-content\/uploads\/2022\/12\/semelles-synthetique-elvetik.png\",\"width\":868,\"height\":972},{\"@type\":\"BreadcrumbList\",\"@id\":\"https:\/\/elvetik.ch\/de\/shop\/damen\/thermosohlen-2\/thermo-synthetische-einlegesohlen\/#breadcrumb\",\"itemListElement\":[{\"@type\":\"ListItem\",\"position\":1,\"name\":\"Home\",\"item\":\"https:\/\/elvetik.ch\/de\/\"},{\"@type\":\"ListItem\",\"position\":2,\"name\":\"Shop\",\"item\":\"https:\/\/elvetik.ch\/de\/shop-2\/\"},{\"@type\":\"ListItem\",\"position\":3,\"name\":\"THERMO-SYNTHETISCHE EINLEGESOHLEN\"}]},{\"@type\":\"WebSite\",\"@id\":\"https:\/\/elvetik.ch\/de\/#website\",\"url\":\"https:\/\/elvetik.ch\/de\/\",\"name\":\"Elvetik\",\"description\":\"\",\"publisher\":{\"@id\":\"https:\/\/elvetik.ch\/de\/#organization\"},\"potentialAction\":[{\"@type\":\"SearchAction\",\"target\":{\"@type\":\"EntryPoint\",\"urlTemplate\":\"https:\/\/elvetik.ch\/de\/?s={search_term_string}\"},\"query-input\":{\"@type\":\"PropertyValueSpecification\",\"valueRequired\":true,\"valueName\":\"search_term_string\"}}],\"inLanguage\":\"de\"},{\"@type\":\"Organization\",\"@id\":\"https:\/\/elvetik.ch\/de\/#organization\",\"name\":\"Elvetik\",\"url\":\"https:\/\/elvetik.ch\/de\/\",\"logo\":{\"@type\":\"ImageObject\",\"inLanguage\":\"de\",\"@id\":\"https:\/\/elvetik.ch\/de\/#\/schema\/logo\/image\/\",\"url\":\"https:\/\/elvetik.ch\/wp-content\/uploads\/2021\/05\/LOGO-elvetik.png\",\"contentUrl\":\"https:\/\/elvetik.ch\/wp-content\/uploads\/2021\/05\/LOGO-elvetik.png\",\"width\":800,\"height\":400,\"caption\":\"Elvetik\"},\"image\":{\"@id\":\"https:\/\/elvetik.ch\/de\/#\/schema\/logo\/image\/\"}}]}<\/script>\n<!-- \/ Yoast SEO plugin. -->","yoast_head_json":{"title":"THERMO-SYNTHETISCHE EINLEGESOHLEN - Elvetik","description":"Eine isolierende Sohle aus synthetischer Wolle, um Ihre F\u00fc\u00dfe warm zu halten, wenn Sie keine tierischen Produkte m\u00f6chten. Erh\u00e4ltlich in 5 Gr\u00f6\u00dfen.","robots":{"index":"index","follow":"follow","max-snippet":"max-snippet:-1","max-image-preview":"max-image-preview:large","max-video-preview":"max-video-preview:-1"},"canonical":"https:\/\/elvetik.ch\/de\/shop\/damen\/thermosohlen-2\/thermo-synthetische-einlegesohlen\/","og_locale":"de_DE","og_type":"article","og_title":"THERMO-SYNTHETISCHE EINLEGESOHLEN - Elvetik","og_description":"Eine isolierende Sohle aus synthetischer Wolle, um Ihre F\u00fc\u00dfe warm zu halten, wenn Sie keine tierischen Produkte m\u00f6chten. Erh\u00e4ltlich in 5 Gr\u00f6\u00dfen.","og_url":"https:\/\/elvetik.ch\/de\/shop\/damen\/thermosohlen-2\/thermo-synthetische-einlegesohlen\/","og_site_name":"Elvetik","article_modified_time":"2025-10-23T10:59:35+00:00","og_image":[{"width":868,"height":972,"url":"http:\/\/elvetik.ch\/wp-content\/uploads\/2022\/12\/semelles-synthetique-elvetik.png","type":"image\/png"}],"twitter_card":"summary_large_image","schema":{"@context":"https:\/\/schema.org","@graph":[{"@type":"WebPage","@id":"https:\/\/elvetik.ch\/de\/shop\/damen\/thermosohlen-2\/thermo-synthetische-einlegesohlen\/","url":"https:\/\/elvetik.ch\/de\/shop\/damen\/thermosohlen-2\/thermo-synthetische-einlegesohlen\/","name":"THERMO-SYNTHETISCHE EINLEGESOHLEN - Elvetik","isPartOf":{"@id":"https:\/\/elvetik.ch\/de\/#website"},"primaryImageOfPage":{"@id":"https:\/\/elvetik.ch\/de\/shop\/damen\/thermosohlen-2\/thermo-synthetische-einlegesohlen\/#primaryimage"},"image":{"@id":"https:\/\/elvetik.ch\/de\/shop\/damen\/thermosohlen-2\/thermo-synthetische-einlegesohlen\/#primaryimage"},"thumbnailUrl":"https:\/\/elvetik.ch\/wp-content\/uploads\/2022\/12\/semelles-synthetique-elvetik.png","datePublished":"2022-12-07T21:24:41+00:00","dateModified":"2025-10-23T10:59:35+00:00","description":"Eine isolierende Sohle aus synthetischer Wolle, um Ihre F\u00fc\u00dfe warm zu halten, wenn Sie keine tierischen Produkte m\u00f6chten. Erh\u00e4ltlich in 5 Gr\u00f6\u00dfen.","breadcrumb":{"@id":"https:\/\/elvetik.ch\/de\/shop\/damen\/thermosohlen-2\/thermo-synthetische-einlegesohlen\/#breadcrumb"},"inLanguage":"de","potentialAction":[{"@type":"ReadAction","target":["https:\/\/elvetik.ch\/de\/shop\/damen\/thermosohlen-2\/thermo-synthetische-einlegesohlen\/"]}]},{"@type":"ImageObject","inLanguage":"de","@id":"https:\/\/elvetik.ch\/de\/shop\/damen\/thermosohlen-2\/thermo-synthetische-einlegesohlen\/#primaryimage","url":"https:\/\/elvetik.ch\/wp-content\/uploads\/2022\/12\/semelles-synthetique-elvetik.png","contentUrl":"https:\/\/elvetik.ch\/wp-content\/uploads\/2022\/12\/semelles-synthetique-elvetik.png","width":868,"height":972},{"@type":"BreadcrumbList","@id":"https:\/\/elvetik.ch\/de\/shop\/damen\/thermosohlen-2\/thermo-synthetische-einlegesohlen\/#breadcrumb","itemListElement":[{"@type":"ListItem","position":1,"name":"Home","item":"https:\/\/elvetik.ch\/de\/"},{"@type":"ListItem","position":2,"name":"Shop","item":"https:\/\/elvetik.ch\/de\/shop-2\/"},{"@type":"ListItem","position":3,"name":"THERMO-SYNTHETISCHE EINLEGESOHLEN"}]},{"@type":"WebSite","@id":"https:\/\/elvetik.ch\/de\/#website","url":"https:\/\/elvetik.ch\/de\/","name":"Elvetik","description":"","publisher":{"@id":"https:\/\/elvetik.ch\/de\/#organization"},"potentialAction":[{"@type":"SearchAction","target":{"@type":"EntryPoint","urlTemplate":"https:\/\/elvetik.ch\/de\/?s={search_term_string}"},"query-input":{"@type":"PropertyValueSpecification","valueRequired":true,"valueName":"search_term_string"}}],"inLanguage":"de"},{"@type":"Organization","@id":"https:\/\/elvetik.ch\/de\/#organization","name":"Elvetik","url":"https:\/\/elvetik.ch\/de\/","logo":{"@type":"ImageObject","inLanguage":"de","@id":"https:\/\/elvetik.ch\/de\/#\/schema\/logo\/image\/","url":"https:\/\/elvetik.ch\/wp-content\/uploads\/2021\/05\/LOGO-elvetik.png","contentUrl":"https:\/\/elvetik.ch\/wp-content\/uploads\/2021\/05\/LOGO-elvetik.png","width":800,"height":400,"caption":"Elvetik"},"image":{"@id":"https:\/\/elvetik.ch\/de\/#\/schema\/logo\/image\/"}}]}},"_links":{"self":[{"href":"https:\/\/elvetik.ch\/de\/wp-json\/wp\/v2\/product\/241707","targetHints":{"allow":["GET"]}}],"collection":[{"href":"https:\/\/elvetik.ch\/de\/wp-json\/wp\/v2\/product"}],"about":[{"href":"https:\/\/elvetik.ch\/de\/wp-json\/wp\/v2\/types\/product"}],"wp:featuredmedia":[{"embeddable":true,"href":"https:\/\/elvetik.ch\/de\/wp-json\/wp\/v2\/media\/233662"}],"wp:attachment":[{"href":"https:\/\/elvetik.ch\/de\/wp-json\/wp\/v2\/media?parent=241707"}],"wp:term":[{"taxonomy":"product_brand","embeddable":true,"href":"https:\/\/elvetik.ch\/de\/wp-json\/wp\/v2\/product_brand?post=241707"},{"taxonomy":"product_cat","embeddable":true,"href":"https:\/\/elvetik.ch\/de\/wp-json\/wp\/v2\/product_cat?post=241707"},{"taxonomy":"product_tag","embeddable":true,"href":"https:\/\/elvetik.ch\/de\/wp-json\/wp\/v2\/product_tag?post=241707"}],"curies":[{"name":"wp","href":"https:\/\/api.w.org\/{rel}","templated":true}]}}