{"id":242703,"date":"2024-12-02T17:13:08","date_gmt":"2024-12-02T16:13:08","guid":{"rendered":"https:\/\/www.elvetik.ch\/?post_type=product&#038;p=242703"},"modified":"2024-12-28T21:25:29","modified_gmt":"2024-12-28T20:25:29","slug":"katzensocken-l-copie","status":"publish","type":"product","link":"https:\/\/elvetik.ch\/de\/shop\/herren\/ausgefallene-herrensocken\/groesse-l-2\/katzensocken-l-copie\/","title":{"rendered":"Himmlische Katzesocken (M)"},"content":{"rendered":"<p>Socken Himmlische Katze: schwarz, gelb, blau und weiss<\/p>\n<p>Muster: Himmlische Katze<\/p>\n<p>Einheitsgr\u00f6\u00dfe M: 35-40\u00a0<\/p>\n<p>73% Baumwolle, 25% Nylon, 2% Elasthan. <\/p>\n<p>Maschinenwaschbar bei 40 Grad. <\/p>\n<p>GRATISVERSAND IN DER SCHWEIZ<\/p>\n","protected":false},"excerpt":{"rendered":"<p>Socken Himmlische Katze: schwarz, gelb, blau und weiss<\/p>\n<p>Muster: Himmlische Katze<\/p>\n<p>Einheitsgr\u00f6\u00dfe M: 35-40\u00a0<\/p>\n<p>73% Baumwolle, 25% Nylon, 2% Elasthan. <\/p>\n<p>Maschinenwaschbar bei 40 Grad. <\/p>\n<p>GRATISVERSAND IN DER SCHWEIZ<\/p>\n","protected":false},"featured_media":242707,"template":"","meta":{"_elvetik_care_instructions":""},"product_brand":[],"product_cat":[916,917,920,921],"product_tag":[],"class_list":{"0":"post-242703","1":"product","2":"type-product","3":"status-publish","4":"has-post-thumbnail","6":"product_cat-ausgefallene-socken-damen","7":"product_cat-groesse-l","8":"product_cat-ausgefallene-herrensocken","9":"product_cat-groesse-l-2","11":"first","12":"instock","13":"purchasable","14":"product-type-simple"},"yoast_head":"<!-- This site is optimized with the Yoast SEO plugin v26.8-RC7 - https:\/\/yoast.com\/product\/yoast-seo-wordpress\/ -->\n<title>Himmlische Katzesocken (M) - Elvetik<\/title>\n<meta name=\"description\" content=\"Neu bei elvetik: Himmlische Katze Socken, f\u00fcr Mystikerinnen und Tr\u00e4umerinnen! Einheitsgr\u00f6\u00dfe M (35-40). Kostenlose Lieferung in der Schweiz!\" \/>\n<meta name=\"robots\" content=\"index, follow, max-snippet:-1, max-image-preview:large, max-video-preview:-1\" \/>\n<link rel=\"canonical\" href=\"https:\/\/elvetik.ch\/de\/shop\/herren\/ausgefallene-herrensocken\/groesse-l-2\/katzensocken-l-copie\/\" \/>\n<meta property=\"og:locale\" content=\"de_DE\" \/>\n<meta property=\"og:type\" content=\"article\" \/>\n<meta property=\"og:title\" content=\"Himmlische Katzesocken (M) - Elvetik\" \/>\n<meta property=\"og:description\" content=\"Neu bei elvetik: Himmlische Katze Socken, f\u00fcr Mystikerinnen und Tr\u00e4umerinnen! Einheitsgr\u00f6\u00dfe M (35-40). Kostenlose Lieferung in der Schweiz!\" \/>\n<meta property=\"og:url\" content=\"https:\/\/elvetik.ch\/de\/shop\/herren\/ausgefallene-herrensocken\/groesse-l-2\/katzensocken-l-copie\/\" \/>\n<meta property=\"og:site_name\" content=\"Elvetik\" \/>\n<meta property=\"article:modified_time\" content=\"2024-12-28T20:25:29+00:00\" \/>\n<meta property=\"og:image\" content=\"https:\/\/elvetik.ch\/wp-content\/uploads\/2024\/12\/chaussettes-chat-de-nuit-scaled.jpeg\" \/>\n\t<meta property=\"og:image:width\" content=\"1920\" \/>\n\t<meta property=\"og:image:height\" content=\"2560\" \/>\n\t<meta property=\"og:image:type\" content=\"image\/jpeg\" \/>\n<meta name=\"twitter:card\" content=\"summary_large_image\" \/>\n<meta name=\"twitter:label1\" content=\"Gesch\u00e4tzte Lesezeit\" \/>\n\t<meta name=\"twitter:data1\" content=\"1\u00a0Minute\" \/>\n<script type=\"application\/ld+json\" class=\"yoast-schema-graph\">{\"@context\":\"https:\/\/schema.org\",\"@graph\":[{\"@type\":\"WebPage\",\"@id\":\"https:\/\/elvetik.ch\/de\/shop\/herren\/ausgefallene-herrensocken\/groesse-l-2\/katzensocken-l-copie\/\",\"url\":\"https:\/\/elvetik.ch\/de\/shop\/herren\/ausgefallene-herrensocken\/groesse-l-2\/katzensocken-l-copie\/\",\"name\":\"Himmlische Katzesocken (M) - Elvetik\",\"isPartOf\":{\"@id\":\"https:\/\/elvetik.ch\/de\/#website\"},\"primaryImageOfPage\":{\"@id\":\"https:\/\/elvetik.ch\/de\/shop\/herren\/ausgefallene-herrensocken\/groesse-l-2\/katzensocken-l-copie\/#primaryimage\"},\"image\":{\"@id\":\"https:\/\/elvetik.ch\/de\/shop\/herren\/ausgefallene-herrensocken\/groesse-l-2\/katzensocken-l-copie\/#primaryimage\"},\"thumbnailUrl\":\"https:\/\/elvetik.ch\/wp-content\/uploads\/2024\/12\/chaussettes-chat-de-nuit-scaled.jpeg\",\"datePublished\":\"2024-12-02T16:13:08+00:00\",\"dateModified\":\"2024-12-28T20:25:29+00:00\",\"description\":\"Neu bei elvetik: Himmlische Katze Socken, f\u00fcr Mystikerinnen und Tr\u00e4umerinnen! Einheitsgr\u00f6\u00dfe M (35-40). Kostenlose Lieferung in der Schweiz!\",\"breadcrumb\":{\"@id\":\"https:\/\/elvetik.ch\/de\/shop\/herren\/ausgefallene-herrensocken\/groesse-l-2\/katzensocken-l-copie\/#breadcrumb\"},\"inLanguage\":\"de\",\"potentialAction\":[{\"@type\":\"ReadAction\",\"target\":[\"https:\/\/elvetik.ch\/de\/shop\/herren\/ausgefallene-herrensocken\/groesse-l-2\/katzensocken-l-copie\/\"]}]},{\"@type\":\"ImageObject\",\"inLanguage\":\"de\",\"@id\":\"https:\/\/elvetik.ch\/de\/shop\/herren\/ausgefallene-herrensocken\/groesse-l-2\/katzensocken-l-copie\/#primaryimage\",\"url\":\"https:\/\/elvetik.ch\/wp-content\/uploads\/2024\/12\/chaussettes-chat-de-nuit-scaled.jpeg\",\"contentUrl\":\"https:\/\/elvetik.ch\/wp-content\/uploads\/2024\/12\/chaussettes-chat-de-nuit-scaled.jpeg\",\"width\":1920,\"height\":2560,\"caption\":\"Fantasiesocken aus Baumwolle mit Himmlische Katze\"},{\"@type\":\"BreadcrumbList\",\"@id\":\"https:\/\/elvetik.ch\/de\/shop\/herren\/ausgefallene-herrensocken\/groesse-l-2\/katzensocken-l-copie\/#breadcrumb\",\"itemListElement\":[{\"@type\":\"ListItem\",\"position\":1,\"name\":\"Home\",\"item\":\"https:\/\/elvetik.ch\/de\/\"},{\"@type\":\"ListItem\",\"position\":2,\"name\":\"Shop\",\"item\":\"https:\/\/elvetik.ch\/de\/shop-2\/\"},{\"@type\":\"ListItem\",\"position\":3,\"name\":\"Himmlische Katzesocken (M)\"}]},{\"@type\":\"WebSite\",\"@id\":\"https:\/\/elvetik.ch\/de\/#website\",\"url\":\"https:\/\/elvetik.ch\/de\/\",\"name\":\"Elvetik\",\"description\":\"\",\"publisher\":{\"@id\":\"https:\/\/elvetik.ch\/de\/#organization\"},\"potentialAction\":[{\"@type\":\"SearchAction\",\"target\":{\"@type\":\"EntryPoint\",\"urlTemplate\":\"https:\/\/elvetik.ch\/de\/?s={search_term_string}\"},\"query-input\":{\"@type\":\"PropertyValueSpecification\",\"valueRequired\":true,\"valueName\":\"search_term_string\"}}],\"inLanguage\":\"de\"},{\"@type\":\"Organization\",\"@id\":\"https:\/\/elvetik.ch\/de\/#organization\",\"name\":\"Elvetik\",\"url\":\"https:\/\/elvetik.ch\/de\/\",\"logo\":{\"@type\":\"ImageObject\",\"inLanguage\":\"de\",\"@id\":\"https:\/\/elvetik.ch\/de\/#\/schema\/logo\/image\/\",\"url\":\"https:\/\/elvetik.ch\/wp-content\/uploads\/2021\/05\/LOGO-elvetik.png\",\"contentUrl\":\"https:\/\/elvetik.ch\/wp-content\/uploads\/2021\/05\/LOGO-elvetik.png\",\"width\":800,\"height\":400,\"caption\":\"Elvetik\"},\"image\":{\"@id\":\"https:\/\/elvetik.ch\/de\/#\/schema\/logo\/image\/\"}}]}<\/script>\n<!-- \/ Yoast SEO plugin. -->","yoast_head_json":{"title":"Himmlische Katzesocken (M) - Elvetik","description":"Neu bei elvetik: Himmlische Katze Socken, f\u00fcr Mystikerinnen und Tr\u00e4umerinnen! Einheitsgr\u00f6\u00dfe M (35-40). Kostenlose Lieferung in der Schweiz!","robots":{"index":"index","follow":"follow","max-snippet":"max-snippet:-1","max-image-preview":"max-image-preview:large","max-video-preview":"max-video-preview:-1"},"canonical":"https:\/\/elvetik.ch\/de\/shop\/herren\/ausgefallene-herrensocken\/groesse-l-2\/katzensocken-l-copie\/","og_locale":"de_DE","og_type":"article","og_title":"Himmlische Katzesocken (M) - Elvetik","og_description":"Neu bei elvetik: Himmlische Katze Socken, f\u00fcr Mystikerinnen und Tr\u00e4umerinnen! Einheitsgr\u00f6\u00dfe M (35-40). Kostenlose Lieferung in der Schweiz!","og_url":"https:\/\/elvetik.ch\/de\/shop\/herren\/ausgefallene-herrensocken\/groesse-l-2\/katzensocken-l-copie\/","og_site_name":"Elvetik","article_modified_time":"2024-12-28T20:25:29+00:00","og_image":[{"width":1920,"height":2560,"url":"https:\/\/elvetik.ch\/wp-content\/uploads\/2024\/12\/chaussettes-chat-de-nuit-scaled.jpeg","type":"image\/jpeg"}],"twitter_card":"summary_large_image","twitter_misc":{"Gesch\u00e4tzte Lesezeit":"1\u00a0Minute"},"schema":{"@context":"https:\/\/schema.org","@graph":[{"@type":"WebPage","@id":"https:\/\/elvetik.ch\/de\/shop\/herren\/ausgefallene-herrensocken\/groesse-l-2\/katzensocken-l-copie\/","url":"https:\/\/elvetik.ch\/de\/shop\/herren\/ausgefallene-herrensocken\/groesse-l-2\/katzensocken-l-copie\/","name":"Himmlische Katzesocken (M) - Elvetik","isPartOf":{"@id":"https:\/\/elvetik.ch\/de\/#website"},"primaryImageOfPage":{"@id":"https:\/\/elvetik.ch\/de\/shop\/herren\/ausgefallene-herrensocken\/groesse-l-2\/katzensocken-l-copie\/#primaryimage"},"image":{"@id":"https:\/\/elvetik.ch\/de\/shop\/herren\/ausgefallene-herrensocken\/groesse-l-2\/katzensocken-l-copie\/#primaryimage"},"thumbnailUrl":"https:\/\/elvetik.ch\/wp-content\/uploads\/2024\/12\/chaussettes-chat-de-nuit-scaled.jpeg","datePublished":"2024-12-02T16:13:08+00:00","dateModified":"2024-12-28T20:25:29+00:00","description":"Neu bei elvetik: Himmlische Katze Socken, f\u00fcr Mystikerinnen und Tr\u00e4umerinnen! Einheitsgr\u00f6\u00dfe M (35-40). Kostenlose Lieferung in der Schweiz!","breadcrumb":{"@id":"https:\/\/elvetik.ch\/de\/shop\/herren\/ausgefallene-herrensocken\/groesse-l-2\/katzensocken-l-copie\/#breadcrumb"},"inLanguage":"de","potentialAction":[{"@type":"ReadAction","target":["https:\/\/elvetik.ch\/de\/shop\/herren\/ausgefallene-herrensocken\/groesse-l-2\/katzensocken-l-copie\/"]}]},{"@type":"ImageObject","inLanguage":"de","@id":"https:\/\/elvetik.ch\/de\/shop\/herren\/ausgefallene-herrensocken\/groesse-l-2\/katzensocken-l-copie\/#primaryimage","url":"https:\/\/elvetik.ch\/wp-content\/uploads\/2024\/12\/chaussettes-chat-de-nuit-scaled.jpeg","contentUrl":"https:\/\/elvetik.ch\/wp-content\/uploads\/2024\/12\/chaussettes-chat-de-nuit-scaled.jpeg","width":1920,"height":2560,"caption":"Fantasiesocken aus Baumwolle mit Himmlische Katze"},{"@type":"BreadcrumbList","@id":"https:\/\/elvetik.ch\/de\/shop\/herren\/ausgefallene-herrensocken\/groesse-l-2\/katzensocken-l-copie\/#breadcrumb","itemListElement":[{"@type":"ListItem","position":1,"name":"Home","item":"https:\/\/elvetik.ch\/de\/"},{"@type":"ListItem","position":2,"name":"Shop","item":"https:\/\/elvetik.ch\/de\/shop-2\/"},{"@type":"ListItem","position":3,"name":"Himmlische Katzesocken (M)"}]},{"@type":"WebSite","@id":"https:\/\/elvetik.ch\/de\/#website","url":"https:\/\/elvetik.ch\/de\/","name":"Elvetik","description":"","publisher":{"@id":"https:\/\/elvetik.ch\/de\/#organization"},"potentialAction":[{"@type":"SearchAction","target":{"@type":"EntryPoint","urlTemplate":"https:\/\/elvetik.ch\/de\/?s={search_term_string}"},"query-input":{"@type":"PropertyValueSpecification","valueRequired":true,"valueName":"search_term_string"}}],"inLanguage":"de"},{"@type":"Organization","@id":"https:\/\/elvetik.ch\/de\/#organization","name":"Elvetik","url":"https:\/\/elvetik.ch\/de\/","logo":{"@type":"ImageObject","inLanguage":"de","@id":"https:\/\/elvetik.ch\/de\/#\/schema\/logo\/image\/","url":"https:\/\/elvetik.ch\/wp-content\/uploads\/2021\/05\/LOGO-elvetik.png","contentUrl":"https:\/\/elvetik.ch\/wp-content\/uploads\/2021\/05\/LOGO-elvetik.png","width":800,"height":400,"caption":"Elvetik"},"image":{"@id":"https:\/\/elvetik.ch\/de\/#\/schema\/logo\/image\/"}}]}},"_links":{"self":[{"href":"https:\/\/elvetik.ch\/de\/wp-json\/wp\/v2\/product\/242703","targetHints":{"allow":["GET"]}}],"collection":[{"href":"https:\/\/elvetik.ch\/de\/wp-json\/wp\/v2\/product"}],"about":[{"href":"https:\/\/elvetik.ch\/de\/wp-json\/wp\/v2\/types\/product"}],"wp:featuredmedia":[{"embeddable":true,"href":"https:\/\/elvetik.ch\/de\/wp-json\/wp\/v2\/media\/242707"}],"wp:attachment":[{"href":"https:\/\/elvetik.ch\/de\/wp-json\/wp\/v2\/media?parent=242703"}],"wp:term":[{"taxonomy":"product_brand","embeddable":true,"href":"https:\/\/elvetik.ch\/de\/wp-json\/wp\/v2\/product_brand?post=242703"},{"taxonomy":"product_cat","embeddable":true,"href":"https:\/\/elvetik.ch\/de\/wp-json\/wp\/v2\/product_cat?post=242703"},{"taxonomy":"product_tag","embeddable":true,"href":"https:\/\/elvetik.ch\/de\/wp-json\/wp\/v2\/product_tag?post=242703"}],"curies":[{"name":"wp","href":"https:\/\/api.w.org\/{rel}","templated":true}]}}