{"id":246186,"date":"2025-11-11T16:56:46","date_gmt":"2025-11-11T15:56:46","guid":{"rendered":"https:\/\/www.elvetik.ch\/produit\/panda-weed-socken-m\/"},"modified":"2025-11-11T16:56:46","modified_gmt":"2025-11-11T15:56:46","slug":"panda-weed-socken-m","status":"publish","type":"product","link":"https:\/\/elvetik.ch\/de\/shop\/herren\/ausgefallene-herrensocken\/groesse-m-2\/panda-weed-socken-m\/","title":{"rendered":"Panda Weed Socken (M)"},"content":{"rendered":"<p>Panda Weed Socken: gr\u00fcn, hellblau, gelb und rot<br \/>Motiv: Panda und Bl\u00e4tter<br \/>Einheitsgr\u00f6\u00dfe M: 35-40<br \/>75 % Baumwolle, 15 % Polyester, 7 % Nylon, 2 % Elasthan.<br \/>Maschinenwaschbar bei 40 Grad.<br \/>KOSTENLOSER VERSAND IN DER SCHWEIZ<\/p>\n","protected":false},"excerpt":{"rendered":"<p>Panda Weed Socken: gr\u00fcn, hellblau, gelb und rot<br \/>Motiv: Panda und Bl\u00e4tter<br \/>Einheitsgr\u00f6\u00dfe M: 35-40<br \/>75 % Baumwolle, 15 % Polyester, 7 % Nylon, 2 % Elasthan.<br \/>Maschinenwaschbar bei 40 Grad.<br \/><span style=\"color: #008000;\">KOSTENLOSER VERSAND IN DER SCHWEIZ<\/span><\/p>\n","protected":false},"featured_media":246011,"template":"","meta":{"_elvetik_care_instructions":""},"product_brand":[],"product_cat":[916,918,920,922,834],"product_tag":[],"class_list":{"0":"post-246186","1":"product","2":"type-product","3":"status-publish","4":"has-post-thumbnail","6":"product_cat-ausgefallene-socken-damen","7":"product_cat-groesse-m","8":"product_cat-ausgefallene-herrensocken","9":"product_cat-groesse-m-2","10":"product_cat-neuheiten","12":"first","13":"instock","14":"purchasable","15":"product-type-simple"},"yoast_head":"<!-- This site is optimized with the Yoast SEO plugin v26.8-RC7 - https:\/\/yoast.com\/product\/yoast-seo-wordpress\/ -->\n<title>Panda Weed Socken (M) - Elvetik<\/title>\n<meta name=\"description\" content=\"Ganz neu bei Elvetik: die Fantasiesocken Panda Weed aus 75 % Baumwolle. Endlich ein bisschen Farbe, um das Leben zu versch\u00f6nern! Einheitsgr\u00f6\u00dfe M (35-40)\" \/>\n<meta name=\"robots\" content=\"index, follow, max-snippet:-1, max-image-preview:large, max-video-preview:-1\" \/>\n<link rel=\"canonical\" href=\"https:\/\/elvetik.ch\/de\/shop\/herren\/ausgefallene-herrensocken\/groesse-m-2\/panda-weed-socken-m\/\" \/>\n<meta property=\"og:locale\" content=\"de_DE\" \/>\n<meta property=\"og:type\" content=\"article\" \/>\n<meta property=\"og:title\" content=\"Panda Weed Socken (M) - Elvetik\" \/>\n<meta property=\"og:description\" content=\"Ganz neu bei Elvetik: die Fantasiesocken Panda Weed aus 75 % Baumwolle. Endlich ein bisschen Farbe, um das Leben zu versch\u00f6nern! Einheitsgr\u00f6\u00dfe M (35-40)\" \/>\n<meta property=\"og:url\" content=\"https:\/\/elvetik.ch\/de\/shop\/herren\/ausgefallene-herrensocken\/groesse-m-2\/panda-weed-socken-m\/\" \/>\n<meta property=\"og:site_name\" content=\"Elvetik\" \/>\n<meta property=\"og:image\" content=\"https:\/\/elvetik.ch\/wp-content\/uploads\/2025\/11\/chaussette-weed-panda-M-scaled.jpg\" \/>\n\t<meta property=\"og:image:width\" content=\"2001\" \/>\n\t<meta property=\"og:image:height\" content=\"2560\" \/>\n\t<meta property=\"og:image:type\" content=\"image\/jpeg\" \/>\n<meta name=\"twitter:card\" content=\"summary_large_image\" \/>\n<script type=\"application\/ld+json\" class=\"yoast-schema-graph\">{\"@context\":\"https:\/\/schema.org\",\"@graph\":[{\"@type\":\"WebPage\",\"@id\":\"https:\/\/elvetik.ch\/de\/shop\/herren\/ausgefallene-herrensocken\/groesse-m-2\/panda-weed-socken-m\/\",\"url\":\"https:\/\/elvetik.ch\/de\/shop\/herren\/ausgefallene-herrensocken\/groesse-m-2\/panda-weed-socken-m\/\",\"name\":\"Panda Weed Socken (M) - Elvetik\",\"isPartOf\":{\"@id\":\"https:\/\/elvetik.ch\/de\/#website\"},\"primaryImageOfPage\":{\"@id\":\"https:\/\/elvetik.ch\/de\/shop\/herren\/ausgefallene-herrensocken\/groesse-m-2\/panda-weed-socken-m\/#primaryimage\"},\"image\":{\"@id\":\"https:\/\/elvetik.ch\/de\/shop\/herren\/ausgefallene-herrensocken\/groesse-m-2\/panda-weed-socken-m\/#primaryimage\"},\"thumbnailUrl\":\"https:\/\/elvetik.ch\/wp-content\/uploads\/2025\/11\/chaussette-weed-panda-M-scaled.jpg\",\"datePublished\":\"2025-11-11T15:56:46+00:00\",\"description\":\"Ganz neu bei Elvetik: die Fantasiesocken Panda Weed aus 75 % Baumwolle. Endlich ein bisschen Farbe, um das Leben zu versch\u00f6nern! Einheitsgr\u00f6\u00dfe M (35-40)\",\"breadcrumb\":{\"@id\":\"https:\/\/elvetik.ch\/de\/shop\/herren\/ausgefallene-herrensocken\/groesse-m-2\/panda-weed-socken-m\/#breadcrumb\"},\"inLanguage\":\"de\",\"potentialAction\":[{\"@type\":\"ReadAction\",\"target\":[\"https:\/\/elvetik.ch\/de\/shop\/herren\/ausgefallene-herrensocken\/groesse-m-2\/panda-weed-socken-m\/\"]}]},{\"@type\":\"ImageObject\",\"inLanguage\":\"de\",\"@id\":\"https:\/\/elvetik.ch\/de\/shop\/herren\/ausgefallene-herrensocken\/groesse-m-2\/panda-weed-socken-m\/#primaryimage\",\"url\":\"https:\/\/elvetik.ch\/wp-content\/uploads\/2025\/11\/chaussette-weed-panda-M-scaled.jpg\",\"contentUrl\":\"https:\/\/elvetik.ch\/wp-content\/uploads\/2025\/11\/chaussette-weed-panda-M-scaled.jpg\",\"width\":2001,\"height\":2560,\"caption\":\"Bunte Baumwollsocken mit lustigem Panda-Weed-Motiv\"},{\"@type\":\"BreadcrumbList\",\"@id\":\"https:\/\/elvetik.ch\/de\/shop\/herren\/ausgefallene-herrensocken\/groesse-m-2\/panda-weed-socken-m\/#breadcrumb\",\"itemListElement\":[{\"@type\":\"ListItem\",\"position\":1,\"name\":\"Home\",\"item\":\"https:\/\/elvetik.ch\/de\/\"},{\"@type\":\"ListItem\",\"position\":2,\"name\":\"Shop\",\"item\":\"https:\/\/elvetik.ch\/de\/shop-2\/\"},{\"@type\":\"ListItem\",\"position\":3,\"name\":\"Panda Weed Socken (M)\"}]},{\"@type\":\"WebSite\",\"@id\":\"https:\/\/elvetik.ch\/de\/#website\",\"url\":\"https:\/\/elvetik.ch\/de\/\",\"name\":\"Elvetik\",\"description\":\"\",\"publisher\":{\"@id\":\"https:\/\/elvetik.ch\/de\/#organization\"},\"potentialAction\":[{\"@type\":\"SearchAction\",\"target\":{\"@type\":\"EntryPoint\",\"urlTemplate\":\"https:\/\/elvetik.ch\/de\/?s={search_term_string}\"},\"query-input\":{\"@type\":\"PropertyValueSpecification\",\"valueRequired\":true,\"valueName\":\"search_term_string\"}}],\"inLanguage\":\"de\"},{\"@type\":\"Organization\",\"@id\":\"https:\/\/elvetik.ch\/de\/#organization\",\"name\":\"Elvetik\",\"url\":\"https:\/\/elvetik.ch\/de\/\",\"logo\":{\"@type\":\"ImageObject\",\"inLanguage\":\"de\",\"@id\":\"https:\/\/elvetik.ch\/de\/#\/schema\/logo\/image\/\",\"url\":\"https:\/\/elvetik.ch\/wp-content\/uploads\/2021\/05\/LOGO-elvetik.png\",\"contentUrl\":\"https:\/\/elvetik.ch\/wp-content\/uploads\/2021\/05\/LOGO-elvetik.png\",\"width\":800,\"height\":400,\"caption\":\"Elvetik\"},\"image\":{\"@id\":\"https:\/\/elvetik.ch\/de\/#\/schema\/logo\/image\/\"}}]}<\/script>\n<!-- \/ Yoast SEO plugin. -->","yoast_head_json":{"title":"Panda Weed Socken (M) - Elvetik","description":"Ganz neu bei Elvetik: die Fantasiesocken Panda Weed aus 75 % Baumwolle. Endlich ein bisschen Farbe, um das Leben zu versch\u00f6nern! Einheitsgr\u00f6\u00dfe M (35-40)","robots":{"index":"index","follow":"follow","max-snippet":"max-snippet:-1","max-image-preview":"max-image-preview:large","max-video-preview":"max-video-preview:-1"},"canonical":"https:\/\/elvetik.ch\/de\/shop\/herren\/ausgefallene-herrensocken\/groesse-m-2\/panda-weed-socken-m\/","og_locale":"de_DE","og_type":"article","og_title":"Panda Weed Socken (M) - Elvetik","og_description":"Ganz neu bei Elvetik: die Fantasiesocken Panda Weed aus 75 % Baumwolle. Endlich ein bisschen Farbe, um das Leben zu versch\u00f6nern! Einheitsgr\u00f6\u00dfe M (35-40)","og_url":"https:\/\/elvetik.ch\/de\/shop\/herren\/ausgefallene-herrensocken\/groesse-m-2\/panda-weed-socken-m\/","og_site_name":"Elvetik","og_image":[{"width":2001,"height":2560,"url":"https:\/\/elvetik.ch\/wp-content\/uploads\/2025\/11\/chaussette-weed-panda-M-scaled.jpg","type":"image\/jpeg"}],"twitter_card":"summary_large_image","schema":{"@context":"https:\/\/schema.org","@graph":[{"@type":"WebPage","@id":"https:\/\/elvetik.ch\/de\/shop\/herren\/ausgefallene-herrensocken\/groesse-m-2\/panda-weed-socken-m\/","url":"https:\/\/elvetik.ch\/de\/shop\/herren\/ausgefallene-herrensocken\/groesse-m-2\/panda-weed-socken-m\/","name":"Panda Weed Socken (M) - Elvetik","isPartOf":{"@id":"https:\/\/elvetik.ch\/de\/#website"},"primaryImageOfPage":{"@id":"https:\/\/elvetik.ch\/de\/shop\/herren\/ausgefallene-herrensocken\/groesse-m-2\/panda-weed-socken-m\/#primaryimage"},"image":{"@id":"https:\/\/elvetik.ch\/de\/shop\/herren\/ausgefallene-herrensocken\/groesse-m-2\/panda-weed-socken-m\/#primaryimage"},"thumbnailUrl":"https:\/\/elvetik.ch\/wp-content\/uploads\/2025\/11\/chaussette-weed-panda-M-scaled.jpg","datePublished":"2025-11-11T15:56:46+00:00","description":"Ganz neu bei Elvetik: die Fantasiesocken Panda Weed aus 75 % Baumwolle. Endlich ein bisschen Farbe, um das Leben zu versch\u00f6nern! Einheitsgr\u00f6\u00dfe M (35-40)","breadcrumb":{"@id":"https:\/\/elvetik.ch\/de\/shop\/herren\/ausgefallene-herrensocken\/groesse-m-2\/panda-weed-socken-m\/#breadcrumb"},"inLanguage":"de","potentialAction":[{"@type":"ReadAction","target":["https:\/\/elvetik.ch\/de\/shop\/herren\/ausgefallene-herrensocken\/groesse-m-2\/panda-weed-socken-m\/"]}]},{"@type":"ImageObject","inLanguage":"de","@id":"https:\/\/elvetik.ch\/de\/shop\/herren\/ausgefallene-herrensocken\/groesse-m-2\/panda-weed-socken-m\/#primaryimage","url":"https:\/\/elvetik.ch\/wp-content\/uploads\/2025\/11\/chaussette-weed-panda-M-scaled.jpg","contentUrl":"https:\/\/elvetik.ch\/wp-content\/uploads\/2025\/11\/chaussette-weed-panda-M-scaled.jpg","width":2001,"height":2560,"caption":"Bunte Baumwollsocken mit lustigem Panda-Weed-Motiv"},{"@type":"BreadcrumbList","@id":"https:\/\/elvetik.ch\/de\/shop\/herren\/ausgefallene-herrensocken\/groesse-m-2\/panda-weed-socken-m\/#breadcrumb","itemListElement":[{"@type":"ListItem","position":1,"name":"Home","item":"https:\/\/elvetik.ch\/de\/"},{"@type":"ListItem","position":2,"name":"Shop","item":"https:\/\/elvetik.ch\/de\/shop-2\/"},{"@type":"ListItem","position":3,"name":"Panda Weed Socken (M)"}]},{"@type":"WebSite","@id":"https:\/\/elvetik.ch\/de\/#website","url":"https:\/\/elvetik.ch\/de\/","name":"Elvetik","description":"","publisher":{"@id":"https:\/\/elvetik.ch\/de\/#organization"},"potentialAction":[{"@type":"SearchAction","target":{"@type":"EntryPoint","urlTemplate":"https:\/\/elvetik.ch\/de\/?s={search_term_string}"},"query-input":{"@type":"PropertyValueSpecification","valueRequired":true,"valueName":"search_term_string"}}],"inLanguage":"de"},{"@type":"Organization","@id":"https:\/\/elvetik.ch\/de\/#organization","name":"Elvetik","url":"https:\/\/elvetik.ch\/de\/","logo":{"@type":"ImageObject","inLanguage":"de","@id":"https:\/\/elvetik.ch\/de\/#\/schema\/logo\/image\/","url":"https:\/\/elvetik.ch\/wp-content\/uploads\/2021\/05\/LOGO-elvetik.png","contentUrl":"https:\/\/elvetik.ch\/wp-content\/uploads\/2021\/05\/LOGO-elvetik.png","width":800,"height":400,"caption":"Elvetik"},"image":{"@id":"https:\/\/elvetik.ch\/de\/#\/schema\/logo\/image\/"}}]}},"_links":{"self":[{"href":"https:\/\/elvetik.ch\/de\/wp-json\/wp\/v2\/product\/246186","targetHints":{"allow":["GET"]}}],"collection":[{"href":"https:\/\/elvetik.ch\/de\/wp-json\/wp\/v2\/product"}],"about":[{"href":"https:\/\/elvetik.ch\/de\/wp-json\/wp\/v2\/types\/product"}],"wp:featuredmedia":[{"embeddable":true,"href":"https:\/\/elvetik.ch\/de\/wp-json\/wp\/v2\/media\/246011"}],"wp:attachment":[{"href":"https:\/\/elvetik.ch\/de\/wp-json\/wp\/v2\/media?parent=246186"}],"wp:term":[{"taxonomy":"product_brand","embeddable":true,"href":"https:\/\/elvetik.ch\/de\/wp-json\/wp\/v2\/product_brand?post=246186"},{"taxonomy":"product_cat","embeddable":true,"href":"https:\/\/elvetik.ch\/de\/wp-json\/wp\/v2\/product_cat?post=246186"},{"taxonomy":"product_tag","embeddable":true,"href":"https:\/\/elvetik.ch\/de\/wp-json\/wp\/v2\/product_tag?post=246186"}],"curies":[{"name":"wp","href":"https:\/\/api.w.org\/{rel}","templated":true}]}}