{"id":246237,"date":"2025-11-25T12:09:41","date_gmt":"2025-11-25T11:09:41","guid":{"rendered":"https:\/\/www.elvetik.ch\/produit\/musik-socken-m\/"},"modified":"2026-04-13T15:29:59","modified_gmt":"2026-04-13T15:29:59","slug":"musik-socken-m","status":"publish","type":"product","link":"https:\/\/elvetik.ch\/de\/shop\/herren\/ausgefallene-herrensocken\/groesse-m-2\/musik-socken-m\/","title":{"rendered":"Musik-Socken (M)"},"content":{"rendered":"<p>Socken Musik: schwarz und wei\u00df<br \/>\nMotiv: Notenblatt<br \/>\nEinheitsgr\u00f6\u00dfe M: 35-39<br \/>\n75 % Baumwolle, 15 % Polyester, 7 % Nylon, 2 % Elasthan.<br \/>\nMaschinenwaschbar bei 40 Grad.<br \/>\nKOSTENLOSER VERSAND IN DER SCHWEIZ<\/p>\n","protected":false},"excerpt":{"rendered":"<p>Socken Musik: schwarz und wei\u00df<br \/>\nMotiv: Notenblatt<br \/>\nEinheitsgr\u00f6\u00dfe M: 35-39<br \/>\n75 % Baumwolle, 15 % Polyester, 7 % Nylon, 2 % Elasthan.<br \/>\nMaschinenwaschbar bei 40 Grad.<\/p>\n<div>\n<div>\n<hr \/>\n<\/div>\n<div>\n<ul>\n<li><b>3 <\/b><b>Paar<\/b> Socken nach Wahl f\u00fcr <span style=\"color: #008080;\"><strong>35.-<\/strong><\/span> (<del><span style=\"color: #ff0000;\">39.00<\/span><\/del>): Code <strong>S3<\/strong><\/li>\n<li><b>5 <\/b><b>Paar<\/b> Socken nach Wahl f\u00fcr <strong><span style=\"color: #008080;\">55.-<\/span><\/strong> (<del><span style=\"color: #ff0000;\">65.00<\/span><\/del>): Code <strong>S5<\/strong><\/li>\n<li><b>10 <\/b><b>Paar<\/b> Socken nach Wahl f\u00fcr <span style=\"color: #008080;\"><strong>99.-<\/strong><\/span> (<span style=\"color: #ff0000;\"><del>130.00<\/del><\/span>): Code <strong>S10<\/strong><\/li>\n<\/ul>\n<\/div>\n<\/div>\n<div>\n<p>Rabattcode auf der Zahlungsseite unter \u201eGutscheine hinzuf\u00fcgen\u201c eingeben<\/p>\n<p>\u26a0\ufe0f Der Rabattcode gilt nicht f\u00fcr Socken im Sonderangebot<\/p>\n<hr \/>\n<\/div>\n<div><span style=\"color: #008000;\"><strong>GRATISLIEFERUNG IN DER SCHWEIZ<\/strong><\/span><\/div>\n","protected":false},"featured_media":246224,"template":"","meta":{"_elvetik_care_instructions":""},"product_brand":[],"product_cat":[916,918,920,922,834],"product_tag":[],"class_list":{"0":"post-246237","1":"product","2":"type-product","3":"status-publish","4":"has-post-thumbnail","6":"product_cat-ausgefallene-socken-damen","7":"product_cat-groesse-m","8":"product_cat-ausgefallene-herrensocken","9":"product_cat-groesse-m-2","10":"product_cat-neuheiten","12":"first","13":"instock","14":"purchasable","15":"product-type-simple"},"yoast_head":"<!-- This site is optimized with the Yoast SEO plugin v26.8-RC7 - https:\/\/yoast.com\/product\/yoast-seo-wordpress\/ -->\n<title>Musik-Socken (M) - Elvetik<\/title>\n<meta name=\"description\" content=\"Schlichte und elegante neue Fantasiesocken Musique (Einheitsgr\u00f6\u00dfe M, 35-39). Kostenloser Versand in der Schweiz, \u00fcber 120 verschiedene Modelle!\" \/>\n<meta name=\"robots\" content=\"index, follow, max-snippet:-1, max-image-preview:large, max-video-preview:-1\" \/>\n<link rel=\"canonical\" href=\"https:\/\/elvetik.ch\/de\/shop\/herren\/ausgefallene-herrensocken\/groesse-m-2\/musik-socken-m\/\" \/>\n<meta property=\"og:locale\" content=\"de_DE\" \/>\n<meta property=\"og:type\" content=\"article\" \/>\n<meta property=\"og:title\" content=\"Musik-Socken (M) - Elvetik\" \/>\n<meta property=\"og:description\" content=\"Schlichte und elegante neue Fantasiesocken Musique (Einheitsgr\u00f6\u00dfe M, 35-39). Kostenloser Versand in der Schweiz, \u00fcber 120 verschiedene Modelle!\" \/>\n<meta property=\"og:url\" content=\"https:\/\/elvetik.ch\/de\/shop\/herren\/ausgefallene-herrensocken\/groesse-m-2\/musik-socken-m\/\" \/>\n<meta property=\"og:site_name\" content=\"Elvetik\" \/>\n<meta property=\"article:modified_time\" content=\"2026-04-13T15:29:59+00:00\" \/>\n<meta property=\"og:image\" content=\"http:\/\/elvetik.ch\/wp-content\/uploads\/2025\/11\/chaussette-musique-M-scaled.jpg\" \/>\n\t<meta property=\"og:image:width\" content=\"2001\" \/>\n\t<meta property=\"og:image:height\" content=\"2560\" \/>\n\t<meta property=\"og:image:type\" content=\"image\/jpeg\" \/>\n<meta name=\"twitter:card\" content=\"summary_large_image\" \/>\n<meta name=\"twitter:label1\" content=\"Gesch\u00e4tzte Lesezeit\" \/>\n\t<meta name=\"twitter:data1\" content=\"1\u00a0Minute\" \/>\n<script type=\"application\/ld+json\" class=\"yoast-schema-graph\">{\"@context\":\"https:\/\/schema.org\",\"@graph\":[{\"@type\":\"WebPage\",\"@id\":\"https:\/\/elvetik.ch\/de\/shop\/herren\/ausgefallene-herrensocken\/groesse-m-2\/musik-socken-m\/\",\"url\":\"https:\/\/elvetik.ch\/de\/shop\/herren\/ausgefallene-herrensocken\/groesse-m-2\/musik-socken-m\/\",\"name\":\"Musik-Socken (M) - Elvetik\",\"isPartOf\":{\"@id\":\"http:\/\/elvetik.ch\/de\/#website\"},\"primaryImageOfPage\":{\"@id\":\"https:\/\/elvetik.ch\/de\/shop\/herren\/ausgefallene-herrensocken\/groesse-m-2\/musik-socken-m\/#primaryimage\"},\"image\":{\"@id\":\"https:\/\/elvetik.ch\/de\/shop\/herren\/ausgefallene-herrensocken\/groesse-m-2\/musik-socken-m\/#primaryimage\"},\"thumbnailUrl\":\"https:\/\/elvetik.ch\/wp-content\/uploads\/2025\/11\/chaussette-musique-M-scaled.jpg\",\"datePublished\":\"2025-11-25T11:09:41+00:00\",\"dateModified\":\"2026-04-13T15:29:59+00:00\",\"description\":\"Schlichte und elegante neue Fantasiesocken Musique (Einheitsgr\u00f6\u00dfe M, 35-39). Kostenloser Versand in der Schweiz, \u00fcber 120 verschiedene Modelle!\",\"breadcrumb\":{\"@id\":\"https:\/\/elvetik.ch\/de\/shop\/herren\/ausgefallene-herrensocken\/groesse-m-2\/musik-socken-m\/#breadcrumb\"},\"inLanguage\":\"de\",\"potentialAction\":[{\"@type\":\"ReadAction\",\"target\":[\"https:\/\/elvetik.ch\/de\/shop\/herren\/ausgefallene-herrensocken\/groesse-m-2\/musik-socken-m\/\"]}]},{\"@type\":\"ImageObject\",\"inLanguage\":\"de\",\"@id\":\"https:\/\/elvetik.ch\/de\/shop\/herren\/ausgefallene-herrensocken\/groesse-m-2\/musik-socken-m\/#primaryimage\",\"url\":\"https:\/\/elvetik.ch\/wp-content\/uploads\/2025\/11\/chaussette-musique-M-scaled.jpg\",\"contentUrl\":\"https:\/\/elvetik.ch\/wp-content\/uploads\/2025\/11\/chaussette-musique-M-scaled.jpg\",\"width\":2001,\"height\":2560,\"caption\":\"Ausgefallene Socken aus Baumwolle mit Musik Notenmuster\"},{\"@type\":\"BreadcrumbList\",\"@id\":\"https:\/\/elvetik.ch\/de\/shop\/herren\/ausgefallene-herrensocken\/groesse-m-2\/musik-socken-m\/#breadcrumb\",\"itemListElement\":[{\"@type\":\"ListItem\",\"position\":1,\"name\":\"Home\",\"item\":\"http:\/\/elvetik.ch\/de\/\"},{\"@type\":\"ListItem\",\"position\":2,\"name\":\"Shop\",\"item\":\"http:\/\/elvetik.ch\/de\/shop-2\/\"},{\"@type\":\"ListItem\",\"position\":3,\"name\":\"Musik-Socken (M)\"}]},{\"@type\":\"WebSite\",\"@id\":\"http:\/\/elvetik.ch\/de\/#website\",\"url\":\"http:\/\/elvetik.ch\/de\/\",\"name\":\"Elvetik\",\"description\":\"\",\"publisher\":{\"@id\":\"http:\/\/elvetik.ch\/de\/#organization\"},\"potentialAction\":[{\"@type\":\"SearchAction\",\"target\":{\"@type\":\"EntryPoint\",\"urlTemplate\":\"http:\/\/elvetik.ch\/de\/?s={search_term_string}\"},\"query-input\":{\"@type\":\"PropertyValueSpecification\",\"valueRequired\":true,\"valueName\":\"search_term_string\"}}],\"inLanguage\":\"de\"},{\"@type\":\"Organization\",\"@id\":\"http:\/\/elvetik.ch\/de\/#organization\",\"name\":\"Elvetik\",\"url\":\"http:\/\/elvetik.ch\/de\/\",\"logo\":{\"@type\":\"ImageObject\",\"inLanguage\":\"de\",\"@id\":\"http:\/\/elvetik.ch\/de\/#\/schema\/logo\/image\/\",\"url\":\"https:\/\/elvetik.ch\/wp-content\/uploads\/2021\/05\/LOGO-elvetik.png\",\"contentUrl\":\"https:\/\/elvetik.ch\/wp-content\/uploads\/2021\/05\/LOGO-elvetik.png\",\"width\":800,\"height\":400,\"caption\":\"Elvetik\"},\"image\":{\"@id\":\"http:\/\/elvetik.ch\/de\/#\/schema\/logo\/image\/\"}}]}<\/script>\n<!-- \/ Yoast SEO plugin. -->","yoast_head_json":{"title":"Musik-Socken (M) - Elvetik","description":"Schlichte und elegante neue Fantasiesocken Musique (Einheitsgr\u00f6\u00dfe M, 35-39). Kostenloser Versand in der Schweiz, \u00fcber 120 verschiedene Modelle!","robots":{"index":"index","follow":"follow","max-snippet":"max-snippet:-1","max-image-preview":"max-image-preview:large","max-video-preview":"max-video-preview:-1"},"canonical":"https:\/\/elvetik.ch\/de\/shop\/herren\/ausgefallene-herrensocken\/groesse-m-2\/musik-socken-m\/","og_locale":"de_DE","og_type":"article","og_title":"Musik-Socken (M) - Elvetik","og_description":"Schlichte und elegante neue Fantasiesocken Musique (Einheitsgr\u00f6\u00dfe M, 35-39). Kostenloser Versand in der Schweiz, \u00fcber 120 verschiedene Modelle!","og_url":"https:\/\/elvetik.ch\/de\/shop\/herren\/ausgefallene-herrensocken\/groesse-m-2\/musik-socken-m\/","og_site_name":"Elvetik","article_modified_time":"2026-04-13T15:29:59+00:00","og_image":[{"width":2001,"height":2560,"url":"http:\/\/elvetik.ch\/wp-content\/uploads\/2025\/11\/chaussette-musique-M-scaled.jpg","type":"image\/jpeg"}],"twitter_card":"summary_large_image","twitter_misc":{"Gesch\u00e4tzte Lesezeit":"1\u00a0Minute"},"schema":{"@context":"https:\/\/schema.org","@graph":[{"@type":"WebPage","@id":"https:\/\/elvetik.ch\/de\/shop\/herren\/ausgefallene-herrensocken\/groesse-m-2\/musik-socken-m\/","url":"https:\/\/elvetik.ch\/de\/shop\/herren\/ausgefallene-herrensocken\/groesse-m-2\/musik-socken-m\/","name":"Musik-Socken (M) - Elvetik","isPartOf":{"@id":"http:\/\/elvetik.ch\/de\/#website"},"primaryImageOfPage":{"@id":"https:\/\/elvetik.ch\/de\/shop\/herren\/ausgefallene-herrensocken\/groesse-m-2\/musik-socken-m\/#primaryimage"},"image":{"@id":"https:\/\/elvetik.ch\/de\/shop\/herren\/ausgefallene-herrensocken\/groesse-m-2\/musik-socken-m\/#primaryimage"},"thumbnailUrl":"https:\/\/elvetik.ch\/wp-content\/uploads\/2025\/11\/chaussette-musique-M-scaled.jpg","datePublished":"2025-11-25T11:09:41+00:00","dateModified":"2026-04-13T15:29:59+00:00","description":"Schlichte und elegante neue Fantasiesocken Musique (Einheitsgr\u00f6\u00dfe M, 35-39). Kostenloser Versand in der Schweiz, \u00fcber 120 verschiedene Modelle!","breadcrumb":{"@id":"https:\/\/elvetik.ch\/de\/shop\/herren\/ausgefallene-herrensocken\/groesse-m-2\/musik-socken-m\/#breadcrumb"},"inLanguage":"de","potentialAction":[{"@type":"ReadAction","target":["https:\/\/elvetik.ch\/de\/shop\/herren\/ausgefallene-herrensocken\/groesse-m-2\/musik-socken-m\/"]}]},{"@type":"ImageObject","inLanguage":"de","@id":"https:\/\/elvetik.ch\/de\/shop\/herren\/ausgefallene-herrensocken\/groesse-m-2\/musik-socken-m\/#primaryimage","url":"https:\/\/elvetik.ch\/wp-content\/uploads\/2025\/11\/chaussette-musique-M-scaled.jpg","contentUrl":"https:\/\/elvetik.ch\/wp-content\/uploads\/2025\/11\/chaussette-musique-M-scaled.jpg","width":2001,"height":2560,"caption":"Ausgefallene Socken aus Baumwolle mit Musik Notenmuster"},{"@type":"BreadcrumbList","@id":"https:\/\/elvetik.ch\/de\/shop\/herren\/ausgefallene-herrensocken\/groesse-m-2\/musik-socken-m\/#breadcrumb","itemListElement":[{"@type":"ListItem","position":1,"name":"Home","item":"http:\/\/elvetik.ch\/de\/"},{"@type":"ListItem","position":2,"name":"Shop","item":"http:\/\/elvetik.ch\/de\/shop-2\/"},{"@type":"ListItem","position":3,"name":"Musik-Socken (M)"}]},{"@type":"WebSite","@id":"http:\/\/elvetik.ch\/de\/#website","url":"http:\/\/elvetik.ch\/de\/","name":"Elvetik","description":"","publisher":{"@id":"http:\/\/elvetik.ch\/de\/#organization"},"potentialAction":[{"@type":"SearchAction","target":{"@type":"EntryPoint","urlTemplate":"http:\/\/elvetik.ch\/de\/?s={search_term_string}"},"query-input":{"@type":"PropertyValueSpecification","valueRequired":true,"valueName":"search_term_string"}}],"inLanguage":"de"},{"@type":"Organization","@id":"http:\/\/elvetik.ch\/de\/#organization","name":"Elvetik","url":"http:\/\/elvetik.ch\/de\/","logo":{"@type":"ImageObject","inLanguage":"de","@id":"http:\/\/elvetik.ch\/de\/#\/schema\/logo\/image\/","url":"https:\/\/elvetik.ch\/wp-content\/uploads\/2021\/05\/LOGO-elvetik.png","contentUrl":"https:\/\/elvetik.ch\/wp-content\/uploads\/2021\/05\/LOGO-elvetik.png","width":800,"height":400,"caption":"Elvetik"},"image":{"@id":"http:\/\/elvetik.ch\/de\/#\/schema\/logo\/image\/"}}]}},"_links":{"self":[{"href":"https:\/\/elvetik.ch\/de\/wp-json\/wp\/v2\/product\/246237","targetHints":{"allow":["GET"]}}],"collection":[{"href":"https:\/\/elvetik.ch\/de\/wp-json\/wp\/v2\/product"}],"about":[{"href":"https:\/\/elvetik.ch\/de\/wp-json\/wp\/v2\/types\/product"}],"wp:featuredmedia":[{"embeddable":true,"href":"https:\/\/elvetik.ch\/de\/wp-json\/wp\/v2\/media\/246224"}],"wp:attachment":[{"href":"https:\/\/elvetik.ch\/de\/wp-json\/wp\/v2\/media?parent=246237"}],"wp:term":[{"taxonomy":"product_brand","embeddable":true,"href":"https:\/\/elvetik.ch\/de\/wp-json\/wp\/v2\/product_brand?post=246237"},{"taxonomy":"product_cat","embeddable":true,"href":"https:\/\/elvetik.ch\/de\/wp-json\/wp\/v2\/product_cat?post=246237"},{"taxonomy":"product_tag","embeddable":true,"href":"https:\/\/elvetik.ch\/de\/wp-json\/wp\/v2\/product_tag?post=246237"}],"curies":[{"name":"wp","href":"https:\/\/api.w.org\/{rel}","templated":true}]}}